{"id":1791,"date":"2021-07-03T12:17:12","date_gmt":"2021-07-03T10:17:12","guid":{"rendered":"https:\/\/c-adventures.al\/meeting-room\/"},"modified":"2021-07-03T13:55:49","modified_gmt":"2021-07-03T11:55:49","slug":"salla-e-mbledhjeve","status":"publish","type":"page","link":"https:\/\/c-adventures.al\/sq\/salla-e-mbledhjeve\/","title":{"rendered":"Salla e Mbledhjeve"},"content":{"rendered":"<div class=\"wpb-content-wrapper\"><p>[vc_row][vc_column][vc_column_text]<\/p>\n<h2 style=\"text-align: center;\"><strong>C-Adventures &amp; Tours \u00ebsht\u00eb nj\u00eb operator turistik i vendosur n\u00eb Gjirokast\u00ebr.<\/strong><\/h2>\n<p style=\"text-align: center;\">P\u00ebrvec eksperiencave turistike t\u00eb paharrueshme, C-Adventures &amp; Tours ju ofron nj\u00eb hap\u00ebsir\u00eb komode dhe t\u00eb ve\u00e7ant\u00eb n\u00eb zon\u00ebn historike t\u00eb qytetit p\u00ebr t\u00eb zhvilluar takime biznesi, trajnime seminare dhe bashk\u00ebpunime t\u00eb reja me sfondin piktoresk t\u00eb pazarit t\u00eb vjet\u00ebr. Ne jemi t\u00eb vendosur shum\u00eb pran\u00eb t\u00eb gjitha atraksioneve n\u00eb qytet.<br \/>\nGjith\u00e7ka do t\u00eb jet\u00eb e parap\u00ebrgatitur sipas k\u00ebrkesave tuaja specifike, p\u00ebrfshir\u00eb k\u00ebtu Wi-Fi, printime, mjete pune (projektor, bllok, stilolaps, catering etj). Ambjenti yn\u00eb ju ofron nj\u00eb hap\u00ebsir\u00eb t\u00eb mjaftueshme p\u00ebr 15-18 persona.<\/p>\n<p>[\/vc_column_text][\/vc_column][\/vc_row][vc_row css=&#8221;.vc_custom_1625313038047{margin-top: 10px !important;margin-bottom: 10px !important;}&#8221;][vc_column][vc_media_grid grid_id=&#8221;vc_gid:1625313283426-28a972db-6cab-4&#8243; include=&#8221;1787,1785,1783,1781,1779,1775&#8243;][\/vc_column][\/vc_row][vc_row][vc_column][vc_column_text]<\/p>\n<h2 style=\"text-align: center;\"><strong>Oferta e \u00e7mimeve p\u00ebr sall\u00ebn e takimeve<\/strong><\/h2>\n<table style=\"border-collapse: collapse; width: 100%;\">\n<tbody>\n<tr>\n<td style=\"width: 33.3333%; text-align: center;\"><strong>Numri i Pjesmarr\u00ebsve<\/strong><\/td>\n<td style=\"width: 33.3333%; text-align: center;\"><strong>Koha<\/strong><\/td>\n<td style=\"width: 33.3333%; text-align: center;\"><strong>\u00c7mimi<\/strong><\/td>\n<\/tr>\n<tr>\n<td style=\"width: 33.3333%; text-align: center;\">15-18 persona<\/td>\n<td style=\"width: 33.3333%; text-align: center;\">Nj\u00eb ditore<\/td>\n<td style=\"width: 33.3333%; text-align: center;\">7000 ALL<\/td>\n<\/tr>\n<tr>\n<td style=\"width: 33.3333%; text-align: center;\">15-18 persona<\/td>\n<td style=\"width: 33.3333%; text-align: center;\">Gjys\u00ebm ditore<\/td>\n<td style=\"width: 33.3333%; text-align: center;\">4000 ALL<\/td>\n<\/tr>\n<tr>\n<td style=\"width: 33.3333%; text-align: center;\">15-10 persona<\/td>\n<td style=\"width: 33.3333%; text-align: center;\">Disa or\u00eb<\/td>\n<td style=\"width: 33.3333%; text-align: center;\">1000 ALL\/or\u00eb<\/td>\n<\/tr>\n<tr>\n<td style=\"width: 33.3333%; text-align: center;\">15-18 persona<\/td>\n<td style=\"width: 33.3333%; text-align: center;\">Abonim vjetor (12 ditor, plan<br \/>\ni dedikuar)<\/td>\n<td style=\"width: 33.3333%; text-align: center;\">6000 ALL<\/td>\n<\/tr>\n<\/tbody>\n<\/table>\n<p>[\/vc_column_text][\/vc_column][\/vc_row]<\/p>\n<\/div>","protected":false},"excerpt":{"rendered":"<p>[vc_row][vc_column][vc_column_text] C-Adventures &amp; Tours \u00ebsht\u00eb nj\u00eb operator turistik i vendosur n\u00eb Gjirokast\u00ebr. P\u00ebrvec eksperiencave turistike t\u00eb paharrueshme, C-Adventures &amp; Tours ju ofron nj\u00eb hap\u00ebsir\u00eb komode dhe t\u00eb ve\u00e7ant\u00eb n\u00eb zon\u00ebn historike t\u00eb qytetit p\u00ebr t\u00eb zhvilluar takime biznesi, trajnime seminare dhe bashk\u00ebpunime t\u00eb reja me sfondin piktoresk t\u00eb pazarit t\u00eb vjet\u00ebr. Ne jemi t\u00eb vendosur<\/p>\n<div class=\"padding-top text-center\"><a href=\"https:\/\/c-adventures.al\/sq\/salla-e-mbledhjeve\/\" class=\"atbtn atbtn--medium atbtn--rounded atbtn--transparent\">Read more<i class=\"atbtn__icon atbtn__icon--right fa fa-long-arrow-right\"><\/i><\/a><\/div>\n","protected":false},"author":1,"featured_media":0,"parent":0,"menu_order":0,"comment_status":"closed","ping_status":"closed","template":"","meta":{"footnotes":""},"class_list":["post-1791","page","type-page","status-publish","hentry"],"yoast_head":"<!-- This site is optimized with the Yoast SEO plugin v24.4 - https:\/\/yoast.com\/wordpress\/plugins\/seo\/ -->\n<title>Salla e Mbledhjeve - C-Adventures &amp; Tours<\/title>\n<meta name=\"robots\" content=\"index, follow, max-snippet:-1, max-image-preview:large, max-video-preview:-1\" \/>\n<link rel=\"canonical\" href=\"https:\/\/c-adventures.al\/meeting-room\/\" \/>\n<meta property=\"og:locale\" content=\"sq_AL\" \/>\n<meta property=\"og:type\" content=\"article\" \/>\n<meta property=\"og:title\" content=\"Salla e Mbledhjeve - C-Adventures &amp; Tours\" \/>\n<meta property=\"og:description\" content=\"[vc_row][vc_column][vc_column_text] C-Adventures &amp; Tours \u00ebsht\u00eb nj\u00eb operator turistik i vendosur n\u00eb Gjirokast\u00ebr. P\u00ebrvec eksperiencave turistike t\u00eb paharrueshme, C-Adventures &amp; Tours ju ofron nj\u00eb hap\u00ebsir\u00eb komode dhe t\u00eb ve\u00e7ant\u00eb n\u00eb zon\u00ebn historike t\u00eb qytetit p\u00ebr t\u00eb zhvilluar takime biznesi, trajnime seminare dhe bashk\u00ebpunime t\u00eb reja me sfondin piktoresk t\u00eb pazarit t\u00eb vjet\u00ebr. Ne jemi t\u00eb vendosurRead more\" \/>\n<meta property=\"og:url\" content=\"https:\/\/c-adventures.al\/meeting-room\/\" \/>\n<meta property=\"og:site_name\" content=\"C-Adventures &amp; Tours\" \/>\n<meta property=\"article:publisher\" content=\"https:\/\/www.facebook.com\/ctoursalbania\" \/>\n<meta property=\"article:modified_time\" content=\"2021-07-03T11:55:49+00:00\" \/>\n<meta name=\"twitter:card\" content=\"summary_large_image\" \/>\n<meta name=\"twitter:label1\" content=\"Est. reading time\" \/>\n\t<meta name=\"twitter:data1\" content=\"1 minute\" \/>\n<script type=\"application\/ld+json\" class=\"yoast-schema-graph\">{\"@context\":\"https:\/\/schema.org\",\"@graph\":[{\"@type\":\"WebPage\",\"@id\":\"https:\/\/c-adventures.al\/meeting-room\/\",\"url\":\"https:\/\/c-adventures.al\/meeting-room\/\",\"name\":\"Salla e Mbledhjeve - C-Adventures &amp; Tours\",\"isPartOf\":{\"@id\":\"https:\/\/c-adventures.al\/#website\"},\"datePublished\":\"2021-07-03T10:17:12+00:00\",\"dateModified\":\"2021-07-03T11:55:49+00:00\",\"breadcrumb\":{\"@id\":\"https:\/\/c-adventures.al\/meeting-room\/#breadcrumb\"},\"inLanguage\":\"sq-AL\",\"potentialAction\":[{\"@type\":\"ReadAction\",\"target\":[\"https:\/\/c-adventures.al\/meeting-room\/\"]}]},{\"@type\":\"BreadcrumbList\",\"@id\":\"https:\/\/c-adventures.al\/meeting-room\/#breadcrumb\",\"itemListElement\":[{\"@type\":\"ListItem\",\"position\":1,\"name\":\"Home\",\"item\":\"https:\/\/c-adventures.al\/sq\/\"},{\"@type\":\"ListItem\",\"position\":2,\"name\":\"Salla e Mbledhjeve\"}]},{\"@type\":\"WebSite\",\"@id\":\"https:\/\/c-adventures.al\/#website\",\"url\":\"https:\/\/c-adventures.al\/\",\"name\":\"C-Adventures &amp; Tours\",\"description\":\"because your time matters\",\"publisher\":{\"@id\":\"https:\/\/c-adventures.al\/#organization\"},\"potentialAction\":[{\"@type\":\"SearchAction\",\"target\":{\"@type\":\"EntryPoint\",\"urlTemplate\":\"https:\/\/c-adventures.al\/?s={search_term_string}\"},\"query-input\":{\"@type\":\"PropertyValueSpecification\",\"valueRequired\":true,\"valueName\":\"search_term_string\"}}],\"inLanguage\":\"sq-AL\"},{\"@type\":\"Organization\",\"@id\":\"https:\/\/c-adventures.al\/#organization\",\"name\":\"C-Adventures & Tours\",\"url\":\"https:\/\/c-adventures.al\/\",\"logo\":{\"@type\":\"ImageObject\",\"inLanguage\":\"sq-AL\",\"@id\":\"https:\/\/c-adventures.al\/#\/schema\/logo\/image\/\",\"url\":\"https:\/\/c-adventures.al\/wp-content\/uploads\/2021\/05\/logo-c-adventures-web.png\",\"contentUrl\":\"https:\/\/c-adventures.al\/wp-content\/uploads\/2021\/05\/logo-c-adventures-web.png\",\"width\":400,\"height\":142,\"caption\":\"C-Adventures & Tours\"},\"image\":{\"@id\":\"https:\/\/c-adventures.al\/#\/schema\/logo\/image\/\"},\"sameAs\":[\"https:\/\/www.facebook.com\/ctoursalbania\"]}]}<\/script>\n<!-- \/ Yoast SEO plugin. -->","yoast_head_json":{"title":"Salla e Mbledhjeve - C-Adventures &amp; Tours","robots":{"index":"index","follow":"follow","max-snippet":"max-snippet:-1","max-image-preview":"max-image-preview:large","max-video-preview":"max-video-preview:-1"},"canonical":"https:\/\/c-adventures.al\/meeting-room\/","og_locale":"sq_AL","og_type":"article","og_title":"Salla e Mbledhjeve - C-Adventures &amp; Tours","og_description":"[vc_row][vc_column][vc_column_text] C-Adventures &amp; Tours \u00ebsht\u00eb nj\u00eb operator turistik i vendosur n\u00eb Gjirokast\u00ebr. P\u00ebrvec eksperiencave turistike t\u00eb paharrueshme, C-Adventures &amp; Tours ju ofron nj\u00eb hap\u00ebsir\u00eb komode dhe t\u00eb ve\u00e7ant\u00eb n\u00eb zon\u00ebn historike t\u00eb qytetit p\u00ebr t\u00eb zhvilluar takime biznesi, trajnime seminare dhe bashk\u00ebpunime t\u00eb reja me sfondin piktoresk t\u00eb pazarit t\u00eb vjet\u00ebr. Ne jemi t\u00eb vendosurRead more","og_url":"https:\/\/c-adventures.al\/meeting-room\/","og_site_name":"C-Adventures &amp; Tours","article_publisher":"https:\/\/www.facebook.com\/ctoursalbania","article_modified_time":"2021-07-03T11:55:49+00:00","twitter_card":"summary_large_image","twitter_misc":{"Est. reading time":"1 minute"},"schema":{"@context":"https:\/\/schema.org","@graph":[{"@type":"WebPage","@id":"https:\/\/c-adventures.al\/meeting-room\/","url":"https:\/\/c-adventures.al\/meeting-room\/","name":"Salla e Mbledhjeve - C-Adventures &amp; Tours","isPartOf":{"@id":"https:\/\/c-adventures.al\/#website"},"datePublished":"2021-07-03T10:17:12+00:00","dateModified":"2021-07-03T11:55:49+00:00","breadcrumb":{"@id":"https:\/\/c-adventures.al\/meeting-room\/#breadcrumb"},"inLanguage":"sq-AL","potentialAction":[{"@type":"ReadAction","target":["https:\/\/c-adventures.al\/meeting-room\/"]}]},{"@type":"BreadcrumbList","@id":"https:\/\/c-adventures.al\/meeting-room\/#breadcrumb","itemListElement":[{"@type":"ListItem","position":1,"name":"Home","item":"https:\/\/c-adventures.al\/sq\/"},{"@type":"ListItem","position":2,"name":"Salla e Mbledhjeve"}]},{"@type":"WebSite","@id":"https:\/\/c-adventures.al\/#website","url":"https:\/\/c-adventures.al\/","name":"C-Adventures &amp; Tours","description":"because your time matters","publisher":{"@id":"https:\/\/c-adventures.al\/#organization"},"potentialAction":[{"@type":"SearchAction","target":{"@type":"EntryPoint","urlTemplate":"https:\/\/c-adventures.al\/?s={search_term_string}"},"query-input":{"@type":"PropertyValueSpecification","valueRequired":true,"valueName":"search_term_string"}}],"inLanguage":"sq-AL"},{"@type":"Organization","@id":"https:\/\/c-adventures.al\/#organization","name":"C-Adventures & Tours","url":"https:\/\/c-adventures.al\/","logo":{"@type":"ImageObject","inLanguage":"sq-AL","@id":"https:\/\/c-adventures.al\/#\/schema\/logo\/image\/","url":"https:\/\/c-adventures.al\/wp-content\/uploads\/2021\/05\/logo-c-adventures-web.png","contentUrl":"https:\/\/c-adventures.al\/wp-content\/uploads\/2021\/05\/logo-c-adventures-web.png","width":400,"height":142,"caption":"C-Adventures & Tours"},"image":{"@id":"https:\/\/c-adventures.al\/#\/schema\/logo\/image\/"},"sameAs":["https:\/\/www.facebook.com\/ctoursalbania"]}]}},"_links":{"self":[{"href":"https:\/\/c-adventures.al\/sq\/wp-json\/wp\/v2\/pages\/1791","targetHints":{"allow":["GET"]}}],"collection":[{"href":"https:\/\/c-adventures.al\/sq\/wp-json\/wp\/v2\/pages"}],"about":[{"href":"https:\/\/c-adventures.al\/sq\/wp-json\/wp\/v2\/types\/page"}],"author":[{"embeddable":true,"href":"https:\/\/c-adventures.al\/sq\/wp-json\/wp\/v2\/users\/1"}],"replies":[{"embeddable":true,"href":"https:\/\/c-adventures.al\/sq\/wp-json\/wp\/v2\/comments?post=1791"}],"version-history":[{"count":2,"href":"https:\/\/c-adventures.al\/sq\/wp-json\/wp\/v2\/pages\/1791\/revisions"}],"predecessor-version":[{"id":1793,"href":"https:\/\/c-adventures.al\/sq\/wp-json\/wp\/v2\/pages\/1791\/revisions\/1793"}],"wp:attachment":[{"href":"https:\/\/c-adventures.al\/sq\/wp-json\/wp\/v2\/media?parent=1791"}],"curies":[{"name":"wp","href":"https:\/\/api.w.org\/{rel}","templated":true}]}}