{"id":1658,"date":"2021-05-27T10:55:34","date_gmt":"2021-05-27T08:55:34","guid":{"rendered":"https:\/\/c-adventures.al\/product\/hiking-in-spilea\/"},"modified":"2025-05-23T15:31:52","modified_gmt":"2025-05-23T13:31:52","slug":"hiking-in-spilea","status":"publish","type":"product","link":"https:\/\/c-adventures.al\/sq\/tours\/hiking-in-spilea\/","title":{"rendered":"Ecje drejt Manastirit t\u00eb Spiles\u00eb"},"content":{"rendered":"<p style=\"text-align: justify;\">Kjo \u00ebsht\u00eb nj\u00eb ecje me v\u00ebshtir\u00ebsi t\u00eb ul\u00ebt deri mesatare me nisje nga kthesa e Antigones\u00eb ku shkohet me mjet. Shtegu drejt Spiles\u00eb pas k\u00ebtij momenti kalon p\u00ebrmes nj\u00eb territori me zall me v\u00ebshtir\u00ebsi t\u00eb ul\u00ebt.<\/p>\n<p style=\"text-align: justify;\">N\u00eb manastir mund t\u00eb vizitohet kisha e sh\u00ebn Nikoll\u00ebs monument kulture I kategoris\u00eb s\u00eb par\u00eb.<\/p>\n<p style=\"text-align: justify;\">Manastiri\u00a0i\u00a0Spiles\u00eb\u00a0daton q\u00eb prej vitit 1634. Naosi i gdhendur n\u00eb form\u00eb kryqi \u00ebsht\u00eb pikturuar nga piktor Mihali n\u00eb koh\u00ebn e peshkopit, Kalist. Objekti mahnit me gjall\u00ebrin\u00eb e ngjyrave t\u00eb afresk\u00ebve dhe stilin rebel t\u00eb piktur\u00ebs murale. Kisha e vog\u00ebl e murgjve n\u00eb nj\u00eb shpell\u00eb q\u00eb q\u00ebndron brenda faqes s\u00eb nj\u00eb shk\u00ebmbi karstik \u00ebsht\u00eb\u00a0 kulmi i k\u00ebsaj experience. Shpella dikur strehonte murgj eremit\u00eb q\u00eb besohet se vet\u00ebizoloheshin n\u00eb shpell\u00eb si sakrifikim p\u00ebr qenien e tyre m\u00ebkatare. Murgjit e fundit kan\u00eb jetuar n\u00eb manastir deri pas Luft\u00ebs s\u00eb Dyt\u00eb Bot\u00ebrore dhe jan\u00eb larguar prej andej gjat\u00eb regjimit komunist.<\/p>\n<p style=\"text-align: justify;\">\u00a0Do t\u00eb shpenzohet rreth 1,5 or\u00eb koh\u00eb p\u00ebr t\u00eb par\u00eb manastirin dhe p\u00ebr t\u00eb eksploruar zon\u00ebn p\u00ebrreth tij. M\u00eb pas do t\u00eb ecim drejt fshatit Saraqinisht ku edhe do t\u00eb konsumohet dreka piknik n\u00eb oborrin e nj\u00eb banese. Bujt\u00ebsit do t\u00eb ofrojn\u00eb nj\u00eb recet\u00eb traditcionale qindra vjecare q\u00eb p\u00ebrdorej kryesisht p\u00ebr festat me karakter fetar. Ky do t\u00eb jet\u00eb edhe nj\u00eb moment kur do t\u00eb m\u00ebsoni shum\u00eb p\u00ebr zon\u00ebn, tradit\u00ebn e Lunxh\u00ebris\u00eb dhe kulinarin\u00eb e pasur frym\u00ebzuar nga pasuria e rrall\u00eb e prodhimeve t\u00eb tok\u00ebs.<\/p>\n<p style=\"text-align: justify;\">Pas drek\u00ebs piknik do t\u00eb nisim rrug\u00ebn e kthimit drejt fshatit \u201cAsim Zeneli\u201d. Zbritja kalon p\u00ebrmes nj\u00eb peisazhi shum\u00eb t\u00eb larmish\u00ebm, p\u00ebrshkon fshatin Tranoshisht\u00eb e m\u00eb pas shtegut antik t\u00eb fshatit Epirot, l\u00ebndina dhe kullota t\u00eb pasura plot me jet\u00eb baritore. Pas mb\u00ebrritjes n\u00eb \u201cAsim Zeneli\u201d do t\u00eb kryhet transporti me mjet drejt Gjirokastr\u00ebs.<\/p>\n","protected":false},"excerpt":{"rendered":"<p>Kjo \u00ebsht\u00eb nj\u00eb ecje me v\u00ebshtir\u00ebsi t\u00eb ul\u00ebt deri mesatare me nisje nga kthesa e Antigones\u00eb ku shkohet me mjet. Shtegu drejt Spiles\u00eb pas k\u00ebtij momenti kalon p\u00ebrmes nj\u00eb territori me zall me v\u00ebshtir\u00ebsi t\u00eb ul\u00ebt. N\u00eb manastir mund t\u00eb vizitohet kisha e sh\u00ebn Nikoll\u00ebs monument kulture I kategoris\u00eb s\u00eb par\u00eb. Manastiri\u00a0i\u00a0Spiles\u00eb\u00a0daton q\u00eb prej vitit<\/p>\n<div class=\"padding-top text-center\"><a href=\"https:\/\/c-adventures.al\/sq\/tours\/hiking-in-spilea\/\" class=\"atbtn atbtn--medium atbtn--rounded atbtn--transparent\">Read more<i class=\"atbtn__icon atbtn__icon--right fa fa-long-arrow-right\"><\/i><\/a><\/div>\n","protected":false},"featured_media":1660,"template":"","meta":[],"product_brand":[],"product_cat":[15],"product_tag":[],"class_list":{"0":"post-1658","1":"product","2":"type-product","3":"status-publish","4":"has-post-thumbnail","6":"product_cat-uncategorized","7":"tour_category-histori","8":"tour_category-natyre","9":"tour_category-udhetime-hiking","11":"first","12":"instock","13":"virtual","14":"purchasable","15":"product-type-tour"},"yoast_head":"<!-- This site is optimized with the Yoast SEO plugin v24.4 - https:\/\/yoast.com\/wordpress\/plugins\/seo\/ -->\n<title>Ecje drejt Manastirit t\u00eb Spiles\u00eb - C-Adventures &amp; Tours<\/title>\n<meta name=\"robots\" content=\"index, follow, max-snippet:-1, max-image-preview:large, max-video-preview:-1\" \/>\n<link rel=\"canonical\" href=\"https:\/\/c-adventures.al\/sq\/tours\/hiking-in-spilea\/\" \/>\n<meta property=\"og:locale\" content=\"sq_AL\" \/>\n<meta property=\"og:type\" content=\"article\" \/>\n<meta property=\"og:title\" content=\"Ecje drejt Manastirit t\u00eb Spiles\u00eb - C-Adventures &amp; Tours\" \/>\n<meta property=\"og:description\" content=\"Kjo \u00ebsht\u00eb nj\u00eb ecje me v\u00ebshtir\u00ebsi t\u00eb ul\u00ebt deri mesatare me nisje nga kthesa e Antigones\u00eb ku shkohet me mjet. Shtegu drejt Spiles\u00eb pas k\u00ebtij momenti kalon p\u00ebrmes nj\u00eb territori me zall me v\u00ebshtir\u00ebsi t\u00eb ul\u00ebt. N\u00eb manastir mund t\u00eb vizitohet kisha e sh\u00ebn Nikoll\u00ebs monument kulture I kategoris\u00eb s\u00eb par\u00eb. Manastiri\u00a0i\u00a0Spiles\u00eb\u00a0daton q\u00eb prej vititRead more\" \/>\n<meta property=\"og:url\" content=\"https:\/\/c-adventures.al\/sq\/tours\/hiking-in-spilea\/\" \/>\n<meta property=\"og:site_name\" content=\"C-Adventures &amp; Tours\" \/>\n<meta property=\"article:publisher\" content=\"https:\/\/www.facebook.com\/ctoursalbania\" \/>\n<meta property=\"article:modified_time\" content=\"2025-05-23T13:31:52+00:00\" \/>\n<meta property=\"og:image\" content=\"https:\/\/c-adventures.al\/wp-content\/uploads\/2021\/05\/IMG_2.jpg\" \/>\n\t<meta property=\"og:image:width\" content=\"750\" \/>\n\t<meta property=\"og:image:height\" content=\"500\" \/>\n\t<meta property=\"og:image:type\" content=\"image\/jpeg\" \/>\n<meta name=\"twitter:card\" content=\"summary_large_image\" \/>\n<meta name=\"twitter:label1\" content=\"Est. reading time\" \/>\n\t<meta name=\"twitter:data1\" content=\"2 minutes\" \/>\n<script type=\"application\/ld+json\" class=\"yoast-schema-graph\">{\"@context\":\"https:\/\/schema.org\",\"@graph\":[{\"@type\":\"WebPage\",\"@id\":\"https:\/\/c-adventures.al\/sq\/tours\/hiking-in-spilea\/\",\"url\":\"https:\/\/c-adventures.al\/sq\/tours\/hiking-in-spilea\/\",\"name\":\"Ecje drejt Manastirit t\u00eb Spiles\u00eb - C-Adventures &amp; Tours\",\"isPartOf\":{\"@id\":\"https:\/\/c-adventures.al\/#website\"},\"primaryImageOfPage\":{\"@id\":\"https:\/\/c-adventures.al\/sq\/tours\/hiking-in-spilea\/#primaryimage\"},\"image\":{\"@id\":\"https:\/\/c-adventures.al\/sq\/tours\/hiking-in-spilea\/#primaryimage\"},\"thumbnailUrl\":\"https:\/\/c-adventures.al\/wp-content\/uploads\/2021\/05\/IMG_2.jpg\",\"datePublished\":\"2021-05-27T08:55:34+00:00\",\"dateModified\":\"2025-05-23T13:31:52+00:00\",\"breadcrumb\":{\"@id\":\"https:\/\/c-adventures.al\/sq\/tours\/hiking-in-spilea\/#breadcrumb\"},\"inLanguage\":\"sq-AL\",\"potentialAction\":[{\"@type\":\"ReadAction\",\"target\":[\"https:\/\/c-adventures.al\/sq\/tours\/hiking-in-spilea\/\"]}]},{\"@type\":\"ImageObject\",\"inLanguage\":\"sq-AL\",\"@id\":\"https:\/\/c-adventures.al\/sq\/tours\/hiking-in-spilea\/#primaryimage\",\"url\":\"https:\/\/c-adventures.al\/wp-content\/uploads\/2021\/05\/IMG_2.jpg\",\"contentUrl\":\"https:\/\/c-adventures.al\/wp-content\/uploads\/2021\/05\/IMG_2.jpg\",\"width\":750,\"height\":500},{\"@type\":\"BreadcrumbList\",\"@id\":\"https:\/\/c-adventures.al\/sq\/tours\/hiking-in-spilea\/#breadcrumb\",\"itemListElement\":[{\"@type\":\"ListItem\",\"position\":1,\"name\":\"Home\",\"item\":\"https:\/\/c-adventures.al\/sq\/\"},{\"@type\":\"ListItem\",\"position\":2,\"name\":\"Products\",\"item\":\"https:\/\/c-adventures.al\/shop\/\"},{\"@type\":\"ListItem\",\"position\":3,\"name\":\"Ecje drejt Manastirit t\u00eb Spiles\u00eb\"}]},{\"@type\":\"WebSite\",\"@id\":\"https:\/\/c-adventures.al\/#website\",\"url\":\"https:\/\/c-adventures.al\/\",\"name\":\"C-Adventures &amp; Tours\",\"description\":\"because your time matters\",\"publisher\":{\"@id\":\"https:\/\/c-adventures.al\/#organization\"},\"potentialAction\":[{\"@type\":\"SearchAction\",\"target\":{\"@type\":\"EntryPoint\",\"urlTemplate\":\"https:\/\/c-adventures.al\/?s={search_term_string}\"},\"query-input\":{\"@type\":\"PropertyValueSpecification\",\"valueRequired\":true,\"valueName\":\"search_term_string\"}}],\"inLanguage\":\"sq-AL\"},{\"@type\":\"Organization\",\"@id\":\"https:\/\/c-adventures.al\/#organization\",\"name\":\"C-Adventures & Tours\",\"url\":\"https:\/\/c-adventures.al\/\",\"logo\":{\"@type\":\"ImageObject\",\"inLanguage\":\"sq-AL\",\"@id\":\"https:\/\/c-adventures.al\/#\/schema\/logo\/image\/\",\"url\":\"https:\/\/c-adventures.al\/wp-content\/uploads\/2021\/05\/logo-c-adventures-web.png\",\"contentUrl\":\"https:\/\/c-adventures.al\/wp-content\/uploads\/2021\/05\/logo-c-adventures-web.png\",\"width\":400,\"height\":142,\"caption\":\"C-Adventures & Tours\"},\"image\":{\"@id\":\"https:\/\/c-adventures.al\/#\/schema\/logo\/image\/\"},\"sameAs\":[\"https:\/\/www.facebook.com\/ctoursalbania\"]}]}<\/script>\n<!-- \/ Yoast SEO plugin. -->","yoast_head_json":{"title":"Ecje drejt Manastirit t\u00eb Spiles\u00eb - C-Adventures &amp; Tours","robots":{"index":"index","follow":"follow","max-snippet":"max-snippet:-1","max-image-preview":"max-image-preview:large","max-video-preview":"max-video-preview:-1"},"canonical":"https:\/\/c-adventures.al\/sq\/tours\/hiking-in-spilea\/","og_locale":"sq_AL","og_type":"article","og_title":"Ecje drejt Manastirit t\u00eb Spiles\u00eb - C-Adventures &amp; Tours","og_description":"Kjo \u00ebsht\u00eb nj\u00eb ecje me v\u00ebshtir\u00ebsi t\u00eb ul\u00ebt deri mesatare me nisje nga kthesa e Antigones\u00eb ku shkohet me mjet. Shtegu drejt Spiles\u00eb pas k\u00ebtij momenti kalon p\u00ebrmes nj\u00eb territori me zall me v\u00ebshtir\u00ebsi t\u00eb ul\u00ebt. N\u00eb manastir mund t\u00eb vizitohet kisha e sh\u00ebn Nikoll\u00ebs monument kulture I kategoris\u00eb s\u00eb par\u00eb. Manastiri\u00a0i\u00a0Spiles\u00eb\u00a0daton q\u00eb prej vititRead more","og_url":"https:\/\/c-adventures.al\/sq\/tours\/hiking-in-spilea\/","og_site_name":"C-Adventures &amp; Tours","article_publisher":"https:\/\/www.facebook.com\/ctoursalbania","article_modified_time":"2025-05-23T13:31:52+00:00","og_image":[{"width":750,"height":500,"url":"https:\/\/c-adventures.al\/wp-content\/uploads\/2021\/05\/IMG_2.jpg","type":"image\/jpeg"}],"twitter_card":"summary_large_image","twitter_misc":{"Est. reading time":"2 minutes"},"schema":{"@context":"https:\/\/schema.org","@graph":[{"@type":"WebPage","@id":"https:\/\/c-adventures.al\/sq\/tours\/hiking-in-spilea\/","url":"https:\/\/c-adventures.al\/sq\/tours\/hiking-in-spilea\/","name":"Ecje drejt Manastirit t\u00eb Spiles\u00eb - C-Adventures &amp; Tours","isPartOf":{"@id":"https:\/\/c-adventures.al\/#website"},"primaryImageOfPage":{"@id":"https:\/\/c-adventures.al\/sq\/tours\/hiking-in-spilea\/#primaryimage"},"image":{"@id":"https:\/\/c-adventures.al\/sq\/tours\/hiking-in-spilea\/#primaryimage"},"thumbnailUrl":"https:\/\/c-adventures.al\/wp-content\/uploads\/2021\/05\/IMG_2.jpg","datePublished":"2021-05-27T08:55:34+00:00","dateModified":"2025-05-23T13:31:52+00:00","breadcrumb":{"@id":"https:\/\/c-adventures.al\/sq\/tours\/hiking-in-spilea\/#breadcrumb"},"inLanguage":"sq-AL","potentialAction":[{"@type":"ReadAction","target":["https:\/\/c-adventures.al\/sq\/tours\/hiking-in-spilea\/"]}]},{"@type":"ImageObject","inLanguage":"sq-AL","@id":"https:\/\/c-adventures.al\/sq\/tours\/hiking-in-spilea\/#primaryimage","url":"https:\/\/c-adventures.al\/wp-content\/uploads\/2021\/05\/IMG_2.jpg","contentUrl":"https:\/\/c-adventures.al\/wp-content\/uploads\/2021\/05\/IMG_2.jpg","width":750,"height":500},{"@type":"BreadcrumbList","@id":"https:\/\/c-adventures.al\/sq\/tours\/hiking-in-spilea\/#breadcrumb","itemListElement":[{"@type":"ListItem","position":1,"name":"Home","item":"https:\/\/c-adventures.al\/sq\/"},{"@type":"ListItem","position":2,"name":"Products","item":"https:\/\/c-adventures.al\/shop\/"},{"@type":"ListItem","position":3,"name":"Ecje drejt Manastirit t\u00eb Spiles\u00eb"}]},{"@type":"WebSite","@id":"https:\/\/c-adventures.al\/#website","url":"https:\/\/c-adventures.al\/","name":"C-Adventures &amp; Tours","description":"because your time matters","publisher":{"@id":"https:\/\/c-adventures.al\/#organization"},"potentialAction":[{"@type":"SearchAction","target":{"@type":"EntryPoint","urlTemplate":"https:\/\/c-adventures.al\/?s={search_term_string}"},"query-input":{"@type":"PropertyValueSpecification","valueRequired":true,"valueName":"search_term_string"}}],"inLanguage":"sq-AL"},{"@type":"Organization","@id":"https:\/\/c-adventures.al\/#organization","name":"C-Adventures & Tours","url":"https:\/\/c-adventures.al\/","logo":{"@type":"ImageObject","inLanguage":"sq-AL","@id":"https:\/\/c-adventures.al\/#\/schema\/logo\/image\/","url":"https:\/\/c-adventures.al\/wp-content\/uploads\/2021\/05\/logo-c-adventures-web.png","contentUrl":"https:\/\/c-adventures.al\/wp-content\/uploads\/2021\/05\/logo-c-adventures-web.png","width":400,"height":142,"caption":"C-Adventures & Tours"},"image":{"@id":"https:\/\/c-adventures.al\/#\/schema\/logo\/image\/"},"sameAs":["https:\/\/www.facebook.com\/ctoursalbania"]}]}},"_links":{"self":[{"href":"https:\/\/c-adventures.al\/sq\/wp-json\/wp\/v2\/product\/1658","targetHints":{"allow":["GET"]}}],"collection":[{"href":"https:\/\/c-adventures.al\/sq\/wp-json\/wp\/v2\/product"}],"about":[{"href":"https:\/\/c-adventures.al\/sq\/wp-json\/wp\/v2\/types\/product"}],"wp:featuredmedia":[{"embeddable":true,"href":"https:\/\/c-adventures.al\/sq\/wp-json\/wp\/v2\/media\/1660"}],"wp:attachment":[{"href":"https:\/\/c-adventures.al\/sq\/wp-json\/wp\/v2\/media?parent=1658"}],"wp:term":[{"taxonomy":"product_brand","embeddable":true,"href":"https:\/\/c-adventures.al\/sq\/wp-json\/wp\/v2\/product_brand?post=1658"},{"taxonomy":"product_cat","embeddable":true,"href":"https:\/\/c-adventures.al\/sq\/wp-json\/wp\/v2\/product_cat?post=1658"},{"taxonomy":"product_tag","embeddable":true,"href":"https:\/\/c-adventures.al\/sq\/wp-json\/wp\/v2\/product_tag?post=1658"}],"curies":[{"name":"wp","href":"https:\/\/api.w.org\/{rel}","templated":true}]}}