{"id":1661,"date":"2021-05-28T06:56:16","date_gmt":"2021-05-28T04:56:16","guid":{"rendered":"https:\/\/c-adventures.al\/product\/italian-stories-from-south\/"},"modified":"2025-05-25T02:26:25","modified_gmt":"2025-05-25T00:26:25","slug":"italian-stories-from-south","status":"publish","type":"product","link":"https:\/\/c-adventures.al\/sq\/tours\/italian-stories-from-south\/","title":{"rendered":"Histori Italiane nga Jugu"},"content":{"rendered":"<p>Kjo eksperienc\u00eb do t\u00eb jet\u00eb e ndar\u00eb n\u00eb 2 pjes\u00eb.<\/p>\n<p>\u201cHistori Italiane nga jugu\u201d p\u00ebrfshin\u00a0 nj\u00eb tur historik t\u00eb shoq\u00ebruar me nj\u00eb prezantim te detajuar t\u00eb gjurm\u00ebve kulturore, historike, modelit t\u00eb bashk\u00ebjetes\u00ebs dhe figurave t\u00eb njohura nga Italia q\u00eb jetuan dhe punuan n\u00eb k\u00ebt\u00eb hap\u00ebsir\u00eb.Do t\u00eb udh\u00ebtoni pas n\u00eb koh\u00ebn midis luft\u00ebrave dhe do t\u00eb merrni ndjesi gati t\u00eb harruara kombinuar me fakte foto dhe muzik\u00eb t\u00eb periudh\u00ebs.<\/p>\n<p>Fillimish do t\u00eb p\u00ebrshkojm\u00eb n\u00eb k\u00ebmb\u00eb \u00a0qendr\u00ebn historike \u00a0te pazarit\u00a0 dhe dy nga lagjet ku gjurm\u00ebt e kultur\u00ebs italiane\u00a0 jan\u00eb evidente ende n\u00eb dit\u00ebt e sotme.Pervec \u00a0historikut t\u00eb arkitektur\u00ebs objekteve t\u00eb biznesit dhe gjurm\u00ebve q\u00eb lidhen me fillesat e kapitalizmit do t\u00eb njiheni \u00a0dhe me personazhe italiane q\u00eb kan\u00eb jetuar \u00a0dhe kan\u00eb b\u00ebr\u00eb histori n\u00eb Gjirokast\u00ebr.<\/p>\n<p>Ndikimi\u00a0 i arkitektur\u00ebs italiane ishte elementi q\u00eb modernizoi n\u00eb fillim t\u00eb shek t\u00eb XX \u00a0 fillimisht banesat e tregtar\u00ebve t\u00eb qytetit.Ky ndikim edhe sot \u00ebsht\u00eb shum\u00eb I duksh\u00ebm sidomos n\u00eb banesat e \u00a0\u201cDr. V. Laboviti\u201d,banesa \u201cCeci\u201d,banesa \u201cQurku\u201detj. Disa prej tyre do t\u00eb jen\u00eb pjes\u00eb e k\u00ebtij itenerari.Do t\u00eb njihni p\u00ebrmes k\u00ebtij turi personazhe si arkitekti\u00a0 Vitaliano Poselli q\u00eb jetoi dhe punoi n\u00eb Gjirokast\u00ebr gjat\u00eb viteve 30 dhe do t\u00eb befasoheni prej rrug\u00ebtimit t\u00eb tij n\u00eb Shqip\u00ebri.<\/p>\n<p>N\u00eb pjes\u00ebn e dyt\u00eb t\u00eb k\u00ebtij turi ju do t\u00eb shijoni nj\u00eb kafe n\u00eb ambjentet tona n\u00eb pazarin historik ku udh\u00ebrr\u00ebfyesi do t\u2019ju b\u00ebj\u00eb nj\u00eb prezantim t\u00eb detajuar t\u00eb fotografive historike\u00a0 t\u00eb koh\u00ebs dhe d\u00ebshmive\u00a0 t\u00eb grumbulluara prej arkivave italian\u00eb dhe shqiptar\u00eb. Pjes\u00eb e prezantimit do t\u00eb jen\u00eb fakte rreth garnizonit m\u00eb t\u00eb madh ushtarak italian n\u00eb Ballkan atij t\u00eb G\u00ebrhotit ku u strehuan dhe jetuan p\u00ebr disa vite 12 mij\u00eb ushtar\u00eb italian\u00eb. Atmosfer\u00ebs do ti shtohen tingujt e muzik\u00ebs italiane t\u00eb viteve 30-40.<\/p>\n","protected":false},"excerpt":{"rendered":"<p>Kjo eksperienc\u00eb do t\u00eb jet\u00eb e ndar\u00eb n\u00eb 2 pjes\u00eb. \u201cHistori Italiane nga jugu\u201d p\u00ebrfshin\u00a0 nj\u00eb tur historik t\u00eb shoq\u00ebruar me nj\u00eb prezantim te detajuar t\u00eb gjurm\u00ebve kulturore, historike, modelit t\u00eb bashk\u00ebjetes\u00ebs dhe figurave t\u00eb njohura nga Italia q\u00eb jetuan dhe punuan n\u00eb k\u00ebt\u00eb hap\u00ebsir\u00eb.Do t\u00eb udh\u00ebtoni pas n\u00eb koh\u00ebn midis luft\u00ebrave dhe do t\u00eb<\/p>\n<div class=\"padding-top text-center\"><a href=\"https:\/\/c-adventures.al\/sq\/tours\/italian-stories-from-south\/\" class=\"atbtn atbtn--medium atbtn--rounded atbtn--transparent\">Read more<i class=\"atbtn__icon atbtn__icon--right fa fa-long-arrow-right\"><\/i><\/a><\/div>\n","protected":false},"featured_media":1663,"template":"","meta":[],"product_brand":[],"product_cat":[15],"product_tag":[],"class_list":{"0":"post-1661","1":"product","2":"type-product","3":"status-publish","4":"has-post-thumbnail","6":"product_cat-uncategorized","7":"tour_category-histori","8":"tour_category-ture-ne-qytet","10":"first","11":"instock","12":"featured","13":"virtual","14":"purchasable","15":"product-type-tour"},"yoast_head":"<!-- This site is optimized with the Yoast SEO plugin v24.4 - https:\/\/yoast.com\/wordpress\/plugins\/seo\/ -->\n<title>Histori Italiane nga Jugu - C-Adventures &amp; Tours<\/title>\n<meta name=\"robots\" content=\"index, follow, max-snippet:-1, max-image-preview:large, max-video-preview:-1\" \/>\n<link rel=\"canonical\" href=\"https:\/\/c-adventures.al\/sq\/tours\/italian-stories-from-south\/\" \/>\n<meta property=\"og:locale\" content=\"sq_AL\" \/>\n<meta property=\"og:type\" content=\"article\" \/>\n<meta property=\"og:title\" content=\"Histori Italiane nga Jugu - C-Adventures &amp; Tours\" \/>\n<meta property=\"og:description\" content=\"Kjo eksperienc\u00eb do t\u00eb jet\u00eb e ndar\u00eb n\u00eb 2 pjes\u00eb. \u201cHistori Italiane nga jugu\u201d p\u00ebrfshin\u00a0 nj\u00eb tur historik t\u00eb shoq\u00ebruar me nj\u00eb prezantim te detajuar t\u00eb gjurm\u00ebve kulturore, historike, modelit t\u00eb bashk\u00ebjetes\u00ebs dhe figurave t\u00eb njohura nga Italia q\u00eb jetuan dhe punuan n\u00eb k\u00ebt\u00eb hap\u00ebsir\u00eb.Do t\u00eb udh\u00ebtoni pas n\u00eb koh\u00ebn midis luft\u00ebrave dhe do t\u00ebRead more\" \/>\n<meta property=\"og:url\" content=\"https:\/\/c-adventures.al\/sq\/tours\/italian-stories-from-south\/\" \/>\n<meta property=\"og:site_name\" content=\"C-Adventures &amp; Tours\" \/>\n<meta property=\"article:publisher\" content=\"https:\/\/www.facebook.com\/ctoursalbania\" \/>\n<meta property=\"article:modified_time\" content=\"2025-05-25T00:26:25+00:00\" \/>\n<meta property=\"og:image\" content=\"https:\/\/c-adventures.al\/wp-content\/uploads\/2021\/05\/Argirocastro-ex-Centro-commerciale-Zigai.jpg\" \/>\n\t<meta property=\"og:image:width\" content=\"500\" \/>\n\t<meta property=\"og:image:height\" content=\"334\" \/>\n\t<meta property=\"og:image:type\" content=\"image\/jpeg\" \/>\n<meta name=\"twitter:card\" content=\"summary_large_image\" \/>\n<meta name=\"twitter:label1\" content=\"Est. reading time\" \/>\n\t<meta name=\"twitter:data1\" content=\"2 minutes\" \/>\n<script type=\"application\/ld+json\" class=\"yoast-schema-graph\">{\"@context\":\"https:\/\/schema.org\",\"@graph\":[{\"@type\":\"WebPage\",\"@id\":\"https:\/\/c-adventures.al\/sq\/tours\/italian-stories-from-south\/\",\"url\":\"https:\/\/c-adventures.al\/sq\/tours\/italian-stories-from-south\/\",\"name\":\"Histori Italiane nga Jugu - C-Adventures &amp; Tours\",\"isPartOf\":{\"@id\":\"https:\/\/c-adventures.al\/#website\"},\"primaryImageOfPage\":{\"@id\":\"https:\/\/c-adventures.al\/sq\/tours\/italian-stories-from-south\/#primaryimage\"},\"image\":{\"@id\":\"https:\/\/c-adventures.al\/sq\/tours\/italian-stories-from-south\/#primaryimage\"},\"thumbnailUrl\":\"https:\/\/c-adventures.al\/wp-content\/uploads\/2021\/05\/Argirocastro-ex-Centro-commerciale-Zigai.jpg\",\"datePublished\":\"2021-05-28T04:56:16+00:00\",\"dateModified\":\"2025-05-25T00:26:25+00:00\",\"breadcrumb\":{\"@id\":\"https:\/\/c-adventures.al\/sq\/tours\/italian-stories-from-south\/#breadcrumb\"},\"inLanguage\":\"sq-AL\",\"potentialAction\":[{\"@type\":\"ReadAction\",\"target\":[\"https:\/\/c-adventures.al\/sq\/tours\/italian-stories-from-south\/\"]}]},{\"@type\":\"ImageObject\",\"inLanguage\":\"sq-AL\",\"@id\":\"https:\/\/c-adventures.al\/sq\/tours\/italian-stories-from-south\/#primaryimage\",\"url\":\"https:\/\/c-adventures.al\/wp-content\/uploads\/2021\/05\/Argirocastro-ex-Centro-commerciale-Zigai.jpg\",\"contentUrl\":\"https:\/\/c-adventures.al\/wp-content\/uploads\/2021\/05\/Argirocastro-ex-Centro-commerciale-Zigai.jpg\",\"width\":500,\"height\":334},{\"@type\":\"BreadcrumbList\",\"@id\":\"https:\/\/c-adventures.al\/sq\/tours\/italian-stories-from-south\/#breadcrumb\",\"itemListElement\":[{\"@type\":\"ListItem\",\"position\":1,\"name\":\"Home\",\"item\":\"https:\/\/c-adventures.al\/sq\/\"},{\"@type\":\"ListItem\",\"position\":2,\"name\":\"Products\",\"item\":\"https:\/\/c-adventures.al\/shop\/\"},{\"@type\":\"ListItem\",\"position\":3,\"name\":\"Histori Italiane nga Jugu\"}]},{\"@type\":\"WebSite\",\"@id\":\"https:\/\/c-adventures.al\/#website\",\"url\":\"https:\/\/c-adventures.al\/\",\"name\":\"C-Adventures &amp; Tours\",\"description\":\"because your time matters\",\"publisher\":{\"@id\":\"https:\/\/c-adventures.al\/#organization\"},\"potentialAction\":[{\"@type\":\"SearchAction\",\"target\":{\"@type\":\"EntryPoint\",\"urlTemplate\":\"https:\/\/c-adventures.al\/?s={search_term_string}\"},\"query-input\":{\"@type\":\"PropertyValueSpecification\",\"valueRequired\":true,\"valueName\":\"search_term_string\"}}],\"inLanguage\":\"sq-AL\"},{\"@type\":\"Organization\",\"@id\":\"https:\/\/c-adventures.al\/#organization\",\"name\":\"C-Adventures & Tours\",\"url\":\"https:\/\/c-adventures.al\/\",\"logo\":{\"@type\":\"ImageObject\",\"inLanguage\":\"sq-AL\",\"@id\":\"https:\/\/c-adventures.al\/#\/schema\/logo\/image\/\",\"url\":\"https:\/\/c-adventures.al\/wp-content\/uploads\/2021\/05\/logo-c-adventures-web.png\",\"contentUrl\":\"https:\/\/c-adventures.al\/wp-content\/uploads\/2021\/05\/logo-c-adventures-web.png\",\"width\":400,\"height\":142,\"caption\":\"C-Adventures & Tours\"},\"image\":{\"@id\":\"https:\/\/c-adventures.al\/#\/schema\/logo\/image\/\"},\"sameAs\":[\"https:\/\/www.facebook.com\/ctoursalbania\"]}]}<\/script>\n<!-- \/ Yoast SEO plugin. -->","yoast_head_json":{"title":"Histori Italiane nga Jugu - C-Adventures &amp; Tours","robots":{"index":"index","follow":"follow","max-snippet":"max-snippet:-1","max-image-preview":"max-image-preview:large","max-video-preview":"max-video-preview:-1"},"canonical":"https:\/\/c-adventures.al\/sq\/tours\/italian-stories-from-south\/","og_locale":"sq_AL","og_type":"article","og_title":"Histori Italiane nga Jugu - C-Adventures &amp; Tours","og_description":"Kjo eksperienc\u00eb do t\u00eb jet\u00eb e ndar\u00eb n\u00eb 2 pjes\u00eb. \u201cHistori Italiane nga jugu\u201d p\u00ebrfshin\u00a0 nj\u00eb tur historik t\u00eb shoq\u00ebruar me nj\u00eb prezantim te detajuar t\u00eb gjurm\u00ebve kulturore, historike, modelit t\u00eb bashk\u00ebjetes\u00ebs dhe figurave t\u00eb njohura nga Italia q\u00eb jetuan dhe punuan n\u00eb k\u00ebt\u00eb hap\u00ebsir\u00eb.Do t\u00eb udh\u00ebtoni pas n\u00eb koh\u00ebn midis luft\u00ebrave dhe do t\u00ebRead more","og_url":"https:\/\/c-adventures.al\/sq\/tours\/italian-stories-from-south\/","og_site_name":"C-Adventures &amp; Tours","article_publisher":"https:\/\/www.facebook.com\/ctoursalbania","article_modified_time":"2025-05-25T00:26:25+00:00","og_image":[{"width":500,"height":334,"url":"https:\/\/c-adventures.al\/wp-content\/uploads\/2021\/05\/Argirocastro-ex-Centro-commerciale-Zigai.jpg","type":"image\/jpeg"}],"twitter_card":"summary_large_image","twitter_misc":{"Est. reading time":"2 minutes"},"schema":{"@context":"https:\/\/schema.org","@graph":[{"@type":"WebPage","@id":"https:\/\/c-adventures.al\/sq\/tours\/italian-stories-from-south\/","url":"https:\/\/c-adventures.al\/sq\/tours\/italian-stories-from-south\/","name":"Histori Italiane nga Jugu - C-Adventures &amp; Tours","isPartOf":{"@id":"https:\/\/c-adventures.al\/#website"},"primaryImageOfPage":{"@id":"https:\/\/c-adventures.al\/sq\/tours\/italian-stories-from-south\/#primaryimage"},"image":{"@id":"https:\/\/c-adventures.al\/sq\/tours\/italian-stories-from-south\/#primaryimage"},"thumbnailUrl":"https:\/\/c-adventures.al\/wp-content\/uploads\/2021\/05\/Argirocastro-ex-Centro-commerciale-Zigai.jpg","datePublished":"2021-05-28T04:56:16+00:00","dateModified":"2025-05-25T00:26:25+00:00","breadcrumb":{"@id":"https:\/\/c-adventures.al\/sq\/tours\/italian-stories-from-south\/#breadcrumb"},"inLanguage":"sq-AL","potentialAction":[{"@type":"ReadAction","target":["https:\/\/c-adventures.al\/sq\/tours\/italian-stories-from-south\/"]}]},{"@type":"ImageObject","inLanguage":"sq-AL","@id":"https:\/\/c-adventures.al\/sq\/tours\/italian-stories-from-south\/#primaryimage","url":"https:\/\/c-adventures.al\/wp-content\/uploads\/2021\/05\/Argirocastro-ex-Centro-commerciale-Zigai.jpg","contentUrl":"https:\/\/c-adventures.al\/wp-content\/uploads\/2021\/05\/Argirocastro-ex-Centro-commerciale-Zigai.jpg","width":500,"height":334},{"@type":"BreadcrumbList","@id":"https:\/\/c-adventures.al\/sq\/tours\/italian-stories-from-south\/#breadcrumb","itemListElement":[{"@type":"ListItem","position":1,"name":"Home","item":"https:\/\/c-adventures.al\/sq\/"},{"@type":"ListItem","position":2,"name":"Products","item":"https:\/\/c-adventures.al\/shop\/"},{"@type":"ListItem","position":3,"name":"Histori Italiane nga Jugu"}]},{"@type":"WebSite","@id":"https:\/\/c-adventures.al\/#website","url":"https:\/\/c-adventures.al\/","name":"C-Adventures &amp; Tours","description":"because your time matters","publisher":{"@id":"https:\/\/c-adventures.al\/#organization"},"potentialAction":[{"@type":"SearchAction","target":{"@type":"EntryPoint","urlTemplate":"https:\/\/c-adventures.al\/?s={search_term_string}"},"query-input":{"@type":"PropertyValueSpecification","valueRequired":true,"valueName":"search_term_string"}}],"inLanguage":"sq-AL"},{"@type":"Organization","@id":"https:\/\/c-adventures.al\/#organization","name":"C-Adventures & Tours","url":"https:\/\/c-adventures.al\/","logo":{"@type":"ImageObject","inLanguage":"sq-AL","@id":"https:\/\/c-adventures.al\/#\/schema\/logo\/image\/","url":"https:\/\/c-adventures.al\/wp-content\/uploads\/2021\/05\/logo-c-adventures-web.png","contentUrl":"https:\/\/c-adventures.al\/wp-content\/uploads\/2021\/05\/logo-c-adventures-web.png","width":400,"height":142,"caption":"C-Adventures & Tours"},"image":{"@id":"https:\/\/c-adventures.al\/#\/schema\/logo\/image\/"},"sameAs":["https:\/\/www.facebook.com\/ctoursalbania"]}]}},"_links":{"self":[{"href":"https:\/\/c-adventures.al\/sq\/wp-json\/wp\/v2\/product\/1661","targetHints":{"allow":["GET"]}}],"collection":[{"href":"https:\/\/c-adventures.al\/sq\/wp-json\/wp\/v2\/product"}],"about":[{"href":"https:\/\/c-adventures.al\/sq\/wp-json\/wp\/v2\/types\/product"}],"wp:featuredmedia":[{"embeddable":true,"href":"https:\/\/c-adventures.al\/sq\/wp-json\/wp\/v2\/media\/1663"}],"wp:attachment":[{"href":"https:\/\/c-adventures.al\/sq\/wp-json\/wp\/v2\/media?parent=1661"}],"wp:term":[{"taxonomy":"product_brand","embeddable":true,"href":"https:\/\/c-adventures.al\/sq\/wp-json\/wp\/v2\/product_brand?post=1661"},{"taxonomy":"product_cat","embeddable":true,"href":"https:\/\/c-adventures.al\/sq\/wp-json\/wp\/v2\/product_cat?post=1661"},{"taxonomy":"product_tag","embeddable":true,"href":"https:\/\/c-adventures.al\/sq\/wp-json\/wp\/v2\/product_tag?post=1661"}],"curies":[{"name":"wp","href":"https:\/\/api.w.org\/{rel}","templated":true}]}}