{"id":1664,"date":"2021-05-28T06:59:13","date_gmt":"2021-05-28T04:59:13","guid":{"rendered":"https:\/\/c-adventures.al\/product\/wine-and-poetry\/"},"modified":"2025-03-06T15:16:00","modified_gmt":"2025-03-06T13:16:00","slug":"wine-and-poetry","status":"publish","type":"product","link":"https:\/\/c-adventures.al\/sq\/tours\/wine-and-poetry\/","title":{"rendered":"Ver\u00eb dhe Poezi"},"content":{"rendered":"<p style=\"text-align: justify;\"><strong>\u201cVer\u00eb dhe Poezi\u201d<\/strong><\/p>\n<p style=\"text-align: justify;\"><strong>Tradita e ver\u00ebs shqiptare<\/strong><\/p>\n<p style=\"text-align: justify;\">Megjith\u00ebse vera ka nj\u00eb tradit\u00eb mij\u00ebravje\u00e7are, \u00ebsht\u00eb e pamundur t\u00eb p\u00ebrcaktohet se kush e shpiku at\u00eb.Edhe n\u00eb Shqip\u00ebri kjo tradit\u00eb \u00ebsht\u00eb e hershme. Vera p\u00ebrmendet q\u00eb nga lasht\u00ebsia por \u00ebsht\u00eb e dokumentuar pak.<\/p>\n<p style=\"text-align: justify;\">Sheshi i bardh\u00eb dhe sheshi i zi jan\u00eb varietetet kryesore t\u00eb ver\u00ebs. Prejardhja e k\u00ebtij emri lidhet me fshatin Shesh pran\u00eb Tiran\u00ebs. T\u00eb dy k\u00ebto varietete jan\u00eb vera aromatike dhe t\u00eb k\u00ebndshme. K\u00ebto ver\u00ebra p\u00ebrmir\u00ebsohen ndjesh\u00ebm me kalimin e koh\u00ebs dhe ngjyra e rubinit t\u00eb theksuar tek vera e kuqe mund t\u00eb ndryshoj\u00eb me vjet\u00ebrimin.<\/p>\n<p style=\"text-align: justify;\">Kallmeti, debina, centrali, vloshi, serini, pulesi, manakuqi jan\u00eb varietete t\u00eb njohura q\u00eb shtrihen n\u00eb zona t\u00eb ndryshme klimatike. Shqip\u00ebria ka kat\u00ebr zona t\u00eb kultivimit t\u00eb hardhis\u00eb duke nisur nga lart\u00ebsia 300 m deri n\u00eb lart\u00ebsin\u00eb 1000 m dhe ne do t\u00eb p\u00ebrpiqemi t\u00eb sjellim shije vere nga t\u00eb gjitha k\u00ebto nivele t\u00eb kultivimit.<\/p>\n<p style=\"text-align: justify;\"><strong>-Ideja \u201cVer\u00eb dhe Poezi\u201d<\/strong><\/p>\n<p style=\"text-align: justify;\">Vet\u00eb vera \u00ebsht\u00eb nj\u00eb poezi n\u00eb shishe. P\u00ebr t\u00eb evidentuar vlerat e v\u00ebrteta t\u00eb tradit\u00ebs n\u00eb Shqip\u00ebri do t\u00eb sjellim cdo\u00a0 jav\u00eb\u00a0 nj\u00eb kantin\u00eb vere nga Shqip\u00ebria p\u00ebr te prezantuar produktet e saj.<\/p>\n<p style=\"text-align: justify;\">Mbr\u00ebmja e s\u00eb premtes do t\u00eb njoftohet m\u00eb par\u00eb dhe do t\u00eb jet\u00eb nj\u00eb event i shtrir\u00eb p\u00ebrgjat\u00eb gjith\u00eb vitit.<\/p>\n<p style=\"text-align: justify;\">Gjat\u00eb mbr\u00ebmjes do t\u00eb prezantohen 2 verera t\u00eb ndryshme, me te mirat e secil\u00ebs kantin\u00eb t\u00eb shoq\u00ebruara me historin\u00eb, trash\u00ebgimin\u00eb dhe m\u00ebnyr\u00ebn e ruajtjes dhe vjet\u00ebrimit t\u00eb ver\u00ebs. Eventi do t\u00eb sjell\u00eb historin\u00eb personale t\u00eb secilit prodhues dhe emocionin e t\u00eb gjith\u00eb procesit t\u00eb shijimit. Pjesmarr\u00ebsit do t\u00eb ftohen t\u00eb jen\u00eb interaktiv\u00eb.<\/p>\n<p style=\"text-align: justify;\">Ky \u00ebsht\u00eb nj\u00eb \u00a0event jo statik i cili do t\u00eb p\u00ebrdor\u00eb hap\u00ebsirat e br\u00ebndshme t\u00eb sall\u00ebs son\u00eb t\u00eb eventeve por sipas rastit dhe stin\u00ebs mund t\u00eb zhvendoset edhe n\u00eb rrug\u00eb.<\/p>\n<p style=\"text-align: justify;\">N\u00eb harmoni \u00a0me ver\u00ebn do t\u00eb sh\u00ebrbehen ushqime t\u00eb ftohta p\u00ebrfshi llojet e ndryshme t\u00eb djathit,proshutat,frutat lokale ose cokollatat sipas rastit.<\/p>\n<p style=\"text-align: justify;\">\u00c7do jav\u00eb do t\u00eb ket\u00eb dicka t\u00eb re dhe surprizuese q\u00eb do te njoftohet n\u00eb at\u00eb mbr\u00ebmje.Poet\u00eb shqip\u00ebtar\u00eb dhe t\u00eb huaj do t\u00eb vijn\u00eb n\u00eb shqip dhe n\u00eb gjuh\u00eb t\u00eb tjera kombinuar me muzik\u00eb dhe interpretime live. Pjesemarr\u00ebsit do t\u00eb ftohen t\u00eb p\u00ebrcellin emocionet e tyre p\u00ebrmes recitimit t\u00eb poezive.I gjith\u00eb eventi sillet si nj\u00eb mund\u00ebsi p\u00ebr ti dh\u00ebn\u00eb vlera shpirt\u00ebrore t\u00eb premtes mbr\u00ebma si nj\u00eb ushqim me ver\u00eb dhe poezi.<\/p>\n<p style=\"text-align: justify;\"><strong>-Si mund ta rezervoni k\u00ebt\u00eb event?<\/strong><\/p>\n<p style=\"text-align: justify;\">Ju mund te rezervoni online ose mund t\u00eb blini nj\u00eb bilet\u00eb fizikisht n\u00eb zyr\u00ebn ton\u00eb t\u00eb pakt\u00ebn nj\u00eb dit\u00eb para eventit.<\/p>\n<p style=\"text-align: justify;\"><strong>-Kush do ta udh\u00ebheq\u00eb k\u00ebt\u00eb eksperienc\u00eb?<\/strong><\/p>\n<p style=\"text-align: justify;\">Kjo eksperience do t\u00eb udh\u00ebhiqet nga nj\u00eb ekip i specializuar n\u00eb fush\u00ebn e ver\u00ebs dhe t\u00eb aktrimit.<\/p>\n<p style=\"text-align: justify;\">P\u00ebrmbatja poetike udh\u00ebhiqet prej z.Ilir Lluri \u00a0regjizor ,aktor, njoh\u00ebs i poezis\u00eb klasike dhe bashk\u00ebkohore. Ai \u00ebsht\u00eb edhe nj\u00eb prej recituesve m\u00eb t\u00eb mir\u00eb n\u00eb rajon.<\/p>\n<p style=\"text-align: justify;\">Nd\u00ebrsa shijimi i ver\u00ebs do t\u00eb udh\u00ebhiqet nga z.Agim Lice me nj\u00eb eksperienc\u00eb gati 35 vjecare n\u00eb fush\u00ebn e sh\u00ebrbimit dhe njohjes s\u00eb ver\u00ebs. Z.Lice ka leht\u00ebsuar me qindra evente t\u00eb niveleve t\u00eb larta nd\u00ebr vite.<\/p>\n<p style=\"text-align: justify;\"><strong>Bashk\u00ebpun\u00ebtor\u00ebt tan\u00eb<\/strong><\/p>\n<p style=\"text-align: justify;\">Bashk\u00ebpuntor\u00ebt tan\u00eb \u00a0p\u00ebr \u00a0k\u00ebt\u00eb event t\u00eb p\u00ebrjavsh\u00ebm jan\u00eb disa nga kantinat kryesore n\u00eb Shqip\u00ebri.<\/p>\n<p style=\"text-align: justify;\"><strong><em>Kantina Buka <\/em><\/strong>nj\u00eb nga prodhueset m\u00eb t\u00eb r\u00ebnd\u00ebsishme t\u00eb ver\u00ebs n\u00eb rajon. Prezent n\u00eb treg prej gati 30 vitesh kantina Buka drejtohet nga nj\u00eb ekspert i njohur vere. Produkti ka disa cmimi komb\u00ebtare dhe nd\u00ebrkomb\u00ebtare dhe hyn mes ver\u00ebrave elitare t\u00eb Jugut t\u00eb Shqip\u00ebris\u00eb.<\/p>\n<p style=\"text-align: justify;\"><a href=\"https:\/\/www.facebook.com\/kantinabejko\"><strong>Bejko winery<\/strong><\/a><\/p>\n<p style=\"text-align: justify;\">\u00a0Ka filluar t\u00eb prodhoj\u00eb ver\u00eb n\u00eb vitet 1999-2000, n\u00eb m\u00ebnyr\u00eb artizanale dhe me sasi t\u00eb vog\u00ebl. N\u00eb vitin 2010 p\u00ebrmes nj\u00eb investimi t\u00eb ri \u00ebsht\u00eb rritur jo vet\u00ebm sasia por edhe \u00ebsht\u00eb arritur \u00a0p\u00ebrpunimi profesional dhe sipas standarteve i ver\u00ebs.<\/p>\n<p style=\"text-align: justify;\"><a href=\"https:\/\/www.facebook.com\/Cobo.Winery\/\"><strong>\u00c7obo Winery<\/strong><\/a><\/p>\n<p style=\"text-align: justify;\">Kantina Cobo \u00ebsht\u00eb \u00a0hapur n\u00eb vitin 1998, por prodhimi i ver\u00ebs ka datuar m\u00eb her\u00ebt pasi \u00ebsht\u00eb nj\u00eb tradit\u00eb e hershme familjare.<\/p>\n<p style=\"text-align: justify;\"><a href=\"https:\/\/www.fabakantina.al\/\"><strong>Faba Winery<\/strong><\/a><\/p>\n<p style=\"text-align: justify;\">Krijimi i kantin\u00ebs FABA daton\u00a0 n\u00eb fillimet e vitit 1990 . Sot p\u00ebrsosm\u00ebria e Kantin\u00ebs Faba kalon p\u00ebrmes investimit te fjal\u00ebs s\u00eb fundit t\u00eb teknologjis\u00eb s\u00eb prodhimit t\u00eb ver\u00ebrave.<\/p>\n<p style=\"text-align: justify;\"><a href=\"https:\/\/www.facebook.com\/KANTINA-E-VERES-LIBRAZHD-246114770902\/\"><strong>Librazhd Winery<\/strong><\/a><\/p>\n<p style=\"text-align: justify;\">Prodhimi i ver\u00ebs tek \u00a0&#8220;Kantina e Ver\u00ebs&#8221; Librazhd, \u00ebsht\u00eb ajo klasike dhe e kombinuar me at\u00eb bashk\u00ebkohore.<\/p>\n","protected":false},"excerpt":{"rendered":"<p>\u201cVer\u00eb dhe Poezi\u201d Tradita e ver\u00ebs shqiptare Megjith\u00ebse vera ka nj\u00eb tradit\u00eb mij\u00ebravje\u00e7are, \u00ebsht\u00eb e pamundur t\u00eb p\u00ebrcaktohet se kush e shpiku at\u00eb.Edhe n\u00eb Shqip\u00ebri kjo tradit\u00eb \u00ebsht\u00eb e hershme. Vera p\u00ebrmendet q\u00eb nga lasht\u00ebsia por \u00ebsht\u00eb e dokumentuar pak. Sheshi i bardh\u00eb dhe sheshi i zi jan\u00eb varietetet kryesore t\u00eb ver\u00ebs. Prejardhja e k\u00ebtij<\/p>\n<div class=\"padding-top text-center\"><a href=\"https:\/\/c-adventures.al\/sq\/tours\/wine-and-poetry\/\" class=\"atbtn atbtn--medium atbtn--rounded atbtn--transparent\">Read more<i class=\"atbtn__icon atbtn__icon--right fa fa-long-arrow-right\"><\/i><\/a><\/div>\n","protected":false},"featured_media":1666,"template":"","meta":[],"product_brand":[],"product_cat":[99],"product_tag":[],"class_list":{"0":"post-1664","1":"product","2":"type-product","3":"status-publish","4":"has-post-thumbnail","6":"product_cat-uncategorized-sq","7":"tour_category-eksperience","8":"tour_category-natyre","9":"tour_category-shije-vere","11":"first","12":"instock","13":"featured","14":"virtual","15":"purchasable","16":"product-type-tour"},"yoast_head":"<!-- This site is optimized with the Yoast SEO plugin v24.4 - https:\/\/yoast.com\/wordpress\/plugins\/seo\/ -->\n<title>Ver\u00eb dhe Poezi - C-Adventures &amp; Tours<\/title>\n<meta name=\"robots\" content=\"index, follow, max-snippet:-1, max-image-preview:large, max-video-preview:-1\" \/>\n<link rel=\"canonical\" href=\"https:\/\/c-adventures.al\/sq\/tours\/wine-and-poetry\/\" \/>\n<meta property=\"og:locale\" content=\"sq_AL\" \/>\n<meta property=\"og:type\" content=\"article\" \/>\n<meta property=\"og:title\" content=\"Ver\u00eb dhe Poezi - C-Adventures &amp; Tours\" \/>\n<meta property=\"og:description\" content=\"\u201cVer\u00eb dhe Poezi\u201d Tradita e ver\u00ebs shqiptare Megjith\u00ebse vera ka nj\u00eb tradit\u00eb mij\u00ebravje\u00e7are, \u00ebsht\u00eb e pamundur t\u00eb p\u00ebrcaktohet se kush e shpiku at\u00eb.Edhe n\u00eb Shqip\u00ebri kjo tradit\u00eb \u00ebsht\u00eb e hershme. Vera p\u00ebrmendet q\u00eb nga lasht\u00ebsia por \u00ebsht\u00eb e dokumentuar pak. Sheshi i bardh\u00eb dhe sheshi i zi jan\u00eb varietetet kryesore t\u00eb ver\u00ebs. Prejardhja e k\u00ebtijRead more\" \/>\n<meta property=\"og:url\" content=\"https:\/\/c-adventures.al\/sq\/tours\/wine-and-poetry\/\" \/>\n<meta property=\"og:site_name\" content=\"C-Adventures &amp; Tours\" \/>\n<meta property=\"article:publisher\" content=\"https:\/\/www.facebook.com\/ctoursalbania\" \/>\n<meta property=\"article:modified_time\" content=\"2025-03-06T13:16:00+00:00\" \/>\n<meta property=\"og:image\" content=\"https:\/\/c-adventures.al\/wp-content\/uploads\/2021\/05\/IMG_0426-min.jpg\" \/>\n\t<meta property=\"og:image:width\" content=\"1920\" \/>\n\t<meta property=\"og:image:height\" content=\"1280\" \/>\n\t<meta property=\"og:image:type\" content=\"image\/jpeg\" \/>\n<meta name=\"twitter:card\" content=\"summary_large_image\" \/>\n<meta name=\"twitter:label1\" content=\"Est. reading time\" \/>\n\t<meta name=\"twitter:data1\" content=\"4 minutes\" \/>\n<script type=\"application\/ld+json\" class=\"yoast-schema-graph\">{\"@context\":\"https:\/\/schema.org\",\"@graph\":[{\"@type\":\"WebPage\",\"@id\":\"https:\/\/c-adventures.al\/sq\/tours\/wine-and-poetry\/\",\"url\":\"https:\/\/c-adventures.al\/sq\/tours\/wine-and-poetry\/\",\"name\":\"Ver\u00eb dhe Poezi - C-Adventures &amp; Tours\",\"isPartOf\":{\"@id\":\"https:\/\/c-adventures.al\/#website\"},\"primaryImageOfPage\":{\"@id\":\"https:\/\/c-adventures.al\/sq\/tours\/wine-and-poetry\/#primaryimage\"},\"image\":{\"@id\":\"https:\/\/c-adventures.al\/sq\/tours\/wine-and-poetry\/#primaryimage\"},\"thumbnailUrl\":\"https:\/\/c-adventures.al\/wp-content\/uploads\/2021\/05\/IMG_0426-min.jpg\",\"datePublished\":\"2021-05-28T04:59:13+00:00\",\"dateModified\":\"2025-03-06T13:16:00+00:00\",\"breadcrumb\":{\"@id\":\"https:\/\/c-adventures.al\/sq\/tours\/wine-and-poetry\/#breadcrumb\"},\"inLanguage\":\"sq-AL\",\"potentialAction\":[{\"@type\":\"ReadAction\",\"target\":[\"https:\/\/c-adventures.al\/sq\/tours\/wine-and-poetry\/\"]}]},{\"@type\":\"ImageObject\",\"inLanguage\":\"sq-AL\",\"@id\":\"https:\/\/c-adventures.al\/sq\/tours\/wine-and-poetry\/#primaryimage\",\"url\":\"https:\/\/c-adventures.al\/wp-content\/uploads\/2021\/05\/IMG_0426-min.jpg\",\"contentUrl\":\"https:\/\/c-adventures.al\/wp-content\/uploads\/2021\/05\/IMG_0426-min.jpg\",\"width\":1920,\"height\":1280},{\"@type\":\"BreadcrumbList\",\"@id\":\"https:\/\/c-adventures.al\/sq\/tours\/wine-and-poetry\/#breadcrumb\",\"itemListElement\":[{\"@type\":\"ListItem\",\"position\":1,\"name\":\"Home\",\"item\":\"https:\/\/c-adventures.al\/sq\/\"},{\"@type\":\"ListItem\",\"position\":2,\"name\":\"Products\",\"item\":\"https:\/\/c-adventures.al\/shop\/\"},{\"@type\":\"ListItem\",\"position\":3,\"name\":\"Ver\u00eb dhe Poezi\"}]},{\"@type\":\"WebSite\",\"@id\":\"https:\/\/c-adventures.al\/#website\",\"url\":\"https:\/\/c-adventures.al\/\",\"name\":\"C-Adventures &amp; Tours\",\"description\":\"because your time matters\",\"publisher\":{\"@id\":\"https:\/\/c-adventures.al\/#organization\"},\"potentialAction\":[{\"@type\":\"SearchAction\",\"target\":{\"@type\":\"EntryPoint\",\"urlTemplate\":\"https:\/\/c-adventures.al\/?s={search_term_string}\"},\"query-input\":{\"@type\":\"PropertyValueSpecification\",\"valueRequired\":true,\"valueName\":\"search_term_string\"}}],\"inLanguage\":\"sq-AL\"},{\"@type\":\"Organization\",\"@id\":\"https:\/\/c-adventures.al\/#organization\",\"name\":\"C-Adventures & Tours\",\"url\":\"https:\/\/c-adventures.al\/\",\"logo\":{\"@type\":\"ImageObject\",\"inLanguage\":\"sq-AL\",\"@id\":\"https:\/\/c-adventures.al\/#\/schema\/logo\/image\/\",\"url\":\"https:\/\/c-adventures.al\/wp-content\/uploads\/2021\/05\/logo-c-adventures-web.png\",\"contentUrl\":\"https:\/\/c-adventures.al\/wp-content\/uploads\/2021\/05\/logo-c-adventures-web.png\",\"width\":400,\"height\":142,\"caption\":\"C-Adventures & Tours\"},\"image\":{\"@id\":\"https:\/\/c-adventures.al\/#\/schema\/logo\/image\/\"},\"sameAs\":[\"https:\/\/www.facebook.com\/ctoursalbania\"]}]}<\/script>\n<!-- \/ Yoast SEO plugin. -->","yoast_head_json":{"title":"Ver\u00eb dhe Poezi - C-Adventures &amp; Tours","robots":{"index":"index","follow":"follow","max-snippet":"max-snippet:-1","max-image-preview":"max-image-preview:large","max-video-preview":"max-video-preview:-1"},"canonical":"https:\/\/c-adventures.al\/sq\/tours\/wine-and-poetry\/","og_locale":"sq_AL","og_type":"article","og_title":"Ver\u00eb dhe Poezi - C-Adventures &amp; Tours","og_description":"\u201cVer\u00eb dhe Poezi\u201d Tradita e ver\u00ebs shqiptare Megjith\u00ebse vera ka nj\u00eb tradit\u00eb mij\u00ebravje\u00e7are, \u00ebsht\u00eb e pamundur t\u00eb p\u00ebrcaktohet se kush e shpiku at\u00eb.Edhe n\u00eb Shqip\u00ebri kjo tradit\u00eb \u00ebsht\u00eb e hershme. Vera p\u00ebrmendet q\u00eb nga lasht\u00ebsia por \u00ebsht\u00eb e dokumentuar pak. Sheshi i bardh\u00eb dhe sheshi i zi jan\u00eb varietetet kryesore t\u00eb ver\u00ebs. Prejardhja e k\u00ebtijRead more","og_url":"https:\/\/c-adventures.al\/sq\/tours\/wine-and-poetry\/","og_site_name":"C-Adventures &amp; Tours","article_publisher":"https:\/\/www.facebook.com\/ctoursalbania","article_modified_time":"2025-03-06T13:16:00+00:00","og_image":[{"width":1920,"height":1280,"url":"https:\/\/c-adventures.al\/wp-content\/uploads\/2021\/05\/IMG_0426-min.jpg","type":"image\/jpeg"}],"twitter_card":"summary_large_image","twitter_misc":{"Est. reading time":"4 minutes"},"schema":{"@context":"https:\/\/schema.org","@graph":[{"@type":"WebPage","@id":"https:\/\/c-adventures.al\/sq\/tours\/wine-and-poetry\/","url":"https:\/\/c-adventures.al\/sq\/tours\/wine-and-poetry\/","name":"Ver\u00eb dhe Poezi - C-Adventures &amp; Tours","isPartOf":{"@id":"https:\/\/c-adventures.al\/#website"},"primaryImageOfPage":{"@id":"https:\/\/c-adventures.al\/sq\/tours\/wine-and-poetry\/#primaryimage"},"image":{"@id":"https:\/\/c-adventures.al\/sq\/tours\/wine-and-poetry\/#primaryimage"},"thumbnailUrl":"https:\/\/c-adventures.al\/wp-content\/uploads\/2021\/05\/IMG_0426-min.jpg","datePublished":"2021-05-28T04:59:13+00:00","dateModified":"2025-03-06T13:16:00+00:00","breadcrumb":{"@id":"https:\/\/c-adventures.al\/sq\/tours\/wine-and-poetry\/#breadcrumb"},"inLanguage":"sq-AL","potentialAction":[{"@type":"ReadAction","target":["https:\/\/c-adventures.al\/sq\/tours\/wine-and-poetry\/"]}]},{"@type":"ImageObject","inLanguage":"sq-AL","@id":"https:\/\/c-adventures.al\/sq\/tours\/wine-and-poetry\/#primaryimage","url":"https:\/\/c-adventures.al\/wp-content\/uploads\/2021\/05\/IMG_0426-min.jpg","contentUrl":"https:\/\/c-adventures.al\/wp-content\/uploads\/2021\/05\/IMG_0426-min.jpg","width":1920,"height":1280},{"@type":"BreadcrumbList","@id":"https:\/\/c-adventures.al\/sq\/tours\/wine-and-poetry\/#breadcrumb","itemListElement":[{"@type":"ListItem","position":1,"name":"Home","item":"https:\/\/c-adventures.al\/sq\/"},{"@type":"ListItem","position":2,"name":"Products","item":"https:\/\/c-adventures.al\/shop\/"},{"@type":"ListItem","position":3,"name":"Ver\u00eb dhe Poezi"}]},{"@type":"WebSite","@id":"https:\/\/c-adventures.al\/#website","url":"https:\/\/c-adventures.al\/","name":"C-Adventures &amp; Tours","description":"because your time matters","publisher":{"@id":"https:\/\/c-adventures.al\/#organization"},"potentialAction":[{"@type":"SearchAction","target":{"@type":"EntryPoint","urlTemplate":"https:\/\/c-adventures.al\/?s={search_term_string}"},"query-input":{"@type":"PropertyValueSpecification","valueRequired":true,"valueName":"search_term_string"}}],"inLanguage":"sq-AL"},{"@type":"Organization","@id":"https:\/\/c-adventures.al\/#organization","name":"C-Adventures & Tours","url":"https:\/\/c-adventures.al\/","logo":{"@type":"ImageObject","inLanguage":"sq-AL","@id":"https:\/\/c-adventures.al\/#\/schema\/logo\/image\/","url":"https:\/\/c-adventures.al\/wp-content\/uploads\/2021\/05\/logo-c-adventures-web.png","contentUrl":"https:\/\/c-adventures.al\/wp-content\/uploads\/2021\/05\/logo-c-adventures-web.png","width":400,"height":142,"caption":"C-Adventures & Tours"},"image":{"@id":"https:\/\/c-adventures.al\/#\/schema\/logo\/image\/"},"sameAs":["https:\/\/www.facebook.com\/ctoursalbania"]}]}},"_links":{"self":[{"href":"https:\/\/c-adventures.al\/sq\/wp-json\/wp\/v2\/product\/1664","targetHints":{"allow":["GET"]}}],"collection":[{"href":"https:\/\/c-adventures.al\/sq\/wp-json\/wp\/v2\/product"}],"about":[{"href":"https:\/\/c-adventures.al\/sq\/wp-json\/wp\/v2\/types\/product"}],"wp:featuredmedia":[{"embeddable":true,"href":"https:\/\/c-adventures.al\/sq\/wp-json\/wp\/v2\/media\/1666"}],"wp:attachment":[{"href":"https:\/\/c-adventures.al\/sq\/wp-json\/wp\/v2\/media?parent=1664"}],"wp:term":[{"taxonomy":"product_brand","embeddable":true,"href":"https:\/\/c-adventures.al\/sq\/wp-json\/wp\/v2\/product_brand?post=1664"},{"taxonomy":"product_cat","embeddable":true,"href":"https:\/\/c-adventures.al\/sq\/wp-json\/wp\/v2\/product_cat?post=1664"},{"taxonomy":"product_tag","embeddable":true,"href":"https:\/\/c-adventures.al\/sq\/wp-json\/wp\/v2\/product_tag?post=1664"}],"curies":[{"name":"wp","href":"https:\/\/api.w.org\/{rel}","templated":true}]}}