{"id":1667,"date":"2021-05-30T12:01:46","date_gmt":"2021-05-30T10:01:46","guid":{"rendered":"https:\/\/c-adventures.al\/product\/hiking-towards-the-monastery-of-ravena\/"},"modified":"2025-03-06T15:41:03","modified_gmt":"2025-03-06T13:41:03","slug":"hiking-to-monastery-of-ravena","status":"publish","type":"product","link":"https:\/\/c-adventures.al\/sq\/tours\/hiking-to-monastery-of-ravena\/","title":{"rendered":"Hajking te manastiri i Raven\u00ebs"},"content":{"rendered":"<p>Ky aktivitet fillon me transportin me automjet n\u00eb drejtim t\u00eb fshatit Goranxi t\u00eb Dropullit. Aty vizitojm\u00eb kish\u00ebn e fshatit dhe verifikojm\u00eb list\u00ebn p\u00ebrfundimtare t\u00eb artikujve t\u00eb nevojsh\u00ebm p\u00ebr udh\u00ebtimin. M\u00eb pas fillon ngjitja drejt Malit t\u00eb Gjer\u00eb.<br \/>\nShtegu me v\u00ebshtir\u00ebsi t\u00eb ul\u00ebt hyn n\u00eb nj\u00eb p\u00ebrrua t\u00eb that\u00eb t\u00eb rrethuar nga dy shk\u00ebmbinj masiv\u00eb. Masivi karstik q\u00eb mbyll gryk\u00ebn nga veriu \u00ebsht\u00eb nj\u00eb nga pamjet m\u00eb t\u00eb rralla natyrore n\u00eb t\u00eb gjith\u00eb lugin\u00ebn e Drinos. I gjith\u00eb territori \u00ebsht\u00eb i pasur me shpella dhe burime n\u00ebntok\u00ebsore.<\/p>\n<p>Ngjitja n\u00eb manastirin e Raven\u00ebs p\u00ebrshkon habitatin natyror t\u00eb nj\u00eb s\u00ebr\u00eb shkurresh mesdhetare dhe \u00ebsht\u00eb nj\u00eb nga zonat m\u00eb t\u00eb pasura me bim\u00eb kurative si \u00e7aji i malit, sherebela, rigoni, bari i blet\u00ebs, livanda, tr\u00ebndafili i eg\u00ebr.<\/p>\n<p>Pas nj\u00eb ngjitjeje vertikale prej rreth 300 m, nisin t\u00eb shfaqen d\u00ebshmit\u00eb e para arkitekturore t\u00eb manastirit. Burimi i pastrimit, nj\u00eb nd\u00ebrtim autentik mesjetar me vaska t\u00eb ruajtura mir\u00eb filtron uj\u00ebrat n\u00ebntok\u00ebsore dhe n\u00ebntok\u00ebsore p\u00ebrmes shk\u00ebmbinjve karstik\u00eb. Vet\u00eb manastiri ndodhet n\u00eb nj\u00eb pllaj\u00eb t\u00eb vog\u00ebl me pamje nga lindja nga lugina e Drinos.<br \/>\nKisha \u00ebsht\u00eb nd\u00ebrtuar rreth vitit 1600. \u00cbsht\u00eb nj\u00eb dcshmi e rrall\u00eb e arkitektur\u00ebs mesjetare dhe piktur\u00ebs murale me element\u00eb t\u00eb fort\u00eb t\u00eb bashk\u00ebjetes\u00ebs s\u00eb dy rrymave t\u00eb krisht\u00ebrimit, ortodoksis\u00eb dhe katolicizmit.<br \/>\nKy turne do t\u00eb sjell\u00eb detaje t\u00eb r\u00ebnd\u00ebsishme p\u00ebr historin\u00eb pak t\u00eb njohur t\u00eb k\u00ebtij monumenti. Dreka q\u00eb t\u00eb gjith\u00eb kan\u00eb marr\u00eb me vete do t\u00eb konsumohet pran\u00eb manastirit dhe do t\u00eb shpenzohet rreth 1 or\u00eb p\u00ebr t\u00eb shijuar natyr\u00ebn.<br \/>\nKthimi do t\u00eb ndodh\u00eb nga i nj\u00ebjti shteg. Edhe pse zbritja k\u00ebrkon m\u00eb pak koh\u00eb, v\u00ebshtir\u00ebsia e aktivitetit rritet p\u00ebr shkak t\u00eb terrenit t\u00eb pjerr\u00ebt me zhavorr.<br \/>\nPasi mb\u00ebrrijm\u00eb n\u00eb Goranxi, kthehemi n\u00eb Gjirokast\u00ebr me makin\u00eb.<\/p>\n","protected":false},"excerpt":{"rendered":"<p>Ky aktivitet fillon me transportin me automjet n\u00eb drejtim t\u00eb fshatit Goranxi t\u00eb Dropullit. Aty vizitojm\u00eb kish\u00ebn e fshatit dhe verifikojm\u00eb list\u00ebn p\u00ebrfundimtare t\u00eb artikujve t\u00eb nevojsh\u00ebm p\u00ebr udh\u00ebtimin. M\u00eb pas fillon ngjitja drejt Malit t\u00eb Gjer\u00eb. Shtegu me v\u00ebshtir\u00ebsi t\u00eb ul\u00ebt hyn n\u00eb nj\u00eb p\u00ebrrua t\u00eb that\u00eb t\u00eb rrethuar nga dy shk\u00ebmbinj masiv\u00eb. Masivi<\/p>\n<div class=\"padding-top text-center\"><a href=\"https:\/\/c-adventures.al\/sq\/tours\/hiking-to-monastery-of-ravena\/\" class=\"atbtn atbtn--medium atbtn--rounded atbtn--transparent\">Read more<i class=\"atbtn__icon atbtn__icon--right fa fa-long-arrow-right\"><\/i><\/a><\/div>\n","protected":false},"featured_media":1669,"template":"","meta":[],"product_brand":[],"product_cat":[15],"product_tag":[],"class_list":{"0":"post-1667","1":"product","2":"type-product","3":"status-publish","4":"has-post-thumbnail","6":"product_cat-uncategorized","7":"tour_category-histori","8":"tour_category-natyre","9":"tour_category-udhetime-hiking","11":"first","12":"instock","13":"shipping-taxable","14":"purchasable","15":"product-type-tour"},"yoast_head":"<!-- This site is optimized with the Yoast SEO plugin v24.4 - https:\/\/yoast.com\/wordpress\/plugins\/seo\/ -->\n<title>Hajking te manastiri i Raven\u00ebs - C-Adventures &amp; Tours<\/title>\n<meta name=\"robots\" content=\"index, follow, max-snippet:-1, max-image-preview:large, max-video-preview:-1\" \/>\n<link rel=\"canonical\" href=\"https:\/\/c-adventures.al\/sq\/tours\/hiking-to-monastery-of-ravena\/\" \/>\n<meta property=\"og:locale\" content=\"sq_AL\" \/>\n<meta property=\"og:type\" content=\"article\" \/>\n<meta property=\"og:title\" content=\"Hajking te manastiri i Raven\u00ebs - C-Adventures &amp; Tours\" \/>\n<meta property=\"og:description\" content=\"Ky aktivitet fillon me transportin me automjet n\u00eb drejtim t\u00eb fshatit Goranxi t\u00eb Dropullit. Aty vizitojm\u00eb kish\u00ebn e fshatit dhe verifikojm\u00eb list\u00ebn p\u00ebrfundimtare t\u00eb artikujve t\u00eb nevojsh\u00ebm p\u00ebr udh\u00ebtimin. M\u00eb pas fillon ngjitja drejt Malit t\u00eb Gjer\u00eb. Shtegu me v\u00ebshtir\u00ebsi t\u00eb ul\u00ebt hyn n\u00eb nj\u00eb p\u00ebrrua t\u00eb that\u00eb t\u00eb rrethuar nga dy shk\u00ebmbinj masiv\u00eb. MasiviRead more\" \/>\n<meta property=\"og:url\" content=\"https:\/\/c-adventures.al\/sq\/tours\/hiking-to-monastery-of-ravena\/\" \/>\n<meta property=\"og:site_name\" content=\"C-Adventures &amp; Tours\" \/>\n<meta property=\"article:publisher\" content=\"https:\/\/www.facebook.com\/ctoursalbania\" \/>\n<meta property=\"article:modified_time\" content=\"2025-03-06T13:41:03+00:00\" \/>\n<meta property=\"og:image\" content=\"https:\/\/c-adventures.al\/wp-content\/uploads\/2021\/05\/IMG_0300-2.jpg\" \/>\n\t<meta property=\"og:image:width\" content=\"1200\" \/>\n\t<meta property=\"og:image:height\" content=\"800\" \/>\n\t<meta property=\"og:image:type\" content=\"image\/jpeg\" \/>\n<meta name=\"twitter:card\" content=\"summary_large_image\" \/>\n<meta name=\"twitter:label1\" content=\"Est. reading time\" \/>\n\t<meta name=\"twitter:data1\" content=\"2 minutes\" \/>\n<script type=\"application\/ld+json\" class=\"yoast-schema-graph\">{\"@context\":\"https:\/\/schema.org\",\"@graph\":[{\"@type\":\"WebPage\",\"@id\":\"https:\/\/c-adventures.al\/sq\/tours\/hiking-to-monastery-of-ravena\/\",\"url\":\"https:\/\/c-adventures.al\/sq\/tours\/hiking-to-monastery-of-ravena\/\",\"name\":\"Hajking te manastiri i Raven\u00ebs - C-Adventures &amp; Tours\",\"isPartOf\":{\"@id\":\"https:\/\/c-adventures.al\/#website\"},\"primaryImageOfPage\":{\"@id\":\"https:\/\/c-adventures.al\/sq\/tours\/hiking-to-monastery-of-ravena\/#primaryimage\"},\"image\":{\"@id\":\"https:\/\/c-adventures.al\/sq\/tours\/hiking-to-monastery-of-ravena\/#primaryimage\"},\"thumbnailUrl\":\"https:\/\/c-adventures.al\/wp-content\/uploads\/2021\/05\/IMG_0300-2.jpg\",\"datePublished\":\"2021-05-30T10:01:46+00:00\",\"dateModified\":\"2025-03-06T13:41:03+00:00\",\"breadcrumb\":{\"@id\":\"https:\/\/c-adventures.al\/sq\/tours\/hiking-to-monastery-of-ravena\/#breadcrumb\"},\"inLanguage\":\"sq-AL\",\"potentialAction\":[{\"@type\":\"ReadAction\",\"target\":[\"https:\/\/c-adventures.al\/sq\/tours\/hiking-to-monastery-of-ravena\/\"]}]},{\"@type\":\"ImageObject\",\"inLanguage\":\"sq-AL\",\"@id\":\"https:\/\/c-adventures.al\/sq\/tours\/hiking-to-monastery-of-ravena\/#primaryimage\",\"url\":\"https:\/\/c-adventures.al\/wp-content\/uploads\/2021\/05\/IMG_0300-2.jpg\",\"contentUrl\":\"https:\/\/c-adventures.al\/wp-content\/uploads\/2021\/05\/IMG_0300-2.jpg\",\"width\":1200,\"height\":800},{\"@type\":\"BreadcrumbList\",\"@id\":\"https:\/\/c-adventures.al\/sq\/tours\/hiking-to-monastery-of-ravena\/#breadcrumb\",\"itemListElement\":[{\"@type\":\"ListItem\",\"position\":1,\"name\":\"Home\",\"item\":\"https:\/\/c-adventures.al\/sq\/\"},{\"@type\":\"ListItem\",\"position\":2,\"name\":\"Products\",\"item\":\"https:\/\/c-adventures.al\/shop\/\"},{\"@type\":\"ListItem\",\"position\":3,\"name\":\"Hajking te manastiri i Raven\u00ebs\"}]},{\"@type\":\"WebSite\",\"@id\":\"https:\/\/c-adventures.al\/#website\",\"url\":\"https:\/\/c-adventures.al\/\",\"name\":\"C-Adventures &amp; Tours\",\"description\":\"because your time matters\",\"publisher\":{\"@id\":\"https:\/\/c-adventures.al\/#organization\"},\"potentialAction\":[{\"@type\":\"SearchAction\",\"target\":{\"@type\":\"EntryPoint\",\"urlTemplate\":\"https:\/\/c-adventures.al\/?s={search_term_string}\"},\"query-input\":{\"@type\":\"PropertyValueSpecification\",\"valueRequired\":true,\"valueName\":\"search_term_string\"}}],\"inLanguage\":\"sq-AL\"},{\"@type\":\"Organization\",\"@id\":\"https:\/\/c-adventures.al\/#organization\",\"name\":\"C-Adventures & Tours\",\"url\":\"https:\/\/c-adventures.al\/\",\"logo\":{\"@type\":\"ImageObject\",\"inLanguage\":\"sq-AL\",\"@id\":\"https:\/\/c-adventures.al\/#\/schema\/logo\/image\/\",\"url\":\"https:\/\/c-adventures.al\/wp-content\/uploads\/2021\/05\/logo-c-adventures-web.png\",\"contentUrl\":\"https:\/\/c-adventures.al\/wp-content\/uploads\/2021\/05\/logo-c-adventures-web.png\",\"width\":400,\"height\":142,\"caption\":\"C-Adventures & Tours\"},\"image\":{\"@id\":\"https:\/\/c-adventures.al\/#\/schema\/logo\/image\/\"},\"sameAs\":[\"https:\/\/www.facebook.com\/ctoursalbania\"]}]}<\/script>\n<!-- \/ Yoast SEO plugin. -->","yoast_head_json":{"title":"Hajking te manastiri i Raven\u00ebs - C-Adventures &amp; Tours","robots":{"index":"index","follow":"follow","max-snippet":"max-snippet:-1","max-image-preview":"max-image-preview:large","max-video-preview":"max-video-preview:-1"},"canonical":"https:\/\/c-adventures.al\/sq\/tours\/hiking-to-monastery-of-ravena\/","og_locale":"sq_AL","og_type":"article","og_title":"Hajking te manastiri i Raven\u00ebs - C-Adventures &amp; Tours","og_description":"Ky aktivitet fillon me transportin me automjet n\u00eb drejtim t\u00eb fshatit Goranxi t\u00eb Dropullit. Aty vizitojm\u00eb kish\u00ebn e fshatit dhe verifikojm\u00eb list\u00ebn p\u00ebrfundimtare t\u00eb artikujve t\u00eb nevojsh\u00ebm p\u00ebr udh\u00ebtimin. M\u00eb pas fillon ngjitja drejt Malit t\u00eb Gjer\u00eb. Shtegu me v\u00ebshtir\u00ebsi t\u00eb ul\u00ebt hyn n\u00eb nj\u00eb p\u00ebrrua t\u00eb that\u00eb t\u00eb rrethuar nga dy shk\u00ebmbinj masiv\u00eb. MasiviRead more","og_url":"https:\/\/c-adventures.al\/sq\/tours\/hiking-to-monastery-of-ravena\/","og_site_name":"C-Adventures &amp; Tours","article_publisher":"https:\/\/www.facebook.com\/ctoursalbania","article_modified_time":"2025-03-06T13:41:03+00:00","og_image":[{"width":1200,"height":800,"url":"https:\/\/c-adventures.al\/wp-content\/uploads\/2021\/05\/IMG_0300-2.jpg","type":"image\/jpeg"}],"twitter_card":"summary_large_image","twitter_misc":{"Est. reading time":"2 minutes"},"schema":{"@context":"https:\/\/schema.org","@graph":[{"@type":"WebPage","@id":"https:\/\/c-adventures.al\/sq\/tours\/hiking-to-monastery-of-ravena\/","url":"https:\/\/c-adventures.al\/sq\/tours\/hiking-to-monastery-of-ravena\/","name":"Hajking te manastiri i Raven\u00ebs - C-Adventures &amp; Tours","isPartOf":{"@id":"https:\/\/c-adventures.al\/#website"},"primaryImageOfPage":{"@id":"https:\/\/c-adventures.al\/sq\/tours\/hiking-to-monastery-of-ravena\/#primaryimage"},"image":{"@id":"https:\/\/c-adventures.al\/sq\/tours\/hiking-to-monastery-of-ravena\/#primaryimage"},"thumbnailUrl":"https:\/\/c-adventures.al\/wp-content\/uploads\/2021\/05\/IMG_0300-2.jpg","datePublished":"2021-05-30T10:01:46+00:00","dateModified":"2025-03-06T13:41:03+00:00","breadcrumb":{"@id":"https:\/\/c-adventures.al\/sq\/tours\/hiking-to-monastery-of-ravena\/#breadcrumb"},"inLanguage":"sq-AL","potentialAction":[{"@type":"ReadAction","target":["https:\/\/c-adventures.al\/sq\/tours\/hiking-to-monastery-of-ravena\/"]}]},{"@type":"ImageObject","inLanguage":"sq-AL","@id":"https:\/\/c-adventures.al\/sq\/tours\/hiking-to-monastery-of-ravena\/#primaryimage","url":"https:\/\/c-adventures.al\/wp-content\/uploads\/2021\/05\/IMG_0300-2.jpg","contentUrl":"https:\/\/c-adventures.al\/wp-content\/uploads\/2021\/05\/IMG_0300-2.jpg","width":1200,"height":800},{"@type":"BreadcrumbList","@id":"https:\/\/c-adventures.al\/sq\/tours\/hiking-to-monastery-of-ravena\/#breadcrumb","itemListElement":[{"@type":"ListItem","position":1,"name":"Home","item":"https:\/\/c-adventures.al\/sq\/"},{"@type":"ListItem","position":2,"name":"Products","item":"https:\/\/c-adventures.al\/shop\/"},{"@type":"ListItem","position":3,"name":"Hajking te manastiri i Raven\u00ebs"}]},{"@type":"WebSite","@id":"https:\/\/c-adventures.al\/#website","url":"https:\/\/c-adventures.al\/","name":"C-Adventures &amp; Tours","description":"because your time matters","publisher":{"@id":"https:\/\/c-adventures.al\/#organization"},"potentialAction":[{"@type":"SearchAction","target":{"@type":"EntryPoint","urlTemplate":"https:\/\/c-adventures.al\/?s={search_term_string}"},"query-input":{"@type":"PropertyValueSpecification","valueRequired":true,"valueName":"search_term_string"}}],"inLanguage":"sq-AL"},{"@type":"Organization","@id":"https:\/\/c-adventures.al\/#organization","name":"C-Adventures & Tours","url":"https:\/\/c-adventures.al\/","logo":{"@type":"ImageObject","inLanguage":"sq-AL","@id":"https:\/\/c-adventures.al\/#\/schema\/logo\/image\/","url":"https:\/\/c-adventures.al\/wp-content\/uploads\/2021\/05\/logo-c-adventures-web.png","contentUrl":"https:\/\/c-adventures.al\/wp-content\/uploads\/2021\/05\/logo-c-adventures-web.png","width":400,"height":142,"caption":"C-Adventures & Tours"},"image":{"@id":"https:\/\/c-adventures.al\/#\/schema\/logo\/image\/"},"sameAs":["https:\/\/www.facebook.com\/ctoursalbania"]}]}},"_links":{"self":[{"href":"https:\/\/c-adventures.al\/sq\/wp-json\/wp\/v2\/product\/1667","targetHints":{"allow":["GET"]}}],"collection":[{"href":"https:\/\/c-adventures.al\/sq\/wp-json\/wp\/v2\/product"}],"about":[{"href":"https:\/\/c-adventures.al\/sq\/wp-json\/wp\/v2\/types\/product"}],"wp:featuredmedia":[{"embeddable":true,"href":"https:\/\/c-adventures.al\/sq\/wp-json\/wp\/v2\/media\/1669"}],"wp:attachment":[{"href":"https:\/\/c-adventures.al\/sq\/wp-json\/wp\/v2\/media?parent=1667"}],"wp:term":[{"taxonomy":"product_brand","embeddable":true,"href":"https:\/\/c-adventures.al\/sq\/wp-json\/wp\/v2\/product_brand?post=1667"},{"taxonomy":"product_cat","embeddable":true,"href":"https:\/\/c-adventures.al\/sq\/wp-json\/wp\/v2\/product_cat?post=1667"},{"taxonomy":"product_tag","embeddable":true,"href":"https:\/\/c-adventures.al\/sq\/wp-json\/wp\/v2\/product_tag?post=1667"}],"curies":[{"name":"wp","href":"https:\/\/api.w.org\/{rel}","templated":true}]}}