{"id":1670,"date":"2021-06-01T00:07:27","date_gmt":"2021-05-31T22:07:27","guid":{"rendered":"https:\/\/c-adventures.al\/?post_type=product&#038;p=1670"},"modified":"2025-03-06T15:14:42","modified_gmt":"2025-03-06T13:14:42","slug":"turi-i-shkrimtarit-ismail-kadare","status":"publish","type":"product","link":"https:\/\/c-adventures.al\/sq\/tours\/turi-i-shkrimtarit-ismail-kadare\/","title":{"rendered":"Turi i shkrimtarit Ismail Kadare"},"content":{"rendered":"<p>I VETMI TUR I LET\u00cbRSIS\u00cb N\u00cb SHQIP\u00cbRI.<\/p>\n<p>Ky tur do t\u00eb fokusohet n\u00eb disa prej veprave q\u00eb Kadare shkroi i frym\u00ebzuar nga qyteti i lindjes, historia e tij, f\u00ebmij\u00ebria, njer\u00ebzit, rrug\u00ebt, thashethemet, pra nga gjith\u00e7ka q\u00eb krijonte jet\u00ebn qytetare n\u00eb ato vite.<\/p>\n<p>Ai do t\u00eb udh\u00ebhiqet nga ekspert t\u00eb fush\u00ebs s\u00eb let\u00ebrsis\u00eb, nga kritik\u00eb t\u00eb njohur dhe do t\u00eb jet\u00eb i nd\u00ebrtuar n\u00eb form\u00ebn e nj\u00eb udh\u00ebrr\u00ebfimi q\u00eb do t\u00eb stacionohet n\u00eb pikat m\u00eb t\u00eb r\u00ebnd\u00ebsishme, q\u00eb p\u00ebrshkruan brenda librave shkrimtari.<\/p>\n<p>Jan\u00eb 3 vepra kryesore ku Kadareja vendos Gjirokastr\u00ebn dhe njer\u00ebzit e saj n\u00eb subjektin kryesor t\u00eb rr\u00ebfimit.<\/p>\n<ul>\n<li>Kronik\u00eb n\u00eb gur &#8211; \u00ebsht\u00eb rr\u00ebfimi n\u00eb form\u00ebn e nj\u00eb kryevepre t\u00eb f\u00ebmij\u00ebris\u00eb s\u00eb tij. Rrug\u00ebtimi i jet\u00ebs s\u00eb nj\u00eb qyteti, n\u00eb syt\u00eb e nj\u00eb f\u00ebmije.<\/li>\n<\/ul>\n<p>Kjo vep\u00ebr \u00ebsht\u00eb e mbushur me ngjarje, njer\u00ebz, objekte dhe natyrsh\u00ebm pasqyron jet\u00ebn e qytetar\u00ebve t\u00eb viteve \u201940 n\u00eb Shqip\u00ebri.<\/p>\n<p>Gjat\u00eb rrug\u00ebtinit do t\u00eb njihemi me objekte, rrug\u00eb, njer\u00ebz e ngjarje. T\u00eb gjitha k\u00ebto do t\u00eb shoq\u00ebrohen me pasazhe t\u00eb shk\u00ebputura nga vepra, t\u00eb cilat do t\u00eb lexohen nga udh\u00ebrr\u00ebfyesi, si p\u00ebr t\u00eb na kujtuar frym\u00ebzimin real t\u00eb Kadares\u00eb.<\/p>\n<ul>\n<li>Breznit e Hankonat\u00ebve &#8211; nj\u00eb lib\u00ebr i shkruar me fines\u00eb t\u00eb jasht\u00ebzakonshme, p\u00ebr t\u00eb sjell\u00eb me emra t\u00eb tjet\u00ebrsuar personazhe emblematik t\u00eb Gjirokastr\u00ebs, por edhe p\u00ebr t\u00eb pasqyruar tradita, zakone e rite t\u00eb qytetit t\u00eb gurt\u00eb.<\/li>\n<li>Darka e Gabuar &#8211; Nj\u00eb roman kushtuar qytetit, mbrojt\u00ebsve t\u00eb tij si edhe reagimit n\u00eb koh\u00eb t\u00eb v\u00ebshtira.<\/li>\n<\/ul>\n<p>Do t\u00eb ndalemi n\u00eb disa pika q\u00eb tashm\u00eb jan\u00eb t\u00eb harruara ndonj\u00ebher\u00eb edhe nga banor\u00ebt vendas, por q\u00eb Kadare i p\u00ebrshkruan me pasion t\u00eb cilat p\u00ebrve\u00e7 trillit sjellin edhe realitete historike.<\/p>\n<ul>\n<li>Sht\u00ebpia e Ismail Kadare<\/li>\n<\/ul>\n<p>Nj\u00eb nga ndalesat kryesore t\u00eb k\u00ebtij turi do t\u00eb jet\u00eb banesa e lindjes s\u00eb shkrimtarit.<br \/>\nGjat\u00eb vizit\u00ebs do t\u00eb d\u00ebgjoni t\u00eb p\u00ebrshkruara momentet kur Kadare ende f\u00ebmij\u00eb, krijonte mbi emocionet dhe percetimet e tij t\u00eb para. Kjo eksperienc\u00eb do t\u00eb jet\u00eb si nj\u00eb udh\u00ebtim n\u00eb koh\u00eb, ku syt\u00eb dhe mendja do t\u00eb sinkronizohen me ato t\u00eb shkrimtarit kur ai ishte ende f\u00ebmij\u00eb.<br \/>\nPas vizit\u00ebs n\u00eb sht\u00ebpin\u00eb e Kadares\u00eb do t\u00eb rikthehemi n\u00eb ambientet e sall\u00ebs son\u00eb t\u00eb takimeve p\u00ebr t\u00eb krijuar nj\u00eb diskutim t\u00eb hapur me pjes\u00ebmarr\u00ebsit dhe p\u00ebr t\u2019u zbavitur me sfid\u00ebn\u201d Blind date with a book\u201d.<\/p>\n","protected":false},"excerpt":{"rendered":"<p>I VETMI TUR I LET\u00cbRSIS\u00cb N\u00cb SHQIP\u00cbRI. Ky tur do t\u00eb fokusohet n\u00eb disa prej veprave q\u00eb Kadare shkroi i frym\u00ebzuar nga qyteti i lindjes, historia e tij, f\u00ebmij\u00ebria, njer\u00ebzit, rrug\u00ebt, thashethemet, pra nga gjith\u00e7ka q\u00eb krijonte jet\u00ebn qytetare n\u00eb ato vite. Ai do t\u00eb udh\u00ebhiqet nga ekspert t\u00eb fush\u00ebs s\u00eb let\u00ebrsis\u00eb, nga kritik\u00eb t\u00eb<\/p>\n<div class=\"padding-top text-center\"><a href=\"https:\/\/c-adventures.al\/sq\/tours\/turi-i-shkrimtarit-ismail-kadare\/\" class=\"atbtn atbtn--medium atbtn--rounded atbtn--transparent\">Read more<i class=\"atbtn__icon atbtn__icon--right fa fa-long-arrow-right\"><\/i><\/a><\/div>\n","protected":false},"featured_media":1671,"template":"","meta":[],"product_brand":[],"product_cat":[99],"product_tag":[],"class_list":{"0":"post-1670","1":"product","2":"type-product","3":"status-publish","4":"has-post-thumbnail","6":"product_cat-uncategorized-sq","7":"tour_category-histori","8":"tour_category-ture-ne-qytet","10":"first","11":"instock","12":"featured","13":"virtual","14":"purchasable","15":"product-type-tour"},"yoast_head":"<!-- This site is optimized with the Yoast SEO plugin v24.4 - https:\/\/yoast.com\/wordpress\/plugins\/seo\/ -->\n<title>Turi i shkrimtarit Ismail Kadare - C-Adventures &amp; Tours<\/title>\n<meta name=\"robots\" content=\"index, follow, max-snippet:-1, max-image-preview:large, max-video-preview:-1\" \/>\n<link rel=\"canonical\" href=\"https:\/\/c-adventures.al\/sq\/tours\/turi-i-shkrimtarit-ismail-kadare\/\" \/>\n<meta property=\"og:locale\" content=\"sq_AL\" \/>\n<meta property=\"og:type\" content=\"article\" \/>\n<meta property=\"og:title\" content=\"Turi i shkrimtarit Ismail Kadare - C-Adventures &amp; Tours\" \/>\n<meta property=\"og:description\" content=\"I VETMI TUR I LET\u00cbRSIS\u00cb N\u00cb SHQIP\u00cbRI. Ky tur do t\u00eb fokusohet n\u00eb disa prej veprave q\u00eb Kadare shkroi i frym\u00ebzuar nga qyteti i lindjes, historia e tij, f\u00ebmij\u00ebria, njer\u00ebzit, rrug\u00ebt, thashethemet, pra nga gjith\u00e7ka q\u00eb krijonte jet\u00ebn qytetare n\u00eb ato vite. Ai do t\u00eb udh\u00ebhiqet nga ekspert t\u00eb fush\u00ebs s\u00eb let\u00ebrsis\u00eb, nga kritik\u00eb t\u00ebRead more\" \/>\n<meta property=\"og:url\" content=\"https:\/\/c-adventures.al\/sq\/tours\/turi-i-shkrimtarit-ismail-kadare\/\" \/>\n<meta property=\"og:site_name\" content=\"C-Adventures &amp; Tours\" \/>\n<meta property=\"article:publisher\" content=\"https:\/\/www.facebook.com\/ctoursalbania\" \/>\n<meta property=\"article:modified_time\" content=\"2025-03-06T13:14:42+00:00\" \/>\n<meta property=\"og:image\" content=\"https:\/\/c-adventures.al\/wp-content\/uploads\/2021\/05\/IMG_0448.jpg\" \/>\n\t<meta property=\"og:image:width\" content=\"750\" \/>\n\t<meta property=\"og:image:height\" content=\"500\" \/>\n\t<meta property=\"og:image:type\" content=\"image\/jpeg\" \/>\n<meta name=\"twitter:card\" content=\"summary_large_image\" \/>\n<meta name=\"twitter:label1\" content=\"Est. reading time\" \/>\n\t<meta name=\"twitter:data1\" content=\"2 minutes\" \/>\n<script type=\"application\/ld+json\" class=\"yoast-schema-graph\">{\"@context\":\"https:\/\/schema.org\",\"@graph\":[{\"@type\":\"WebPage\",\"@id\":\"https:\/\/c-adventures.al\/sq\/tours\/turi-i-shkrimtarit-ismail-kadare\/\",\"url\":\"https:\/\/c-adventures.al\/sq\/tours\/turi-i-shkrimtarit-ismail-kadare\/\",\"name\":\"Turi i shkrimtarit Ismail Kadare - C-Adventures &amp; Tours\",\"isPartOf\":{\"@id\":\"https:\/\/c-adventures.al\/#website\"},\"primaryImageOfPage\":{\"@id\":\"https:\/\/c-adventures.al\/sq\/tours\/turi-i-shkrimtarit-ismail-kadare\/#primaryimage\"},\"image\":{\"@id\":\"https:\/\/c-adventures.al\/sq\/tours\/turi-i-shkrimtarit-ismail-kadare\/#primaryimage\"},\"thumbnailUrl\":\"https:\/\/c-adventures.al\/wp-content\/uploads\/2021\/05\/IMG_0448.jpg\",\"datePublished\":\"2021-05-31T22:07:27+00:00\",\"dateModified\":\"2025-03-06T13:14:42+00:00\",\"breadcrumb\":{\"@id\":\"https:\/\/c-adventures.al\/sq\/tours\/turi-i-shkrimtarit-ismail-kadare\/#breadcrumb\"},\"inLanguage\":\"sq-AL\",\"potentialAction\":[{\"@type\":\"ReadAction\",\"target\":[\"https:\/\/c-adventures.al\/sq\/tours\/turi-i-shkrimtarit-ismail-kadare\/\"]}]},{\"@type\":\"ImageObject\",\"inLanguage\":\"sq-AL\",\"@id\":\"https:\/\/c-adventures.al\/sq\/tours\/turi-i-shkrimtarit-ismail-kadare\/#primaryimage\",\"url\":\"https:\/\/c-adventures.al\/wp-content\/uploads\/2021\/05\/IMG_0448.jpg\",\"contentUrl\":\"https:\/\/c-adventures.al\/wp-content\/uploads\/2021\/05\/IMG_0448.jpg\",\"width\":750,\"height\":500},{\"@type\":\"BreadcrumbList\",\"@id\":\"https:\/\/c-adventures.al\/sq\/tours\/turi-i-shkrimtarit-ismail-kadare\/#breadcrumb\",\"itemListElement\":[{\"@type\":\"ListItem\",\"position\":1,\"name\":\"Home\",\"item\":\"https:\/\/c-adventures.al\/sq\/\"},{\"@type\":\"ListItem\",\"position\":2,\"name\":\"Products\",\"item\":\"https:\/\/c-adventures.al\/shop\/\"},{\"@type\":\"ListItem\",\"position\":3,\"name\":\"Turi i shkrimtarit Ismail Kadare\"}]},{\"@type\":\"WebSite\",\"@id\":\"https:\/\/c-adventures.al\/#website\",\"url\":\"https:\/\/c-adventures.al\/\",\"name\":\"C-Adventures &amp; Tours\",\"description\":\"because your time matters\",\"publisher\":{\"@id\":\"https:\/\/c-adventures.al\/#organization\"},\"potentialAction\":[{\"@type\":\"SearchAction\",\"target\":{\"@type\":\"EntryPoint\",\"urlTemplate\":\"https:\/\/c-adventures.al\/?s={search_term_string}\"},\"query-input\":{\"@type\":\"PropertyValueSpecification\",\"valueRequired\":true,\"valueName\":\"search_term_string\"}}],\"inLanguage\":\"sq-AL\"},{\"@type\":\"Organization\",\"@id\":\"https:\/\/c-adventures.al\/#organization\",\"name\":\"C-Adventures & Tours\",\"url\":\"https:\/\/c-adventures.al\/\",\"logo\":{\"@type\":\"ImageObject\",\"inLanguage\":\"sq-AL\",\"@id\":\"https:\/\/c-adventures.al\/#\/schema\/logo\/image\/\",\"url\":\"https:\/\/c-adventures.al\/wp-content\/uploads\/2021\/05\/logo-c-adventures-web.png\",\"contentUrl\":\"https:\/\/c-adventures.al\/wp-content\/uploads\/2021\/05\/logo-c-adventures-web.png\",\"width\":400,\"height\":142,\"caption\":\"C-Adventures & Tours\"},\"image\":{\"@id\":\"https:\/\/c-adventures.al\/#\/schema\/logo\/image\/\"},\"sameAs\":[\"https:\/\/www.facebook.com\/ctoursalbania\"]}]}<\/script>\n<!-- \/ Yoast SEO plugin. -->","yoast_head_json":{"title":"Turi i shkrimtarit Ismail Kadare - C-Adventures &amp; Tours","robots":{"index":"index","follow":"follow","max-snippet":"max-snippet:-1","max-image-preview":"max-image-preview:large","max-video-preview":"max-video-preview:-1"},"canonical":"https:\/\/c-adventures.al\/sq\/tours\/turi-i-shkrimtarit-ismail-kadare\/","og_locale":"sq_AL","og_type":"article","og_title":"Turi i shkrimtarit Ismail Kadare - C-Adventures &amp; Tours","og_description":"I VETMI TUR I LET\u00cbRSIS\u00cb N\u00cb SHQIP\u00cbRI. Ky tur do t\u00eb fokusohet n\u00eb disa prej veprave q\u00eb Kadare shkroi i frym\u00ebzuar nga qyteti i lindjes, historia e tij, f\u00ebmij\u00ebria, njer\u00ebzit, rrug\u00ebt, thashethemet, pra nga gjith\u00e7ka q\u00eb krijonte jet\u00ebn qytetare n\u00eb ato vite. Ai do t\u00eb udh\u00ebhiqet nga ekspert t\u00eb fush\u00ebs s\u00eb let\u00ebrsis\u00eb, nga kritik\u00eb t\u00ebRead more","og_url":"https:\/\/c-adventures.al\/sq\/tours\/turi-i-shkrimtarit-ismail-kadare\/","og_site_name":"C-Adventures &amp; Tours","article_publisher":"https:\/\/www.facebook.com\/ctoursalbania","article_modified_time":"2025-03-06T13:14:42+00:00","og_image":[{"width":750,"height":500,"url":"https:\/\/c-adventures.al\/wp-content\/uploads\/2021\/05\/IMG_0448.jpg","type":"image\/jpeg"}],"twitter_card":"summary_large_image","twitter_misc":{"Est. reading time":"2 minutes"},"schema":{"@context":"https:\/\/schema.org","@graph":[{"@type":"WebPage","@id":"https:\/\/c-adventures.al\/sq\/tours\/turi-i-shkrimtarit-ismail-kadare\/","url":"https:\/\/c-adventures.al\/sq\/tours\/turi-i-shkrimtarit-ismail-kadare\/","name":"Turi i shkrimtarit Ismail Kadare - C-Adventures &amp; Tours","isPartOf":{"@id":"https:\/\/c-adventures.al\/#website"},"primaryImageOfPage":{"@id":"https:\/\/c-adventures.al\/sq\/tours\/turi-i-shkrimtarit-ismail-kadare\/#primaryimage"},"image":{"@id":"https:\/\/c-adventures.al\/sq\/tours\/turi-i-shkrimtarit-ismail-kadare\/#primaryimage"},"thumbnailUrl":"https:\/\/c-adventures.al\/wp-content\/uploads\/2021\/05\/IMG_0448.jpg","datePublished":"2021-05-31T22:07:27+00:00","dateModified":"2025-03-06T13:14:42+00:00","breadcrumb":{"@id":"https:\/\/c-adventures.al\/sq\/tours\/turi-i-shkrimtarit-ismail-kadare\/#breadcrumb"},"inLanguage":"sq-AL","potentialAction":[{"@type":"ReadAction","target":["https:\/\/c-adventures.al\/sq\/tours\/turi-i-shkrimtarit-ismail-kadare\/"]}]},{"@type":"ImageObject","inLanguage":"sq-AL","@id":"https:\/\/c-adventures.al\/sq\/tours\/turi-i-shkrimtarit-ismail-kadare\/#primaryimage","url":"https:\/\/c-adventures.al\/wp-content\/uploads\/2021\/05\/IMG_0448.jpg","contentUrl":"https:\/\/c-adventures.al\/wp-content\/uploads\/2021\/05\/IMG_0448.jpg","width":750,"height":500},{"@type":"BreadcrumbList","@id":"https:\/\/c-adventures.al\/sq\/tours\/turi-i-shkrimtarit-ismail-kadare\/#breadcrumb","itemListElement":[{"@type":"ListItem","position":1,"name":"Home","item":"https:\/\/c-adventures.al\/sq\/"},{"@type":"ListItem","position":2,"name":"Products","item":"https:\/\/c-adventures.al\/shop\/"},{"@type":"ListItem","position":3,"name":"Turi i shkrimtarit Ismail Kadare"}]},{"@type":"WebSite","@id":"https:\/\/c-adventures.al\/#website","url":"https:\/\/c-adventures.al\/","name":"C-Adventures &amp; Tours","description":"because your time matters","publisher":{"@id":"https:\/\/c-adventures.al\/#organization"},"potentialAction":[{"@type":"SearchAction","target":{"@type":"EntryPoint","urlTemplate":"https:\/\/c-adventures.al\/?s={search_term_string}"},"query-input":{"@type":"PropertyValueSpecification","valueRequired":true,"valueName":"search_term_string"}}],"inLanguage":"sq-AL"},{"@type":"Organization","@id":"https:\/\/c-adventures.al\/#organization","name":"C-Adventures & Tours","url":"https:\/\/c-adventures.al\/","logo":{"@type":"ImageObject","inLanguage":"sq-AL","@id":"https:\/\/c-adventures.al\/#\/schema\/logo\/image\/","url":"https:\/\/c-adventures.al\/wp-content\/uploads\/2021\/05\/logo-c-adventures-web.png","contentUrl":"https:\/\/c-adventures.al\/wp-content\/uploads\/2021\/05\/logo-c-adventures-web.png","width":400,"height":142,"caption":"C-Adventures & Tours"},"image":{"@id":"https:\/\/c-adventures.al\/#\/schema\/logo\/image\/"},"sameAs":["https:\/\/www.facebook.com\/ctoursalbania"]}]}},"_links":{"self":[{"href":"https:\/\/c-adventures.al\/sq\/wp-json\/wp\/v2\/product\/1670","targetHints":{"allow":["GET"]}}],"collection":[{"href":"https:\/\/c-adventures.al\/sq\/wp-json\/wp\/v2\/product"}],"about":[{"href":"https:\/\/c-adventures.al\/sq\/wp-json\/wp\/v2\/types\/product"}],"wp:featuredmedia":[{"embeddable":true,"href":"https:\/\/c-adventures.al\/sq\/wp-json\/wp\/v2\/media\/1671"}],"wp:attachment":[{"href":"https:\/\/c-adventures.al\/sq\/wp-json\/wp\/v2\/media?parent=1670"}],"wp:term":[{"taxonomy":"product_brand","embeddable":true,"href":"https:\/\/c-adventures.al\/sq\/wp-json\/wp\/v2\/product_brand?post=1670"},{"taxonomy":"product_cat","embeddable":true,"href":"https:\/\/c-adventures.al\/sq\/wp-json\/wp\/v2\/product_cat?post=1670"},{"taxonomy":"product_tag","embeddable":true,"href":"https:\/\/c-adventures.al\/sq\/wp-json\/wp\/v2\/product_tag?post=1670"}],"curies":[{"name":"wp","href":"https:\/\/api.w.org\/{rel}","templated":true}]}}