{"id":1672,"date":"2021-06-02T11:36:10","date_gmt":"2021-06-02T09:36:10","guid":{"rendered":"https:\/\/c-adventures.al\/product\/hiking-towards-antigone-park\/"},"modified":"2025-05-23T15:18:01","modified_gmt":"2025-05-23T13:18:01","slug":"hiking-towards-antigone-park","status":"publish","type":"product","link":"https:\/\/c-adventures.al\/sq\/tours\/hiking-towards-antigone-park\/","title":{"rendered":"Hajking n\u00eb Antigone"},"content":{"rendered":"<p style=\"text-align: justify;\">Ky aktivitet nis me transportin me mjet drejt fshatit \u201cAsim Zeneli\u201d. Shtegu me v\u00ebshtir\u00ebsi mesatare kalon p\u00ebrmes rrug\u00ebs k\u00ebmb\u00ebsore q\u00eb zbret fillimisht n\u00eb p\u00ebrroin n\u00eb lindje t\u00eb fshatit \u201cAsim Zeneli\u201d dhe m\u00eb pas fillon ngjitja drejt kodr\u00ebs s\u00eb Antigones\u00eb. Ecja me k\u00ebmb\u00eb p\u00ebrshkon nj\u00eb terren me tok\u00eb t\u00eb but\u00eb dhe masiv shkurresh mesdhetare dhe zgjat rreth 1 or\u00eb e 30 minuta.<\/p>\n<p style=\"text-align: justify;\">Ju do t\u00eb hyni n\u00eb parkun e Antigones\u00eb nga per\u00ebndimi dhe do t\u00eb gjendeni p\u00ebrball\u00eb agoras\u00eb s\u00eb qytetit antik nd\u00ebrtuar n\u00eb vitin 295 p.k. Qyteti I nd\u00ebrtuar nga mbreti Piro I Epirit p\u00ebr nder t\u00eb gruas s\u00eb tij Antigona \u00ebsht\u00eb zbuluar rreth viteve \u201970. Q\u00eb prej asaj periudhe rreth 7% e rr\u00ebnojave t\u00eb qytetit jan\u00eb evidentuar. Rrug\u00ebtimi brenda parkut t\u00eb Antigones\u00eb do t\u00eb ndalet tek mozaiku paleokristian I shek.V n\u00eb dyshemen\u00eb e nj\u00eb bazilike nd\u00ebrtuar me gur\u00eb antik\u00eb. Do t\u00eb ket\u00eb nj\u00eb p\u00ebrshkrim t\u00eb detajuar t\u00eb gjetjeve dhe rr\u00ebnojave n\u00eb lagjen e zejtar\u00ebve ku do t\u00eb shpjegohet statusi social dhe jeta e banor\u00ebve t\u00eb Antigones\u00eb dhe n\u00eb p\u00ebrfundim t\u00eb vizit\u00ebs do t\u00eb vijohet drejt akropolit t\u00eb qytetit antik. Brenda parkut mund t\u00eb shpenzohet rreth nj\u00eb or\u00eb p\u00ebr tu qet\u00ebsuar. Qyteti me nj\u00eb pozicion strategjik ofron nj\u00eb panoram\u00eb t\u00eb shk\u00eblqyer t\u00eb lugin\u00ebs.<\/p>\n<p style=\"text-align: justify;\">Rruga e kthimit kalon p\u00ebrmes shtegut t\u00eb fshatit Epirot n\u00ebn k\u00ebmb\u00ebt e fshatit mesjetar Tranoshisht\u00eb. Zbritja \u00ebsht\u00eb me v\u00ebshtir\u00ebsi t\u00eb ul\u00ebt deri n\u00eb mesme me thyerje t\u00eb forta dhe bukuri t\u00eb rrall\u00eb. Shtegu \u00ebsht\u00eb I vendosur krah nj\u00eb prej burimeve m\u00eb t\u00eb r\u00ebnd\u00ebsish\u00ebm ujor\u00eb n\u00eb zon\u00eb nd\u00ebrsa amosfera baritore dhe kopet\u00eb e t\u00eb im\u00ebtave e shoq\u00ebrojn\u00eb udh\u00ebtimin vazhdimisht pavar\u00ebsisht stin\u00ebs.<\/p>\n<p style=\"text-align: justify;\">Pas kthimit n\u00eb fshatin \u201cAsim Zeneli\u201d do t\u00eb ndalemi p\u00ebr nj\u00eb drek\u00eb piknik n\u00eb oborrin e nj\u00eb familjeje nga fshati. Petaniku i zon\u00ebs I pjekur n\u00eb sac , turshit\u00eb dhe rakia e rrushit prodhuar n\u00eb m\u00ebnyr\u00eb artizanale do t\u00eb finalizojn\u00eb k\u00ebt\u00eb eksperienc\u00eb t\u00eb udh\u00ebtimit n\u00eb natyr\u00eb, koh\u00eb dhe n\u00eb histori.<\/p>\n","protected":false},"excerpt":{"rendered":"<p>Ky aktivitet nis me transportin me mjet drejt fshatit \u201cAsim Zeneli\u201d. Shtegu me v\u00ebshtir\u00ebsi mesatare kalon p\u00ebrmes rrug\u00ebs k\u00ebmb\u00ebsore q\u00eb zbret fillimisht n\u00eb p\u00ebrroin n\u00eb lindje t\u00eb fshatit \u201cAsim Zeneli\u201d dhe m\u00eb pas fillon ngjitja drejt kodr\u00ebs s\u00eb Antigones\u00eb. Ecja me k\u00ebmb\u00eb p\u00ebrshkon nj\u00eb terren me tok\u00eb t\u00eb but\u00eb dhe masiv shkurresh mesdhetare dhe zgjat<\/p>\n<div class=\"padding-top text-center\"><a href=\"https:\/\/c-adventures.al\/sq\/tours\/hiking-towards-antigone-park\/\" class=\"atbtn atbtn--medium atbtn--rounded atbtn--transparent\">Read more<i class=\"atbtn__icon atbtn__icon--right fa fa-long-arrow-right\"><\/i><\/a><\/div>\n","protected":false},"featured_media":1673,"template":"","meta":[],"product_brand":[],"product_cat":[99],"product_tag":[],"class_list":{"0":"post-1672","1":"product","2":"type-product","3":"status-publish","4":"has-post-thumbnail","6":"product_cat-uncategorized-sq","7":"tour_category-histori","8":"tour_category-natyre","9":"tour_category-udhetime-hiking","11":"first","12":"instock","13":"featured","14":"virtual","15":"purchasable","16":"product-type-tour"},"yoast_head":"<!-- This site is optimized with the Yoast SEO plugin v24.4 - https:\/\/yoast.com\/wordpress\/plugins\/seo\/ -->\n<title>Hajking n\u00eb Antigone - C-Adventures &amp; Tours<\/title>\n<meta name=\"robots\" content=\"index, follow, max-snippet:-1, max-image-preview:large, max-video-preview:-1\" \/>\n<link rel=\"canonical\" href=\"https:\/\/c-adventures.al\/sq\/tours\/hiking-towards-antigone-park\/\" \/>\n<meta property=\"og:locale\" content=\"sq_AL\" \/>\n<meta property=\"og:type\" content=\"article\" \/>\n<meta property=\"og:title\" content=\"Hajking n\u00eb Antigone - C-Adventures &amp; Tours\" \/>\n<meta property=\"og:description\" content=\"Ky aktivitet nis me transportin me mjet drejt fshatit \u201cAsim Zeneli\u201d. Shtegu me v\u00ebshtir\u00ebsi mesatare kalon p\u00ebrmes rrug\u00ebs k\u00ebmb\u00ebsore q\u00eb zbret fillimisht n\u00eb p\u00ebrroin n\u00eb lindje t\u00eb fshatit \u201cAsim Zeneli\u201d dhe m\u00eb pas fillon ngjitja drejt kodr\u00ebs s\u00eb Antigones\u00eb. Ecja me k\u00ebmb\u00eb p\u00ebrshkon nj\u00eb terren me tok\u00eb t\u00eb but\u00eb dhe masiv shkurresh mesdhetare dhe zgjatRead more\" \/>\n<meta property=\"og:url\" content=\"https:\/\/c-adventures.al\/sq\/tours\/hiking-towards-antigone-park\/\" \/>\n<meta property=\"og:site_name\" content=\"C-Adventures &amp; Tours\" \/>\n<meta property=\"article:publisher\" content=\"https:\/\/www.facebook.com\/ctoursalbania\" \/>\n<meta property=\"article:modified_time\" content=\"2025-05-23T13:18:01+00:00\" \/>\n<meta property=\"og:image\" content=\"https:\/\/c-adventures.al\/wp-content\/uploads\/2021\/05\/IMG_0026-1.jpg\" \/>\n\t<meta property=\"og:image:width\" content=\"750\" \/>\n\t<meta property=\"og:image:height\" content=\"500\" \/>\n\t<meta property=\"og:image:type\" content=\"image\/jpeg\" \/>\n<meta name=\"twitter:card\" content=\"summary_large_image\" \/>\n<meta name=\"twitter:label1\" content=\"Est. reading time\" \/>\n\t<meta name=\"twitter:data1\" content=\"2 minutes\" \/>\n<script type=\"application\/ld+json\" class=\"yoast-schema-graph\">{\"@context\":\"https:\/\/schema.org\",\"@graph\":[{\"@type\":\"WebPage\",\"@id\":\"https:\/\/c-adventures.al\/sq\/tours\/hiking-towards-antigone-park\/\",\"url\":\"https:\/\/c-adventures.al\/sq\/tours\/hiking-towards-antigone-park\/\",\"name\":\"Hajking n\u00eb Antigone - C-Adventures &amp; Tours\",\"isPartOf\":{\"@id\":\"https:\/\/c-adventures.al\/#website\"},\"primaryImageOfPage\":{\"@id\":\"https:\/\/c-adventures.al\/sq\/tours\/hiking-towards-antigone-park\/#primaryimage\"},\"image\":{\"@id\":\"https:\/\/c-adventures.al\/sq\/tours\/hiking-towards-antigone-park\/#primaryimage\"},\"thumbnailUrl\":\"https:\/\/c-adventures.al\/wp-content\/uploads\/2021\/05\/IMG_0026-1.jpg\",\"datePublished\":\"2021-06-02T09:36:10+00:00\",\"dateModified\":\"2025-05-23T13:18:01+00:00\",\"breadcrumb\":{\"@id\":\"https:\/\/c-adventures.al\/sq\/tours\/hiking-towards-antigone-park\/#breadcrumb\"},\"inLanguage\":\"sq-AL\",\"potentialAction\":[{\"@type\":\"ReadAction\",\"target\":[\"https:\/\/c-adventures.al\/sq\/tours\/hiking-towards-antigone-park\/\"]}]},{\"@type\":\"ImageObject\",\"inLanguage\":\"sq-AL\",\"@id\":\"https:\/\/c-adventures.al\/sq\/tours\/hiking-towards-antigone-park\/#primaryimage\",\"url\":\"https:\/\/c-adventures.al\/wp-content\/uploads\/2021\/05\/IMG_0026-1.jpg\",\"contentUrl\":\"https:\/\/c-adventures.al\/wp-content\/uploads\/2021\/05\/IMG_0026-1.jpg\",\"width\":750,\"height\":500},{\"@type\":\"BreadcrumbList\",\"@id\":\"https:\/\/c-adventures.al\/sq\/tours\/hiking-towards-antigone-park\/#breadcrumb\",\"itemListElement\":[{\"@type\":\"ListItem\",\"position\":1,\"name\":\"Home\",\"item\":\"https:\/\/c-adventures.al\/sq\/\"},{\"@type\":\"ListItem\",\"position\":2,\"name\":\"Products\",\"item\":\"https:\/\/c-adventures.al\/shop\/\"},{\"@type\":\"ListItem\",\"position\":3,\"name\":\"Hajking n\u00eb Antigone\"}]},{\"@type\":\"WebSite\",\"@id\":\"https:\/\/c-adventures.al\/#website\",\"url\":\"https:\/\/c-adventures.al\/\",\"name\":\"C-Adventures &amp; Tours\",\"description\":\"because your time matters\",\"publisher\":{\"@id\":\"https:\/\/c-adventures.al\/#organization\"},\"potentialAction\":[{\"@type\":\"SearchAction\",\"target\":{\"@type\":\"EntryPoint\",\"urlTemplate\":\"https:\/\/c-adventures.al\/?s={search_term_string}\"},\"query-input\":{\"@type\":\"PropertyValueSpecification\",\"valueRequired\":true,\"valueName\":\"search_term_string\"}}],\"inLanguage\":\"sq-AL\"},{\"@type\":\"Organization\",\"@id\":\"https:\/\/c-adventures.al\/#organization\",\"name\":\"C-Adventures & Tours\",\"url\":\"https:\/\/c-adventures.al\/\",\"logo\":{\"@type\":\"ImageObject\",\"inLanguage\":\"sq-AL\",\"@id\":\"https:\/\/c-adventures.al\/#\/schema\/logo\/image\/\",\"url\":\"https:\/\/c-adventures.al\/wp-content\/uploads\/2021\/05\/logo-c-adventures-web.png\",\"contentUrl\":\"https:\/\/c-adventures.al\/wp-content\/uploads\/2021\/05\/logo-c-adventures-web.png\",\"width\":400,\"height\":142,\"caption\":\"C-Adventures & Tours\"},\"image\":{\"@id\":\"https:\/\/c-adventures.al\/#\/schema\/logo\/image\/\"},\"sameAs\":[\"https:\/\/www.facebook.com\/ctoursalbania\"]}]}<\/script>\n<!-- \/ Yoast SEO plugin. -->","yoast_head_json":{"title":"Hajking n\u00eb Antigone - C-Adventures &amp; Tours","robots":{"index":"index","follow":"follow","max-snippet":"max-snippet:-1","max-image-preview":"max-image-preview:large","max-video-preview":"max-video-preview:-1"},"canonical":"https:\/\/c-adventures.al\/sq\/tours\/hiking-towards-antigone-park\/","og_locale":"sq_AL","og_type":"article","og_title":"Hajking n\u00eb Antigone - C-Adventures &amp; Tours","og_description":"Ky aktivitet nis me transportin me mjet drejt fshatit \u201cAsim Zeneli\u201d. Shtegu me v\u00ebshtir\u00ebsi mesatare kalon p\u00ebrmes rrug\u00ebs k\u00ebmb\u00ebsore q\u00eb zbret fillimisht n\u00eb p\u00ebrroin n\u00eb lindje t\u00eb fshatit \u201cAsim Zeneli\u201d dhe m\u00eb pas fillon ngjitja drejt kodr\u00ebs s\u00eb Antigones\u00eb. Ecja me k\u00ebmb\u00eb p\u00ebrshkon nj\u00eb terren me tok\u00eb t\u00eb but\u00eb dhe masiv shkurresh mesdhetare dhe zgjatRead more","og_url":"https:\/\/c-adventures.al\/sq\/tours\/hiking-towards-antigone-park\/","og_site_name":"C-Adventures &amp; Tours","article_publisher":"https:\/\/www.facebook.com\/ctoursalbania","article_modified_time":"2025-05-23T13:18:01+00:00","og_image":[{"width":750,"height":500,"url":"https:\/\/c-adventures.al\/wp-content\/uploads\/2021\/05\/IMG_0026-1.jpg","type":"image\/jpeg"}],"twitter_card":"summary_large_image","twitter_misc":{"Est. reading time":"2 minutes"},"schema":{"@context":"https:\/\/schema.org","@graph":[{"@type":"WebPage","@id":"https:\/\/c-adventures.al\/sq\/tours\/hiking-towards-antigone-park\/","url":"https:\/\/c-adventures.al\/sq\/tours\/hiking-towards-antigone-park\/","name":"Hajking n\u00eb Antigone - C-Adventures &amp; Tours","isPartOf":{"@id":"https:\/\/c-adventures.al\/#website"},"primaryImageOfPage":{"@id":"https:\/\/c-adventures.al\/sq\/tours\/hiking-towards-antigone-park\/#primaryimage"},"image":{"@id":"https:\/\/c-adventures.al\/sq\/tours\/hiking-towards-antigone-park\/#primaryimage"},"thumbnailUrl":"https:\/\/c-adventures.al\/wp-content\/uploads\/2021\/05\/IMG_0026-1.jpg","datePublished":"2021-06-02T09:36:10+00:00","dateModified":"2025-05-23T13:18:01+00:00","breadcrumb":{"@id":"https:\/\/c-adventures.al\/sq\/tours\/hiking-towards-antigone-park\/#breadcrumb"},"inLanguage":"sq-AL","potentialAction":[{"@type":"ReadAction","target":["https:\/\/c-adventures.al\/sq\/tours\/hiking-towards-antigone-park\/"]}]},{"@type":"ImageObject","inLanguage":"sq-AL","@id":"https:\/\/c-adventures.al\/sq\/tours\/hiking-towards-antigone-park\/#primaryimage","url":"https:\/\/c-adventures.al\/wp-content\/uploads\/2021\/05\/IMG_0026-1.jpg","contentUrl":"https:\/\/c-adventures.al\/wp-content\/uploads\/2021\/05\/IMG_0026-1.jpg","width":750,"height":500},{"@type":"BreadcrumbList","@id":"https:\/\/c-adventures.al\/sq\/tours\/hiking-towards-antigone-park\/#breadcrumb","itemListElement":[{"@type":"ListItem","position":1,"name":"Home","item":"https:\/\/c-adventures.al\/sq\/"},{"@type":"ListItem","position":2,"name":"Products","item":"https:\/\/c-adventures.al\/shop\/"},{"@type":"ListItem","position":3,"name":"Hajking n\u00eb Antigone"}]},{"@type":"WebSite","@id":"https:\/\/c-adventures.al\/#website","url":"https:\/\/c-adventures.al\/","name":"C-Adventures &amp; Tours","description":"because your time matters","publisher":{"@id":"https:\/\/c-adventures.al\/#organization"},"potentialAction":[{"@type":"SearchAction","target":{"@type":"EntryPoint","urlTemplate":"https:\/\/c-adventures.al\/?s={search_term_string}"},"query-input":{"@type":"PropertyValueSpecification","valueRequired":true,"valueName":"search_term_string"}}],"inLanguage":"sq-AL"},{"@type":"Organization","@id":"https:\/\/c-adventures.al\/#organization","name":"C-Adventures & Tours","url":"https:\/\/c-adventures.al\/","logo":{"@type":"ImageObject","inLanguage":"sq-AL","@id":"https:\/\/c-adventures.al\/#\/schema\/logo\/image\/","url":"https:\/\/c-adventures.al\/wp-content\/uploads\/2021\/05\/logo-c-adventures-web.png","contentUrl":"https:\/\/c-adventures.al\/wp-content\/uploads\/2021\/05\/logo-c-adventures-web.png","width":400,"height":142,"caption":"C-Adventures & Tours"},"image":{"@id":"https:\/\/c-adventures.al\/#\/schema\/logo\/image\/"},"sameAs":["https:\/\/www.facebook.com\/ctoursalbania"]}]}},"_links":{"self":[{"href":"https:\/\/c-adventures.al\/sq\/wp-json\/wp\/v2\/product\/1672","targetHints":{"allow":["GET"]}}],"collection":[{"href":"https:\/\/c-adventures.al\/sq\/wp-json\/wp\/v2\/product"}],"about":[{"href":"https:\/\/c-adventures.al\/sq\/wp-json\/wp\/v2\/types\/product"}],"wp:featuredmedia":[{"embeddable":true,"href":"https:\/\/c-adventures.al\/sq\/wp-json\/wp\/v2\/media\/1673"}],"wp:attachment":[{"href":"https:\/\/c-adventures.al\/sq\/wp-json\/wp\/v2\/media?parent=1672"}],"wp:term":[{"taxonomy":"product_brand","embeddable":true,"href":"https:\/\/c-adventures.al\/sq\/wp-json\/wp\/v2\/product_brand?post=1672"},{"taxonomy":"product_cat","embeddable":true,"href":"https:\/\/c-adventures.al\/sq\/wp-json\/wp\/v2\/product_cat?post=1672"},{"taxonomy":"product_tag","embeddable":true,"href":"https:\/\/c-adventures.al\/sq\/wp-json\/wp\/v2\/product_tag?post=1672"}],"curies":[{"name":"wp","href":"https:\/\/api.w.org\/{rel}","templated":true}]}}