{"id":1674,"date":"2021-06-08T08:45:13","date_gmt":"2021-06-08T06:45:13","guid":{"rendered":"https:\/\/c-adventures.al\/product\/art-therapy-and-tea\/"},"modified":"2025-03-06T15:05:23","modified_gmt":"2025-03-06T13:05:23","slug":"art-therapy-and-tea","status":"publish","type":"product","link":"https:\/\/c-adventures.al\/sq\/tours\/art-therapy-and-tea\/","title":{"rendered":"Art Terapeutik dhe \u00c7aj"},"content":{"rendered":"<p style=\"text-align: center;\"><strong><em><u>Terapi p\u00ebrmes artit dhe shijimi i \u00e7ajrave <\/u><\/em><\/strong><strong><em><u>bimor<\/u><\/em><\/strong><\/p>\n<p style=\"text-align: justify;\">Arti terapeutik \u00ebsht\u00eb nj\u00eb teknik\u00eb unike p\u00ebr rigjall\u00ebrimin e mendjes dhe shpirtit n\u00ebp\u00ebrmjet kreativitetit dhe shprehjes s\u00eb emocioneve. Nj\u00eb mund\u00ebsi e ART\u00eb p\u00ebr t\u00eb komunikuar dhe p\u00ebr t\u00eb eksploruar aspekte t\u00eb rinj, ndoshta t\u00eb panjohur t\u00eb personalitetit ton\u00eb.<\/p>\n<p style=\"text-align: justify;\"><strong><em>Doodles<\/em><\/strong> \u00ebsht\u00eb mish\u00ebrimi i artit t\u00eb lir\u00eb, brenda vijave, por nj\u00ebkoh\u00ebsisht jasht\u00eb kornizave. \u00cbsht\u00eb nj\u00eb metod\u00eb meditimi, e cila n\u00ebp\u00ebrmjet p\u00ebrs\u00ebritjes stimulon p\u00ebrq\u00ebndrimin dhe t\u00eb hipnotizon n\u00eb nj\u00eb nivel tjet\u00ebr shpirt\u00ebror duke i dh\u00ebn\u00eb ngjyra emocioneve t\u00eb tua.<\/p>\n<p style=\"text-align: justify;\">Me Doodles do t\u00eb udh\u00ebtojm\u00eb bashk\u00eb n\u00eb koh\u00eb, duke sjell\u00eb element\u00eb t\u00eb tradit\u00ebs dhe kultur\u00ebs lokale si nj\u00eb ndjesi personale. Vepra juaj, me ose pa ngjyra, abstrakte ndoshta n\u00eb form\u00eb por konkrete n\u00eb q\u00ebllimin e kompozimit do t\u00eb krijoj\u00eb nj\u00eb emocion autentik.<\/p>\n<p style=\"text-align: justify;\">Eksperienca e terapis\u00eb s\u00eb artit do t\u00eb udh\u00ebhiqet nga nj\u00eb piktor profesionist. Ai do t\u00eb b\u00ebj njohjen me motivet lokale q\u00eb do t\u00eb p\u00ebrdoren dhe bashk\u00ebrisht do t\u00eb b\u00ebhet p\u00ebrzgjedhja e modelit q\u00eb do t\u00eb vizatohet. N\u00eb m\u00ebnyr\u00eb interaktive do t\u00eb punohet mbi veprat e artit duke shijuar \u00e7ajrat bimor\u00eb t\u00eb zon\u00ebs. Motivet do t\u00eb vijn\u00eb nga tradita qindravecare e dekorimit t\u00eb banesave, veshjeve, bizhuve, objekteve t\u00eb p\u00ebrdorimit t\u00eb p\u00ebrditsh\u00ebm, oxhak\u00ebve, tavaneve, qylimave etj. Ju do t\u00eb merrni me vete vepr\u00ebn tuaj t\u00eb artit n\u00eb form\u00ebn e nj\u00eb suveniri. Eksperienca \u00ebsht\u00eb nj\u00eb mund\u00ebsi afat-gjat\u00eb terapie pasi kjo klas\u00eb arti do t\u2019ju m\u00ebsoj\u00eb teknika q\u00eb mund ti p\u00ebrdorni edhe n\u00eb t\u00eb ardhmen.<\/p>\n<p style=\"text-align: justify;\"><strong>Kush do ta udh\u00ebheq\u00eb k\u00ebt\u00eb eksperienc\u00eb?<\/strong><\/p>\n<p style=\"text-align: justify;\">Gazmend Ko\u00e7ollari \u00ebsht\u00eb nj\u00eb piktor profesionist me nj\u00eb p\u00ebrvoj\u00eb t\u00eb gjer\u00eb artistike. Ai ka p\u00ebrfunduar studimet p\u00ebr piktur\u00eb n\u00eb Akademin\u00eb e Arteve nd\u00ebrkoh\u00eb \u00ebsht\u00eb m\u00ebsues pikture dhe skenograf i teatrit profesionit. Arti i lir\u00eb \u00ebsht\u00eb nj\u00eb pasion i p\u00ebrhersh\u00ebm i tij.<\/p>\n","protected":false},"excerpt":{"rendered":"<p>Terapi p\u00ebrmes artit dhe shijimi i \u00e7ajrave bimor Arti terapeutik \u00ebsht\u00eb nj\u00eb teknik\u00eb unike p\u00ebr rigjall\u00ebrimin e mendjes dhe shpirtit n\u00ebp\u00ebrmjet kreativitetit dhe shprehjes s\u00eb emocioneve. Nj\u00eb mund\u00ebsi e ART\u00eb p\u00ebr t\u00eb komunikuar dhe p\u00ebr t\u00eb eksploruar aspekte t\u00eb rinj, ndoshta t\u00eb panjohur t\u00eb personalitetit ton\u00eb. Doodles \u00ebsht\u00eb mish\u00ebrimi i artit t\u00eb lir\u00eb, brenda vijave,<\/p>\n<div class=\"padding-top text-center\"><a href=\"https:\/\/c-adventures.al\/sq\/tours\/art-therapy-and-tea\/\" class=\"atbtn atbtn--medium atbtn--rounded atbtn--transparent\">Read more<i class=\"atbtn__icon atbtn__icon--right fa fa-long-arrow-right\"><\/i><\/a><\/div>\n","protected":false},"featured_media":1675,"template":"","meta":[],"product_brand":[],"product_cat":[99],"product_tag":[],"class_list":{"0":"post-1674","1":"product","2":"type-product","3":"status-publish","4":"has-post-thumbnail","6":"product_cat-uncategorized-sq","7":"tour_category-eksperience","9":"first","10":"instock","11":"featured","12":"virtual","13":"purchasable","14":"product-type-tour"},"yoast_head":"<!-- This site is optimized with the Yoast SEO plugin v24.4 - https:\/\/yoast.com\/wordpress\/plugins\/seo\/ -->\n<title>Art Terapeutik dhe \u00c7aj - C-Adventures &amp; Tours<\/title>\n<meta name=\"robots\" content=\"index, follow, max-snippet:-1, max-image-preview:large, max-video-preview:-1\" \/>\n<link rel=\"canonical\" href=\"https:\/\/c-adventures.al\/sq\/tours\/art-therapy-and-tea\/\" \/>\n<meta property=\"og:locale\" content=\"sq_AL\" \/>\n<meta property=\"og:type\" content=\"article\" \/>\n<meta property=\"og:title\" content=\"Art Terapeutik dhe \u00c7aj - C-Adventures &amp; Tours\" \/>\n<meta property=\"og:description\" content=\"Terapi p\u00ebrmes artit dhe shijimi i \u00e7ajrave bimor Arti terapeutik \u00ebsht\u00eb nj\u00eb teknik\u00eb unike p\u00ebr rigjall\u00ebrimin e mendjes dhe shpirtit n\u00ebp\u00ebrmjet kreativitetit dhe shprehjes s\u00eb emocioneve. Nj\u00eb mund\u00ebsi e ART\u00eb p\u00ebr t\u00eb komunikuar dhe p\u00ebr t\u00eb eksploruar aspekte t\u00eb rinj, ndoshta t\u00eb panjohur t\u00eb personalitetit ton\u00eb. Doodles \u00ebsht\u00eb mish\u00ebrimi i artit t\u00eb lir\u00eb, brenda vijave,Read more\" \/>\n<meta property=\"og:url\" content=\"https:\/\/c-adventures.al\/sq\/tours\/art-therapy-and-tea\/\" \/>\n<meta property=\"og:site_name\" content=\"C-Adventures &amp; Tours\" \/>\n<meta property=\"article:publisher\" content=\"https:\/\/www.facebook.com\/ctoursalbania\" \/>\n<meta property=\"article:modified_time\" content=\"2025-03-06T13:05:23+00:00\" \/>\n<meta property=\"og:image\" content=\"https:\/\/c-adventures.al\/wp-content\/uploads\/2021\/06\/2image00003.jpg\" \/>\n\t<meta property=\"og:image:width\" content=\"750\" \/>\n\t<meta property=\"og:image:height\" content=\"500\" \/>\n\t<meta property=\"og:image:type\" content=\"image\/jpeg\" \/>\n<meta name=\"twitter:card\" content=\"summary_large_image\" \/>\n<meta name=\"twitter:label1\" content=\"Est. reading time\" \/>\n\t<meta name=\"twitter:data1\" content=\"2 minutes\" \/>\n<script type=\"application\/ld+json\" class=\"yoast-schema-graph\">{\"@context\":\"https:\/\/schema.org\",\"@graph\":[{\"@type\":\"WebPage\",\"@id\":\"https:\/\/c-adventures.al\/sq\/tours\/art-therapy-and-tea\/\",\"url\":\"https:\/\/c-adventures.al\/sq\/tours\/art-therapy-and-tea\/\",\"name\":\"Art Terapeutik dhe \u00c7aj - C-Adventures &amp; Tours\",\"isPartOf\":{\"@id\":\"https:\/\/c-adventures.al\/#website\"},\"primaryImageOfPage\":{\"@id\":\"https:\/\/c-adventures.al\/sq\/tours\/art-therapy-and-tea\/#primaryimage\"},\"image\":{\"@id\":\"https:\/\/c-adventures.al\/sq\/tours\/art-therapy-and-tea\/#primaryimage\"},\"thumbnailUrl\":\"https:\/\/c-adventures.al\/wp-content\/uploads\/2021\/06\/2image00003.jpg\",\"datePublished\":\"2021-06-08T06:45:13+00:00\",\"dateModified\":\"2025-03-06T13:05:23+00:00\",\"breadcrumb\":{\"@id\":\"https:\/\/c-adventures.al\/sq\/tours\/art-therapy-and-tea\/#breadcrumb\"},\"inLanguage\":\"sq-AL\",\"potentialAction\":[{\"@type\":\"ReadAction\",\"target\":[\"https:\/\/c-adventures.al\/sq\/tours\/art-therapy-and-tea\/\"]}]},{\"@type\":\"ImageObject\",\"inLanguage\":\"sq-AL\",\"@id\":\"https:\/\/c-adventures.al\/sq\/tours\/art-therapy-and-tea\/#primaryimage\",\"url\":\"https:\/\/c-adventures.al\/wp-content\/uploads\/2021\/06\/2image00003.jpg\",\"contentUrl\":\"https:\/\/c-adventures.al\/wp-content\/uploads\/2021\/06\/2image00003.jpg\",\"width\":750,\"height\":500},{\"@type\":\"BreadcrumbList\",\"@id\":\"https:\/\/c-adventures.al\/sq\/tours\/art-therapy-and-tea\/#breadcrumb\",\"itemListElement\":[{\"@type\":\"ListItem\",\"position\":1,\"name\":\"Home\",\"item\":\"https:\/\/c-adventures.al\/sq\/\"},{\"@type\":\"ListItem\",\"position\":2,\"name\":\"Products\",\"item\":\"https:\/\/c-adventures.al\/shop\/\"},{\"@type\":\"ListItem\",\"position\":3,\"name\":\"Art Terapeutik dhe \u00c7aj\"}]},{\"@type\":\"WebSite\",\"@id\":\"https:\/\/c-adventures.al\/#website\",\"url\":\"https:\/\/c-adventures.al\/\",\"name\":\"C-Adventures &amp; Tours\",\"description\":\"because your time matters\",\"publisher\":{\"@id\":\"https:\/\/c-adventures.al\/#organization\"},\"potentialAction\":[{\"@type\":\"SearchAction\",\"target\":{\"@type\":\"EntryPoint\",\"urlTemplate\":\"https:\/\/c-adventures.al\/?s={search_term_string}\"},\"query-input\":{\"@type\":\"PropertyValueSpecification\",\"valueRequired\":true,\"valueName\":\"search_term_string\"}}],\"inLanguage\":\"sq-AL\"},{\"@type\":\"Organization\",\"@id\":\"https:\/\/c-adventures.al\/#organization\",\"name\":\"C-Adventures & Tours\",\"url\":\"https:\/\/c-adventures.al\/\",\"logo\":{\"@type\":\"ImageObject\",\"inLanguage\":\"sq-AL\",\"@id\":\"https:\/\/c-adventures.al\/#\/schema\/logo\/image\/\",\"url\":\"https:\/\/c-adventures.al\/wp-content\/uploads\/2021\/05\/logo-c-adventures-web.png\",\"contentUrl\":\"https:\/\/c-adventures.al\/wp-content\/uploads\/2021\/05\/logo-c-adventures-web.png\",\"width\":400,\"height\":142,\"caption\":\"C-Adventures & Tours\"},\"image\":{\"@id\":\"https:\/\/c-adventures.al\/#\/schema\/logo\/image\/\"},\"sameAs\":[\"https:\/\/www.facebook.com\/ctoursalbania\"]}]}<\/script>\n<!-- \/ Yoast SEO plugin. -->","yoast_head_json":{"title":"Art Terapeutik dhe \u00c7aj - C-Adventures &amp; Tours","robots":{"index":"index","follow":"follow","max-snippet":"max-snippet:-1","max-image-preview":"max-image-preview:large","max-video-preview":"max-video-preview:-1"},"canonical":"https:\/\/c-adventures.al\/sq\/tours\/art-therapy-and-tea\/","og_locale":"sq_AL","og_type":"article","og_title":"Art Terapeutik dhe \u00c7aj - C-Adventures &amp; Tours","og_description":"Terapi p\u00ebrmes artit dhe shijimi i \u00e7ajrave bimor Arti terapeutik \u00ebsht\u00eb nj\u00eb teknik\u00eb unike p\u00ebr rigjall\u00ebrimin e mendjes dhe shpirtit n\u00ebp\u00ebrmjet kreativitetit dhe shprehjes s\u00eb emocioneve. Nj\u00eb mund\u00ebsi e ART\u00eb p\u00ebr t\u00eb komunikuar dhe p\u00ebr t\u00eb eksploruar aspekte t\u00eb rinj, ndoshta t\u00eb panjohur t\u00eb personalitetit ton\u00eb. Doodles \u00ebsht\u00eb mish\u00ebrimi i artit t\u00eb lir\u00eb, brenda vijave,Read more","og_url":"https:\/\/c-adventures.al\/sq\/tours\/art-therapy-and-tea\/","og_site_name":"C-Adventures &amp; Tours","article_publisher":"https:\/\/www.facebook.com\/ctoursalbania","article_modified_time":"2025-03-06T13:05:23+00:00","og_image":[{"width":750,"height":500,"url":"https:\/\/c-adventures.al\/wp-content\/uploads\/2021\/06\/2image00003.jpg","type":"image\/jpeg"}],"twitter_card":"summary_large_image","twitter_misc":{"Est. reading time":"2 minutes"},"schema":{"@context":"https:\/\/schema.org","@graph":[{"@type":"WebPage","@id":"https:\/\/c-adventures.al\/sq\/tours\/art-therapy-and-tea\/","url":"https:\/\/c-adventures.al\/sq\/tours\/art-therapy-and-tea\/","name":"Art Terapeutik dhe \u00c7aj - C-Adventures &amp; Tours","isPartOf":{"@id":"https:\/\/c-adventures.al\/#website"},"primaryImageOfPage":{"@id":"https:\/\/c-adventures.al\/sq\/tours\/art-therapy-and-tea\/#primaryimage"},"image":{"@id":"https:\/\/c-adventures.al\/sq\/tours\/art-therapy-and-tea\/#primaryimage"},"thumbnailUrl":"https:\/\/c-adventures.al\/wp-content\/uploads\/2021\/06\/2image00003.jpg","datePublished":"2021-06-08T06:45:13+00:00","dateModified":"2025-03-06T13:05:23+00:00","breadcrumb":{"@id":"https:\/\/c-adventures.al\/sq\/tours\/art-therapy-and-tea\/#breadcrumb"},"inLanguage":"sq-AL","potentialAction":[{"@type":"ReadAction","target":["https:\/\/c-adventures.al\/sq\/tours\/art-therapy-and-tea\/"]}]},{"@type":"ImageObject","inLanguage":"sq-AL","@id":"https:\/\/c-adventures.al\/sq\/tours\/art-therapy-and-tea\/#primaryimage","url":"https:\/\/c-adventures.al\/wp-content\/uploads\/2021\/06\/2image00003.jpg","contentUrl":"https:\/\/c-adventures.al\/wp-content\/uploads\/2021\/06\/2image00003.jpg","width":750,"height":500},{"@type":"BreadcrumbList","@id":"https:\/\/c-adventures.al\/sq\/tours\/art-therapy-and-tea\/#breadcrumb","itemListElement":[{"@type":"ListItem","position":1,"name":"Home","item":"https:\/\/c-adventures.al\/sq\/"},{"@type":"ListItem","position":2,"name":"Products","item":"https:\/\/c-adventures.al\/shop\/"},{"@type":"ListItem","position":3,"name":"Art Terapeutik dhe \u00c7aj"}]},{"@type":"WebSite","@id":"https:\/\/c-adventures.al\/#website","url":"https:\/\/c-adventures.al\/","name":"C-Adventures &amp; Tours","description":"because your time matters","publisher":{"@id":"https:\/\/c-adventures.al\/#organization"},"potentialAction":[{"@type":"SearchAction","target":{"@type":"EntryPoint","urlTemplate":"https:\/\/c-adventures.al\/?s={search_term_string}"},"query-input":{"@type":"PropertyValueSpecification","valueRequired":true,"valueName":"search_term_string"}}],"inLanguage":"sq-AL"},{"@type":"Organization","@id":"https:\/\/c-adventures.al\/#organization","name":"C-Adventures & Tours","url":"https:\/\/c-adventures.al\/","logo":{"@type":"ImageObject","inLanguage":"sq-AL","@id":"https:\/\/c-adventures.al\/#\/schema\/logo\/image\/","url":"https:\/\/c-adventures.al\/wp-content\/uploads\/2021\/05\/logo-c-adventures-web.png","contentUrl":"https:\/\/c-adventures.al\/wp-content\/uploads\/2021\/05\/logo-c-adventures-web.png","width":400,"height":142,"caption":"C-Adventures & Tours"},"image":{"@id":"https:\/\/c-adventures.al\/#\/schema\/logo\/image\/"},"sameAs":["https:\/\/www.facebook.com\/ctoursalbania"]}]}},"_links":{"self":[{"href":"https:\/\/c-adventures.al\/sq\/wp-json\/wp\/v2\/product\/1674","targetHints":{"allow":["GET"]}}],"collection":[{"href":"https:\/\/c-adventures.al\/sq\/wp-json\/wp\/v2\/product"}],"about":[{"href":"https:\/\/c-adventures.al\/sq\/wp-json\/wp\/v2\/types\/product"}],"wp:featuredmedia":[{"embeddable":true,"href":"https:\/\/c-adventures.al\/sq\/wp-json\/wp\/v2\/media\/1675"}],"wp:attachment":[{"href":"https:\/\/c-adventures.al\/sq\/wp-json\/wp\/v2\/media?parent=1674"}],"wp:term":[{"taxonomy":"product_brand","embeddable":true,"href":"https:\/\/c-adventures.al\/sq\/wp-json\/wp\/v2\/product_brand?post=1674"},{"taxonomy":"product_cat","embeddable":true,"href":"https:\/\/c-adventures.al\/sq\/wp-json\/wp\/v2\/product_cat?post=1674"},{"taxonomy":"product_tag","embeddable":true,"href":"https:\/\/c-adventures.al\/sq\/wp-json\/wp\/v2\/product_tag?post=1674"}],"curies":[{"name":"wp","href":"https:\/\/api.w.org\/{rel}","templated":true}]}}