{"id":1676,"date":"2021-06-08T10:59:16","date_gmt":"2021-06-08T08:59:16","guid":{"rendered":"https:\/\/c-adventures.al\/product\/zagoria-loop\/"},"modified":"2025-02-08T02:01:24","modified_gmt":"2025-02-08T00:01:24","slug":"zagoria-loop","status":"publish","type":"product","link":"https:\/\/c-adventures.al\/sq\/tours\/zagoria-loop\/","title":{"rendered":"Zagoria Loop"},"content":{"rendered":"<p style=\"text-align: justify;\">Turi off road i Zagoris\u00eb \u00ebsht\u00eb nj\u00eb udh\u00ebtim i rrall\u00eb mes maleve dhe luginave malore, n\u00eb 70% t\u00eb tij p\u00ebrmes nj\u00eb rruge t\u00eb paasfaltuar.<\/p>\n<p style=\"text-align: justify;\">Takimi me guid\u00ebn do t\u00eb fiksohet n\u00eb qytetin e Gjirokastr\u00ebs. Ndalesa e par\u00eb e turit do t\u00eb jet\u00eb lumi i Suh\u00ebs n\u00eb zon\u00ebn m\u00eb t\u00eb ngusht\u00eb t\u00eb lugin\u00ebs pran\u00eb gryk\u00ebs s\u00eb Selck\u00ebs. N\u00eb var\u00ebsi t\u00eb stin\u00ebs mund t\u00eb laheni n\u00eb lum\u00eb, t\u00eb\u00a0shijoni ujvar\u00ebn ose thjesht t\u00eb kaloni momente qet\u00ebsie mes shk\u00ebmbinjve dhe eksplorimit t\u00eb natyr\u00ebs s\u00eb eg\u00ebr t\u00eb lugin\u00ebs.<\/p>\n<p style=\"text-align: justify;\">Ndalesa p\u00ebr drek\u00ebn do t\u00eb jet\u00eb fshati Poli\u00e7an i Pogonit ku do t\u00eb shijoni disa nga produktet e zon\u00ebs p\u00ebrfshi mishin dhe bulmetin e lart\u00ebsive mbi 900 m.<\/p>\n<p style=\"text-align: justify;\">Do t\u00eb p\u00ebrshkojm\u00eb m\u00eb tej gjith\u00eb lugin\u00ebn malore t\u00eb Zagoris\u00eb me nj\u00eb panoram\u00eb t\u00eb rrall\u00eb p\u00ebr tu ndalur pran\u00eb fshatit Nd\u00ebran p\u00ebr t\u00eb vizituar Ur\u00ebn e Manastirit nj\u00eb prej objekteve mesjetar\u00eb\u00a0m\u00eb t\u00eb r\u00ebnd\u00ebsish\u00ebm t\u00eb zon\u00ebs, d\u00ebshmi e shk\u00ebmbimeve treg\u00ebtare t\u00eb koh\u00ebs dhe e potencialit nd\u00ebrtimor. Guida do t\u2019ju udh\u00ebheq\u00eb p\u00ebrmes nj\u00eb udh\u00ebtimi n\u00eb koh\u00eb p\u00ebr t\u00eb vizituar kish\u00ebn dhe rr\u00ebnojat e manastirit t\u00eb vitit 1702.<\/p>\n<p style=\"text-align: justify;\">Rrug\u00ebtimi juaj off road do t\u00eb vijoj\u00eb pasdite drejt lugin\u00ebs s\u00eb \u00c7ajupit ku do t\u00eb ndalemi p\u00ebr t\u00eb shijuar panoram\u00ebn.<\/p>\n<p style=\"text-align: justify;\">Rruga drejt Gjirokastr\u00ebs pas k\u00ebtij momenti \u00ebsht\u00eb e asfaltuar por plot kthesa dhe adrenalin\u00eb. Ajo gjarp\u00ebron p\u00ebrgjat\u00eb faqes s\u00eb malit dhe posht\u00eb ka pamjen e gjer\u00eb t\u00eb lugin\u00ebs s\u00eb Drinos.<\/p>\n<p style=\"text-align: justify;\">Udh\u00ebtimi do t\u00eb p\u00ebrfundoj\u00eb n\u00eb qytetin e Gjirokastr\u00ebs n\u00eb mbr\u00ebmje.<\/p>\n","protected":false},"excerpt":{"rendered":"<p>Turi off road i Zagoris\u00eb \u00ebsht\u00eb nj\u00eb udh\u00ebtim i rrall\u00eb mes maleve dhe luginave malore, n\u00eb 70% t\u00eb tij p\u00ebrmes nj\u00eb rruge t\u00eb paasfaltuar. Takimi me guid\u00ebn do t\u00eb fiksohet n\u00eb qytetin e Gjirokastr\u00ebs. Ndalesa e par\u00eb e turit do t\u00eb jet\u00eb lumi i Suh\u00ebs n\u00eb zon\u00ebn m\u00eb t\u00eb ngusht\u00eb t\u00eb lugin\u00ebs pran\u00eb gryk\u00ebs s\u00eb<\/p>\n<div class=\"padding-top text-center\"><a href=\"https:\/\/c-adventures.al\/sq\/tours\/zagoria-loop\/\" class=\"atbtn atbtn--medium atbtn--rounded atbtn--transparent\">Read more<i class=\"atbtn__icon atbtn__icon--right fa fa-long-arrow-right\"><\/i><\/a><\/div>\n","protected":false},"featured_media":1677,"template":"","meta":[],"product_brand":[],"product_cat":[99],"product_tag":[],"class_list":{"0":"post-1676","1":"product","2":"type-product","3":"status-publish","4":"has-post-thumbnail","6":"product_cat-uncategorized-sq","7":"tour_category-eksperience","8":"tour_category-histori","9":"tour_category-natyre","10":"tour_category-off-roads","12":"first","13":"instock","14":"featured","15":"virtual","16":"purchasable","17":"product-type-tour"},"yoast_head":"<!-- This site is optimized with the Yoast SEO plugin v24.4 - https:\/\/yoast.com\/wordpress\/plugins\/seo\/ -->\n<title>Zagoria Loop - C-Adventures &amp; Tours<\/title>\n<meta name=\"robots\" content=\"index, follow, max-snippet:-1, max-image-preview:large, max-video-preview:-1\" \/>\n<link rel=\"canonical\" href=\"https:\/\/c-adventures.al\/sq\/tours\/zagoria-loop\/\" \/>\n<meta property=\"og:locale\" content=\"sq_AL\" \/>\n<meta property=\"og:type\" content=\"article\" \/>\n<meta property=\"og:title\" content=\"Zagoria Loop - C-Adventures &amp; Tours\" \/>\n<meta property=\"og:description\" content=\"Turi off road i Zagoris\u00eb \u00ebsht\u00eb nj\u00eb udh\u00ebtim i rrall\u00eb mes maleve dhe luginave malore, n\u00eb 70% t\u00eb tij p\u00ebrmes nj\u00eb rruge t\u00eb paasfaltuar. Takimi me guid\u00ebn do t\u00eb fiksohet n\u00eb qytetin e Gjirokastr\u00ebs. Ndalesa e par\u00eb e turit do t\u00eb jet\u00eb lumi i Suh\u00ebs n\u00eb zon\u00ebn m\u00eb t\u00eb ngusht\u00eb t\u00eb lugin\u00ebs pran\u00eb gryk\u00ebs s\u00ebRead more\" \/>\n<meta property=\"og:url\" content=\"https:\/\/c-adventures.al\/sq\/tours\/zagoria-loop\/\" \/>\n<meta property=\"og:site_name\" content=\"C-Adventures &amp; Tours\" \/>\n<meta property=\"article:publisher\" content=\"https:\/\/www.facebook.com\/ctoursalbania\" \/>\n<meta property=\"article:modified_time\" content=\"2025-02-08T00:01:24+00:00\" \/>\n<meta property=\"og:image\" content=\"https:\/\/c-adventures.al\/wp-content\/uploads\/2021\/06\/image00017.jpeg\" \/>\n\t<meta property=\"og:image:width\" content=\"1280\" \/>\n\t<meta property=\"og:image:height\" content=\"960\" \/>\n\t<meta property=\"og:image:type\" content=\"image\/jpeg\" \/>\n<meta name=\"twitter:card\" content=\"summary_large_image\" \/>\n<meta name=\"twitter:label1\" content=\"Est. reading time\" \/>\n\t<meta name=\"twitter:data1\" content=\"2 minutes\" \/>\n<script type=\"application\/ld+json\" class=\"yoast-schema-graph\">{\"@context\":\"https:\/\/schema.org\",\"@graph\":[{\"@type\":\"WebPage\",\"@id\":\"https:\/\/c-adventures.al\/sq\/tours\/zagoria-loop\/\",\"url\":\"https:\/\/c-adventures.al\/sq\/tours\/zagoria-loop\/\",\"name\":\"Zagoria Loop - C-Adventures &amp; Tours\",\"isPartOf\":{\"@id\":\"https:\/\/c-adventures.al\/#website\"},\"primaryImageOfPage\":{\"@id\":\"https:\/\/c-adventures.al\/sq\/tours\/zagoria-loop\/#primaryimage\"},\"image\":{\"@id\":\"https:\/\/c-adventures.al\/sq\/tours\/zagoria-loop\/#primaryimage\"},\"thumbnailUrl\":\"https:\/\/c-adventures.al\/wp-content\/uploads\/2021\/06\/image00017.jpeg\",\"datePublished\":\"2021-06-08T08:59:16+00:00\",\"dateModified\":\"2025-02-08T00:01:24+00:00\",\"breadcrumb\":{\"@id\":\"https:\/\/c-adventures.al\/sq\/tours\/zagoria-loop\/#breadcrumb\"},\"inLanguage\":\"sq-AL\",\"potentialAction\":[{\"@type\":\"ReadAction\",\"target\":[\"https:\/\/c-adventures.al\/sq\/tours\/zagoria-loop\/\"]}]},{\"@type\":\"ImageObject\",\"inLanguage\":\"sq-AL\",\"@id\":\"https:\/\/c-adventures.al\/sq\/tours\/zagoria-loop\/#primaryimage\",\"url\":\"https:\/\/c-adventures.al\/wp-content\/uploads\/2021\/06\/image00017.jpeg\",\"contentUrl\":\"https:\/\/c-adventures.al\/wp-content\/uploads\/2021\/06\/image00017.jpeg\",\"width\":1280,\"height\":960},{\"@type\":\"BreadcrumbList\",\"@id\":\"https:\/\/c-adventures.al\/sq\/tours\/zagoria-loop\/#breadcrumb\",\"itemListElement\":[{\"@type\":\"ListItem\",\"position\":1,\"name\":\"Home\",\"item\":\"https:\/\/c-adventures.al\/sq\/\"},{\"@type\":\"ListItem\",\"position\":2,\"name\":\"Products\",\"item\":\"https:\/\/c-adventures.al\/shop\/\"},{\"@type\":\"ListItem\",\"position\":3,\"name\":\"Zagoria Loop\"}]},{\"@type\":\"WebSite\",\"@id\":\"https:\/\/c-adventures.al\/#website\",\"url\":\"https:\/\/c-adventures.al\/\",\"name\":\"C-Adventures &amp; Tours\",\"description\":\"because your time matters\",\"publisher\":{\"@id\":\"https:\/\/c-adventures.al\/#organization\"},\"potentialAction\":[{\"@type\":\"SearchAction\",\"target\":{\"@type\":\"EntryPoint\",\"urlTemplate\":\"https:\/\/c-adventures.al\/?s={search_term_string}\"},\"query-input\":{\"@type\":\"PropertyValueSpecification\",\"valueRequired\":true,\"valueName\":\"search_term_string\"}}],\"inLanguage\":\"sq-AL\"},{\"@type\":\"Organization\",\"@id\":\"https:\/\/c-adventures.al\/#organization\",\"name\":\"C-Adventures & Tours\",\"url\":\"https:\/\/c-adventures.al\/\",\"logo\":{\"@type\":\"ImageObject\",\"inLanguage\":\"sq-AL\",\"@id\":\"https:\/\/c-adventures.al\/#\/schema\/logo\/image\/\",\"url\":\"https:\/\/c-adventures.al\/wp-content\/uploads\/2021\/05\/logo-c-adventures-web.png\",\"contentUrl\":\"https:\/\/c-adventures.al\/wp-content\/uploads\/2021\/05\/logo-c-adventures-web.png\",\"width\":400,\"height\":142,\"caption\":\"C-Adventures & Tours\"},\"image\":{\"@id\":\"https:\/\/c-adventures.al\/#\/schema\/logo\/image\/\"},\"sameAs\":[\"https:\/\/www.facebook.com\/ctoursalbania\"]}]}<\/script>\n<!-- \/ Yoast SEO plugin. -->","yoast_head_json":{"title":"Zagoria Loop - C-Adventures &amp; Tours","robots":{"index":"index","follow":"follow","max-snippet":"max-snippet:-1","max-image-preview":"max-image-preview:large","max-video-preview":"max-video-preview:-1"},"canonical":"https:\/\/c-adventures.al\/sq\/tours\/zagoria-loop\/","og_locale":"sq_AL","og_type":"article","og_title":"Zagoria Loop - C-Adventures &amp; Tours","og_description":"Turi off road i Zagoris\u00eb \u00ebsht\u00eb nj\u00eb udh\u00ebtim i rrall\u00eb mes maleve dhe luginave malore, n\u00eb 70% t\u00eb tij p\u00ebrmes nj\u00eb rruge t\u00eb paasfaltuar. Takimi me guid\u00ebn do t\u00eb fiksohet n\u00eb qytetin e Gjirokastr\u00ebs. Ndalesa e par\u00eb e turit do t\u00eb jet\u00eb lumi i Suh\u00ebs n\u00eb zon\u00ebn m\u00eb t\u00eb ngusht\u00eb t\u00eb lugin\u00ebs pran\u00eb gryk\u00ebs s\u00ebRead more","og_url":"https:\/\/c-adventures.al\/sq\/tours\/zagoria-loop\/","og_site_name":"C-Adventures &amp; Tours","article_publisher":"https:\/\/www.facebook.com\/ctoursalbania","article_modified_time":"2025-02-08T00:01:24+00:00","og_image":[{"width":1280,"height":960,"url":"https:\/\/c-adventures.al\/wp-content\/uploads\/2021\/06\/image00017.jpeg","type":"image\/jpeg"}],"twitter_card":"summary_large_image","twitter_misc":{"Est. reading time":"2 minutes"},"schema":{"@context":"https:\/\/schema.org","@graph":[{"@type":"WebPage","@id":"https:\/\/c-adventures.al\/sq\/tours\/zagoria-loop\/","url":"https:\/\/c-adventures.al\/sq\/tours\/zagoria-loop\/","name":"Zagoria Loop - C-Adventures &amp; Tours","isPartOf":{"@id":"https:\/\/c-adventures.al\/#website"},"primaryImageOfPage":{"@id":"https:\/\/c-adventures.al\/sq\/tours\/zagoria-loop\/#primaryimage"},"image":{"@id":"https:\/\/c-adventures.al\/sq\/tours\/zagoria-loop\/#primaryimage"},"thumbnailUrl":"https:\/\/c-adventures.al\/wp-content\/uploads\/2021\/06\/image00017.jpeg","datePublished":"2021-06-08T08:59:16+00:00","dateModified":"2025-02-08T00:01:24+00:00","breadcrumb":{"@id":"https:\/\/c-adventures.al\/sq\/tours\/zagoria-loop\/#breadcrumb"},"inLanguage":"sq-AL","potentialAction":[{"@type":"ReadAction","target":["https:\/\/c-adventures.al\/sq\/tours\/zagoria-loop\/"]}]},{"@type":"ImageObject","inLanguage":"sq-AL","@id":"https:\/\/c-adventures.al\/sq\/tours\/zagoria-loop\/#primaryimage","url":"https:\/\/c-adventures.al\/wp-content\/uploads\/2021\/06\/image00017.jpeg","contentUrl":"https:\/\/c-adventures.al\/wp-content\/uploads\/2021\/06\/image00017.jpeg","width":1280,"height":960},{"@type":"BreadcrumbList","@id":"https:\/\/c-adventures.al\/sq\/tours\/zagoria-loop\/#breadcrumb","itemListElement":[{"@type":"ListItem","position":1,"name":"Home","item":"https:\/\/c-adventures.al\/sq\/"},{"@type":"ListItem","position":2,"name":"Products","item":"https:\/\/c-adventures.al\/shop\/"},{"@type":"ListItem","position":3,"name":"Zagoria Loop"}]},{"@type":"WebSite","@id":"https:\/\/c-adventures.al\/#website","url":"https:\/\/c-adventures.al\/","name":"C-Adventures &amp; Tours","description":"because your time matters","publisher":{"@id":"https:\/\/c-adventures.al\/#organization"},"potentialAction":[{"@type":"SearchAction","target":{"@type":"EntryPoint","urlTemplate":"https:\/\/c-adventures.al\/?s={search_term_string}"},"query-input":{"@type":"PropertyValueSpecification","valueRequired":true,"valueName":"search_term_string"}}],"inLanguage":"sq-AL"},{"@type":"Organization","@id":"https:\/\/c-adventures.al\/#organization","name":"C-Adventures & Tours","url":"https:\/\/c-adventures.al\/","logo":{"@type":"ImageObject","inLanguage":"sq-AL","@id":"https:\/\/c-adventures.al\/#\/schema\/logo\/image\/","url":"https:\/\/c-adventures.al\/wp-content\/uploads\/2021\/05\/logo-c-adventures-web.png","contentUrl":"https:\/\/c-adventures.al\/wp-content\/uploads\/2021\/05\/logo-c-adventures-web.png","width":400,"height":142,"caption":"C-Adventures & Tours"},"image":{"@id":"https:\/\/c-adventures.al\/#\/schema\/logo\/image\/"},"sameAs":["https:\/\/www.facebook.com\/ctoursalbania"]}]}},"_links":{"self":[{"href":"https:\/\/c-adventures.al\/sq\/wp-json\/wp\/v2\/product\/1676","targetHints":{"allow":["GET"]}}],"collection":[{"href":"https:\/\/c-adventures.al\/sq\/wp-json\/wp\/v2\/product"}],"about":[{"href":"https:\/\/c-adventures.al\/sq\/wp-json\/wp\/v2\/types\/product"}],"wp:featuredmedia":[{"embeddable":true,"href":"https:\/\/c-adventures.al\/sq\/wp-json\/wp\/v2\/media\/1677"}],"wp:attachment":[{"href":"https:\/\/c-adventures.al\/sq\/wp-json\/wp\/v2\/media?parent=1676"}],"wp:term":[{"taxonomy":"product_brand","embeddable":true,"href":"https:\/\/c-adventures.al\/sq\/wp-json\/wp\/v2\/product_brand?post=1676"},{"taxonomy":"product_cat","embeddable":true,"href":"https:\/\/c-adventures.al\/sq\/wp-json\/wp\/v2\/product_cat?post=1676"},{"taxonomy":"product_tag","embeddable":true,"href":"https:\/\/c-adventures.al\/sq\/wp-json\/wp\/v2\/product_tag?post=1676"}],"curies":[{"name":"wp","href":"https:\/\/api.w.org\/{rel}","templated":true}]}}