{"id":1678,"date":"2021-06-09T10:57:24","date_gmt":"2021-06-09T08:57:24","guid":{"rendered":"https:\/\/c-adventures.al\/product\/butrint\/"},"modified":"2025-02-08T02:04:48","modified_gmt":"2025-02-08T00:04:48","slug":"butrint","status":"publish","type":"product","link":"https:\/\/c-adventures.al\/sq\/tours\/butrint\/","title":{"rendered":"Turi i Butrintit"},"content":{"rendered":"<p style=\"text-align: justify;\">Ky tur off road p\u00ebrfshin shum\u00eb eksperienca dhe k\u00ebrkon nj\u00eb dit\u00eb t\u00eb t\u00ebr\u00eb. Ky tur do t\u00eb nisi maximumi n\u00eb or\u00ebn 8 t\u00eb m\u00ebngjesit me nj\u00eb udh\u00ebtim sfidues. Pamjet q\u00eb do t\u00eb hasni rruges do t\u00eb jen\u00eb nga m\u00eb t\u00eb bukurat, fshatra t\u00eb vegj\u00ebl t\u00eb larg\u00ebt,sht\u00ebpi t\u00eb vjetra,me apo pa rrug\u00eb,kopshte t\u00eb vegj\u00ebl,kafsh\u00eb t\u00eb ndryshme ,kisha t\u00eb vjetra dhe ndjesia e kthimit pas n\u00eb koh\u00eb.<\/p>\n<p style=\"text-align: justify;\">Ne do t\u00eb ndalojm\u00eb p\u00ebr t\u00eb vizituar rrenojat e kish\u00ebs s\u00eb Leshnic\u00ebs dhe do t\u00eb pim\u00eb nj\u00eb kafe n\u00eb fshatin Cerkovic.<\/p>\n<p>Nj\u00eb person vendas do na b\u00ebj nj\u00eb p\u00ebrshkrim sesi kjo zon\u00eb jeton,si ka q\u00ebn\u00eb e shkuara e tyre,dhe se cfar\u00eb ata presin nga e ardhmja.Gjithashtu do t\u00eb kemi nj\u00eb tur n\u00eb nj\u00eb prej afreskeve mesjetare q\u00eb do t\u00eb drejtohet nga guida nd\u00ebrsa shpjegon p\u00ebr afresket unike n\u00eb kish\u00ebn e Sh\u00ebn Gjergjit dhe Sh\u00ebn Athinas.<\/p>\n<p style=\"text-align: justify;\">M\u00eb pas do t\u00eb nisemi drejt Butrintit p\u00ebr t\u00eb vizituar parkun arkeologjiik,n\u00eb t\u00eb cilin do t\u00eb marim informacion p\u00ebr \u00a0t\u00eb m\u00ebrguarit pas r\u00ebnies s\u00eb Troj\u00ebs t\u00eb cil\u00ebt \u00a0u zhvendos\u00ebn n\u00eb Butrint p\u00ebr t\u00eb shp\u00ebtuar, q\u00eb datojn\u00eb n\u00eb shekullin e 7-t\u00eb para Krishtit bazuar n\u00eb mitologjin\u00eb klasike.<\/p>\n<p style=\"text-align: justify;\">Pjes\u00eb e nj\u00eb zone t\u00eb quajtur Epir,Butrinti ka q\u00ebn\u00eb i pushtuar nga greket,roman\u00ebt,bizantin\u00ebt dhe nga venecian\u00ebt.Si rezultat I k\u00ebtyre pushtimeve Butrinti ofron nj\u00eb mori strukturash arkeologjike si\u00a0 nj\u00eb teat\u00ebr i ruajtur mir\u00eb, banjot publike romake brenda t\u00eb cilave gjendet nj\u00eb vend ku zhvilloheshin ritet \u00a0paleokristiane dhe nj\u00eb bazilik\u00eb e shekullit t\u00eb 9-t\u00eb.<\/p>\n<p style=\"text-align: justify;\">Gjithashtu\u00a0 do t\u00eb shihni shenjtorin e Asclepius, zot i mjek\u00ebsis\u00eb I cili ulet n\u00eb &#8220;akropolin&#8221; e tij dhe daton q\u00eb nga shekulli i kat\u00ebrt.<\/p>\n<p style=\"text-align: justify;\">Ne do ta vazhdojm\u00eb udh\u00ebtimin drejt nj\u00eb tjet\u00ebr aventure si c\u00ebsht\u00eb turi i midhjeve n\u00ebp\u00ebrmjet liqenit t\u00eb Butrintit me vark\u00eb.Ky \u00ebsht\u00eb nj\u00eb tur meditativ.Ju do t\u00eb merrni midhjet tuaja do ti hapni dhe do ti pastroni ato.<\/p>\n<p style=\"text-align: justify;\">Ju do t\u00eb ndaloni n\u00eb nj\u00eb breg ku do ti gatuani dhe do ti hani midhjet tuaja.<\/p>\n<p style=\"text-align: justify;\">\u00cbsht\u00eb nj\u00eb kombinim i shijeve t\u00eb ndryshme q\u00eb p\u00ebrfshin vajin e ullirit vendas dhe limonat,buk\u00eb e fresk\u00ebt dhe nj\u00eb got\u00eb vere vendase.<\/p>\n<p style=\"text-align: justify;\">Guida juaj anglishfol\u00ebse do ta b\u00ebj eksperienc\u00ebn tuaj unike duke ju treguar histori vendase dhe legjenda.<\/p>\n<p style=\"text-align: justify;\">Ne do t\u00eb drejtohemi p\u00ebr n\u00eb Sarand\u00eb\u00a0 dhe para se t\u00eb kthehemi p\u00ebrs\u00ebri n\u00eb Gjirokast\u00ebr ju do t\u00eb vizitoni galerin\u00eb\u00a0 e \u00a0artit dhe do t\u00eb keni nj\u00eb prezantim nga menaxheri i cili \u00ebsht\u00eb gjithashtu nj\u00eb piktor shum\u00eb i mir\u00eb.<\/p>\n","protected":false},"excerpt":{"rendered":"<p>Ky tur off road p\u00ebrfshin shum\u00eb eksperienca dhe k\u00ebrkon nj\u00eb dit\u00eb t\u00eb t\u00ebr\u00eb. Ky tur do t\u00eb nisi maximumi n\u00eb or\u00ebn 8 t\u00eb m\u00ebngjesit me nj\u00eb udh\u00ebtim sfidues. Pamjet q\u00eb do t\u00eb hasni rruges do t\u00eb jen\u00eb nga m\u00eb t\u00eb bukurat, fshatra t\u00eb vegj\u00ebl t\u00eb larg\u00ebt,sht\u00ebpi t\u00eb vjetra,me apo pa rrug\u00eb,kopshte t\u00eb vegj\u00ebl,kafsh\u00eb t\u00eb ndryshme<\/p>\n<div class=\"padding-top text-center\"><a href=\"https:\/\/c-adventures.al\/sq\/tours\/butrint\/\" class=\"atbtn atbtn--medium atbtn--rounded atbtn--transparent\">Read more<i class=\"atbtn__icon atbtn__icon--right fa fa-long-arrow-right\"><\/i><\/a><\/div>\n","protected":false},"featured_media":1680,"template":"","meta":[],"product_brand":[],"product_cat":[99],"product_tag":[],"class_list":{"0":"post-1678","1":"product","2":"type-product","3":"status-publish","4":"has-post-thumbnail","6":"product_cat-uncategorized-sq","7":"tour_category-eksperience","8":"tour_category-histori","9":"tour_category-natyre","10":"tour_category-off-roads","12":"first","13":"instock","14":"featured","15":"virtual","16":"purchasable","17":"product-type-tour"},"yoast_head":"<!-- This site is optimized with the Yoast SEO plugin v24.4 - https:\/\/yoast.com\/wordpress\/plugins\/seo\/ -->\n<title>Turi i Butrintit - C-Adventures &amp; Tours<\/title>\n<meta name=\"robots\" content=\"index, follow, max-snippet:-1, max-image-preview:large, max-video-preview:-1\" \/>\n<link rel=\"canonical\" href=\"https:\/\/c-adventures.al\/sq\/tours\/butrint\/\" \/>\n<meta property=\"og:locale\" content=\"sq_AL\" \/>\n<meta property=\"og:type\" content=\"article\" \/>\n<meta property=\"og:title\" content=\"Turi i Butrintit - C-Adventures &amp; Tours\" \/>\n<meta property=\"og:description\" content=\"Ky tur off road p\u00ebrfshin shum\u00eb eksperienca dhe k\u00ebrkon nj\u00eb dit\u00eb t\u00eb t\u00ebr\u00eb. Ky tur do t\u00eb nisi maximumi n\u00eb or\u00ebn 8 t\u00eb m\u00ebngjesit me nj\u00eb udh\u00ebtim sfidues. Pamjet q\u00eb do t\u00eb hasni rruges do t\u00eb jen\u00eb nga m\u00eb t\u00eb bukurat, fshatra t\u00eb vegj\u00ebl t\u00eb larg\u00ebt,sht\u00ebpi t\u00eb vjetra,me apo pa rrug\u00eb,kopshte t\u00eb vegj\u00ebl,kafsh\u00eb t\u00eb ndryshmeRead more\" \/>\n<meta property=\"og:url\" content=\"https:\/\/c-adventures.al\/sq\/tours\/butrint\/\" \/>\n<meta property=\"og:site_name\" content=\"C-Adventures &amp; Tours\" \/>\n<meta property=\"article:publisher\" content=\"https:\/\/www.facebook.com\/ctoursalbania\" \/>\n<meta property=\"article:modified_time\" content=\"2025-02-08T00:04:48+00:00\" \/>\n<meta property=\"og:image\" content=\"https:\/\/c-adventures.al\/wp-content\/uploads\/2021\/06\/IMG_3845.jpg\" \/>\n\t<meta property=\"og:image:width\" content=\"750\" \/>\n\t<meta property=\"og:image:height\" content=\"563\" \/>\n\t<meta property=\"og:image:type\" content=\"image\/jpeg\" \/>\n<meta name=\"twitter:card\" content=\"summary_large_image\" \/>\n<meta name=\"twitter:label1\" content=\"Est. reading time\" \/>\n\t<meta name=\"twitter:data1\" content=\"2 minutes\" \/>\n<script type=\"application\/ld+json\" class=\"yoast-schema-graph\">{\"@context\":\"https:\/\/schema.org\",\"@graph\":[{\"@type\":\"WebPage\",\"@id\":\"https:\/\/c-adventures.al\/sq\/tours\/butrint\/\",\"url\":\"https:\/\/c-adventures.al\/sq\/tours\/butrint\/\",\"name\":\"Turi i Butrintit - C-Adventures &amp; Tours\",\"isPartOf\":{\"@id\":\"https:\/\/c-adventures.al\/#website\"},\"primaryImageOfPage\":{\"@id\":\"https:\/\/c-adventures.al\/sq\/tours\/butrint\/#primaryimage\"},\"image\":{\"@id\":\"https:\/\/c-adventures.al\/sq\/tours\/butrint\/#primaryimage\"},\"thumbnailUrl\":\"https:\/\/c-adventures.al\/wp-content\/uploads\/2021\/06\/IMG_3845.jpg\",\"datePublished\":\"2021-06-09T08:57:24+00:00\",\"dateModified\":\"2025-02-08T00:04:48+00:00\",\"breadcrumb\":{\"@id\":\"https:\/\/c-adventures.al\/sq\/tours\/butrint\/#breadcrumb\"},\"inLanguage\":\"sq-AL\",\"potentialAction\":[{\"@type\":\"ReadAction\",\"target\":[\"https:\/\/c-adventures.al\/sq\/tours\/butrint\/\"]}]},{\"@type\":\"ImageObject\",\"inLanguage\":\"sq-AL\",\"@id\":\"https:\/\/c-adventures.al\/sq\/tours\/butrint\/#primaryimage\",\"url\":\"https:\/\/c-adventures.al\/wp-content\/uploads\/2021\/06\/IMG_3845.jpg\",\"contentUrl\":\"https:\/\/c-adventures.al\/wp-content\/uploads\/2021\/06\/IMG_3845.jpg\",\"width\":750,\"height\":563},{\"@type\":\"BreadcrumbList\",\"@id\":\"https:\/\/c-adventures.al\/sq\/tours\/butrint\/#breadcrumb\",\"itemListElement\":[{\"@type\":\"ListItem\",\"position\":1,\"name\":\"Home\",\"item\":\"https:\/\/c-adventures.al\/sq\/\"},{\"@type\":\"ListItem\",\"position\":2,\"name\":\"Products\",\"item\":\"https:\/\/c-adventures.al\/shop\/\"},{\"@type\":\"ListItem\",\"position\":3,\"name\":\"Turi i Butrintit\"}]},{\"@type\":\"WebSite\",\"@id\":\"https:\/\/c-adventures.al\/#website\",\"url\":\"https:\/\/c-adventures.al\/\",\"name\":\"C-Adventures &amp; Tours\",\"description\":\"because your time matters\",\"publisher\":{\"@id\":\"https:\/\/c-adventures.al\/#organization\"},\"potentialAction\":[{\"@type\":\"SearchAction\",\"target\":{\"@type\":\"EntryPoint\",\"urlTemplate\":\"https:\/\/c-adventures.al\/?s={search_term_string}\"},\"query-input\":{\"@type\":\"PropertyValueSpecification\",\"valueRequired\":true,\"valueName\":\"search_term_string\"}}],\"inLanguage\":\"sq-AL\"},{\"@type\":\"Organization\",\"@id\":\"https:\/\/c-adventures.al\/#organization\",\"name\":\"C-Adventures & Tours\",\"url\":\"https:\/\/c-adventures.al\/\",\"logo\":{\"@type\":\"ImageObject\",\"inLanguage\":\"sq-AL\",\"@id\":\"https:\/\/c-adventures.al\/#\/schema\/logo\/image\/\",\"url\":\"https:\/\/c-adventures.al\/wp-content\/uploads\/2021\/05\/logo-c-adventures-web.png\",\"contentUrl\":\"https:\/\/c-adventures.al\/wp-content\/uploads\/2021\/05\/logo-c-adventures-web.png\",\"width\":400,\"height\":142,\"caption\":\"C-Adventures & Tours\"},\"image\":{\"@id\":\"https:\/\/c-adventures.al\/#\/schema\/logo\/image\/\"},\"sameAs\":[\"https:\/\/www.facebook.com\/ctoursalbania\"]}]}<\/script>\n<!-- \/ Yoast SEO plugin. -->","yoast_head_json":{"title":"Turi i Butrintit - C-Adventures &amp; Tours","robots":{"index":"index","follow":"follow","max-snippet":"max-snippet:-1","max-image-preview":"max-image-preview:large","max-video-preview":"max-video-preview:-1"},"canonical":"https:\/\/c-adventures.al\/sq\/tours\/butrint\/","og_locale":"sq_AL","og_type":"article","og_title":"Turi i Butrintit - C-Adventures &amp; Tours","og_description":"Ky tur off road p\u00ebrfshin shum\u00eb eksperienca dhe k\u00ebrkon nj\u00eb dit\u00eb t\u00eb t\u00ebr\u00eb. Ky tur do t\u00eb nisi maximumi n\u00eb or\u00ebn 8 t\u00eb m\u00ebngjesit me nj\u00eb udh\u00ebtim sfidues. Pamjet q\u00eb do t\u00eb hasni rruges do t\u00eb jen\u00eb nga m\u00eb t\u00eb bukurat, fshatra t\u00eb vegj\u00ebl t\u00eb larg\u00ebt,sht\u00ebpi t\u00eb vjetra,me apo pa rrug\u00eb,kopshte t\u00eb vegj\u00ebl,kafsh\u00eb t\u00eb ndryshmeRead more","og_url":"https:\/\/c-adventures.al\/sq\/tours\/butrint\/","og_site_name":"C-Adventures &amp; Tours","article_publisher":"https:\/\/www.facebook.com\/ctoursalbania","article_modified_time":"2025-02-08T00:04:48+00:00","og_image":[{"width":750,"height":563,"url":"https:\/\/c-adventures.al\/wp-content\/uploads\/2021\/06\/IMG_3845.jpg","type":"image\/jpeg"}],"twitter_card":"summary_large_image","twitter_misc":{"Est. reading time":"2 minutes"},"schema":{"@context":"https:\/\/schema.org","@graph":[{"@type":"WebPage","@id":"https:\/\/c-adventures.al\/sq\/tours\/butrint\/","url":"https:\/\/c-adventures.al\/sq\/tours\/butrint\/","name":"Turi i Butrintit - C-Adventures &amp; Tours","isPartOf":{"@id":"https:\/\/c-adventures.al\/#website"},"primaryImageOfPage":{"@id":"https:\/\/c-adventures.al\/sq\/tours\/butrint\/#primaryimage"},"image":{"@id":"https:\/\/c-adventures.al\/sq\/tours\/butrint\/#primaryimage"},"thumbnailUrl":"https:\/\/c-adventures.al\/wp-content\/uploads\/2021\/06\/IMG_3845.jpg","datePublished":"2021-06-09T08:57:24+00:00","dateModified":"2025-02-08T00:04:48+00:00","breadcrumb":{"@id":"https:\/\/c-adventures.al\/sq\/tours\/butrint\/#breadcrumb"},"inLanguage":"sq-AL","potentialAction":[{"@type":"ReadAction","target":["https:\/\/c-adventures.al\/sq\/tours\/butrint\/"]}]},{"@type":"ImageObject","inLanguage":"sq-AL","@id":"https:\/\/c-adventures.al\/sq\/tours\/butrint\/#primaryimage","url":"https:\/\/c-adventures.al\/wp-content\/uploads\/2021\/06\/IMG_3845.jpg","contentUrl":"https:\/\/c-adventures.al\/wp-content\/uploads\/2021\/06\/IMG_3845.jpg","width":750,"height":563},{"@type":"BreadcrumbList","@id":"https:\/\/c-adventures.al\/sq\/tours\/butrint\/#breadcrumb","itemListElement":[{"@type":"ListItem","position":1,"name":"Home","item":"https:\/\/c-adventures.al\/sq\/"},{"@type":"ListItem","position":2,"name":"Products","item":"https:\/\/c-adventures.al\/shop\/"},{"@type":"ListItem","position":3,"name":"Turi i Butrintit"}]},{"@type":"WebSite","@id":"https:\/\/c-adventures.al\/#website","url":"https:\/\/c-adventures.al\/","name":"C-Adventures &amp; Tours","description":"because your time matters","publisher":{"@id":"https:\/\/c-adventures.al\/#organization"},"potentialAction":[{"@type":"SearchAction","target":{"@type":"EntryPoint","urlTemplate":"https:\/\/c-adventures.al\/?s={search_term_string}"},"query-input":{"@type":"PropertyValueSpecification","valueRequired":true,"valueName":"search_term_string"}}],"inLanguage":"sq-AL"},{"@type":"Organization","@id":"https:\/\/c-adventures.al\/#organization","name":"C-Adventures & Tours","url":"https:\/\/c-adventures.al\/","logo":{"@type":"ImageObject","inLanguage":"sq-AL","@id":"https:\/\/c-adventures.al\/#\/schema\/logo\/image\/","url":"https:\/\/c-adventures.al\/wp-content\/uploads\/2021\/05\/logo-c-adventures-web.png","contentUrl":"https:\/\/c-adventures.al\/wp-content\/uploads\/2021\/05\/logo-c-adventures-web.png","width":400,"height":142,"caption":"C-Adventures & Tours"},"image":{"@id":"https:\/\/c-adventures.al\/#\/schema\/logo\/image\/"},"sameAs":["https:\/\/www.facebook.com\/ctoursalbania"]}]}},"_links":{"self":[{"href":"https:\/\/c-adventures.al\/sq\/wp-json\/wp\/v2\/product\/1678","targetHints":{"allow":["GET"]}}],"collection":[{"href":"https:\/\/c-adventures.al\/sq\/wp-json\/wp\/v2\/product"}],"about":[{"href":"https:\/\/c-adventures.al\/sq\/wp-json\/wp\/v2\/types\/product"}],"wp:featuredmedia":[{"embeddable":true,"href":"https:\/\/c-adventures.al\/sq\/wp-json\/wp\/v2\/media\/1680"}],"wp:attachment":[{"href":"https:\/\/c-adventures.al\/sq\/wp-json\/wp\/v2\/media?parent=1678"}],"wp:term":[{"taxonomy":"product_brand","embeddable":true,"href":"https:\/\/c-adventures.al\/sq\/wp-json\/wp\/v2\/product_brand?post=1678"},{"taxonomy":"product_cat","embeddable":true,"href":"https:\/\/c-adventures.al\/sq\/wp-json\/wp\/v2\/product_cat?post=1678"},{"taxonomy":"product_tag","embeddable":true,"href":"https:\/\/c-adventures.al\/sq\/wp-json\/wp\/v2\/product_tag?post=1678"}],"curies":[{"name":"wp","href":"https:\/\/api.w.org\/{rel}","templated":true}]}}