{"id":1681,"date":"2021-06-10T10:46:34","date_gmt":"2021-06-10T08:46:34","guid":{"rendered":"https:\/\/c-adventures.al\/product\/gjirokastra-wander-tour\/"},"modified":"2025-05-25T00:51:18","modified_gmt":"2025-05-24T22:51:18","slug":"gjirokastra-wander-tour","status":"publish","type":"product","link":"https:\/\/c-adventures.al\/sq\/tours\/gjirokastra-wander-tour\/","title":{"rendered":"Gjirokastra Tour &#8211; Eksperienca dhe shije"},"content":{"rendered":"<p><strong>Gjirokastra tour &#8211; Eksperienca dhe shije <\/strong><\/p>\n<p>Ky tur do t&#8217;ju\u00a0 udh\u00ebheq\u00eb n\u00eb magjin\u00eb e jet\u00ebs lokale. Ju do t\u00eb njiheni me histori q\u00eb shenjuan jet\u00ebn e k\u00ebtij qyteti, ngjarje, tradita e rite, t\u00eb cilat gjenden n\u00eb\u00a0 \u00e7do sokak t\u00eb tij.<\/p>\n<p>Nj\u00eb tur ndryshe, ku nuk do t\u00eb memorizohen datat, por mbresat e historive dhe m\u00ebnyra si qyteti e sheh veten nd\u00ebr shekuj.<\/p>\n<p>Do t\u00eb m\u00ebsoni rreth legjendave, miteve, ngjarjeve t\u00eb rralla, m\u00ebnyr\u00ebs s\u00eb menaxhimit t\u00eb tyre nga banor\u00ebt lokal.<\/p>\n<ul>\n<li>Rrug\u00ebtimi do t\u00eb nis\u00eb n\u00eb <em>Pazarin e Gjirokastr\u00ebs<\/em>. Ai u dogj p\u00ebrpara 300 vitesh dhe q\u00eb at\u00ebher\u00eb pas ringritjes u em\u00ebrtua Pazari i Ri, em\u00ebr q\u00eb e mban edhe sot.<\/li>\n<li>Ndalesa e dyt\u00eb do t\u00eb jet\u00eb <em>Kalaja<\/em>, simboli i jet\u00ebs qytetare, mbrojt\u00ebsja e qytetit e rrethuar nga misteri dhe legjendat. Gjat\u00eb rrug\u00ebtimit brenda mureve t\u00eb k\u00ebshtjell\u00ebs do t\u00eb vizitoni: <em>Kull\u00ebn e Sahatit, galerin\u00eb e topave, Kish\u00ebn e Princit, objektet e kultit.<\/em><\/li>\n<\/ul>\n<p>Do t\u00eb njiheni me legjend\u00ebn e Argjiros, dhe periudhat historike q\u00eb sh\u00ebnuan jet\u00ebn e kalas\u00eb dhe qytetit. Periudha e Ali Pash\u00ebs dhe ajo e komunizmit kan\u00eb l\u00ebn\u00eb shum\u00eb gjurm\u00eb ende evidente n\u00eb k\u00ebshtjell\u00eb. Nga kalaja \u00ebsht\u00eb e dukshme edhe kronologjia historike e daljes s\u00eb qytetit nga fortesa si dhe prezenca dhe roli i familjeve t\u00eb m\u00ebdha.<\/p>\n<p><strong>Sht\u00ebpia e Sk\u00ebndulat\u00ebve<\/strong><\/p>\n<p>Ndalesa e rradh\u00ebs do t\u00eb jet\u00eb n\u00eb nj\u00eb nga sht\u00ebpit\u00eb karakteristike t\u00eb qytetit t\u00eb Gjirokastr\u00ebs. Nj\u00eb banes\u00eb e tipit kull\u00eb e nd\u00ebrtuar n\u00eb vitin 1700 me nj\u00eb stil autentik, q\u00eb pasqyron modelin e familjes patriarkale.<\/p>\n<p>N\u00eb k\u00ebt\u00eb sht\u00ebpi do t\u00eb shikojm\u00eb mjediset e organizuara sipas funksionit Oda e miqve, dhomat dim\u00ebrore, dhoma e t\u00eb moshuarve, qilar\u00ebt, dhomat e ruajtjes s\u00eb ushqimit, stera e ujit. Vizita jep nj\u00eb ide rreth organizimit t\u00eb jet\u00ebs s\u00eb familjes gjirokastrite n\u00eb periudh\u00ebn e mesjet\u00ebs s\u00eb von\u00eb.<\/p>\n<p><strong>Eksperienca sipas d\u00ebshir\u00ebs <\/strong><\/p>\n<ul>\n<li>Veshja me kostume traditcionale (mund t\u00eb merrni me vete suvenirin tuaj fotografik)<\/li>\n<li>Gdhendje druri (mund t\u00eb merrni me vete punimin tuaj n\u00eb dru)<\/li>\n<li>Gdhendje n\u00eb gur (mund t\u00eb merrni me vete suvenirin q\u00eb vet\u00eb do t\u00eb gdhendni n\u00eb gur).<\/li>\n<\/ul>\n<p>Cil\u00ebndo prej eksperiencave q\u00eb t\u00eb preferoni, do t\u00eb provoni ndjesi lokale, dhe do t\u00eb krijoni nj\u00eb kujtim t\u00eb personalizuar.<\/p>\n<p>Gjat\u00eb turit do t\u00eb zbulohen element\u00ebt e dekorit tradicional, kuptimi dhe simbolika e tyre shpesh her\u00eb fetare por edhe pagane, si edhe m\u00ebnyra e punimit artizanal t\u00eb zon\u00ebs.<\/p>\n<p><strong>Klas\u00eb gatimi<\/strong><\/p>\n<p>K\u00ebt\u00eb eksperienc\u00eb do ta p\u00ebrmbyllim me nj\u00eb klas\u00eb gatimi n\u00eb \u201cQaf\u00ebn e Pazarit\u201d Ve\u00e7 ndjesive dhe kujtimeve prej pjes\u00ebmarrjes suaj n\u00eb gatim do t\u00eb merrni me vete nj\u00eb recet\u00eb sekrete. I gjith\u00eb turi do t\u00eb finalizohet me testimin e shijeve lokale q\u00eb vijn\u00eb t\u00eb kombinuara me shumllojshm\u00ebrin\u00eb e bim\u00ebve t\u00eb rajonit.<\/p>\n","protected":false},"excerpt":{"rendered":"<p>Gjirokastra tour &#8211; Eksperienca dhe shije Ky tur do t&#8217;ju\u00a0 udh\u00ebheq\u00eb n\u00eb magjin\u00eb e jet\u00ebs lokale. Ju do t\u00eb njiheni me histori q\u00eb shenjuan jet\u00ebn e k\u00ebtij qyteti, ngjarje, tradita e rite, t\u00eb cilat gjenden n\u00eb\u00a0 \u00e7do sokak t\u00eb tij. Nj\u00eb tur ndryshe, ku nuk do t\u00eb memorizohen datat, por mbresat e historive dhe m\u00ebnyra<\/p>\n<div class=\"padding-top text-center\"><a href=\"https:\/\/c-adventures.al\/sq\/tours\/gjirokastra-wander-tour\/\" class=\"atbtn atbtn--medium atbtn--rounded atbtn--transparent\">Read more<i class=\"atbtn__icon atbtn__icon--right fa fa-long-arrow-right\"><\/i><\/a><\/div>\n","protected":false},"featured_media":1683,"template":"","meta":[],"product_brand":[],"product_cat":[99],"product_tag":[],"class_list":{"0":"post-1681","1":"product","2":"type-product","3":"status-publish","4":"has-post-thumbnail","6":"product_cat-uncategorized-sq","7":"tour_category-eksperience","8":"tour_category-histori","9":"tour_category-ture-ne-qytet","11":"first","12":"instock","13":"featured","14":"virtual","15":"purchasable","16":"product-type-tour"},"yoast_head":"<!-- This site is optimized with the Yoast SEO plugin v24.4 - https:\/\/yoast.com\/wordpress\/plugins\/seo\/ -->\n<title>Gjirokastra Tour - Eksperienca dhe shije - C-Adventures &amp; Tours<\/title>\n<meta name=\"robots\" content=\"index, follow, max-snippet:-1, max-image-preview:large, max-video-preview:-1\" \/>\n<link rel=\"canonical\" href=\"https:\/\/c-adventures.al\/sq\/tours\/gjirokastra-wander-tour\/\" \/>\n<meta property=\"og:locale\" content=\"sq_AL\" \/>\n<meta property=\"og:type\" content=\"article\" \/>\n<meta property=\"og:title\" content=\"Gjirokastra Tour - Eksperienca dhe shije - C-Adventures &amp; Tours\" \/>\n<meta property=\"og:description\" content=\"Gjirokastra tour &#8211; Eksperienca dhe shije Ky tur do t&#8217;ju\u00a0 udh\u00ebheq\u00eb n\u00eb magjin\u00eb e jet\u00ebs lokale. Ju do t\u00eb njiheni me histori q\u00eb shenjuan jet\u00ebn e k\u00ebtij qyteti, ngjarje, tradita e rite, t\u00eb cilat gjenden n\u00eb\u00a0 \u00e7do sokak t\u00eb tij. Nj\u00eb tur ndryshe, ku nuk do t\u00eb memorizohen datat, por mbresat e historive dhe m\u00ebnyraRead more\" \/>\n<meta property=\"og:url\" content=\"https:\/\/c-adventures.al\/sq\/tours\/gjirokastra-wander-tour\/\" \/>\n<meta property=\"og:site_name\" content=\"C-Adventures &amp; Tours\" \/>\n<meta property=\"article:publisher\" content=\"https:\/\/www.facebook.com\/ctoursalbania\" \/>\n<meta property=\"article:modified_time\" content=\"2025-05-24T22:51:18+00:00\" \/>\n<meta property=\"og:image\" content=\"https:\/\/c-adventures.al\/wp-content\/uploads\/2021\/06\/TOTU0620.jpg\" \/>\n\t<meta property=\"og:image:width\" content=\"750\" \/>\n\t<meta property=\"og:image:height\" content=\"563\" \/>\n\t<meta property=\"og:image:type\" content=\"image\/jpeg\" \/>\n<meta name=\"twitter:card\" content=\"summary_large_image\" \/>\n<meta name=\"twitter:label1\" content=\"Est. reading time\" \/>\n\t<meta name=\"twitter:data1\" content=\"3 minutes\" \/>\n<script type=\"application\/ld+json\" class=\"yoast-schema-graph\">{\"@context\":\"https:\/\/schema.org\",\"@graph\":[{\"@type\":\"WebPage\",\"@id\":\"https:\/\/c-adventures.al\/sq\/tours\/gjirokastra-wander-tour\/\",\"url\":\"https:\/\/c-adventures.al\/sq\/tours\/gjirokastra-wander-tour\/\",\"name\":\"Gjirokastra Tour - Eksperienca dhe shije - C-Adventures &amp; Tours\",\"isPartOf\":{\"@id\":\"https:\/\/c-adventures.al\/#website\"},\"primaryImageOfPage\":{\"@id\":\"https:\/\/c-adventures.al\/sq\/tours\/gjirokastra-wander-tour\/#primaryimage\"},\"image\":{\"@id\":\"https:\/\/c-adventures.al\/sq\/tours\/gjirokastra-wander-tour\/#primaryimage\"},\"thumbnailUrl\":\"https:\/\/c-adventures.al\/wp-content\/uploads\/2021\/06\/TOTU0620.jpg\",\"datePublished\":\"2021-06-10T08:46:34+00:00\",\"dateModified\":\"2025-05-24T22:51:18+00:00\",\"breadcrumb\":{\"@id\":\"https:\/\/c-adventures.al\/sq\/tours\/gjirokastra-wander-tour\/#breadcrumb\"},\"inLanguage\":\"sq-AL\",\"potentialAction\":[{\"@type\":\"ReadAction\",\"target\":[\"https:\/\/c-adventures.al\/sq\/tours\/gjirokastra-wander-tour\/\"]}]},{\"@type\":\"ImageObject\",\"inLanguage\":\"sq-AL\",\"@id\":\"https:\/\/c-adventures.al\/sq\/tours\/gjirokastra-wander-tour\/#primaryimage\",\"url\":\"https:\/\/c-adventures.al\/wp-content\/uploads\/2021\/06\/TOTU0620.jpg\",\"contentUrl\":\"https:\/\/c-adventures.al\/wp-content\/uploads\/2021\/06\/TOTU0620.jpg\",\"width\":750,\"height\":563},{\"@type\":\"BreadcrumbList\",\"@id\":\"https:\/\/c-adventures.al\/sq\/tours\/gjirokastra-wander-tour\/#breadcrumb\",\"itemListElement\":[{\"@type\":\"ListItem\",\"position\":1,\"name\":\"Home\",\"item\":\"https:\/\/c-adventures.al\/sq\/\"},{\"@type\":\"ListItem\",\"position\":2,\"name\":\"Products\",\"item\":\"https:\/\/c-adventures.al\/shop\/\"},{\"@type\":\"ListItem\",\"position\":3,\"name\":\"Gjirokastra Tour &#8211; Eksperienca dhe shije\"}]},{\"@type\":\"WebSite\",\"@id\":\"https:\/\/c-adventures.al\/#website\",\"url\":\"https:\/\/c-adventures.al\/\",\"name\":\"C-Adventures &amp; Tours\",\"description\":\"because your time matters\",\"publisher\":{\"@id\":\"https:\/\/c-adventures.al\/#organization\"},\"potentialAction\":[{\"@type\":\"SearchAction\",\"target\":{\"@type\":\"EntryPoint\",\"urlTemplate\":\"https:\/\/c-adventures.al\/?s={search_term_string}\"},\"query-input\":{\"@type\":\"PropertyValueSpecification\",\"valueRequired\":true,\"valueName\":\"search_term_string\"}}],\"inLanguage\":\"sq-AL\"},{\"@type\":\"Organization\",\"@id\":\"https:\/\/c-adventures.al\/#organization\",\"name\":\"C-Adventures & Tours\",\"url\":\"https:\/\/c-adventures.al\/\",\"logo\":{\"@type\":\"ImageObject\",\"inLanguage\":\"sq-AL\",\"@id\":\"https:\/\/c-adventures.al\/#\/schema\/logo\/image\/\",\"url\":\"https:\/\/c-adventures.al\/wp-content\/uploads\/2021\/05\/logo-c-adventures-web.png\",\"contentUrl\":\"https:\/\/c-adventures.al\/wp-content\/uploads\/2021\/05\/logo-c-adventures-web.png\",\"width\":400,\"height\":142,\"caption\":\"C-Adventures & Tours\"},\"image\":{\"@id\":\"https:\/\/c-adventures.al\/#\/schema\/logo\/image\/\"},\"sameAs\":[\"https:\/\/www.facebook.com\/ctoursalbania\"]}]}<\/script>\n<!-- \/ Yoast SEO plugin. -->","yoast_head_json":{"title":"Gjirokastra Tour - Eksperienca dhe shije - C-Adventures &amp; Tours","robots":{"index":"index","follow":"follow","max-snippet":"max-snippet:-1","max-image-preview":"max-image-preview:large","max-video-preview":"max-video-preview:-1"},"canonical":"https:\/\/c-adventures.al\/sq\/tours\/gjirokastra-wander-tour\/","og_locale":"sq_AL","og_type":"article","og_title":"Gjirokastra Tour - Eksperienca dhe shije - C-Adventures &amp; Tours","og_description":"Gjirokastra tour &#8211; Eksperienca dhe shije Ky tur do t&#8217;ju\u00a0 udh\u00ebheq\u00eb n\u00eb magjin\u00eb e jet\u00ebs lokale. Ju do t\u00eb njiheni me histori q\u00eb shenjuan jet\u00ebn e k\u00ebtij qyteti, ngjarje, tradita e rite, t\u00eb cilat gjenden n\u00eb\u00a0 \u00e7do sokak t\u00eb tij. Nj\u00eb tur ndryshe, ku nuk do t\u00eb memorizohen datat, por mbresat e historive dhe m\u00ebnyraRead more","og_url":"https:\/\/c-adventures.al\/sq\/tours\/gjirokastra-wander-tour\/","og_site_name":"C-Adventures &amp; Tours","article_publisher":"https:\/\/www.facebook.com\/ctoursalbania","article_modified_time":"2025-05-24T22:51:18+00:00","og_image":[{"width":750,"height":563,"url":"https:\/\/c-adventures.al\/wp-content\/uploads\/2021\/06\/TOTU0620.jpg","type":"image\/jpeg"}],"twitter_card":"summary_large_image","twitter_misc":{"Est. reading time":"3 minutes"},"schema":{"@context":"https:\/\/schema.org","@graph":[{"@type":"WebPage","@id":"https:\/\/c-adventures.al\/sq\/tours\/gjirokastra-wander-tour\/","url":"https:\/\/c-adventures.al\/sq\/tours\/gjirokastra-wander-tour\/","name":"Gjirokastra Tour - Eksperienca dhe shije - C-Adventures &amp; Tours","isPartOf":{"@id":"https:\/\/c-adventures.al\/#website"},"primaryImageOfPage":{"@id":"https:\/\/c-adventures.al\/sq\/tours\/gjirokastra-wander-tour\/#primaryimage"},"image":{"@id":"https:\/\/c-adventures.al\/sq\/tours\/gjirokastra-wander-tour\/#primaryimage"},"thumbnailUrl":"https:\/\/c-adventures.al\/wp-content\/uploads\/2021\/06\/TOTU0620.jpg","datePublished":"2021-06-10T08:46:34+00:00","dateModified":"2025-05-24T22:51:18+00:00","breadcrumb":{"@id":"https:\/\/c-adventures.al\/sq\/tours\/gjirokastra-wander-tour\/#breadcrumb"},"inLanguage":"sq-AL","potentialAction":[{"@type":"ReadAction","target":["https:\/\/c-adventures.al\/sq\/tours\/gjirokastra-wander-tour\/"]}]},{"@type":"ImageObject","inLanguage":"sq-AL","@id":"https:\/\/c-adventures.al\/sq\/tours\/gjirokastra-wander-tour\/#primaryimage","url":"https:\/\/c-adventures.al\/wp-content\/uploads\/2021\/06\/TOTU0620.jpg","contentUrl":"https:\/\/c-adventures.al\/wp-content\/uploads\/2021\/06\/TOTU0620.jpg","width":750,"height":563},{"@type":"BreadcrumbList","@id":"https:\/\/c-adventures.al\/sq\/tours\/gjirokastra-wander-tour\/#breadcrumb","itemListElement":[{"@type":"ListItem","position":1,"name":"Home","item":"https:\/\/c-adventures.al\/sq\/"},{"@type":"ListItem","position":2,"name":"Products","item":"https:\/\/c-adventures.al\/shop\/"},{"@type":"ListItem","position":3,"name":"Gjirokastra Tour &#8211; Eksperienca dhe shije"}]},{"@type":"WebSite","@id":"https:\/\/c-adventures.al\/#website","url":"https:\/\/c-adventures.al\/","name":"C-Adventures &amp; Tours","description":"because your time matters","publisher":{"@id":"https:\/\/c-adventures.al\/#organization"},"potentialAction":[{"@type":"SearchAction","target":{"@type":"EntryPoint","urlTemplate":"https:\/\/c-adventures.al\/?s={search_term_string}"},"query-input":{"@type":"PropertyValueSpecification","valueRequired":true,"valueName":"search_term_string"}}],"inLanguage":"sq-AL"},{"@type":"Organization","@id":"https:\/\/c-adventures.al\/#organization","name":"C-Adventures & Tours","url":"https:\/\/c-adventures.al\/","logo":{"@type":"ImageObject","inLanguage":"sq-AL","@id":"https:\/\/c-adventures.al\/#\/schema\/logo\/image\/","url":"https:\/\/c-adventures.al\/wp-content\/uploads\/2021\/05\/logo-c-adventures-web.png","contentUrl":"https:\/\/c-adventures.al\/wp-content\/uploads\/2021\/05\/logo-c-adventures-web.png","width":400,"height":142,"caption":"C-Adventures & Tours"},"image":{"@id":"https:\/\/c-adventures.al\/#\/schema\/logo\/image\/"},"sameAs":["https:\/\/www.facebook.com\/ctoursalbania"]}]}},"_links":{"self":[{"href":"https:\/\/c-adventures.al\/sq\/wp-json\/wp\/v2\/product\/1681","targetHints":{"allow":["GET"]}}],"collection":[{"href":"https:\/\/c-adventures.al\/sq\/wp-json\/wp\/v2\/product"}],"about":[{"href":"https:\/\/c-adventures.al\/sq\/wp-json\/wp\/v2\/types\/product"}],"wp:featuredmedia":[{"embeddable":true,"href":"https:\/\/c-adventures.al\/sq\/wp-json\/wp\/v2\/media\/1683"}],"wp:attachment":[{"href":"https:\/\/c-adventures.al\/sq\/wp-json\/wp\/v2\/media?parent=1681"}],"wp:term":[{"taxonomy":"product_brand","embeddable":true,"href":"https:\/\/c-adventures.al\/sq\/wp-json\/wp\/v2\/product_brand?post=1681"},{"taxonomy":"product_cat","embeddable":true,"href":"https:\/\/c-adventures.al\/sq\/wp-json\/wp\/v2\/product_cat?post=1681"},{"taxonomy":"product_tag","embeddable":true,"href":"https:\/\/c-adventures.al\/sq\/wp-json\/wp\/v2\/product_tag?post=1681"}],"curies":[{"name":"wp","href":"https:\/\/api.w.org\/{rel}","templated":true}]}}