{"id":1834,"date":"2021-09-11T17:02:52","date_gmt":"2021-09-11T15:02:52","guid":{"rendered":"https:\/\/c-adventures.al\/product\/the-mediaval-path-from-labove-to-libohove\/"},"modified":"2025-03-06T13:39:54","modified_gmt":"2025-03-06T11:39:54","slug":"shtegu-mesjetar-labove-libohove","status":"publish","type":"product","link":"https:\/\/c-adventures.al\/sq\/tours\/shtegu-mesjetar-labove-libohove\/","title":{"rendered":"Shtegu mesjetar Labov\u00eb- Libohov\u00eb"},"content":{"rendered":"<p>Nisemi prej Gjirokastr\u00ebs dhe shkojm\u00eb n\u00eb Labov\u00ebn e Kryqit me makin\u00eb, shohim Kish\u00ebn e Labov\u00ebs, nj\u00eb vizit\u00eb e guiduar, n\u00eb nj\u00eb nga monumentet m\u00eb t\u00eb rralla n\u00eb Jug dhe nj\u00eb nga Kishat mistike t\u00eb periudh\u00ebs Bizantine me nj\u00eb arkitektur\u00eb unike.<\/p>\n<p>Mbushim uj\u00eb n\u00eb burim dhe nisemi p\u00ebr Hiking p\u00ebr Libohov\u00eb rreth 2 or\u00eb hiking.<\/p>\n<p>Zbresim dhe drekojm\u00eb tek Sedati, nj\u00eb nga Kuzhinier\u00ebt m\u00eb t\u00eb mir\u00eb n\u00eb qarkun e Gjirokastr\u00ebs me nj\u00eb eksperienc\u00eb 30 vje\u00e7are.<\/p>\n<p>Vizitojm\u00eb varret e Bejler\u00ebve dhe tyrben Bektashi.<\/p>\n<p>Kthehemi n\u00eb Gjirokast\u00ebr.<\/p>\n","protected":false},"excerpt":{"rendered":"<p>Nisemi prej Gjirokastr\u00ebs dhe shkojm\u00eb n\u00eb Labov\u00ebn e Kryqit me makin\u00eb, shohim Kish\u00ebn e Labov\u00ebs, nj\u00eb vizit\u00eb e guiduar, n\u00eb nj\u00eb nga monumentet m\u00eb t\u00eb rralla n\u00eb Jug dhe nj\u00eb nga Kishat mistike t\u00eb periudh\u00ebs Bizantine me nj\u00eb arkitektur\u00eb unike. Mbushim uj\u00eb n\u00eb burim dhe nisemi p\u00ebr Hiking p\u00ebr Libohov\u00eb rreth 2 or\u00eb hiking. Zbresim<\/p>\n<div class=\"padding-top text-center\"><a href=\"https:\/\/c-adventures.al\/sq\/tours\/shtegu-mesjetar-labove-libohove\/\" class=\"atbtn atbtn--medium atbtn--rounded atbtn--transparent\">Read more<i class=\"atbtn__icon atbtn__icon--right fa fa-long-arrow-right\"><\/i><\/a><\/div>\n","protected":false},"featured_media":1812,"template":"","meta":[],"product_brand":[],"product_cat":[15],"product_tag":[],"class_list":{"0":"post-1834","1":"product","2":"type-product","3":"status-publish","4":"has-post-thumbnail","6":"product_cat-uncategorized","7":"tour_category-histori","8":"tour_category-natyre","9":"tour_category-udhetime-hiking","11":"first","12":"instock","13":"featured","14":"virtual","15":"purchasable","16":"product-type-tour"},"yoast_head":"<!-- This site is optimized with the Yoast SEO plugin v24.4 - https:\/\/yoast.com\/wordpress\/plugins\/seo\/ -->\n<title>Shtegu mesjetar Labov\u00eb- Libohov\u00eb - C-Adventures &amp; Tours<\/title>\n<meta name=\"robots\" content=\"index, follow, max-snippet:-1, max-image-preview:large, max-video-preview:-1\" \/>\n<link rel=\"canonical\" href=\"https:\/\/c-adventures.al\/sq\/tours\/shtegu-mesjetar-labove-libohove\/\" \/>\n<meta property=\"og:locale\" content=\"sq_AL\" \/>\n<meta property=\"og:type\" content=\"article\" \/>\n<meta property=\"og:title\" content=\"Shtegu mesjetar Labov\u00eb- Libohov\u00eb - C-Adventures &amp; Tours\" \/>\n<meta property=\"og:description\" content=\"Nisemi prej Gjirokastr\u00ebs dhe shkojm\u00eb n\u00eb Labov\u00ebn e Kryqit me makin\u00eb, shohim Kish\u00ebn e Labov\u00ebs, nj\u00eb vizit\u00eb e guiduar, n\u00eb nj\u00eb nga monumentet m\u00eb t\u00eb rralla n\u00eb Jug dhe nj\u00eb nga Kishat mistike t\u00eb periudh\u00ebs Bizantine me nj\u00eb arkitektur\u00eb unike. Mbushim uj\u00eb n\u00eb burim dhe nisemi p\u00ebr Hiking p\u00ebr Libohov\u00eb rreth 2 or\u00eb hiking. ZbresimRead more\" \/>\n<meta property=\"og:url\" content=\"https:\/\/c-adventures.al\/sq\/tours\/shtegu-mesjetar-labove-libohove\/\" \/>\n<meta property=\"og:site_name\" content=\"C-Adventures &amp; Tours\" \/>\n<meta property=\"article:publisher\" content=\"https:\/\/www.facebook.com\/ctoursalbania\" \/>\n<meta property=\"article:modified_time\" content=\"2025-03-06T11:39:54+00:00\" \/>\n<meta property=\"og:image\" content=\"https:\/\/c-adventures.al\/wp-content\/uploads\/2021\/09\/1-min.jpg\" \/>\n\t<meta property=\"og:image:width\" content=\"1920\" \/>\n\t<meta property=\"og:image:height\" content=\"885\" \/>\n\t<meta property=\"og:image:type\" content=\"image\/jpeg\" \/>\n<meta name=\"twitter:card\" content=\"summary_large_image\" \/>\n<meta name=\"twitter:label1\" content=\"Est. reading time\" \/>\n\t<meta name=\"twitter:data1\" content=\"1 minute\" \/>\n<script type=\"application\/ld+json\" class=\"yoast-schema-graph\">{\"@context\":\"https:\/\/schema.org\",\"@graph\":[{\"@type\":\"WebPage\",\"@id\":\"https:\/\/c-adventures.al\/sq\/tours\/shtegu-mesjetar-labove-libohove\/\",\"url\":\"https:\/\/c-adventures.al\/sq\/tours\/shtegu-mesjetar-labove-libohove\/\",\"name\":\"Shtegu mesjetar Labov\u00eb- Libohov\u00eb - C-Adventures &amp; Tours\",\"isPartOf\":{\"@id\":\"https:\/\/c-adventures.al\/#website\"},\"primaryImageOfPage\":{\"@id\":\"https:\/\/c-adventures.al\/sq\/tours\/shtegu-mesjetar-labove-libohove\/#primaryimage\"},\"image\":{\"@id\":\"https:\/\/c-adventures.al\/sq\/tours\/shtegu-mesjetar-labove-libohove\/#primaryimage\"},\"thumbnailUrl\":\"https:\/\/c-adventures.al\/wp-content\/uploads\/2021\/09\/1-min.jpg\",\"datePublished\":\"2021-09-11T15:02:52+00:00\",\"dateModified\":\"2025-03-06T11:39:54+00:00\",\"breadcrumb\":{\"@id\":\"https:\/\/c-adventures.al\/sq\/tours\/shtegu-mesjetar-labove-libohove\/#breadcrumb\"},\"inLanguage\":\"sq-AL\",\"potentialAction\":[{\"@type\":\"ReadAction\",\"target\":[\"https:\/\/c-adventures.al\/sq\/tours\/shtegu-mesjetar-labove-libohove\/\"]}]},{\"@type\":\"ImageObject\",\"inLanguage\":\"sq-AL\",\"@id\":\"https:\/\/c-adventures.al\/sq\/tours\/shtegu-mesjetar-labove-libohove\/#primaryimage\",\"url\":\"https:\/\/c-adventures.al\/wp-content\/uploads\/2021\/09\/1-min.jpg\",\"contentUrl\":\"https:\/\/c-adventures.al\/wp-content\/uploads\/2021\/09\/1-min.jpg\",\"width\":1920,\"height\":885},{\"@type\":\"BreadcrumbList\",\"@id\":\"https:\/\/c-adventures.al\/sq\/tours\/shtegu-mesjetar-labove-libohove\/#breadcrumb\",\"itemListElement\":[{\"@type\":\"ListItem\",\"position\":1,\"name\":\"Home\",\"item\":\"https:\/\/c-adventures.al\/sq\/\"},{\"@type\":\"ListItem\",\"position\":2,\"name\":\"Products\",\"item\":\"https:\/\/c-adventures.al\/shop\/\"},{\"@type\":\"ListItem\",\"position\":3,\"name\":\"Shtegu mesjetar Labov\u00eb- Libohov\u00eb\"}]},{\"@type\":\"WebSite\",\"@id\":\"https:\/\/c-adventures.al\/#website\",\"url\":\"https:\/\/c-adventures.al\/\",\"name\":\"C-Adventures &amp; Tours\",\"description\":\"because your time matters\",\"publisher\":{\"@id\":\"https:\/\/c-adventures.al\/#organization\"},\"potentialAction\":[{\"@type\":\"SearchAction\",\"target\":{\"@type\":\"EntryPoint\",\"urlTemplate\":\"https:\/\/c-adventures.al\/?s={search_term_string}\"},\"query-input\":{\"@type\":\"PropertyValueSpecification\",\"valueRequired\":true,\"valueName\":\"search_term_string\"}}],\"inLanguage\":\"sq-AL\"},{\"@type\":\"Organization\",\"@id\":\"https:\/\/c-adventures.al\/#organization\",\"name\":\"C-Adventures & Tours\",\"url\":\"https:\/\/c-adventures.al\/\",\"logo\":{\"@type\":\"ImageObject\",\"inLanguage\":\"sq-AL\",\"@id\":\"https:\/\/c-adventures.al\/#\/schema\/logo\/image\/\",\"url\":\"https:\/\/c-adventures.al\/wp-content\/uploads\/2021\/05\/logo-c-adventures-web.png\",\"contentUrl\":\"https:\/\/c-adventures.al\/wp-content\/uploads\/2021\/05\/logo-c-adventures-web.png\",\"width\":400,\"height\":142,\"caption\":\"C-Adventures & Tours\"},\"image\":{\"@id\":\"https:\/\/c-adventures.al\/#\/schema\/logo\/image\/\"},\"sameAs\":[\"https:\/\/www.facebook.com\/ctoursalbania\"]}]}<\/script>\n<!-- \/ Yoast SEO plugin. -->","yoast_head_json":{"title":"Shtegu mesjetar Labov\u00eb- Libohov\u00eb - C-Adventures &amp; Tours","robots":{"index":"index","follow":"follow","max-snippet":"max-snippet:-1","max-image-preview":"max-image-preview:large","max-video-preview":"max-video-preview:-1"},"canonical":"https:\/\/c-adventures.al\/sq\/tours\/shtegu-mesjetar-labove-libohove\/","og_locale":"sq_AL","og_type":"article","og_title":"Shtegu mesjetar Labov\u00eb- Libohov\u00eb - C-Adventures &amp; Tours","og_description":"Nisemi prej Gjirokastr\u00ebs dhe shkojm\u00eb n\u00eb Labov\u00ebn e Kryqit me makin\u00eb, shohim Kish\u00ebn e Labov\u00ebs, nj\u00eb vizit\u00eb e guiduar, n\u00eb nj\u00eb nga monumentet m\u00eb t\u00eb rralla n\u00eb Jug dhe nj\u00eb nga Kishat mistike t\u00eb periudh\u00ebs Bizantine me nj\u00eb arkitektur\u00eb unike. Mbushim uj\u00eb n\u00eb burim dhe nisemi p\u00ebr Hiking p\u00ebr Libohov\u00eb rreth 2 or\u00eb hiking. ZbresimRead more","og_url":"https:\/\/c-adventures.al\/sq\/tours\/shtegu-mesjetar-labove-libohove\/","og_site_name":"C-Adventures &amp; Tours","article_publisher":"https:\/\/www.facebook.com\/ctoursalbania","article_modified_time":"2025-03-06T11:39:54+00:00","og_image":[{"width":1920,"height":885,"url":"https:\/\/c-adventures.al\/wp-content\/uploads\/2021\/09\/1-min.jpg","type":"image\/jpeg"}],"twitter_card":"summary_large_image","twitter_misc":{"Est. reading time":"1 minute"},"schema":{"@context":"https:\/\/schema.org","@graph":[{"@type":"WebPage","@id":"https:\/\/c-adventures.al\/sq\/tours\/shtegu-mesjetar-labove-libohove\/","url":"https:\/\/c-adventures.al\/sq\/tours\/shtegu-mesjetar-labove-libohove\/","name":"Shtegu mesjetar Labov\u00eb- Libohov\u00eb - C-Adventures &amp; Tours","isPartOf":{"@id":"https:\/\/c-adventures.al\/#website"},"primaryImageOfPage":{"@id":"https:\/\/c-adventures.al\/sq\/tours\/shtegu-mesjetar-labove-libohove\/#primaryimage"},"image":{"@id":"https:\/\/c-adventures.al\/sq\/tours\/shtegu-mesjetar-labove-libohove\/#primaryimage"},"thumbnailUrl":"https:\/\/c-adventures.al\/wp-content\/uploads\/2021\/09\/1-min.jpg","datePublished":"2021-09-11T15:02:52+00:00","dateModified":"2025-03-06T11:39:54+00:00","breadcrumb":{"@id":"https:\/\/c-adventures.al\/sq\/tours\/shtegu-mesjetar-labove-libohove\/#breadcrumb"},"inLanguage":"sq-AL","potentialAction":[{"@type":"ReadAction","target":["https:\/\/c-adventures.al\/sq\/tours\/shtegu-mesjetar-labove-libohove\/"]}]},{"@type":"ImageObject","inLanguage":"sq-AL","@id":"https:\/\/c-adventures.al\/sq\/tours\/shtegu-mesjetar-labove-libohove\/#primaryimage","url":"https:\/\/c-adventures.al\/wp-content\/uploads\/2021\/09\/1-min.jpg","contentUrl":"https:\/\/c-adventures.al\/wp-content\/uploads\/2021\/09\/1-min.jpg","width":1920,"height":885},{"@type":"BreadcrumbList","@id":"https:\/\/c-adventures.al\/sq\/tours\/shtegu-mesjetar-labove-libohove\/#breadcrumb","itemListElement":[{"@type":"ListItem","position":1,"name":"Home","item":"https:\/\/c-adventures.al\/sq\/"},{"@type":"ListItem","position":2,"name":"Products","item":"https:\/\/c-adventures.al\/shop\/"},{"@type":"ListItem","position":3,"name":"Shtegu mesjetar Labov\u00eb- Libohov\u00eb"}]},{"@type":"WebSite","@id":"https:\/\/c-adventures.al\/#website","url":"https:\/\/c-adventures.al\/","name":"C-Adventures &amp; Tours","description":"because your time matters","publisher":{"@id":"https:\/\/c-adventures.al\/#organization"},"potentialAction":[{"@type":"SearchAction","target":{"@type":"EntryPoint","urlTemplate":"https:\/\/c-adventures.al\/?s={search_term_string}"},"query-input":{"@type":"PropertyValueSpecification","valueRequired":true,"valueName":"search_term_string"}}],"inLanguage":"sq-AL"},{"@type":"Organization","@id":"https:\/\/c-adventures.al\/#organization","name":"C-Adventures & Tours","url":"https:\/\/c-adventures.al\/","logo":{"@type":"ImageObject","inLanguage":"sq-AL","@id":"https:\/\/c-adventures.al\/#\/schema\/logo\/image\/","url":"https:\/\/c-adventures.al\/wp-content\/uploads\/2021\/05\/logo-c-adventures-web.png","contentUrl":"https:\/\/c-adventures.al\/wp-content\/uploads\/2021\/05\/logo-c-adventures-web.png","width":400,"height":142,"caption":"C-Adventures & Tours"},"image":{"@id":"https:\/\/c-adventures.al\/#\/schema\/logo\/image\/"},"sameAs":["https:\/\/www.facebook.com\/ctoursalbania"]}]}},"_links":{"self":[{"href":"https:\/\/c-adventures.al\/sq\/wp-json\/wp\/v2\/product\/1834","targetHints":{"allow":["GET"]}}],"collection":[{"href":"https:\/\/c-adventures.al\/sq\/wp-json\/wp\/v2\/product"}],"about":[{"href":"https:\/\/c-adventures.al\/sq\/wp-json\/wp\/v2\/types\/product"}],"wp:featuredmedia":[{"embeddable":true,"href":"https:\/\/c-adventures.al\/sq\/wp-json\/wp\/v2\/media\/1812"}],"wp:attachment":[{"href":"https:\/\/c-adventures.al\/sq\/wp-json\/wp\/v2\/media?parent=1834"}],"wp:term":[{"taxonomy":"product_brand","embeddable":true,"href":"https:\/\/c-adventures.al\/sq\/wp-json\/wp\/v2\/product_brand?post=1834"},{"taxonomy":"product_cat","embeddable":true,"href":"https:\/\/c-adventures.al\/sq\/wp-json\/wp\/v2\/product_cat?post=1834"},{"taxonomy":"product_tag","embeddable":true,"href":"https:\/\/c-adventures.al\/sq\/wp-json\/wp\/v2\/product_tag?post=1834"}],"curies":[{"name":"wp","href":"https:\/\/api.w.org\/{rel}","templated":true}]}}