{"id":1925,"date":"2021-09-22T23:41:58","date_gmt":"2021-09-22T21:41:58","guid":{"rendered":"https:\/\/c-adventures.al\/product\/weekend-in-ballaban\/"},"modified":"2025-03-06T13:13:31","modified_gmt":"2025-03-06T11:13:31","slug":"fundjave-ne-fshat","status":"publish","type":"product","link":"https:\/\/c-adventures.al\/sq\/tours\/fundjave-ne-fshat\/","title":{"rendered":"Fundjav\u00eb n\u00eb Fshat"},"content":{"rendered":"<p>Ne ofrojme fundjave ne fshat ne nga destinacionet e meposhme: Ballaban, Libohove, Selo, Fushebardhe, Karjan ose Asim Zeneli n\u00eb nj\u00eb nga fermat m\u00eb t\u00eb mira ku dhe do t\u00eb keni nj\u00eb shum\u00ebllojshm\u00ebri aktivitetesh p\u00ebr t\u00eb b\u00ebr\u00eb.<\/p>\n<p>Ferma n\u00eb t\u00eb cil\u00ebn ju do t\u00eb q\u00ebndroni ka 3 dhoma familjare t\u00eb cilat kan\u00eb nj\u00ebra 4 shtret\u00ebr tjetra 5 dhe tjetra 6. Ambjentet e k\u00ebsaj ferme jan\u00eb t\u00eb plot\u00ebsuara p\u00ebr t\u00eb pritur familje.<\/p>\n<p>Turi do t\u00eb filloj\u00eb me vajtjen n\u00eb ferm\u00eb ku dhe do t\u00eb shijoni nj\u00eb drek\u00eb me ushqime tradicionale dhe m\u00eb pas do t\u00eb vazhdoj\u00eb me nj\u00eb ecje drejt nj\u00eb liqeni i cili \u00ebsht\u00eb 30 minuta larg n\u00eb k\u00ebmb\u00eb. Atje gjat\u00eb Pasdites do marrim me vete kallamat e peshkimit dhe do t\u00eb m\u00ebsojm\u00eb f\u00ebmij\u00ebt si t\u00eb peshkojn\u00eb. T\u00eb gjitha pajisjet e peshkimit jan\u00eb t\u00eb siguruara nga ne. Por p\u00ebr ata t\u00eb cil\u00ebt nuk e p\u00eblqejn\u00eb peshkimin mund t\u00eb b\u00ebjn\u00eb plazh. Pra do t\u00eb jet\u00eb nj\u00eb pasdite \u201cPeshkim dhe Plazh\u201d. Gjithashtu do t\u00eb ndezim dhe nj\u00eb zgar\u00eb t\u00eb vog\u00ebl n\u00eb nj\u00eb pyll me pisha ku nqs do kapim peshk do e pjekim bashk\u00eb me f\u00ebmij\u00ebt.<\/p>\n<p>M\u00eb pas b\u00ebjm\u00eb s\u00ebrish nj\u00eb ecje 30 minuta n\u00eb k\u00ebmb\u00eb p\u00ebr tu kthyer n\u00eb ferm\u00eb ku do t\u00eb ham\u00eb dhe dark\u00ebn p\u00ebr t\u00eb b\u00ebr\u00eb mbylljen e dit\u00ebs.<\/p>\n<p>T\u00eb nes\u00ebrmen do t\u00eb filloj\u00eb s\u00ebrish dita me nj\u00eb m\u00ebngjes mbret\u00ebror si\u00e7 e quajn\u00eb dhe vet\u00eb amvisat pasi do t\u00eb p\u00ebrmbaj\u00eb re\u00e7elra , mjalt ,petulla dhe krepa t\u00eb gjitha t\u00eb p\u00ebrgatitura me produkte bio t\u00eb ferm\u00ebs.<\/p>\n<p>M\u00eb pas dita do t\u00eb vazhdoj\u00eb me nj\u00eb sh\u00ebtitje n\u00eb pyll ku f\u00ebmij\u00ebt t\u00eb shoq\u00ebuar nga Elma do t\u00eb njihen me k\u00ebrpudhat e zon\u00ebs dhe do ti mbledhin ato. M\u00eb pas ata do t\u00eb kthehen n\u00eb ferm\u00eb ku do t\u00eb merren me pastrimin dhe gatimin e k\u00ebrpudhave t\u00eb cilat kan\u00eb mbledhur.<\/p>\n<p>Pasditja konsiston n\u00eb b\u00ebrjen e pun\u00ebve n\u00eb kop\u00ebsht si mbledhja e lakrave sallatrave ose bim\u00eb medicinale me t\u00eb cilat do t\u00eb p\u00ebrgatisim \u00e7aj p\u00ebr dark\u00eb.<\/p>\n","protected":false},"excerpt":{"rendered":"<p>Ne ofrojme fundjave ne fshat ne nga destinacionet e meposhme: Ballaban, Libohove, Selo, Fushebardhe, Karjan ose Asim Zeneli n\u00eb nj\u00eb nga fermat m\u00eb t\u00eb mira ku dhe do t\u00eb keni nj\u00eb shum\u00ebllojshm\u00ebri aktivitetesh p\u00ebr t\u00eb b\u00ebr\u00eb. Ferma n\u00eb t\u00eb cil\u00ebn ju do t\u00eb q\u00ebndroni ka 3 dhoma familjare t\u00eb cilat kan\u00eb nj\u00ebra 4 shtret\u00ebr tjetra<\/p>\n<div class=\"padding-top text-center\"><a href=\"https:\/\/c-adventures.al\/sq\/tours\/fundjave-ne-fshat\/\" class=\"atbtn atbtn--medium atbtn--rounded atbtn--transparent\">Read more<i class=\"atbtn__icon atbtn__icon--right fa fa-long-arrow-right\"><\/i><\/a><\/div>\n","protected":false},"featured_media":1880,"template":"","meta":[],"product_brand":[],"product_cat":[15],"product_tag":[],"class_list":{"0":"post-1925","1":"product","2":"type-product","3":"status-publish","4":"has-post-thumbnail","6":"product_cat-uncategorized","7":"tour_category-eksperience","8":"tour_category-fundjava-ne-ferme","9":"tour_category-natyre","10":"tour_category-udhetime-hiking","12":"first","13":"instock","14":"featured","15":"virtual","16":"purchasable","17":"product-type-tour"},"yoast_head":"<!-- This site is optimized with the Yoast SEO plugin v24.4 - https:\/\/yoast.com\/wordpress\/plugins\/seo\/ -->\n<title>Fundjav\u00eb n\u00eb Fshat - C-Adventures &amp; Tours<\/title>\n<meta name=\"robots\" content=\"index, follow, max-snippet:-1, max-image-preview:large, max-video-preview:-1\" \/>\n<link rel=\"canonical\" href=\"https:\/\/c-adventures.al\/sq\/tours\/fundjave-ne-fshat\/\" \/>\n<meta property=\"og:locale\" content=\"sq_AL\" \/>\n<meta property=\"og:type\" content=\"article\" \/>\n<meta property=\"og:title\" content=\"Fundjav\u00eb n\u00eb Fshat - C-Adventures &amp; Tours\" \/>\n<meta property=\"og:description\" content=\"Ne ofrojme fundjave ne fshat ne nga destinacionet e meposhme: Ballaban, Libohove, Selo, Fushebardhe, Karjan ose Asim Zeneli n\u00eb nj\u00eb nga fermat m\u00eb t\u00eb mira ku dhe do t\u00eb keni nj\u00eb shum\u00ebllojshm\u00ebri aktivitetesh p\u00ebr t\u00eb b\u00ebr\u00eb. Ferma n\u00eb t\u00eb cil\u00ebn ju do t\u00eb q\u00ebndroni ka 3 dhoma familjare t\u00eb cilat kan\u00eb nj\u00ebra 4 shtret\u00ebr tjetraRead more\" \/>\n<meta property=\"og:url\" content=\"https:\/\/c-adventures.al\/sq\/tours\/fundjave-ne-fshat\/\" \/>\n<meta property=\"og:site_name\" content=\"C-Adventures &amp; Tours\" \/>\n<meta property=\"article:publisher\" content=\"https:\/\/www.facebook.com\/ctoursalbania\" \/>\n<meta property=\"article:modified_time\" content=\"2025-03-06T11:13:31+00:00\" \/>\n<meta property=\"og:image\" content=\"https:\/\/c-adventures.al\/wp-content\/uploads\/2021\/09\/176319661_287746486412323_1324491516088553487_n-min.jpg\" \/>\n\t<meta property=\"og:image:width\" content=\"1\" \/>\n\t<meta property=\"og:image:height\" content=\"1\" \/>\n\t<meta property=\"og:image:type\" content=\"image\/jpeg\" \/>\n<meta name=\"twitter:card\" content=\"summary_large_image\" \/>\n<meta name=\"twitter:label1\" content=\"Est. reading time\" \/>\n\t<meta name=\"twitter:data1\" content=\"2 minutes\" \/>\n<script type=\"application\/ld+json\" class=\"yoast-schema-graph\">{\"@context\":\"https:\/\/schema.org\",\"@graph\":[{\"@type\":\"WebPage\",\"@id\":\"https:\/\/c-adventures.al\/sq\/tours\/fundjave-ne-fshat\/\",\"url\":\"https:\/\/c-adventures.al\/sq\/tours\/fundjave-ne-fshat\/\",\"name\":\"Fundjav\u00eb n\u00eb Fshat - C-Adventures &amp; Tours\",\"isPartOf\":{\"@id\":\"https:\/\/c-adventures.al\/#website\"},\"primaryImageOfPage\":{\"@id\":\"https:\/\/c-adventures.al\/sq\/tours\/fundjave-ne-fshat\/#primaryimage\"},\"image\":{\"@id\":\"https:\/\/c-adventures.al\/sq\/tours\/fundjave-ne-fshat\/#primaryimage\"},\"thumbnailUrl\":\"https:\/\/c-adventures.al\/wp-content\/uploads\/2021\/09\/176319661_287746486412323_1324491516088553487_n-min.jpg\",\"datePublished\":\"2021-09-22T21:41:58+00:00\",\"dateModified\":\"2025-03-06T11:13:31+00:00\",\"breadcrumb\":{\"@id\":\"https:\/\/c-adventures.al\/sq\/tours\/fundjave-ne-fshat\/#breadcrumb\"},\"inLanguage\":\"sq-AL\",\"potentialAction\":[{\"@type\":\"ReadAction\",\"target\":[\"https:\/\/c-adventures.al\/sq\/tours\/fundjave-ne-fshat\/\"]}]},{\"@type\":\"ImageObject\",\"inLanguage\":\"sq-AL\",\"@id\":\"https:\/\/c-adventures.al\/sq\/tours\/fundjave-ne-fshat\/#primaryimage\",\"url\":\"https:\/\/c-adventures.al\/wp-content\/uploads\/2021\/09\/176319661_287746486412323_1324491516088553487_n-min.jpg\",\"contentUrl\":\"https:\/\/c-adventures.al\/wp-content\/uploads\/2021\/09\/176319661_287746486412323_1324491516088553487_n-min.jpg\"},{\"@type\":\"BreadcrumbList\",\"@id\":\"https:\/\/c-adventures.al\/sq\/tours\/fundjave-ne-fshat\/#breadcrumb\",\"itemListElement\":[{\"@type\":\"ListItem\",\"position\":1,\"name\":\"Home\",\"item\":\"https:\/\/c-adventures.al\/sq\/\"},{\"@type\":\"ListItem\",\"position\":2,\"name\":\"Products\",\"item\":\"https:\/\/c-adventures.al\/shop\/\"},{\"@type\":\"ListItem\",\"position\":3,\"name\":\"Fundjav\u00eb n\u00eb Fshat\"}]},{\"@type\":\"WebSite\",\"@id\":\"https:\/\/c-adventures.al\/#website\",\"url\":\"https:\/\/c-adventures.al\/\",\"name\":\"C-Adventures &amp; Tours\",\"description\":\"because your time matters\",\"publisher\":{\"@id\":\"https:\/\/c-adventures.al\/#organization\"},\"potentialAction\":[{\"@type\":\"SearchAction\",\"target\":{\"@type\":\"EntryPoint\",\"urlTemplate\":\"https:\/\/c-adventures.al\/?s={search_term_string}\"},\"query-input\":{\"@type\":\"PropertyValueSpecification\",\"valueRequired\":true,\"valueName\":\"search_term_string\"}}],\"inLanguage\":\"sq-AL\"},{\"@type\":\"Organization\",\"@id\":\"https:\/\/c-adventures.al\/#organization\",\"name\":\"C-Adventures & Tours\",\"url\":\"https:\/\/c-adventures.al\/\",\"logo\":{\"@type\":\"ImageObject\",\"inLanguage\":\"sq-AL\",\"@id\":\"https:\/\/c-adventures.al\/#\/schema\/logo\/image\/\",\"url\":\"https:\/\/c-adventures.al\/wp-content\/uploads\/2021\/05\/logo-c-adventures-web.png\",\"contentUrl\":\"https:\/\/c-adventures.al\/wp-content\/uploads\/2021\/05\/logo-c-adventures-web.png\",\"width\":400,\"height\":142,\"caption\":\"C-Adventures & Tours\"},\"image\":{\"@id\":\"https:\/\/c-adventures.al\/#\/schema\/logo\/image\/\"},\"sameAs\":[\"https:\/\/www.facebook.com\/ctoursalbania\"]}]}<\/script>\n<!-- \/ Yoast SEO plugin. -->","yoast_head_json":{"title":"Fundjav\u00eb n\u00eb Fshat - C-Adventures &amp; Tours","robots":{"index":"index","follow":"follow","max-snippet":"max-snippet:-1","max-image-preview":"max-image-preview:large","max-video-preview":"max-video-preview:-1"},"canonical":"https:\/\/c-adventures.al\/sq\/tours\/fundjave-ne-fshat\/","og_locale":"sq_AL","og_type":"article","og_title":"Fundjav\u00eb n\u00eb Fshat - C-Adventures &amp; Tours","og_description":"Ne ofrojme fundjave ne fshat ne nga destinacionet e meposhme: Ballaban, Libohove, Selo, Fushebardhe, Karjan ose Asim Zeneli n\u00eb nj\u00eb nga fermat m\u00eb t\u00eb mira ku dhe do t\u00eb keni nj\u00eb shum\u00ebllojshm\u00ebri aktivitetesh p\u00ebr t\u00eb b\u00ebr\u00eb. Ferma n\u00eb t\u00eb cil\u00ebn ju do t\u00eb q\u00ebndroni ka 3 dhoma familjare t\u00eb cilat kan\u00eb nj\u00ebra 4 shtret\u00ebr tjetraRead more","og_url":"https:\/\/c-adventures.al\/sq\/tours\/fundjave-ne-fshat\/","og_site_name":"C-Adventures &amp; Tours","article_publisher":"https:\/\/www.facebook.com\/ctoursalbania","article_modified_time":"2025-03-06T11:13:31+00:00","og_image":[{"url":"https:\/\/c-adventures.al\/wp-content\/uploads\/2021\/09\/176319661_287746486412323_1324491516088553487_n-min.jpg","width":1,"height":1,"type":"image\/jpeg"}],"twitter_card":"summary_large_image","twitter_misc":{"Est. reading time":"2 minutes"},"schema":{"@context":"https:\/\/schema.org","@graph":[{"@type":"WebPage","@id":"https:\/\/c-adventures.al\/sq\/tours\/fundjave-ne-fshat\/","url":"https:\/\/c-adventures.al\/sq\/tours\/fundjave-ne-fshat\/","name":"Fundjav\u00eb n\u00eb Fshat - C-Adventures &amp; Tours","isPartOf":{"@id":"https:\/\/c-adventures.al\/#website"},"primaryImageOfPage":{"@id":"https:\/\/c-adventures.al\/sq\/tours\/fundjave-ne-fshat\/#primaryimage"},"image":{"@id":"https:\/\/c-adventures.al\/sq\/tours\/fundjave-ne-fshat\/#primaryimage"},"thumbnailUrl":"https:\/\/c-adventures.al\/wp-content\/uploads\/2021\/09\/176319661_287746486412323_1324491516088553487_n-min.jpg","datePublished":"2021-09-22T21:41:58+00:00","dateModified":"2025-03-06T11:13:31+00:00","breadcrumb":{"@id":"https:\/\/c-adventures.al\/sq\/tours\/fundjave-ne-fshat\/#breadcrumb"},"inLanguage":"sq-AL","potentialAction":[{"@type":"ReadAction","target":["https:\/\/c-adventures.al\/sq\/tours\/fundjave-ne-fshat\/"]}]},{"@type":"ImageObject","inLanguage":"sq-AL","@id":"https:\/\/c-adventures.al\/sq\/tours\/fundjave-ne-fshat\/#primaryimage","url":"https:\/\/c-adventures.al\/wp-content\/uploads\/2021\/09\/176319661_287746486412323_1324491516088553487_n-min.jpg","contentUrl":"https:\/\/c-adventures.al\/wp-content\/uploads\/2021\/09\/176319661_287746486412323_1324491516088553487_n-min.jpg"},{"@type":"BreadcrumbList","@id":"https:\/\/c-adventures.al\/sq\/tours\/fundjave-ne-fshat\/#breadcrumb","itemListElement":[{"@type":"ListItem","position":1,"name":"Home","item":"https:\/\/c-adventures.al\/sq\/"},{"@type":"ListItem","position":2,"name":"Products","item":"https:\/\/c-adventures.al\/shop\/"},{"@type":"ListItem","position":3,"name":"Fundjav\u00eb n\u00eb Fshat"}]},{"@type":"WebSite","@id":"https:\/\/c-adventures.al\/#website","url":"https:\/\/c-adventures.al\/","name":"C-Adventures &amp; Tours","description":"because your time matters","publisher":{"@id":"https:\/\/c-adventures.al\/#organization"},"potentialAction":[{"@type":"SearchAction","target":{"@type":"EntryPoint","urlTemplate":"https:\/\/c-adventures.al\/?s={search_term_string}"},"query-input":{"@type":"PropertyValueSpecification","valueRequired":true,"valueName":"search_term_string"}}],"inLanguage":"sq-AL"},{"@type":"Organization","@id":"https:\/\/c-adventures.al\/#organization","name":"C-Adventures & Tours","url":"https:\/\/c-adventures.al\/","logo":{"@type":"ImageObject","inLanguage":"sq-AL","@id":"https:\/\/c-adventures.al\/#\/schema\/logo\/image\/","url":"https:\/\/c-adventures.al\/wp-content\/uploads\/2021\/05\/logo-c-adventures-web.png","contentUrl":"https:\/\/c-adventures.al\/wp-content\/uploads\/2021\/05\/logo-c-adventures-web.png","width":400,"height":142,"caption":"C-Adventures & Tours"},"image":{"@id":"https:\/\/c-adventures.al\/#\/schema\/logo\/image\/"},"sameAs":["https:\/\/www.facebook.com\/ctoursalbania"]}]}},"_links":{"self":[{"href":"https:\/\/c-adventures.al\/sq\/wp-json\/wp\/v2\/product\/1925","targetHints":{"allow":["GET"]}}],"collection":[{"href":"https:\/\/c-adventures.al\/sq\/wp-json\/wp\/v2\/product"}],"about":[{"href":"https:\/\/c-adventures.al\/sq\/wp-json\/wp\/v2\/types\/product"}],"wp:featuredmedia":[{"embeddable":true,"href":"https:\/\/c-adventures.al\/sq\/wp-json\/wp\/v2\/media\/1880"}],"wp:attachment":[{"href":"https:\/\/c-adventures.al\/sq\/wp-json\/wp\/v2\/media?parent=1925"}],"wp:term":[{"taxonomy":"product_brand","embeddable":true,"href":"https:\/\/c-adventures.al\/sq\/wp-json\/wp\/v2\/product_brand?post=1925"},{"taxonomy":"product_cat","embeddable":true,"href":"https:\/\/c-adventures.al\/sq\/wp-json\/wp\/v2\/product_cat?post=1925"},{"taxonomy":"product_tag","embeddable":true,"href":"https:\/\/c-adventures.al\/sq\/wp-json\/wp\/v2\/product_tag?post=1925"}],"curies":[{"name":"wp","href":"https:\/\/api.w.org\/{rel}","templated":true}]}}