{"id":2086,"date":"2022-01-03T17:16:28","date_gmt":"2022-01-03T15:16:28","guid":{"rendered":"https:\/\/c-adventures.al\/?post_type=product&#038;p=2086"},"modified":"2025-02-08T02:02:10","modified_gmt":"2025-02-08T00:02:10","slug":"shijo-ne-gjirokaster","status":"publish","type":"product","link":"https:\/\/c-adventures.al\/sq\/tours\/shijo-ne-gjirokaster\/","title":{"rendered":"Shijo n\u00eb Gjirokast\u00ebr"},"content":{"rendered":"<p><strong>Nj\u00eb tur dy ditor q\u00eb nd\u00ebrthur shijimin e ver\u00ebs me poezin\u00eb dhe kal\u00ebrimin.<\/strong><\/p>\n<p><strong>Dita 1<\/strong><br \/>\nTuri i Ismail Kadares\u00eb n\u00eb Gjirokast\u00ebr<\/p>\n<p>Nj\u00eb rrug\u00ebtim mbr\u00ebs\u00ebl\u00ebn\u00ebs n\u00ebp\u00ebr Gjirokast\u00ebr, atje ku shkrimtari Kadare u frym\u00ebzuar p\u00ebr t\u00eb shkruar veprat e tij t\u00eb hershme. Takime me magjin\u00eb e f\u00ebmij\u00ebris\u00eb s\u00eb tij dhe tri veprat kryesore t\u00eb shkruara p\u00ebr qytetin rr\u00ebfyer nga studiues t\u00eb artit dhe let\u00ebrsis\u00eb<\/p>\n<p><em>Ver\u00eb dhe poezi<\/em><\/p>\n<p>Do t\u00eb prezantoj\u00eb dy ver\u00ebra nga rajoni shoq\u00ebruar me historin\u00eb dhe m\u00ebnyr\u00ebn e vjet\u00ebrimit, karakteristikat dhe personalitetin. Poezi t\u00eb p\u00ebrzgjedhura interpretuar nga profesionist\u00eb t\u00eb aktrimit do t\u00eb vijn\u00eb krahas shijimit t\u00eb ver\u00ebs dhe dark\u00ebs me gatime traditcionale. Akomodim n\u00eb nj\u00eb nga hotelet m\u00eb t\u00eb mir\u00eb t\u00eb zon\u00ebs historike.<\/p>\n<p><strong>Dita 2<\/strong><\/p>\n<p><em>Udh\u00ebtimi i Miq\u00ebsis\u00eb me kal\u00eb<\/em><\/p>\n<p>Nj\u00eb takim emocionues me kuajt, vendosja e raportit p\u00ebrmes udh\u00ebzimeve t\u00eb instruktur\u00ebve dhe nj\u00eb sh\u00ebtitje rreth 1 or\u00eb e 30 minuta n\u00eb natyr\u00eb. P\u00ebrshkohet terren kodrinor me hapje t\u00eb gjer\u00eb t\u00eb lugin\u00ebs dhe sfond malin e Lunxh\u00ebris\u00eb. Grupi p\u00ebrmbyll eksperienc\u00ebn me nj\u00eb piknik n\u00eb fshatin \u201cAsim Zeneli\u201d ku do t\u00eb gatuhet petaniku i zon\u00ebs shoq\u00ebruar me meze dhe raki fshati. Kjo dit\u00eb do t\u00eb zgjas\u00eb rreth 3-4 or\u00eb.<\/p>\n","protected":false},"excerpt":{"rendered":"<p>Nj\u00eb tur dy ditor q\u00eb nd\u00ebrthur shijimin e ver\u00ebs me poezin\u00eb dhe kal\u00ebrimin. Dita 1 Turi i Ismail Kadares\u00eb n\u00eb Gjirokast\u00ebr Nj\u00eb rrug\u00ebtim mbr\u00ebs\u00ebl\u00ebn\u00ebs n\u00ebp\u00ebr Gjirokast\u00ebr, atje ku shkrimtari Kadare u frym\u00ebzuar p\u00ebr t\u00eb shkruar veprat e tij t\u00eb hershme. Takime me magjin\u00eb e f\u00ebmij\u00ebris\u00eb s\u00eb tij dhe tri veprat kryesore t\u00eb shkruara p\u00ebr qytetin<\/p>\n<div class=\"padding-top text-center\"><a href=\"https:\/\/c-adventures.al\/sq\/tours\/shijo-ne-gjirokaster\/\" class=\"atbtn atbtn--medium atbtn--rounded atbtn--transparent\">Read more<i class=\"atbtn__icon atbtn__icon--right fa fa-long-arrow-right\"><\/i><\/a><\/div>\n","protected":false},"featured_media":2102,"template":"","meta":[],"product_brand":[],"product_cat":[99],"product_tag":[],"class_list":{"0":"post-2086","1":"product","2":"type-product","3":"status-publish","4":"has-post-thumbnail","6":"product_cat-uncategorized-sq","7":"tour_category-histori","8":"tour_category-natyre","9":"tour_category-shije-vere","10":"tour_category-ture-ne-qytet","12":"first","13":"instock","14":"featured","15":"virtual","16":"purchasable","17":"product-type-tour"},"yoast_head":"<!-- This site is optimized with the Yoast SEO plugin v24.4 - https:\/\/yoast.com\/wordpress\/plugins\/seo\/ -->\n<title>Shijo n\u00eb Gjirokast\u00ebr - C-Adventures &amp; Tours<\/title>\n<meta name=\"robots\" content=\"index, follow, max-snippet:-1, max-image-preview:large, max-video-preview:-1\" \/>\n<link rel=\"canonical\" href=\"https:\/\/c-adventures.al\/?post_type=product&p=2088\" \/>\n<meta property=\"og:locale\" content=\"sq_AL\" \/>\n<meta property=\"og:type\" content=\"article\" \/>\n<meta property=\"og:title\" content=\"Shijo n\u00eb Gjirokast\u00ebr - C-Adventures &amp; Tours\" \/>\n<meta property=\"og:description\" content=\"Nj\u00eb tur dy ditor q\u00eb nd\u00ebrthur shijimin e ver\u00ebs me poezin\u00eb dhe kal\u00ebrimin. Dita 1 Turi i Ismail Kadares\u00eb n\u00eb Gjirokast\u00ebr Nj\u00eb rrug\u00ebtim mbr\u00ebs\u00ebl\u00ebn\u00ebs n\u00ebp\u00ebr Gjirokast\u00ebr, atje ku shkrimtari Kadare u frym\u00ebzuar p\u00ebr t\u00eb shkruar veprat e tij t\u00eb hershme. Takime me magjin\u00eb e f\u00ebmij\u00ebris\u00eb s\u00eb tij dhe tri veprat kryesore t\u00eb shkruara p\u00ebr qytetinRead more\" \/>\n<meta property=\"og:url\" content=\"https:\/\/c-adventures.al\/?post_type=product&amp;p=2088\" \/>\n<meta property=\"og:site_name\" content=\"C-Adventures &amp; Tours\" \/>\n<meta property=\"article:publisher\" content=\"https:\/\/www.facebook.com\/ctoursalbania\" \/>\n<meta property=\"article:modified_time\" content=\"2025-02-08T00:02:10+00:00\" \/>\n<meta property=\"og:image\" content=\"https:\/\/c-adventures.al\/wp-content\/uploads\/2022\/01\/kuaj-min.jpg\" \/>\n\t<meta property=\"og:image:width\" content=\"1\" \/>\n\t<meta property=\"og:image:height\" content=\"1\" \/>\n\t<meta property=\"og:image:type\" content=\"image\/jpeg\" \/>\n<meta name=\"twitter:card\" content=\"summary_large_image\" \/>\n<meta name=\"twitter:label1\" content=\"Est. reading time\" \/>\n\t<meta name=\"twitter:data1\" content=\"2 minutes\" \/>\n<script type=\"application\/ld+json\" class=\"yoast-schema-graph\">{\"@context\":\"https:\/\/schema.org\",\"@graph\":[{\"@type\":\"WebPage\",\"@id\":\"https:\/\/c-adventures.al\/?post_type=product&p=2088\",\"url\":\"https:\/\/c-adventures.al\/?post_type=product&p=2088\",\"name\":\"Shijo n\u00eb Gjirokast\u00ebr - C-Adventures &amp; Tours\",\"isPartOf\":{\"@id\":\"https:\/\/c-adventures.al\/#website\"},\"primaryImageOfPage\":{\"@id\":\"https:\/\/c-adventures.al\/?post_type=product&p=2088#primaryimage\"},\"image\":{\"@id\":\"https:\/\/c-adventures.al\/?post_type=product&p=2088#primaryimage\"},\"thumbnailUrl\":\"https:\/\/c-adventures.al\/wp-content\/uploads\/2022\/01\/kuaj-min.jpg\",\"datePublished\":\"2022-01-03T15:16:28+00:00\",\"dateModified\":\"2025-02-08T00:02:10+00:00\",\"breadcrumb\":{\"@id\":\"https:\/\/c-adventures.al\/?post_type=product&p=2088#breadcrumb\"},\"inLanguage\":\"sq-AL\",\"potentialAction\":[{\"@type\":\"ReadAction\",\"target\":[\"https:\/\/c-adventures.al\/?post_type=product&p=2088\"]}]},{\"@type\":\"ImageObject\",\"inLanguage\":\"sq-AL\",\"@id\":\"https:\/\/c-adventures.al\/?post_type=product&p=2088#primaryimage\",\"url\":\"https:\/\/c-adventures.al\/wp-content\/uploads\/2022\/01\/kuaj-min.jpg\",\"contentUrl\":\"https:\/\/c-adventures.al\/wp-content\/uploads\/2022\/01\/kuaj-min.jpg\"},{\"@type\":\"BreadcrumbList\",\"@id\":\"https:\/\/c-adventures.al\/?post_type=product&p=2088#breadcrumb\",\"itemListElement\":[{\"@type\":\"ListItem\",\"position\":1,\"name\":\"Home\",\"item\":\"https:\/\/c-adventures.al\/sq\/\"},{\"@type\":\"ListItem\",\"position\":2,\"name\":\"Products\",\"item\":\"https:\/\/c-adventures.al\/shop\/\"},{\"@type\":\"ListItem\",\"position\":3,\"name\":\"Shijo n\u00eb Gjirokast\u00ebr\"}]},{\"@type\":\"WebSite\",\"@id\":\"https:\/\/c-adventures.al\/#website\",\"url\":\"https:\/\/c-adventures.al\/\",\"name\":\"C-Adventures &amp; Tours\",\"description\":\"because your time matters\",\"publisher\":{\"@id\":\"https:\/\/c-adventures.al\/#organization\"},\"potentialAction\":[{\"@type\":\"SearchAction\",\"target\":{\"@type\":\"EntryPoint\",\"urlTemplate\":\"https:\/\/c-adventures.al\/?s={search_term_string}\"},\"query-input\":{\"@type\":\"PropertyValueSpecification\",\"valueRequired\":true,\"valueName\":\"search_term_string\"}}],\"inLanguage\":\"sq-AL\"},{\"@type\":\"Organization\",\"@id\":\"https:\/\/c-adventures.al\/#organization\",\"name\":\"C-Adventures & Tours\",\"url\":\"https:\/\/c-adventures.al\/\",\"logo\":{\"@type\":\"ImageObject\",\"inLanguage\":\"sq-AL\",\"@id\":\"https:\/\/c-adventures.al\/#\/schema\/logo\/image\/\",\"url\":\"https:\/\/c-adventures.al\/wp-content\/uploads\/2021\/05\/logo-c-adventures-web.png\",\"contentUrl\":\"https:\/\/c-adventures.al\/wp-content\/uploads\/2021\/05\/logo-c-adventures-web.png\",\"width\":400,\"height\":142,\"caption\":\"C-Adventures & Tours\"},\"image\":{\"@id\":\"https:\/\/c-adventures.al\/#\/schema\/logo\/image\/\"},\"sameAs\":[\"https:\/\/www.facebook.com\/ctoursalbania\"]}]}<\/script>\n<!-- \/ Yoast SEO plugin. -->","yoast_head_json":{"title":"Shijo n\u00eb Gjirokast\u00ebr - C-Adventures &amp; Tours","robots":{"index":"index","follow":"follow","max-snippet":"max-snippet:-1","max-image-preview":"max-image-preview:large","max-video-preview":"max-video-preview:-1"},"canonical":"https:\/\/c-adventures.al\/?post_type=product&p=2088","og_locale":"sq_AL","og_type":"article","og_title":"Shijo n\u00eb Gjirokast\u00ebr - C-Adventures &amp; Tours","og_description":"Nj\u00eb tur dy ditor q\u00eb nd\u00ebrthur shijimin e ver\u00ebs me poezin\u00eb dhe kal\u00ebrimin. Dita 1 Turi i Ismail Kadares\u00eb n\u00eb Gjirokast\u00ebr Nj\u00eb rrug\u00ebtim mbr\u00ebs\u00ebl\u00ebn\u00ebs n\u00ebp\u00ebr Gjirokast\u00ebr, atje ku shkrimtari Kadare u frym\u00ebzuar p\u00ebr t\u00eb shkruar veprat e tij t\u00eb hershme. Takime me magjin\u00eb e f\u00ebmij\u00ebris\u00eb s\u00eb tij dhe tri veprat kryesore t\u00eb shkruara p\u00ebr qytetinRead more","og_url":"https:\/\/c-adventures.al\/?post_type=product&p=2088","og_site_name":"C-Adventures &amp; Tours","article_publisher":"https:\/\/www.facebook.com\/ctoursalbania","article_modified_time":"2025-02-08T00:02:10+00:00","og_image":[{"url":"https:\/\/c-adventures.al\/wp-content\/uploads\/2022\/01\/kuaj-min.jpg","width":1,"height":1,"type":"image\/jpeg"}],"twitter_card":"summary_large_image","twitter_misc":{"Est. reading time":"2 minutes"},"schema":{"@context":"https:\/\/schema.org","@graph":[{"@type":"WebPage","@id":"https:\/\/c-adventures.al\/?post_type=product&p=2088","url":"https:\/\/c-adventures.al\/?post_type=product&p=2088","name":"Shijo n\u00eb Gjirokast\u00ebr - C-Adventures &amp; Tours","isPartOf":{"@id":"https:\/\/c-adventures.al\/#website"},"primaryImageOfPage":{"@id":"https:\/\/c-adventures.al\/?post_type=product&p=2088#primaryimage"},"image":{"@id":"https:\/\/c-adventures.al\/?post_type=product&p=2088#primaryimage"},"thumbnailUrl":"https:\/\/c-adventures.al\/wp-content\/uploads\/2022\/01\/kuaj-min.jpg","datePublished":"2022-01-03T15:16:28+00:00","dateModified":"2025-02-08T00:02:10+00:00","breadcrumb":{"@id":"https:\/\/c-adventures.al\/?post_type=product&p=2088#breadcrumb"},"inLanguage":"sq-AL","potentialAction":[{"@type":"ReadAction","target":["https:\/\/c-adventures.al\/?post_type=product&p=2088"]}]},{"@type":"ImageObject","inLanguage":"sq-AL","@id":"https:\/\/c-adventures.al\/?post_type=product&p=2088#primaryimage","url":"https:\/\/c-adventures.al\/wp-content\/uploads\/2022\/01\/kuaj-min.jpg","contentUrl":"https:\/\/c-adventures.al\/wp-content\/uploads\/2022\/01\/kuaj-min.jpg"},{"@type":"BreadcrumbList","@id":"https:\/\/c-adventures.al\/?post_type=product&p=2088#breadcrumb","itemListElement":[{"@type":"ListItem","position":1,"name":"Home","item":"https:\/\/c-adventures.al\/sq\/"},{"@type":"ListItem","position":2,"name":"Products","item":"https:\/\/c-adventures.al\/shop\/"},{"@type":"ListItem","position":3,"name":"Shijo n\u00eb Gjirokast\u00ebr"}]},{"@type":"WebSite","@id":"https:\/\/c-adventures.al\/#website","url":"https:\/\/c-adventures.al\/","name":"C-Adventures &amp; Tours","description":"because your time matters","publisher":{"@id":"https:\/\/c-adventures.al\/#organization"},"potentialAction":[{"@type":"SearchAction","target":{"@type":"EntryPoint","urlTemplate":"https:\/\/c-adventures.al\/?s={search_term_string}"},"query-input":{"@type":"PropertyValueSpecification","valueRequired":true,"valueName":"search_term_string"}}],"inLanguage":"sq-AL"},{"@type":"Organization","@id":"https:\/\/c-adventures.al\/#organization","name":"C-Adventures & Tours","url":"https:\/\/c-adventures.al\/","logo":{"@type":"ImageObject","inLanguage":"sq-AL","@id":"https:\/\/c-adventures.al\/#\/schema\/logo\/image\/","url":"https:\/\/c-adventures.al\/wp-content\/uploads\/2021\/05\/logo-c-adventures-web.png","contentUrl":"https:\/\/c-adventures.al\/wp-content\/uploads\/2021\/05\/logo-c-adventures-web.png","width":400,"height":142,"caption":"C-Adventures & Tours"},"image":{"@id":"https:\/\/c-adventures.al\/#\/schema\/logo\/image\/"},"sameAs":["https:\/\/www.facebook.com\/ctoursalbania"]}]}},"_links":{"self":[{"href":"https:\/\/c-adventures.al\/sq\/wp-json\/wp\/v2\/product\/2086","targetHints":{"allow":["GET"]}}],"collection":[{"href":"https:\/\/c-adventures.al\/sq\/wp-json\/wp\/v2\/product"}],"about":[{"href":"https:\/\/c-adventures.al\/sq\/wp-json\/wp\/v2\/types\/product"}],"wp:featuredmedia":[{"embeddable":true,"href":"https:\/\/c-adventures.al\/sq\/wp-json\/wp\/v2\/media\/2102"}],"wp:attachment":[{"href":"https:\/\/c-adventures.al\/sq\/wp-json\/wp\/v2\/media?parent=2086"}],"wp:term":[{"taxonomy":"product_brand","embeddable":true,"href":"https:\/\/c-adventures.al\/sq\/wp-json\/wp\/v2\/product_brand?post=2086"},{"taxonomy":"product_cat","embeddable":true,"href":"https:\/\/c-adventures.al\/sq\/wp-json\/wp\/v2\/product_cat?post=2086"},{"taxonomy":"product_tag","embeddable":true,"href":"https:\/\/c-adventures.al\/sq\/wp-json\/wp\/v2\/product_tag?post=2086"}],"curies":[{"name":"wp","href":"https:\/\/api.w.org\/{rel}","templated":true}]}}