{"id":2107,"date":"2022-01-03T18:17:02","date_gmt":"2022-01-03T16:17:02","guid":{"rendered":"https:\/\/c-adventures.al\/?post_type=product&#038;p=2107"},"modified":"2025-02-08T02:04:44","modified_gmt":"2025-02-08T00:04:44","slug":"perreth-gjirokastres","status":"publish","type":"product","link":"https:\/\/c-adventures.al\/sq\/tours\/perreth-gjirokastres\/","title":{"rendered":"P\u00ebrreth Gjirokastr\u00ebs"},"content":{"rendered":"<p><strong>Nj\u00eb tur dy ditor q\u00eb kombinon ecjen me k\u00ebmb\u00eb me udh\u00ebtimin off road dhe jet\u00ebn n\u00eb fshat.<\/strong><\/p>\n<p><strong>Libohov\u00eb-Labova e Kryqit-Zagori<\/strong><\/p>\n<p><strong>Dita 1<\/strong><\/p>\n<p>Rrug\u00ebtim n\u00eb koh\u00eb<\/p>\n<p>Shtegu mesjetar Libohov\u00eb \u2013 Labov\u00eb<\/p>\n<p>Pas nj\u00eb turi t\u00eb shkurt\u00ebr n\u00eb qytez\u00ebn e Libohov\u00ebs do t\u00eb p\u00ebrshkohet shtegu mesjetar i karvaneve drejt Labov\u00ebs s\u00eb Kryqit. Ecje me v\u00ebshtir\u00ebsi t\u00eb ul\u00ebt rreth 2 or\u00eb dhe me pamje t\u00eb gjer\u00eb t\u00eb lugin\u00ebs s\u00eb Drinos dhe liqenit t\u00eb Doftis\u00eb.<\/p>\n<p>Vizit\u00eb n\u00eb Kish\u00ebn e Sh\u00ebn Maris\u00eb n\u00eb Labov\u00eb<\/p>\n<p>Vizita n\u00eb kish\u00ebn 1000 vjecare t\u00eb Labov\u00ebs nj\u00eb nga monumentet unike t\u00eb bot\u00ebs bizantine do t\u00eb sh\u00ebnoj\u00eb pasditen tuaj. Do t\u00eb shoq\u00ebrohet me guidimin autentik p\u00ebr historin\u00eb dhe vlerat e arkitekturore dhe artistike.<\/p>\n<p>Pritje dhe dark\u00eb n\u00eb bujtin\u00eb<\/p>\n<p>Akomodimi n\u00eb dhoma dyshe me cil\u00ebsi t\u00eb lart\u00eb. Gatimet traditcionale, frutat, glikoja dhe rakia e zon\u00ebs do t\u00eb shoq\u00ebroj\u00eb mbr\u00ebmjen dhe dark\u00ebn n\u00eb bujtin\u00eb n\u00eb Labov\u00ebn e Kryqit.<\/p>\n<p><strong>Dita 2<\/strong><\/p>\n<p>Cikli i Zagoris\u00eb off road<\/p>\n<p>Nj\u00eb dit\u00eb e mbushur me aventur\u00eb ku p\u00ebrshkohet rruga krah kanionit t\u00eb Suh\u00ebs, vizitohet ujvara e Selck\u00ebs dhe eksplorohen shpellat karstike krah saj. Sipas stin\u00ebs mund t\u00eb laheni n\u00eb lum\u00eb.<\/p>\n<p>Dreka me produkte organike t\u00eb zon\u00ebs, raki e ver\u00eb fshati n\u00eb zem\u00ebr t\u00eb Pogonit n\u00eb Polican, gatuar nga nj\u00eb mjesht\u00ebr i guzhin\u00ebs lokale. Vizit\u00eb n\u00eb ur\u00ebn mesjetare t\u00eb Nivanit dhe kthimi pas n\u00eb Gjirokast\u00ebr p\u00ebrmes fush\u00ebs s\u00eb Cajupit. Kjo dit\u00eb zgjat rreth 6-7 or\u00eb.<\/p>\n","protected":false},"excerpt":{"rendered":"<p>Nj\u00eb tur dy ditor q\u00eb kombinon ecjen me k\u00ebmb\u00eb me udh\u00ebtimin off road dhe jet\u00ebn n\u00eb fshat. Libohov\u00eb-Labova e Kryqit-Zagori Dita 1 Rrug\u00ebtim n\u00eb koh\u00eb Shtegu mesjetar Libohov\u00eb \u2013 Labov\u00eb Pas nj\u00eb turi t\u00eb shkurt\u00ebr n\u00eb qytez\u00ebn e Libohov\u00ebs do t\u00eb p\u00ebrshkohet shtegu mesjetar i karvaneve drejt Labov\u00ebs s\u00eb Kryqit. Ecje me v\u00ebshtir\u00ebsi t\u00eb ul\u00ebt<\/p>\n<div class=\"padding-top text-center\"><a href=\"https:\/\/c-adventures.al\/sq\/tours\/perreth-gjirokastres\/\" class=\"atbtn atbtn--medium atbtn--rounded atbtn--transparent\">Read more<i class=\"atbtn__icon atbtn__icon--right fa fa-long-arrow-right\"><\/i><\/a><\/div>\n","protected":false},"featured_media":2114,"template":"","meta":[],"product_brand":[],"product_cat":[99],"product_tag":[],"class_list":{"0":"post-2107","1":"product","2":"type-product","3":"status-publish","4":"has-post-thumbnail","6":"product_cat-uncategorized-sq","7":"tour_category-histori","8":"tour_category-natyre","9":"tour_category-off-roads","11":"first","12":"instock","13":"featured","14":"virtual","15":"purchasable","16":"product-type-tour"},"yoast_head":"<!-- This site is optimized with the Yoast SEO plugin v24.4 - https:\/\/yoast.com\/wordpress\/plugins\/seo\/ -->\n<title>P\u00ebrreth Gjirokastr\u00ebs - C-Adventures &amp; Tours<\/title>\n<meta name=\"robots\" content=\"index, follow, max-snippet:-1, max-image-preview:large, max-video-preview:-1\" \/>\n<link rel=\"canonical\" href=\"https:\/\/c-adventures.al\/sq\/tours\/perreth-gjirokastres\/\" \/>\n<meta property=\"og:locale\" content=\"sq_AL\" \/>\n<meta property=\"og:type\" content=\"article\" \/>\n<meta property=\"og:title\" content=\"P\u00ebrreth Gjirokastr\u00ebs - C-Adventures &amp; Tours\" \/>\n<meta property=\"og:description\" content=\"Nj\u00eb tur dy ditor q\u00eb kombinon ecjen me k\u00ebmb\u00eb me udh\u00ebtimin off road dhe jet\u00ebn n\u00eb fshat. Libohov\u00eb-Labova e Kryqit-Zagori Dita 1 Rrug\u00ebtim n\u00eb koh\u00eb Shtegu mesjetar Libohov\u00eb \u2013 Labov\u00eb Pas nj\u00eb turi t\u00eb shkurt\u00ebr n\u00eb qytez\u00ebn e Libohov\u00ebs do t\u00eb p\u00ebrshkohet shtegu mesjetar i karvaneve drejt Labov\u00ebs s\u00eb Kryqit. Ecje me v\u00ebshtir\u00ebsi t\u00eb ul\u00ebtRead more\" \/>\n<meta property=\"og:url\" content=\"https:\/\/c-adventures.al\/sq\/tours\/perreth-gjirokastres\/\" \/>\n<meta property=\"og:site_name\" content=\"C-Adventures &amp; Tours\" \/>\n<meta property=\"article:publisher\" content=\"https:\/\/www.facebook.com\/ctoursalbania\" \/>\n<meta property=\"article:modified_time\" content=\"2025-02-08T00:04:44+00:00\" \/>\n<meta property=\"og:image\" content=\"https:\/\/c-adventures.al\/wp-content\/uploads\/2022\/01\/zagori-min.jpg\" \/>\n\t<meta property=\"og:image:width\" content=\"1500\" \/>\n\t<meta property=\"og:image:height\" content=\"1000\" \/>\n\t<meta property=\"og:image:type\" content=\"image\/jpeg\" \/>\n<meta name=\"twitter:card\" content=\"summary_large_image\" \/>\n<meta name=\"twitter:label1\" content=\"Est. reading time\" \/>\n\t<meta name=\"twitter:data1\" content=\"2 minutes\" \/>\n<script type=\"application\/ld+json\" class=\"yoast-schema-graph\">{\"@context\":\"https:\/\/schema.org\",\"@graph\":[{\"@type\":\"WebPage\",\"@id\":\"https:\/\/c-adventures.al\/sq\/tours\/perreth-gjirokastres\/\",\"url\":\"https:\/\/c-adventures.al\/sq\/tours\/perreth-gjirokastres\/\",\"name\":\"P\u00ebrreth Gjirokastr\u00ebs - C-Adventures &amp; Tours\",\"isPartOf\":{\"@id\":\"https:\/\/c-adventures.al\/#website\"},\"primaryImageOfPage\":{\"@id\":\"https:\/\/c-adventures.al\/sq\/tours\/perreth-gjirokastres\/#primaryimage\"},\"image\":{\"@id\":\"https:\/\/c-adventures.al\/sq\/tours\/perreth-gjirokastres\/#primaryimage\"},\"thumbnailUrl\":\"https:\/\/c-adventures.al\/wp-content\/uploads\/2022\/01\/zagori-min.jpg\",\"datePublished\":\"2022-01-03T16:17:02+00:00\",\"dateModified\":\"2025-02-08T00:04:44+00:00\",\"breadcrumb\":{\"@id\":\"https:\/\/c-adventures.al\/sq\/tours\/perreth-gjirokastres\/#breadcrumb\"},\"inLanguage\":\"sq-AL\",\"potentialAction\":[{\"@type\":\"ReadAction\",\"target\":[\"https:\/\/c-adventures.al\/sq\/tours\/perreth-gjirokastres\/\"]}]},{\"@type\":\"ImageObject\",\"inLanguage\":\"sq-AL\",\"@id\":\"https:\/\/c-adventures.al\/sq\/tours\/perreth-gjirokastres\/#primaryimage\",\"url\":\"https:\/\/c-adventures.al\/wp-content\/uploads\/2022\/01\/zagori-min.jpg\",\"contentUrl\":\"https:\/\/c-adventures.al\/wp-content\/uploads\/2022\/01\/zagori-min.jpg\",\"width\":1500,\"height\":1000},{\"@type\":\"BreadcrumbList\",\"@id\":\"https:\/\/c-adventures.al\/sq\/tours\/perreth-gjirokastres\/#breadcrumb\",\"itemListElement\":[{\"@type\":\"ListItem\",\"position\":1,\"name\":\"Home\",\"item\":\"https:\/\/c-adventures.al\/sq\/\"},{\"@type\":\"ListItem\",\"position\":2,\"name\":\"Products\",\"item\":\"https:\/\/c-adventures.al\/shop\/\"},{\"@type\":\"ListItem\",\"position\":3,\"name\":\"P\u00ebrreth Gjirokastr\u00ebs\"}]},{\"@type\":\"WebSite\",\"@id\":\"https:\/\/c-adventures.al\/#website\",\"url\":\"https:\/\/c-adventures.al\/\",\"name\":\"C-Adventures &amp; Tours\",\"description\":\"because your time matters\",\"publisher\":{\"@id\":\"https:\/\/c-adventures.al\/#organization\"},\"potentialAction\":[{\"@type\":\"SearchAction\",\"target\":{\"@type\":\"EntryPoint\",\"urlTemplate\":\"https:\/\/c-adventures.al\/?s={search_term_string}\"},\"query-input\":{\"@type\":\"PropertyValueSpecification\",\"valueRequired\":true,\"valueName\":\"search_term_string\"}}],\"inLanguage\":\"sq-AL\"},{\"@type\":\"Organization\",\"@id\":\"https:\/\/c-adventures.al\/#organization\",\"name\":\"C-Adventures & Tours\",\"url\":\"https:\/\/c-adventures.al\/\",\"logo\":{\"@type\":\"ImageObject\",\"inLanguage\":\"sq-AL\",\"@id\":\"https:\/\/c-adventures.al\/#\/schema\/logo\/image\/\",\"url\":\"https:\/\/c-adventures.al\/wp-content\/uploads\/2021\/05\/logo-c-adventures-web.png\",\"contentUrl\":\"https:\/\/c-adventures.al\/wp-content\/uploads\/2021\/05\/logo-c-adventures-web.png\",\"width\":400,\"height\":142,\"caption\":\"C-Adventures & Tours\"},\"image\":{\"@id\":\"https:\/\/c-adventures.al\/#\/schema\/logo\/image\/\"},\"sameAs\":[\"https:\/\/www.facebook.com\/ctoursalbania\"]}]}<\/script>\n<!-- \/ Yoast SEO plugin. -->","yoast_head_json":{"title":"P\u00ebrreth Gjirokastr\u00ebs - C-Adventures &amp; Tours","robots":{"index":"index","follow":"follow","max-snippet":"max-snippet:-1","max-image-preview":"max-image-preview:large","max-video-preview":"max-video-preview:-1"},"canonical":"https:\/\/c-adventures.al\/sq\/tours\/perreth-gjirokastres\/","og_locale":"sq_AL","og_type":"article","og_title":"P\u00ebrreth Gjirokastr\u00ebs - C-Adventures &amp; Tours","og_description":"Nj\u00eb tur dy ditor q\u00eb kombinon ecjen me k\u00ebmb\u00eb me udh\u00ebtimin off road dhe jet\u00ebn n\u00eb fshat. Libohov\u00eb-Labova e Kryqit-Zagori Dita 1 Rrug\u00ebtim n\u00eb koh\u00eb Shtegu mesjetar Libohov\u00eb \u2013 Labov\u00eb Pas nj\u00eb turi t\u00eb shkurt\u00ebr n\u00eb qytez\u00ebn e Libohov\u00ebs do t\u00eb p\u00ebrshkohet shtegu mesjetar i karvaneve drejt Labov\u00ebs s\u00eb Kryqit. Ecje me v\u00ebshtir\u00ebsi t\u00eb ul\u00ebtRead more","og_url":"https:\/\/c-adventures.al\/sq\/tours\/perreth-gjirokastres\/","og_site_name":"C-Adventures &amp; Tours","article_publisher":"https:\/\/www.facebook.com\/ctoursalbania","article_modified_time":"2025-02-08T00:04:44+00:00","og_image":[{"width":1500,"height":1000,"url":"https:\/\/c-adventures.al\/wp-content\/uploads\/2022\/01\/zagori-min.jpg","type":"image\/jpeg"}],"twitter_card":"summary_large_image","twitter_misc":{"Est. reading time":"2 minutes"},"schema":{"@context":"https:\/\/schema.org","@graph":[{"@type":"WebPage","@id":"https:\/\/c-adventures.al\/sq\/tours\/perreth-gjirokastres\/","url":"https:\/\/c-adventures.al\/sq\/tours\/perreth-gjirokastres\/","name":"P\u00ebrreth Gjirokastr\u00ebs - C-Adventures &amp; Tours","isPartOf":{"@id":"https:\/\/c-adventures.al\/#website"},"primaryImageOfPage":{"@id":"https:\/\/c-adventures.al\/sq\/tours\/perreth-gjirokastres\/#primaryimage"},"image":{"@id":"https:\/\/c-adventures.al\/sq\/tours\/perreth-gjirokastres\/#primaryimage"},"thumbnailUrl":"https:\/\/c-adventures.al\/wp-content\/uploads\/2022\/01\/zagori-min.jpg","datePublished":"2022-01-03T16:17:02+00:00","dateModified":"2025-02-08T00:04:44+00:00","breadcrumb":{"@id":"https:\/\/c-adventures.al\/sq\/tours\/perreth-gjirokastres\/#breadcrumb"},"inLanguage":"sq-AL","potentialAction":[{"@type":"ReadAction","target":["https:\/\/c-adventures.al\/sq\/tours\/perreth-gjirokastres\/"]}]},{"@type":"ImageObject","inLanguage":"sq-AL","@id":"https:\/\/c-adventures.al\/sq\/tours\/perreth-gjirokastres\/#primaryimage","url":"https:\/\/c-adventures.al\/wp-content\/uploads\/2022\/01\/zagori-min.jpg","contentUrl":"https:\/\/c-adventures.al\/wp-content\/uploads\/2022\/01\/zagori-min.jpg","width":1500,"height":1000},{"@type":"BreadcrumbList","@id":"https:\/\/c-adventures.al\/sq\/tours\/perreth-gjirokastres\/#breadcrumb","itemListElement":[{"@type":"ListItem","position":1,"name":"Home","item":"https:\/\/c-adventures.al\/sq\/"},{"@type":"ListItem","position":2,"name":"Products","item":"https:\/\/c-adventures.al\/shop\/"},{"@type":"ListItem","position":3,"name":"P\u00ebrreth Gjirokastr\u00ebs"}]},{"@type":"WebSite","@id":"https:\/\/c-adventures.al\/#website","url":"https:\/\/c-adventures.al\/","name":"C-Adventures &amp; Tours","description":"because your time matters","publisher":{"@id":"https:\/\/c-adventures.al\/#organization"},"potentialAction":[{"@type":"SearchAction","target":{"@type":"EntryPoint","urlTemplate":"https:\/\/c-adventures.al\/?s={search_term_string}"},"query-input":{"@type":"PropertyValueSpecification","valueRequired":true,"valueName":"search_term_string"}}],"inLanguage":"sq-AL"},{"@type":"Organization","@id":"https:\/\/c-adventures.al\/#organization","name":"C-Adventures & Tours","url":"https:\/\/c-adventures.al\/","logo":{"@type":"ImageObject","inLanguage":"sq-AL","@id":"https:\/\/c-adventures.al\/#\/schema\/logo\/image\/","url":"https:\/\/c-adventures.al\/wp-content\/uploads\/2021\/05\/logo-c-adventures-web.png","contentUrl":"https:\/\/c-adventures.al\/wp-content\/uploads\/2021\/05\/logo-c-adventures-web.png","width":400,"height":142,"caption":"C-Adventures & Tours"},"image":{"@id":"https:\/\/c-adventures.al\/#\/schema\/logo\/image\/"},"sameAs":["https:\/\/www.facebook.com\/ctoursalbania"]}]}},"_links":{"self":[{"href":"https:\/\/c-adventures.al\/sq\/wp-json\/wp\/v2\/product\/2107","targetHints":{"allow":["GET"]}}],"collection":[{"href":"https:\/\/c-adventures.al\/sq\/wp-json\/wp\/v2\/product"}],"about":[{"href":"https:\/\/c-adventures.al\/sq\/wp-json\/wp\/v2\/types\/product"}],"wp:featuredmedia":[{"embeddable":true,"href":"https:\/\/c-adventures.al\/sq\/wp-json\/wp\/v2\/media\/2114"}],"wp:attachment":[{"href":"https:\/\/c-adventures.al\/sq\/wp-json\/wp\/v2\/media?parent=2107"}],"wp:term":[{"taxonomy":"product_brand","embeddable":true,"href":"https:\/\/c-adventures.al\/sq\/wp-json\/wp\/v2\/product_brand?post=2107"},{"taxonomy":"product_cat","embeddable":true,"href":"https:\/\/c-adventures.al\/sq\/wp-json\/wp\/v2\/product_cat?post=2107"},{"taxonomy":"product_tag","embeddable":true,"href":"https:\/\/c-adventures.al\/sq\/wp-json\/wp\/v2\/product_tag?post=2107"}],"curies":[{"name":"wp","href":"https:\/\/api.w.org\/{rel}","templated":true}]}}