{"id":2394,"date":"2023-06-07T19:57:12","date_gmt":"2023-06-07T17:57:12","guid":{"rendered":"https:\/\/c-adventures.al\/product\/cooking-class\/"},"modified":"2025-03-06T13:06:56","modified_gmt":"2025-03-06T11:06:56","slug":"klasa-e-gatimit","status":"publish","type":"product","link":"https:\/\/c-adventures.al\/sq\/tours\/klasa-e-gatimit\/","title":{"rendered":"Klasa e gatimit"},"content":{"rendered":"<p>Ushqimi q\u00eb do t\u00eb p\u00ebrgatisni me Marjet\u00ebn \u00ebsht\u00eb nj\u00eb menu vegjetariane dhe n\u00ebn drejtimin e Marjet\u00ebs do t\u00eb m\u00ebsoni tre pjata. E para quhet \u201cQofte bobollaqe\u201d q\u00eb p\u00ebrb\u00ebhet kryesisht nga kos, \u201cQifqis\u201d tradicional q\u00eb gjendet vet\u00ebm n\u00eb Gjirokast\u00ebr dhe p\u00ebrb\u00ebhet kryesisht nga orizi dhe shkret\u00ebtira e quajtur \u201cHasude\u201d. T\u00eb tre k\u00ebto shoq\u00ebrohen me sallat\u00ebn e stin\u00ebs q\u00eb Marjeta ka p\u00ebrgatitur tashm\u00eb p\u00ebr ju. Pas gjith\u00eb pun\u00ebs s\u00eb v\u00ebshtir\u00eb, uluni me grupin tuaj p\u00ebr t\u00eb shijuar secil\u00ebn nga pjatat tuaja.<\/p>\n","protected":false},"excerpt":{"rendered":"<p>Ushqimi q\u00eb do t\u00eb p\u00ebrgatisni me Marjet\u00ebn \u00ebsht\u00eb nj\u00eb menu vegjetariane dhe n\u00ebn drejtimin e Marjet\u00ebs do t\u00eb m\u00ebsoni tre pjata. E para quhet \u201cQofte bobollaqe\u201d q\u00eb p\u00ebrb\u00ebhet kryesisht nga kos, \u201cQifqis\u201d tradicional q\u00eb gjendet vet\u00ebm n\u00eb Gjirokast\u00ebr dhe p\u00ebrb\u00ebhet kryesisht nga orizi dhe shkret\u00ebtira e quajtur \u201cHasude\u201d. T\u00eb tre k\u00ebto shoq\u00ebrohen me sallat\u00ebn e<\/p>\n<div class=\"padding-top text-center\"><a href=\"https:\/\/c-adventures.al\/sq\/tours\/klasa-e-gatimit\/\" class=\"atbtn atbtn--medium atbtn--rounded atbtn--transparent\">Read more<i class=\"atbtn__icon atbtn__icon--right fa fa-long-arrow-right\"><\/i><\/a><\/div>\n","protected":false},"featured_media":2633,"template":"","meta":[],"product_brand":[],"product_cat":[15],"product_tag":[],"class_list":{"0":"post-2394","1":"product","2":"type-product","3":"status-publish","4":"has-post-thumbnail","6":"product_cat-uncategorized","7":"tour_category-eksperience","9":"first","10":"instock","11":"featured","12":"virtual","13":"purchasable","14":"product-type-tour"},"yoast_head":"<!-- This site is optimized with the Yoast SEO plugin v24.4 - https:\/\/yoast.com\/wordpress\/plugins\/seo\/ -->\n<title>Klasa e gatimit - C-Adventures &amp; Tours<\/title>\n<meta name=\"robots\" content=\"index, follow, max-snippet:-1, max-image-preview:large, max-video-preview:-1\" \/>\n<link rel=\"canonical\" href=\"https:\/\/c-adventures.al\/sq\/tours\/klasa-e-gatimit\/\" \/>\n<meta property=\"og:locale\" content=\"sq_AL\" \/>\n<meta property=\"og:type\" content=\"article\" \/>\n<meta property=\"og:title\" content=\"Klasa e gatimit - C-Adventures &amp; Tours\" \/>\n<meta property=\"og:description\" content=\"Ushqimi q\u00eb do t\u00eb p\u00ebrgatisni me Marjet\u00ebn \u00ebsht\u00eb nj\u00eb menu vegjetariane dhe n\u00ebn drejtimin e Marjet\u00ebs do t\u00eb m\u00ebsoni tre pjata. E para quhet \u201cQofte bobollaqe\u201d q\u00eb p\u00ebrb\u00ebhet kryesisht nga kos, \u201cQifqis\u201d tradicional q\u00eb gjendet vet\u00ebm n\u00eb Gjirokast\u00ebr dhe p\u00ebrb\u00ebhet kryesisht nga orizi dhe shkret\u00ebtira e quajtur \u201cHasude\u201d. T\u00eb tre k\u00ebto shoq\u00ebrohen me sallat\u00ebn eRead more\" \/>\n<meta property=\"og:url\" content=\"https:\/\/c-adventures.al\/sq\/tours\/klasa-e-gatimit\/\" \/>\n<meta property=\"og:site_name\" content=\"C-Adventures &amp; Tours\" \/>\n<meta property=\"article:publisher\" content=\"https:\/\/www.facebook.com\/ctoursalbania\" \/>\n<meta property=\"article:modified_time\" content=\"2025-03-06T11:06:56+00:00\" \/>\n<meta property=\"og:image\" content=\"https:\/\/c-adventures.al\/wp-content\/uploads\/2023\/06\/0IMG-A-1.jpg\" \/>\n\t<meta property=\"og:image:width\" content=\"1200\" \/>\n\t<meta property=\"og:image:height\" content=\"1386\" \/>\n\t<meta property=\"og:image:type\" content=\"image\/jpeg\" \/>\n<meta name=\"twitter:card\" content=\"summary_large_image\" \/>\n<meta name=\"twitter:label1\" content=\"Est. reading time\" \/>\n\t<meta name=\"twitter:data1\" content=\"1 minute\" \/>\n<script type=\"application\/ld+json\" class=\"yoast-schema-graph\">{\"@context\":\"https:\/\/schema.org\",\"@graph\":[{\"@type\":\"WebPage\",\"@id\":\"https:\/\/c-adventures.al\/sq\/tours\/klasa-e-gatimit\/\",\"url\":\"https:\/\/c-adventures.al\/sq\/tours\/klasa-e-gatimit\/\",\"name\":\"Klasa e gatimit - C-Adventures &amp; Tours\",\"isPartOf\":{\"@id\":\"https:\/\/c-adventures.al\/#website\"},\"primaryImageOfPage\":{\"@id\":\"https:\/\/c-adventures.al\/sq\/tours\/klasa-e-gatimit\/#primaryimage\"},\"image\":{\"@id\":\"https:\/\/c-adventures.al\/sq\/tours\/klasa-e-gatimit\/#primaryimage\"},\"thumbnailUrl\":\"https:\/\/c-adventures.al\/wp-content\/uploads\/2023\/06\/0IMG-A-1.jpg\",\"datePublished\":\"2023-06-07T17:57:12+00:00\",\"dateModified\":\"2025-03-06T11:06:56+00:00\",\"breadcrumb\":{\"@id\":\"https:\/\/c-adventures.al\/sq\/tours\/klasa-e-gatimit\/#breadcrumb\"},\"inLanguage\":\"sq-AL\",\"potentialAction\":[{\"@type\":\"ReadAction\",\"target\":[\"https:\/\/c-adventures.al\/sq\/tours\/klasa-e-gatimit\/\"]}]},{\"@type\":\"ImageObject\",\"inLanguage\":\"sq-AL\",\"@id\":\"https:\/\/c-adventures.al\/sq\/tours\/klasa-e-gatimit\/#primaryimage\",\"url\":\"https:\/\/c-adventures.al\/wp-content\/uploads\/2023\/06\/0IMG-A-1.jpg\",\"contentUrl\":\"https:\/\/c-adventures.al\/wp-content\/uploads\/2023\/06\/0IMG-A-1.jpg\",\"width\":1200,\"height\":1386},{\"@type\":\"BreadcrumbList\",\"@id\":\"https:\/\/c-adventures.al\/sq\/tours\/klasa-e-gatimit\/#breadcrumb\",\"itemListElement\":[{\"@type\":\"ListItem\",\"position\":1,\"name\":\"Home\",\"item\":\"https:\/\/c-adventures.al\/sq\/\"},{\"@type\":\"ListItem\",\"position\":2,\"name\":\"Products\",\"item\":\"https:\/\/c-adventures.al\/shop\/\"},{\"@type\":\"ListItem\",\"position\":3,\"name\":\"Klasa e gatimit\"}]},{\"@type\":\"WebSite\",\"@id\":\"https:\/\/c-adventures.al\/#website\",\"url\":\"https:\/\/c-adventures.al\/\",\"name\":\"C-Adventures &amp; Tours\",\"description\":\"because your time matters\",\"publisher\":{\"@id\":\"https:\/\/c-adventures.al\/#organization\"},\"potentialAction\":[{\"@type\":\"SearchAction\",\"target\":{\"@type\":\"EntryPoint\",\"urlTemplate\":\"https:\/\/c-adventures.al\/?s={search_term_string}\"},\"query-input\":{\"@type\":\"PropertyValueSpecification\",\"valueRequired\":true,\"valueName\":\"search_term_string\"}}],\"inLanguage\":\"sq-AL\"},{\"@type\":\"Organization\",\"@id\":\"https:\/\/c-adventures.al\/#organization\",\"name\":\"C-Adventures & Tours\",\"url\":\"https:\/\/c-adventures.al\/\",\"logo\":{\"@type\":\"ImageObject\",\"inLanguage\":\"sq-AL\",\"@id\":\"https:\/\/c-adventures.al\/#\/schema\/logo\/image\/\",\"url\":\"https:\/\/c-adventures.al\/wp-content\/uploads\/2021\/05\/logo-c-adventures-web.png\",\"contentUrl\":\"https:\/\/c-adventures.al\/wp-content\/uploads\/2021\/05\/logo-c-adventures-web.png\",\"width\":400,\"height\":142,\"caption\":\"C-Adventures & Tours\"},\"image\":{\"@id\":\"https:\/\/c-adventures.al\/#\/schema\/logo\/image\/\"},\"sameAs\":[\"https:\/\/www.facebook.com\/ctoursalbania\"]}]}<\/script>\n<!-- \/ Yoast SEO plugin. -->","yoast_head_json":{"title":"Klasa e gatimit - C-Adventures &amp; Tours","robots":{"index":"index","follow":"follow","max-snippet":"max-snippet:-1","max-image-preview":"max-image-preview:large","max-video-preview":"max-video-preview:-1"},"canonical":"https:\/\/c-adventures.al\/sq\/tours\/klasa-e-gatimit\/","og_locale":"sq_AL","og_type":"article","og_title":"Klasa e gatimit - C-Adventures &amp; Tours","og_description":"Ushqimi q\u00eb do t\u00eb p\u00ebrgatisni me Marjet\u00ebn \u00ebsht\u00eb nj\u00eb menu vegjetariane dhe n\u00ebn drejtimin e Marjet\u00ebs do t\u00eb m\u00ebsoni tre pjata. E para quhet \u201cQofte bobollaqe\u201d q\u00eb p\u00ebrb\u00ebhet kryesisht nga kos, \u201cQifqis\u201d tradicional q\u00eb gjendet vet\u00ebm n\u00eb Gjirokast\u00ebr dhe p\u00ebrb\u00ebhet kryesisht nga orizi dhe shkret\u00ebtira e quajtur \u201cHasude\u201d. T\u00eb tre k\u00ebto shoq\u00ebrohen me sallat\u00ebn eRead more","og_url":"https:\/\/c-adventures.al\/sq\/tours\/klasa-e-gatimit\/","og_site_name":"C-Adventures &amp; Tours","article_publisher":"https:\/\/www.facebook.com\/ctoursalbania","article_modified_time":"2025-03-06T11:06:56+00:00","og_image":[{"width":1200,"height":1386,"url":"https:\/\/c-adventures.al\/wp-content\/uploads\/2023\/06\/0IMG-A-1.jpg","type":"image\/jpeg"}],"twitter_card":"summary_large_image","twitter_misc":{"Est. reading time":"1 minute"},"schema":{"@context":"https:\/\/schema.org","@graph":[{"@type":"WebPage","@id":"https:\/\/c-adventures.al\/sq\/tours\/klasa-e-gatimit\/","url":"https:\/\/c-adventures.al\/sq\/tours\/klasa-e-gatimit\/","name":"Klasa e gatimit - C-Adventures &amp; Tours","isPartOf":{"@id":"https:\/\/c-adventures.al\/#website"},"primaryImageOfPage":{"@id":"https:\/\/c-adventures.al\/sq\/tours\/klasa-e-gatimit\/#primaryimage"},"image":{"@id":"https:\/\/c-adventures.al\/sq\/tours\/klasa-e-gatimit\/#primaryimage"},"thumbnailUrl":"https:\/\/c-adventures.al\/wp-content\/uploads\/2023\/06\/0IMG-A-1.jpg","datePublished":"2023-06-07T17:57:12+00:00","dateModified":"2025-03-06T11:06:56+00:00","breadcrumb":{"@id":"https:\/\/c-adventures.al\/sq\/tours\/klasa-e-gatimit\/#breadcrumb"},"inLanguage":"sq-AL","potentialAction":[{"@type":"ReadAction","target":["https:\/\/c-adventures.al\/sq\/tours\/klasa-e-gatimit\/"]}]},{"@type":"ImageObject","inLanguage":"sq-AL","@id":"https:\/\/c-adventures.al\/sq\/tours\/klasa-e-gatimit\/#primaryimage","url":"https:\/\/c-adventures.al\/wp-content\/uploads\/2023\/06\/0IMG-A-1.jpg","contentUrl":"https:\/\/c-adventures.al\/wp-content\/uploads\/2023\/06\/0IMG-A-1.jpg","width":1200,"height":1386},{"@type":"BreadcrumbList","@id":"https:\/\/c-adventures.al\/sq\/tours\/klasa-e-gatimit\/#breadcrumb","itemListElement":[{"@type":"ListItem","position":1,"name":"Home","item":"https:\/\/c-adventures.al\/sq\/"},{"@type":"ListItem","position":2,"name":"Products","item":"https:\/\/c-adventures.al\/shop\/"},{"@type":"ListItem","position":3,"name":"Klasa e gatimit"}]},{"@type":"WebSite","@id":"https:\/\/c-adventures.al\/#website","url":"https:\/\/c-adventures.al\/","name":"C-Adventures &amp; Tours","description":"because your time matters","publisher":{"@id":"https:\/\/c-adventures.al\/#organization"},"potentialAction":[{"@type":"SearchAction","target":{"@type":"EntryPoint","urlTemplate":"https:\/\/c-adventures.al\/?s={search_term_string}"},"query-input":{"@type":"PropertyValueSpecification","valueRequired":true,"valueName":"search_term_string"}}],"inLanguage":"sq-AL"},{"@type":"Organization","@id":"https:\/\/c-adventures.al\/#organization","name":"C-Adventures & Tours","url":"https:\/\/c-adventures.al\/","logo":{"@type":"ImageObject","inLanguage":"sq-AL","@id":"https:\/\/c-adventures.al\/#\/schema\/logo\/image\/","url":"https:\/\/c-adventures.al\/wp-content\/uploads\/2021\/05\/logo-c-adventures-web.png","contentUrl":"https:\/\/c-adventures.al\/wp-content\/uploads\/2021\/05\/logo-c-adventures-web.png","width":400,"height":142,"caption":"C-Adventures & Tours"},"image":{"@id":"https:\/\/c-adventures.al\/#\/schema\/logo\/image\/"},"sameAs":["https:\/\/www.facebook.com\/ctoursalbania"]}]}},"_links":{"self":[{"href":"https:\/\/c-adventures.al\/sq\/wp-json\/wp\/v2\/product\/2394","targetHints":{"allow":["GET"]}}],"collection":[{"href":"https:\/\/c-adventures.al\/sq\/wp-json\/wp\/v2\/product"}],"about":[{"href":"https:\/\/c-adventures.al\/sq\/wp-json\/wp\/v2\/types\/product"}],"wp:featuredmedia":[{"embeddable":true,"href":"https:\/\/c-adventures.al\/sq\/wp-json\/wp\/v2\/media\/2633"}],"wp:attachment":[{"href":"https:\/\/c-adventures.al\/sq\/wp-json\/wp\/v2\/media?parent=2394"}],"wp:term":[{"taxonomy":"product_brand","embeddable":true,"href":"https:\/\/c-adventures.al\/sq\/wp-json\/wp\/v2\/product_brand?post=2394"},{"taxonomy":"product_cat","embeddable":true,"href":"https:\/\/c-adventures.al\/sq\/wp-json\/wp\/v2\/product_cat?post=2394"},{"taxonomy":"product_tag","embeddable":true,"href":"https:\/\/c-adventures.al\/sq\/wp-json\/wp\/v2\/product_tag?post=2394"}],"curies":[{"name":"wp","href":"https:\/\/api.w.org\/{rel}","templated":true}]}}