{"id":2396,"date":"2023-06-15T12:12:39","date_gmt":"2023-06-15T10:12:39","guid":{"rendered":"https:\/\/c-adventures.al\/?post_type=product&#038;p=2396"},"modified":"2025-03-06T13:57:39","modified_gmt":"2025-03-06T11:57:39","slug":"klasa-e-gdhendjes-se-drurit","status":"publish","type":"product","link":"https:\/\/c-adventures.al\/sq\/tours\/klasa-e-gdhendjes-se-drurit\/","title":{"rendered":"Klasa e gdhendjes s\u00eb drurit"},"content":{"rendered":"<p>Viktor Nurce<\/p>\n<p>Kush e ushtron k\u00ebt\u00eb profesion prej m\u00eb shum\u00eb se 3 dekadash, do t&#8217;ju udh\u00ebzoj\u00eb dhe do t&#8217;ju m\u00ebsoj\u00eb disa sekrete t\u00eb k\u00ebtij zanati dhe s\u00eb bashku do t\u00eb gdhendni nj\u00eb kujtim n\u00eb dru si: nj\u00eb motiv madh\u00ebshtor ose nj\u00eb portret ose gjith\u00e7ka q\u00eb njer\u00ebzit duan t\u00eb gdhendin.<\/p>\n<p>Ju madje mund t\u00eb zgjidhni t\u00eb shkruani nj\u00eb dedikim p\u00ebr pun\u00ebn tuaj t\u00eb drurit. Do t\u00eb jet\u00eb nj\u00eb p\u00ebrvoj\u00eb e k\u00ebndshme dhe e vlefshme nga ky qytet mesjetar.<\/p>\n<p>Mjeshtri do t\u00eb shpjegoj\u00eb gjat\u00eb punimeve t\u00eb drurit p\u00ebr arredimin e ambienteve t\u00eb brendshme t\u00eb sht\u00ebpive t\u00eb vjetra n\u00eb qytetin e Gjirokastr\u00ebs.<\/p>\n<p>Ju mund t\u00eb merrni me vete vepr\u00ebn tuaj t\u00eb artit.<\/p>\n","protected":false},"excerpt":{"rendered":"<p>Viktor Nurce Kush e ushtron k\u00ebt\u00eb profesion prej m\u00eb shum\u00eb se 3 dekadash, do t&#8217;ju udh\u00ebzoj\u00eb dhe do t&#8217;ju m\u00ebsoj\u00eb disa sekrete t\u00eb k\u00ebtij zanati dhe s\u00eb bashku do t\u00eb gdhendni nj\u00eb kujtim n\u00eb dru si: nj\u00eb motiv madh\u00ebshtor ose nj\u00eb portret ose gjith\u00e7ka q\u00eb njer\u00ebzit duan t\u00eb gdhendin. Ju madje mund t\u00eb zgjidhni t\u00eb<\/p>\n<div class=\"padding-top text-center\"><a href=\"https:\/\/c-adventures.al\/sq\/tours\/klasa-e-gdhendjes-se-drurit\/\" class=\"atbtn atbtn--medium atbtn--rounded atbtn--transparent\">Read more<i class=\"atbtn__icon atbtn__icon--right fa fa-long-arrow-right\"><\/i><\/a><\/div>\n","protected":false},"featured_media":1962,"template":"","meta":[],"product_brand":[],"product_cat":[15],"product_tag":[],"class_list":{"0":"post-2396","1":"product","2":"type-product","3":"status-publish","4":"has-post-thumbnail","6":"product_cat-uncategorized","7":"tour_category-eksperience","9":"first","10":"instock","11":"featured","12":"shipping-taxable","13":"purchasable","14":"product-type-tour"},"yoast_head":"<!-- This site is optimized with the Yoast SEO plugin v24.4 - https:\/\/yoast.com\/wordpress\/plugins\/seo\/ -->\n<title>Klasa e gdhendjes s\u00eb drurit - C-Adventures &amp; Tours<\/title>\n<meta name=\"robots\" content=\"index, follow, max-snippet:-1, max-image-preview:large, max-video-preview:-1\" \/>\n<link rel=\"canonical\" href=\"https:\/\/c-adventures.al\/sq\/tours\/klasa-e-gdhendjes-se-drurit\/\" \/>\n<meta property=\"og:locale\" content=\"sq_AL\" \/>\n<meta property=\"og:type\" content=\"article\" \/>\n<meta property=\"og:title\" content=\"Klasa e gdhendjes s\u00eb drurit - C-Adventures &amp; Tours\" \/>\n<meta property=\"og:description\" content=\"Viktor Nurce Kush e ushtron k\u00ebt\u00eb profesion prej m\u00eb shum\u00eb se 3 dekadash, do t&#8217;ju udh\u00ebzoj\u00eb dhe do t&#8217;ju m\u00ebsoj\u00eb disa sekrete t\u00eb k\u00ebtij zanati dhe s\u00eb bashku do t\u00eb gdhendni nj\u00eb kujtim n\u00eb dru si: nj\u00eb motiv madh\u00ebshtor ose nj\u00eb portret ose gjith\u00e7ka q\u00eb njer\u00ebzit duan t\u00eb gdhendin. Ju madje mund t\u00eb zgjidhni t\u00ebRead more\" \/>\n<meta property=\"og:url\" content=\"https:\/\/c-adventures.al\/sq\/tours\/klasa-e-gdhendjes-se-drurit\/\" \/>\n<meta property=\"og:site_name\" content=\"C-Adventures &amp; Tours\" \/>\n<meta property=\"article:publisher\" content=\"https:\/\/www.facebook.com\/ctoursalbania\" \/>\n<meta property=\"article:modified_time\" content=\"2025-03-06T11:57:39+00:00\" \/>\n<meta property=\"og:image\" content=\"https:\/\/c-adventures.al\/wp-content\/uploads\/2021\/12\/IMG_0517-min.jpg\" \/>\n\t<meta property=\"og:image:width\" content=\"1200\" \/>\n\t<meta property=\"og:image:height\" content=\"800\" \/>\n\t<meta property=\"og:image:type\" content=\"image\/jpeg\" \/>\n<meta name=\"twitter:card\" content=\"summary_large_image\" \/>\n<meta name=\"twitter:label1\" content=\"Est. reading time\" \/>\n\t<meta name=\"twitter:data1\" content=\"1 minute\" \/>\n<script type=\"application\/ld+json\" class=\"yoast-schema-graph\">{\"@context\":\"https:\/\/schema.org\",\"@graph\":[{\"@type\":\"WebPage\",\"@id\":\"https:\/\/c-adventures.al\/sq\/tours\/klasa-e-gdhendjes-se-drurit\/\",\"url\":\"https:\/\/c-adventures.al\/sq\/tours\/klasa-e-gdhendjes-se-drurit\/\",\"name\":\"Klasa e gdhendjes s\u00eb drurit - C-Adventures &amp; Tours\",\"isPartOf\":{\"@id\":\"https:\/\/c-adventures.al\/#website\"},\"primaryImageOfPage\":{\"@id\":\"https:\/\/c-adventures.al\/sq\/tours\/klasa-e-gdhendjes-se-drurit\/#primaryimage\"},\"image\":{\"@id\":\"https:\/\/c-adventures.al\/sq\/tours\/klasa-e-gdhendjes-se-drurit\/#primaryimage\"},\"thumbnailUrl\":\"https:\/\/c-adventures.al\/wp-content\/uploads\/2021\/12\/IMG_0517-min.jpg\",\"datePublished\":\"2023-06-15T10:12:39+00:00\",\"dateModified\":\"2025-03-06T11:57:39+00:00\",\"breadcrumb\":{\"@id\":\"https:\/\/c-adventures.al\/sq\/tours\/klasa-e-gdhendjes-se-drurit\/#breadcrumb\"},\"inLanguage\":\"sq-AL\",\"potentialAction\":[{\"@type\":\"ReadAction\",\"target\":[\"https:\/\/c-adventures.al\/sq\/tours\/klasa-e-gdhendjes-se-drurit\/\"]}]},{\"@type\":\"ImageObject\",\"inLanguage\":\"sq-AL\",\"@id\":\"https:\/\/c-adventures.al\/sq\/tours\/klasa-e-gdhendjes-se-drurit\/#primaryimage\",\"url\":\"https:\/\/c-adventures.al\/wp-content\/uploads\/2021\/12\/IMG_0517-min.jpg\",\"contentUrl\":\"https:\/\/c-adventures.al\/wp-content\/uploads\/2021\/12\/IMG_0517-min.jpg\",\"width\":1200,\"height\":800},{\"@type\":\"BreadcrumbList\",\"@id\":\"https:\/\/c-adventures.al\/sq\/tours\/klasa-e-gdhendjes-se-drurit\/#breadcrumb\",\"itemListElement\":[{\"@type\":\"ListItem\",\"position\":1,\"name\":\"Home\",\"item\":\"https:\/\/c-adventures.al\/sq\/\"},{\"@type\":\"ListItem\",\"position\":2,\"name\":\"Products\",\"item\":\"https:\/\/c-adventures.al\/shop\/\"},{\"@type\":\"ListItem\",\"position\":3,\"name\":\"Klasa e gdhendjes s\u00eb drurit\"}]},{\"@type\":\"WebSite\",\"@id\":\"https:\/\/c-adventures.al\/#website\",\"url\":\"https:\/\/c-adventures.al\/\",\"name\":\"C-Adventures &amp; Tours\",\"description\":\"because your time matters\",\"publisher\":{\"@id\":\"https:\/\/c-adventures.al\/#organization\"},\"potentialAction\":[{\"@type\":\"SearchAction\",\"target\":{\"@type\":\"EntryPoint\",\"urlTemplate\":\"https:\/\/c-adventures.al\/?s={search_term_string}\"},\"query-input\":{\"@type\":\"PropertyValueSpecification\",\"valueRequired\":true,\"valueName\":\"search_term_string\"}}],\"inLanguage\":\"sq-AL\"},{\"@type\":\"Organization\",\"@id\":\"https:\/\/c-adventures.al\/#organization\",\"name\":\"C-Adventures & Tours\",\"url\":\"https:\/\/c-adventures.al\/\",\"logo\":{\"@type\":\"ImageObject\",\"inLanguage\":\"sq-AL\",\"@id\":\"https:\/\/c-adventures.al\/#\/schema\/logo\/image\/\",\"url\":\"https:\/\/c-adventures.al\/wp-content\/uploads\/2021\/05\/logo-c-adventures-web.png\",\"contentUrl\":\"https:\/\/c-adventures.al\/wp-content\/uploads\/2021\/05\/logo-c-adventures-web.png\",\"width\":400,\"height\":142,\"caption\":\"C-Adventures & Tours\"},\"image\":{\"@id\":\"https:\/\/c-adventures.al\/#\/schema\/logo\/image\/\"},\"sameAs\":[\"https:\/\/www.facebook.com\/ctoursalbania\"]}]}<\/script>\n<!-- \/ Yoast SEO plugin. -->","yoast_head_json":{"title":"Klasa e gdhendjes s\u00eb drurit - C-Adventures &amp; Tours","robots":{"index":"index","follow":"follow","max-snippet":"max-snippet:-1","max-image-preview":"max-image-preview:large","max-video-preview":"max-video-preview:-1"},"canonical":"https:\/\/c-adventures.al\/sq\/tours\/klasa-e-gdhendjes-se-drurit\/","og_locale":"sq_AL","og_type":"article","og_title":"Klasa e gdhendjes s\u00eb drurit - C-Adventures &amp; Tours","og_description":"Viktor Nurce Kush e ushtron k\u00ebt\u00eb profesion prej m\u00eb shum\u00eb se 3 dekadash, do t&#8217;ju udh\u00ebzoj\u00eb dhe do t&#8217;ju m\u00ebsoj\u00eb disa sekrete t\u00eb k\u00ebtij zanati dhe s\u00eb bashku do t\u00eb gdhendni nj\u00eb kujtim n\u00eb dru si: nj\u00eb motiv madh\u00ebshtor ose nj\u00eb portret ose gjith\u00e7ka q\u00eb njer\u00ebzit duan t\u00eb gdhendin. Ju madje mund t\u00eb zgjidhni t\u00ebRead more","og_url":"https:\/\/c-adventures.al\/sq\/tours\/klasa-e-gdhendjes-se-drurit\/","og_site_name":"C-Adventures &amp; Tours","article_publisher":"https:\/\/www.facebook.com\/ctoursalbania","article_modified_time":"2025-03-06T11:57:39+00:00","og_image":[{"width":1200,"height":800,"url":"https:\/\/c-adventures.al\/wp-content\/uploads\/2021\/12\/IMG_0517-min.jpg","type":"image\/jpeg"}],"twitter_card":"summary_large_image","twitter_misc":{"Est. reading time":"1 minute"},"schema":{"@context":"https:\/\/schema.org","@graph":[{"@type":"WebPage","@id":"https:\/\/c-adventures.al\/sq\/tours\/klasa-e-gdhendjes-se-drurit\/","url":"https:\/\/c-adventures.al\/sq\/tours\/klasa-e-gdhendjes-se-drurit\/","name":"Klasa e gdhendjes s\u00eb drurit - C-Adventures &amp; Tours","isPartOf":{"@id":"https:\/\/c-adventures.al\/#website"},"primaryImageOfPage":{"@id":"https:\/\/c-adventures.al\/sq\/tours\/klasa-e-gdhendjes-se-drurit\/#primaryimage"},"image":{"@id":"https:\/\/c-adventures.al\/sq\/tours\/klasa-e-gdhendjes-se-drurit\/#primaryimage"},"thumbnailUrl":"https:\/\/c-adventures.al\/wp-content\/uploads\/2021\/12\/IMG_0517-min.jpg","datePublished":"2023-06-15T10:12:39+00:00","dateModified":"2025-03-06T11:57:39+00:00","breadcrumb":{"@id":"https:\/\/c-adventures.al\/sq\/tours\/klasa-e-gdhendjes-se-drurit\/#breadcrumb"},"inLanguage":"sq-AL","potentialAction":[{"@type":"ReadAction","target":["https:\/\/c-adventures.al\/sq\/tours\/klasa-e-gdhendjes-se-drurit\/"]}]},{"@type":"ImageObject","inLanguage":"sq-AL","@id":"https:\/\/c-adventures.al\/sq\/tours\/klasa-e-gdhendjes-se-drurit\/#primaryimage","url":"https:\/\/c-adventures.al\/wp-content\/uploads\/2021\/12\/IMG_0517-min.jpg","contentUrl":"https:\/\/c-adventures.al\/wp-content\/uploads\/2021\/12\/IMG_0517-min.jpg","width":1200,"height":800},{"@type":"BreadcrumbList","@id":"https:\/\/c-adventures.al\/sq\/tours\/klasa-e-gdhendjes-se-drurit\/#breadcrumb","itemListElement":[{"@type":"ListItem","position":1,"name":"Home","item":"https:\/\/c-adventures.al\/sq\/"},{"@type":"ListItem","position":2,"name":"Products","item":"https:\/\/c-adventures.al\/shop\/"},{"@type":"ListItem","position":3,"name":"Klasa e gdhendjes s\u00eb drurit"}]},{"@type":"WebSite","@id":"https:\/\/c-adventures.al\/#website","url":"https:\/\/c-adventures.al\/","name":"C-Adventures &amp; Tours","description":"because your time matters","publisher":{"@id":"https:\/\/c-adventures.al\/#organization"},"potentialAction":[{"@type":"SearchAction","target":{"@type":"EntryPoint","urlTemplate":"https:\/\/c-adventures.al\/?s={search_term_string}"},"query-input":{"@type":"PropertyValueSpecification","valueRequired":true,"valueName":"search_term_string"}}],"inLanguage":"sq-AL"},{"@type":"Organization","@id":"https:\/\/c-adventures.al\/#organization","name":"C-Adventures & Tours","url":"https:\/\/c-adventures.al\/","logo":{"@type":"ImageObject","inLanguage":"sq-AL","@id":"https:\/\/c-adventures.al\/#\/schema\/logo\/image\/","url":"https:\/\/c-adventures.al\/wp-content\/uploads\/2021\/05\/logo-c-adventures-web.png","contentUrl":"https:\/\/c-adventures.al\/wp-content\/uploads\/2021\/05\/logo-c-adventures-web.png","width":400,"height":142,"caption":"C-Adventures & Tours"},"image":{"@id":"https:\/\/c-adventures.al\/#\/schema\/logo\/image\/"},"sameAs":["https:\/\/www.facebook.com\/ctoursalbania"]}]}},"_links":{"self":[{"href":"https:\/\/c-adventures.al\/sq\/wp-json\/wp\/v2\/product\/2396","targetHints":{"allow":["GET"]}}],"collection":[{"href":"https:\/\/c-adventures.al\/sq\/wp-json\/wp\/v2\/product"}],"about":[{"href":"https:\/\/c-adventures.al\/sq\/wp-json\/wp\/v2\/types\/product"}],"wp:featuredmedia":[{"embeddable":true,"href":"https:\/\/c-adventures.al\/sq\/wp-json\/wp\/v2\/media\/1962"}],"wp:attachment":[{"href":"https:\/\/c-adventures.al\/sq\/wp-json\/wp\/v2\/media?parent=2396"}],"wp:term":[{"taxonomy":"product_brand","embeddable":true,"href":"https:\/\/c-adventures.al\/sq\/wp-json\/wp\/v2\/product_brand?post=2396"},{"taxonomy":"product_cat","embeddable":true,"href":"https:\/\/c-adventures.al\/sq\/wp-json\/wp\/v2\/product_cat?post=2396"},{"taxonomy":"product_tag","embeddable":true,"href":"https:\/\/c-adventures.al\/sq\/wp-json\/wp\/v2\/product_tag?post=2396"}],"curies":[{"name":"wp","href":"https:\/\/api.w.org\/{rel}","templated":true}]}}