{"id":2805,"date":"2025-02-01T18:53:46","date_gmt":"2025-02-01T16:53:46","guid":{"rendered":"https:\/\/c-adventures.al\/?post_type=product&#038;p=2805"},"modified":"2025-02-08T02:02:57","modified_gmt":"2025-02-08T00:02:57","slug":"klase-gatimi-ne-lazarat","status":"publish","type":"product","link":"https:\/\/c-adventures.al\/sq\/tours\/klase-gatimi-ne-lazarat\/","title":{"rendered":"Klas\u00eb gatimi n\u00eb Lazarat"},"content":{"rendered":"<p>\ud83c\udf3f <strong>Eksperienc\u00eb Autentike e klas\u00ebs s\u00eb gatimit n\u00eb Lazarat!<\/strong> \ud83c\udf3f<\/p>\n<p><strong>Takohuni me Lorin dhe familjen e saj<br \/>\n<\/strong><\/p>\n<p><strong>\ud83c\udf7d\ufe0f \u00c7far\u00eb do t\u00eb m\u00eboni t\u00eb gatuani:<br \/>\n<\/strong>Ky \u00ebsht\u00eb nj\u00eb udh\u00ebtim kulinarije i drejtuar nga Lori dhe familja e saj mikprit\u00ebse, e cila ka qen\u00eb e rr\u00ebnjosur me breza n\u00eb Lazarat. Sapo hyni n\u00eb koshtin e tyre, t\u00eb kthyer tani m\u00eb n\u00eb nj\u00eb kuzhin\u00eb t\u00eb hapur, ndjehet aroma e fersk\u00ebt e erzave, perimemeve dhe mishit duke zjer\u00eb, e cila ju b\u00ebn menj\u00ebher\u00eb p\u00ebr vete.<\/p>\n<p>Gjat\u00eb koh\u00ebs q\u00eb ju do t\u00eb jeni s\u00eb bashku, Lori do t&#8217;ju tregoj\u00eb histori dhe receta t\u00eb gjyshes t\u00eb trash\u00ebguara n\u00eb familjen e saj. P\u00ebrvishni m\u00ebng\u00ebt dhe b\u00ebhuni pjes\u00eb e p\u00ebrgatitjes s\u00eb petanikut tradicional, i cili mban nj\u00eb vend special kuzhin\u00ebn shqiptare, i shquar p\u00ebr thjesht\u00ebsin\u00eb dhe shijen e tij t\u00eb delikate. Kj0 pjat\u00eb tradicionale p\u00ebrgatitet vet\u00ebm me miell, djath\u00eb, vaj, dhe erza aromatike, ku pet\u00ebt hapen dhe shtrohen n\u00eb tepsi p\u00ebr t&#8217;u pjekur n\u00eb zjarr me dru.<\/p>\n<p>Receta e dyt\u00eb q\u00eb do t\u00eb m\u00ebsoni do t\u00eb gatuani me Lorin jan\u00eb petullat e mbushura. Kjo \u00ebsht\u00eb nj\u00eb pjat\u00eb mjaft e dashur, me kore krokante dhe mbushje t\u00eb but\u00eb, mjaft k\u00ebndshme p\u00ebr ta provuar. Baza e k\u00ebtij gatimi tradicional \u00ebsht\u00eb e p\u00ebrgatitur nga brumi me miell gruri, p\u00ebr t\u00eb formuar toptha t\u00eb vegj\u00ebl dhe dhe m\u00eb pas p\u00ebr ti sheshuar pak me pet\u00ebs. Sapo t\u00eb p\u00ebrfundoj\u00eb dh\u00ebnja e form\u00ebs me pet\u00ebs dhe pasi t&#8217;i kemi mbushur me mas\u00eb p\u00ebrzjerjeje me ullinj, djath\u00eb dhe perime t\u00eb fresk\u00ebta t\u00eb marra nga koshti, do t&#8217;i hedhim petullat p\u00ebr t&#8217;i skuqur deri sa t\u00eb ken\u00eb marr\u00eb ngjyr\u00ebn e tyre perfekte t\u00eb art\u00eb.<\/p>\n<p>Receta e tret\u00eb q\u00eb do t\u00eb gatuani \u00ebsht\u00eb hasudeja, nj\u00eb \u00ebmb\u00eblsir\u00eb e leht\u00eb shqiptare, e thjesht\u00eb dhe e parezistueshme p\u00ebr k\u00ebdo. Kjo recet\u00eb tradicionale \u00ebsht\u00eb nj\u00eb p\u00ebrzierje gjalpi, niseshteje, sheqeri, mjalti, dhe lajthish t\u00eb gatuar a n\u00eb perfeksion, dhe t\u00eb p\u00ebrforcuar me arom\u00ebn e luleve sezonale.<\/p>\n<p>Dhalla \u00ebsht\u00eb nj\u00eb tradit\u00ebn\u00eb kultur\u00ebn shqiptare dhe simbolizon bashkimin n\u00eb komunitet. N\u00eb k\u00ebt\u00eb eksperienc\u00eb gjith\u00ebp\u00ebrfshir\u00ebse me Lori dhe familjen e saj n\u00eb Lazarat, ju do t\u00eb keni mund\u00ebsin\u00eb t\u00eb merrni pjes\u00eb n\u00eb ritin antik t\u00eb p\u00ebrgatitjes s\u00eb dhall\u00ebs me an\u00eb t\u00eb dybekut. Procesi p\u00ebrfshin p\u00ebrzierjen e qumshtit n\u00eb dybek,nj\u00eb en\u00eb e gjat\u00eb dhe ngusht\u00eb druri, derisa t\u00ebndahet nga yndyra p\u00ebr t\u00eb formuar gjalpin.<\/p>\n<p><strong>\ud83c\udf3f<\/strong><strong> Nj\u00eb histori fshati:<br \/>\n<\/strong>Lazarati ka nj\u00eb histori unike. Dikur i njohur p\u00ebr mbjelljen e kanavisit, ky fshat ka b\u00ebr\u00eb nj\u00eb kthes\u00eb t\u00eb madhe vitet e fundit. Nd\u00ebrkoh\u00eb q\u00eb e kaluara mund t\u00eb ket\u00eb qen\u00eb e turbullt, e tashmja \u00ebsht\u00eb e mbushur me shpres\u00eb pasi komuniteti po punon p\u00ebr t\u00eb siguruar mund\u00ebsi t\u00eb reja zhvillimi, p\u00ebrfshir\u00eb ndarjen me vizitor\u00ebt t\u00eb tradit\u00ebs dhe kulinaris\u00eb s\u00eb tyre mjaft t\u00eb pasur.<\/p>\n<p>\ud83c\udf89 <strong><em>Pse t\u00eb zgjidhni &#8220;Lori&#8217;s Kitchen&#8221;:<\/em><\/strong><\/p>\n<p><strong>Eksperienc\u00eb e <\/strong><strong>personalizuar:<\/strong> Njihuni me banor\u00ebt dhe kultur\u00ebn e fshatit t\u00eb Lazaratit.<\/p>\n<p><strong>Autenticiteti:<\/strong> Provoni shijet e v\u00ebrteta shqiptare me gatime tv p\u00ebrgatitura nga vet ju.<\/p>\n<p><strong>Mikpritje e ngroh\u00eb:<\/strong> Ndjehuni si n\u00eb sht\u00ebpin\u00eb tuaj dhe si pjes\u00eb e familjes s\u00eb Lori.<\/p>\n<p><strong>Mb\u00ebshtetni komunitetin:<\/strong> Vizita juaj ndihmon n\u00eb mb\u00ebshtetjen e vendosjes s\u00eb nj\u00eb turizmi t\u00eb q\u00ebndruesh\u00ebm n\u00eb rajon dhe ndihmon bizneset e vogla.<\/p>\n<p>\ud83d\udecd\ufe0f <strong>Merrni me vete nj\u00eb shije autentike<\/strong>! \ud83d\udecd\ufe0f<\/p>\n<p>Para se t\u00eb ikni, ndaluni edhe te ferma e Lori n\u00eb krah t\u00eb koshtit ku u zhvillua klasa e gatimit. Aty do t\u00eb gjeni vaj ulliri, mjalt\u00eb, lajthi dhe fruta t\u00eb thata. Mb\u00ebshtesni familen e Lori dhe komunitetin nd\u00ebrkoh\u00eb q\u00eb merrni produktet e Lazarat p\u00ebr ta shijuar me vete n\u00eb sht\u00ebpi.<\/p>\n","protected":false},"excerpt":{"rendered":"<p>\ud83c\udf3f Eksperienc\u00eb Autentike e klas\u00ebs s\u00eb gatimit n\u00eb Lazarat! \ud83c\udf3f Takohuni me Lorin dhe familjen e saj \ud83c\udf7d\ufe0f \u00c7far\u00eb do t\u00eb m\u00eboni t\u00eb gatuani: Ky \u00ebsht\u00eb nj\u00eb udh\u00ebtim kulinarije i drejtuar nga Lori dhe familja e saj mikprit\u00ebse, e cila ka qen\u00eb e rr\u00ebnjosur me breza n\u00eb Lazarat. Sapo hyni n\u00eb koshtin e tyre, t\u00eb<\/p>\n<div class=\"padding-top text-center\"><a href=\"https:\/\/c-adventures.al\/sq\/tours\/klase-gatimi-ne-lazarat\/\" class=\"atbtn atbtn--medium atbtn--rounded atbtn--transparent\">Read more<i class=\"atbtn__icon atbtn__icon--right fa fa-long-arrow-right\"><\/i><\/a><\/div>\n","protected":false},"featured_media":2529,"template":"","meta":[],"product_brand":[],"product_cat":[15],"product_tag":[],"class_list":{"0":"post-2805","1":"product","2":"type-product","3":"status-publish","4":"has-post-thumbnail","6":"product_cat-uncategorized","7":"tour_category-eksperience","9":"first","10":"instock","11":"featured","12":"shipping-taxable","13":"purchasable","14":"product-type-tour"},"yoast_head":"<!-- This site is optimized with the Yoast SEO plugin v24.4 - https:\/\/yoast.com\/wordpress\/plugins\/seo\/ -->\n<title>Klas\u00eb gatimi n\u00eb Lazarat - C-Adventures &amp; Tours<\/title>\n<meta name=\"robots\" content=\"index, follow, max-snippet:-1, max-image-preview:large, max-video-preview:-1\" \/>\n<link rel=\"canonical\" href=\"https:\/\/c-adventures.al\/sq\/tours\/klase-gatimi-ne-lazarat\/\" \/>\n<meta property=\"og:locale\" content=\"sq_AL\" \/>\n<meta property=\"og:type\" content=\"article\" \/>\n<meta property=\"og:title\" content=\"Klas\u00eb gatimi n\u00eb Lazarat - C-Adventures &amp; Tours\" \/>\n<meta property=\"og:description\" content=\"\ud83c\udf3f Eksperienc\u00eb Autentike e klas\u00ebs s\u00eb gatimit n\u00eb Lazarat! \ud83c\udf3f Takohuni me Lorin dhe familjen e saj \ud83c\udf7d\ufe0f \u00c7far\u00eb do t\u00eb m\u00eboni t\u00eb gatuani: Ky \u00ebsht\u00eb nj\u00eb udh\u00ebtim kulinarije i drejtuar nga Lori dhe familja e saj mikprit\u00ebse, e cila ka qen\u00eb e rr\u00ebnjosur me breza n\u00eb Lazarat. Sapo hyni n\u00eb koshtin e tyre, t\u00ebRead more\" \/>\n<meta property=\"og:url\" content=\"https:\/\/c-adventures.al\/sq\/tours\/klase-gatimi-ne-lazarat\/\" \/>\n<meta property=\"og:site_name\" content=\"C-Adventures &amp; Tours\" \/>\n<meta property=\"article:publisher\" content=\"https:\/\/www.facebook.com\/ctoursalbania\" \/>\n<meta property=\"article:modified_time\" content=\"2025-02-08T00:02:57+00:00\" \/>\n<meta property=\"og:image\" content=\"https:\/\/c-adventures.al\/wp-content\/uploads\/2024\/04\/image00001-11-min.jpg\" \/>\n\t<meta property=\"og:image:width\" content=\"1000\" \/>\n\t<meta property=\"og:image:height\" content=\"1000\" \/>\n\t<meta property=\"og:image:type\" content=\"image\/jpeg\" \/>\n<meta name=\"twitter:card\" content=\"summary_large_image\" \/>\n<meta name=\"twitter:label1\" content=\"Est. reading time\" \/>\n\t<meta name=\"twitter:data1\" content=\"3 minutes\" \/>\n<script type=\"application\/ld+json\" class=\"yoast-schema-graph\">{\"@context\":\"https:\/\/schema.org\",\"@graph\":[{\"@type\":\"WebPage\",\"@id\":\"https:\/\/c-adventures.al\/sq\/tours\/klase-gatimi-ne-lazarat\/\",\"url\":\"https:\/\/c-adventures.al\/sq\/tours\/klase-gatimi-ne-lazarat\/\",\"name\":\"Klas\u00eb gatimi n\u00eb Lazarat - C-Adventures &amp; Tours\",\"isPartOf\":{\"@id\":\"https:\/\/c-adventures.al\/#website\"},\"primaryImageOfPage\":{\"@id\":\"https:\/\/c-adventures.al\/sq\/tours\/klase-gatimi-ne-lazarat\/#primaryimage\"},\"image\":{\"@id\":\"https:\/\/c-adventures.al\/sq\/tours\/klase-gatimi-ne-lazarat\/#primaryimage\"},\"thumbnailUrl\":\"https:\/\/c-adventures.al\/wp-content\/uploads\/2024\/04\/image00001-11-min.jpg\",\"datePublished\":\"2025-02-01T16:53:46+00:00\",\"dateModified\":\"2025-02-08T00:02:57+00:00\",\"breadcrumb\":{\"@id\":\"https:\/\/c-adventures.al\/sq\/tours\/klase-gatimi-ne-lazarat\/#breadcrumb\"},\"inLanguage\":\"sq-AL\",\"potentialAction\":[{\"@type\":\"ReadAction\",\"target\":[\"https:\/\/c-adventures.al\/sq\/tours\/klase-gatimi-ne-lazarat\/\"]}]},{\"@type\":\"ImageObject\",\"inLanguage\":\"sq-AL\",\"@id\":\"https:\/\/c-adventures.al\/sq\/tours\/klase-gatimi-ne-lazarat\/#primaryimage\",\"url\":\"https:\/\/c-adventures.al\/wp-content\/uploads\/2024\/04\/image00001-11-min.jpg\",\"contentUrl\":\"https:\/\/c-adventures.al\/wp-content\/uploads\/2024\/04\/image00001-11-min.jpg\",\"width\":1000,\"height\":1000},{\"@type\":\"BreadcrumbList\",\"@id\":\"https:\/\/c-adventures.al\/sq\/tours\/klase-gatimi-ne-lazarat\/#breadcrumb\",\"itemListElement\":[{\"@type\":\"ListItem\",\"position\":1,\"name\":\"Home\",\"item\":\"https:\/\/c-adventures.al\/sq\/\"},{\"@type\":\"ListItem\",\"position\":2,\"name\":\"Products\",\"item\":\"https:\/\/c-adventures.al\/shop\/\"},{\"@type\":\"ListItem\",\"position\":3,\"name\":\"Klas\u00eb gatimi n\u00eb Lazarat\"}]},{\"@type\":\"WebSite\",\"@id\":\"https:\/\/c-adventures.al\/#website\",\"url\":\"https:\/\/c-adventures.al\/\",\"name\":\"C-Adventures &amp; Tours\",\"description\":\"because your time matters\",\"publisher\":{\"@id\":\"https:\/\/c-adventures.al\/#organization\"},\"potentialAction\":[{\"@type\":\"SearchAction\",\"target\":{\"@type\":\"EntryPoint\",\"urlTemplate\":\"https:\/\/c-adventures.al\/?s={search_term_string}\"},\"query-input\":{\"@type\":\"PropertyValueSpecification\",\"valueRequired\":true,\"valueName\":\"search_term_string\"}}],\"inLanguage\":\"sq-AL\"},{\"@type\":\"Organization\",\"@id\":\"https:\/\/c-adventures.al\/#organization\",\"name\":\"C-Adventures & Tours\",\"url\":\"https:\/\/c-adventures.al\/\",\"logo\":{\"@type\":\"ImageObject\",\"inLanguage\":\"sq-AL\",\"@id\":\"https:\/\/c-adventures.al\/#\/schema\/logo\/image\/\",\"url\":\"https:\/\/c-adventures.al\/wp-content\/uploads\/2021\/05\/logo-c-adventures-web.png\",\"contentUrl\":\"https:\/\/c-adventures.al\/wp-content\/uploads\/2021\/05\/logo-c-adventures-web.png\",\"width\":400,\"height\":142,\"caption\":\"C-Adventures & Tours\"},\"image\":{\"@id\":\"https:\/\/c-adventures.al\/#\/schema\/logo\/image\/\"},\"sameAs\":[\"https:\/\/www.facebook.com\/ctoursalbania\"]}]}<\/script>\n<!-- \/ Yoast SEO plugin. -->","yoast_head_json":{"title":"Klas\u00eb gatimi n\u00eb Lazarat - C-Adventures &amp; Tours","robots":{"index":"index","follow":"follow","max-snippet":"max-snippet:-1","max-image-preview":"max-image-preview:large","max-video-preview":"max-video-preview:-1"},"canonical":"https:\/\/c-adventures.al\/sq\/tours\/klase-gatimi-ne-lazarat\/","og_locale":"sq_AL","og_type":"article","og_title":"Klas\u00eb gatimi n\u00eb Lazarat - C-Adventures &amp; Tours","og_description":"\ud83c\udf3f Eksperienc\u00eb Autentike e klas\u00ebs s\u00eb gatimit n\u00eb Lazarat! \ud83c\udf3f Takohuni me Lorin dhe familjen e saj \ud83c\udf7d\ufe0f \u00c7far\u00eb do t\u00eb m\u00eboni t\u00eb gatuani: Ky \u00ebsht\u00eb nj\u00eb udh\u00ebtim kulinarije i drejtuar nga Lori dhe familja e saj mikprit\u00ebse, e cila ka qen\u00eb e rr\u00ebnjosur me breza n\u00eb Lazarat. Sapo hyni n\u00eb koshtin e tyre, t\u00ebRead more","og_url":"https:\/\/c-adventures.al\/sq\/tours\/klase-gatimi-ne-lazarat\/","og_site_name":"C-Adventures &amp; Tours","article_publisher":"https:\/\/www.facebook.com\/ctoursalbania","article_modified_time":"2025-02-08T00:02:57+00:00","og_image":[{"width":1000,"height":1000,"url":"https:\/\/c-adventures.al\/wp-content\/uploads\/2024\/04\/image00001-11-min.jpg","type":"image\/jpeg"}],"twitter_card":"summary_large_image","twitter_misc":{"Est. reading time":"3 minutes"},"schema":{"@context":"https:\/\/schema.org","@graph":[{"@type":"WebPage","@id":"https:\/\/c-adventures.al\/sq\/tours\/klase-gatimi-ne-lazarat\/","url":"https:\/\/c-adventures.al\/sq\/tours\/klase-gatimi-ne-lazarat\/","name":"Klas\u00eb gatimi n\u00eb Lazarat - C-Adventures &amp; Tours","isPartOf":{"@id":"https:\/\/c-adventures.al\/#website"},"primaryImageOfPage":{"@id":"https:\/\/c-adventures.al\/sq\/tours\/klase-gatimi-ne-lazarat\/#primaryimage"},"image":{"@id":"https:\/\/c-adventures.al\/sq\/tours\/klase-gatimi-ne-lazarat\/#primaryimage"},"thumbnailUrl":"https:\/\/c-adventures.al\/wp-content\/uploads\/2024\/04\/image00001-11-min.jpg","datePublished":"2025-02-01T16:53:46+00:00","dateModified":"2025-02-08T00:02:57+00:00","breadcrumb":{"@id":"https:\/\/c-adventures.al\/sq\/tours\/klase-gatimi-ne-lazarat\/#breadcrumb"},"inLanguage":"sq-AL","potentialAction":[{"@type":"ReadAction","target":["https:\/\/c-adventures.al\/sq\/tours\/klase-gatimi-ne-lazarat\/"]}]},{"@type":"ImageObject","inLanguage":"sq-AL","@id":"https:\/\/c-adventures.al\/sq\/tours\/klase-gatimi-ne-lazarat\/#primaryimage","url":"https:\/\/c-adventures.al\/wp-content\/uploads\/2024\/04\/image00001-11-min.jpg","contentUrl":"https:\/\/c-adventures.al\/wp-content\/uploads\/2024\/04\/image00001-11-min.jpg","width":1000,"height":1000},{"@type":"BreadcrumbList","@id":"https:\/\/c-adventures.al\/sq\/tours\/klase-gatimi-ne-lazarat\/#breadcrumb","itemListElement":[{"@type":"ListItem","position":1,"name":"Home","item":"https:\/\/c-adventures.al\/sq\/"},{"@type":"ListItem","position":2,"name":"Products","item":"https:\/\/c-adventures.al\/shop\/"},{"@type":"ListItem","position":3,"name":"Klas\u00eb gatimi n\u00eb Lazarat"}]},{"@type":"WebSite","@id":"https:\/\/c-adventures.al\/#website","url":"https:\/\/c-adventures.al\/","name":"C-Adventures &amp; Tours","description":"because your time matters","publisher":{"@id":"https:\/\/c-adventures.al\/#organization"},"potentialAction":[{"@type":"SearchAction","target":{"@type":"EntryPoint","urlTemplate":"https:\/\/c-adventures.al\/?s={search_term_string}"},"query-input":{"@type":"PropertyValueSpecification","valueRequired":true,"valueName":"search_term_string"}}],"inLanguage":"sq-AL"},{"@type":"Organization","@id":"https:\/\/c-adventures.al\/#organization","name":"C-Adventures & Tours","url":"https:\/\/c-adventures.al\/","logo":{"@type":"ImageObject","inLanguage":"sq-AL","@id":"https:\/\/c-adventures.al\/#\/schema\/logo\/image\/","url":"https:\/\/c-adventures.al\/wp-content\/uploads\/2021\/05\/logo-c-adventures-web.png","contentUrl":"https:\/\/c-adventures.al\/wp-content\/uploads\/2021\/05\/logo-c-adventures-web.png","width":400,"height":142,"caption":"C-Adventures & Tours"},"image":{"@id":"https:\/\/c-adventures.al\/#\/schema\/logo\/image\/"},"sameAs":["https:\/\/www.facebook.com\/ctoursalbania"]}]}},"_links":{"self":[{"href":"https:\/\/c-adventures.al\/sq\/wp-json\/wp\/v2\/product\/2805","targetHints":{"allow":["GET"]}}],"collection":[{"href":"https:\/\/c-adventures.al\/sq\/wp-json\/wp\/v2\/product"}],"about":[{"href":"https:\/\/c-adventures.al\/sq\/wp-json\/wp\/v2\/types\/product"}],"wp:featuredmedia":[{"embeddable":true,"href":"https:\/\/c-adventures.al\/sq\/wp-json\/wp\/v2\/media\/2529"}],"wp:attachment":[{"href":"https:\/\/c-adventures.al\/sq\/wp-json\/wp\/v2\/media?parent=2805"}],"wp:term":[{"taxonomy":"product_brand","embeddable":true,"href":"https:\/\/c-adventures.al\/sq\/wp-json\/wp\/v2\/product_brand?post=2805"},{"taxonomy":"product_cat","embeddable":true,"href":"https:\/\/c-adventures.al\/sq\/wp-json\/wp\/v2\/product_cat?post=2805"},{"taxonomy":"product_tag","embeddable":true,"href":"https:\/\/c-adventures.al\/sq\/wp-json\/wp\/v2\/product_tag?post=2805"}],"curies":[{"name":"wp","href":"https:\/\/api.w.org\/{rel}","templated":true}]}}