{"id":2811,"date":"2025-01-28T17:47:05","date_gmt":"2025-01-28T15:47:05","guid":{"rendered":"https:\/\/c-adventures.al\/?post_type=product&#038;p=2811"},"modified":"2025-03-06T13:03:03","modified_gmt":"2025-03-06T11:03:03","slug":"24-hour-weekend-adventure-program","status":"publish","type":"product","link":"https:\/\/c-adventures.al\/sq\/tours\/24-hour-weekend-adventure-program\/","title":{"rendered":"Programi &#8220;24-Or\u00eb aventur\u00eb fundjave&#8221;"},"content":{"rendered":"<p>Shijoni 24 or\u00eb t\u00eb fundjav\u00ebs suaj n\u00eb natyr\u00ebn e jugut t\u00eb Shqip\u00ebris\u00eb. Filloni duke ngritur kampin tuaj n\u00eb qendr\u00ebn e &#8220;Caravan Horseriding Albania Center&#8221;. Ecni p\u00ebrkrah kuajve, duke i drejtuar ata me an\u00eb t\u00eb litarit nd\u00ebrkoh\u00eb q\u00eb ju eksploroni natyr\u00ebn p\u00ebrreth. Pas k\u00ebsaj shkoni p\u00ebr nj\u00eb tur me automjetet bagi drejt liqenit t\u00eb \u00c7init &amp; Doftis\u00eb. Por nuk mbaron me kaq. b\u00ebni nj\u00eb pushim p\u00ebr nj\u00eb kafe ose \u00e7aj dhe mund\u00ebsisht nj\u00eb dush. Nata e Filmit n\u00eb Natyr\u00eb ju pret pa pushimit. Kjo eksperienc\u00eb ju mund\u00ebson t\u00eb reflektoni me vetveten, ju inkurajon t\u00eb eksploroni limitet tuaja, teston aft\u00ebsit\u00eb tuaja t\u00eb p\u00ebr t\u00eb qen\u00eb nj\u00eb lider, ju afron m\u00eb af\u00ebr me natyr\u00ebn dhe m\u00eb e r\u00ebnd\u00ebsishmja ju ofron nj\u00eb moment t\u00eb paharruesh\u00ebm.<\/p>\n<p><strong>Dit\u00ebt e fillimit t\u00eb aktivitetit jan\u00eb \u00e7do t\u00eb premte &#8211; t\u00eb shtun\u00eb dhe \u00e7do t\u00eb shtun\u00eb &#8211; t\u00eb diel<\/strong><br \/>\n<strong>Fillimi<\/strong>: 11:00 n\u00eb m\u00ebngjes<br \/>\n<strong>Mbarimi<\/strong>: 10:00 n\u00eb m\u00ebngjesin e dit\u00ebs tjet\u00ebr<\/p>\n<h3><strong>P\u00ebrmbledhja e itinerarit<br \/>\n<\/strong><\/h3>\n<p><strong>Mb\u00ebrritja te qendra &#8220;Caravan Horseriding Albania Center&#8221;<\/strong><\/p>\n<ul>\n<li><strong>11:00 <\/strong>\u2013 Mb\u00ebrrini dhe vendoseni n\u00eb zon\u00ebn e kampit n\u00eb &#8220;Caravan Horseriding Albania Center&#8221;.<\/li>\n<li>Takoheni me mikprit\u00ebsin dhe prezantoheni me mjedisin p\u00ebrreth. Shijoni nj\u00eb kafe ose \u00e7aj mir\u00ebseardhjeje.<\/li>\n<li>Ngrini tendat, lini objektet tuaja personale dhe p\u00ebrgatiteni p\u00ebr aktivitetet e dit\u00ebs.<\/li>\n<\/ul>\n<p><strong>Hajking dhe eksperienca e ecjes p\u00ebrkrah kuajve<br \/>\n<\/strong><\/p>\n<ul>\n<li><strong>Fillimi i aktivitetit<\/strong>: 11:45<\/li>\n<li>Ecni p\u00ebrkrah nj\u00eb kali, duke e udh\u00ebhequrr at\u00eb me an\u00eb t\u00eb nj\u00eb litari nd\u00ebrkoh\u00eb q\u00eb ju eksploroni natyr\u00ebn p\u00ebrreth. Kjo eksperienc\u00eb ju mund\u00ebson t\u00eb b\u00ebni nj\u00eb reflektimim personal, ju inkurajon t\u00eb p\u00ebrballeni me frik\u00ebn tuaj, limitet, dhe aft\u00ebsit\u00eb si udh\u00ebheq\u00ebs.<\/li>\n<li>Ecja n\u00eb shtigjet malore zgjat rreth 45 minuta dhe ka dy ndalesa p\u00ebrgjat\u00eb saj p\u00ebr t\u00eb patur mund\u00ebsi t\u00eb v\u00ebshtroni pamjet mahnit\u00ebse p\u00ebrreth dhe t\u00eb mund t\u00eb krijoni nj\u00eblidhej m\u00eb t\u00eb af\u00ebrt me natyr\u00ebn.<\/li>\n<li><strong>Kthimi n\u00eb qend\u00ebr<\/strong>: Pas hajkingut, ndihmoni n\u00eb pastrimin dhe ushqyerjen e kuajve.<\/li>\n<\/ul>\n<p><strong>Aventura me automjetet bagi: Nga Asim Zeneli te Liqeni i Doftis\u00eb<br \/>\n<\/strong><\/p>\n<ul>\n<li><strong>Fillimi i turit<\/strong>: 14:00<\/li>\n<li>B\u00ebhuni gati p\u00ebr nj\u00eb aventur\u00eb 3 or\u00ebshe me bagi nga fshtai Asim Zeneli te liqeni pnoramik i Doftis\u00eb.<\/li>\n<li><strong>Pik\u00ebndalesat<\/strong>:\n<ul>\n<li><em>Ndalesa te Bunkeri<\/em>: Pause to learn about Albania\u2019s Cold War bunkers and take some photos.<\/li>\n<li><em>Liqeni i \u00c7init<\/em>: Admire the views of this artificial reservoir created for irrigation in the 1960s.<\/li>\n<li><em>Liqeni i Doftis\u00eb<\/em>: Arrive at the lake for a relaxing picnic, short catch-and-release fishing session, and stories from a local fisherman.<\/li>\n<\/ul>\n<\/li>\n<li><strong>Kthimi n\u00eb kamp<\/strong>: Nd\u00ebrroni vendet e shoferit dhe pasagjerit me nj\u00ebri-tjetrin dhe kthehuni p\u00ebrs\u00ebri n\u00eb kamp p\u00ebrmes rrug\u00ebve gati-gati skenike.<\/li>\n<\/ul>\n<p><em>P\u00ebrfshihet mund\u00ebsia p\u00ebr drejtimin e nj\u00eb bagi <\/em><em>vet\u00ebm <\/em><em>ose <\/em><em> me nj\u00eb bashk\u00ebudh\u00ebtar tjet\u00ebr. Pesha maksimale q\u00eb mnnd t\u00eb mbaj\u00eb nj\u00eb bagi \u00ebsht\u00eb 150 kg. Leje drejtimi e automjeteve e tipit B \u00ebsht\u00eb e domosdoshme<\/em><\/p>\n<p><strong>Kampingu dhe Nata e Filmit n\u00eb Natyr\u00eb<\/strong><\/p>\n<ul>\n<li><strong>Kthimi n\u00eb Qend\u00ebr<\/strong>: 18:00<\/li>\n<li>B\u00ebni nj\u00eb pushim kafeje ose \u00e7aji, dhe n\u00ebse d\u00ebshironi edhe nj\u00eb dush. P\u00ebrgatituni p\u00ebr nj\u00eb mbr\u00ebmje relaksuese.<\/li>\n<li><strong>Kamping dhe darkim<\/strong>: Shijoni nj\u00eb dark\u00eb t\u00eb p\u00ebrgatitur nga nj\u00eb nga familjet e zon\u00ebs dhe mblidhuni p\u00ebrreth zjarrit t\u00eb kampingut p\u00ebr t\u00eb par\u00eb filmat q\u00eb d\u00ebshironi n\u00ebn drit\u00ebn e yjeve.<\/li>\n<\/ul>\n<p><strong>Kamping gjith\u00eb nat\u00ebn<br \/>\n<\/strong><\/p>\n<ul>\n<li>Q\u00ebndroni n\u00eb tendat e kampingut n\u00ebn qiellin e nat\u00ebs plot yje, nd\u00ebrkoh\u00eb q\u00eb q\u00ebndroni t\u00eb mb\u00ebshtjell\u00eb me batanijet e kampingut &#8220;camping bag&#8221; q\u00eb do t&#8217;ju ofrohet nga ana jon\u00eb. Megjithat\u00eb, sjellja e batanijes suaj \u00ebsht\u00eb e k\u00ebshillueshme p\u00ebr t\u00eb qen\u00eb m\u00eb rehat.<\/li>\n<\/ul>\n<p><strong>M\u00ebngjesi<\/strong><\/p>\n<ul>\n<li><strong>8:00 <\/strong>\u2013 M\u00ebngjesi do t\u00eb ofrohet n\u00eb kamp dhe p\u00ebrmban produkte t\u00eb fresk\u00ebta si buk\u00eb, gjalp\u00eb, djath\u00eb, mjalt\u00eb, vez\u00eb, kafe, dhe \u00e7aj t\u00eb zon\u00ebs. [P\u00ebrve\u00e7 kafes se nuk mund t\u00eb kultivohet n\u00eb Shqip\u00ebri.]<\/li>\n<\/ul>\n<p><strong>P\u00ebrfundimi i programit:<\/strong> 10:00 n\u00eb m\u00ebngjes.<\/p>\n","protected":false},"excerpt":{"rendered":"<p>Shijoni 24 or\u00eb t\u00eb fundjav\u00ebs suaj n\u00eb natyr\u00ebn e jugut t\u00eb Shqip\u00ebris\u00eb. Filloni duke ngritur kampin tuaj n\u00eb qendr\u00ebn e &#8220;Caravan Horseriding Albania Center&#8221;. Ecni p\u00ebrkrah kuajve, duke i drejtuar ata me an\u00eb t\u00eb litarit nd\u00ebrkoh\u00eb q\u00eb ju eksploroni natyr\u00ebn p\u00ebrreth. Pas k\u00ebsaj shkoni p\u00ebr nj\u00eb tur me automjetet bagi drejt liqenit t\u00eb \u00c7init &amp;<\/p>\n<div class=\"padding-top text-center\"><a href=\"https:\/\/c-adventures.al\/sq\/tours\/24-hour-weekend-adventure-program\/\" class=\"atbtn atbtn--medium atbtn--rounded atbtn--transparent\">Read more<i class=\"atbtn__icon atbtn__icon--right fa fa-long-arrow-right\"><\/i><\/a><\/div>\n","protected":false},"featured_media":2717,"template":"","meta":[],"product_brand":[],"product_cat":[15],"product_tag":[],"class_list":{"0":"post-2811","1":"product","2":"type-product","3":"status-publish","4":"has-post-thumbnail","6":"product_cat-uncategorized","7":"tour_category-fundjava-ne-ferme","8":"tour_category-off-roads","9":"tour_category-ture-me-bagi","11":"first","12":"instock","13":"featured","14":"shipping-taxable","15":"purchasable","16":"product-type-tour"},"yoast_head":"<!-- This site is optimized with the Yoast SEO plugin v24.4 - https:\/\/yoast.com\/wordpress\/plugins\/seo\/ -->\n<title>Programi &quot;24-Or\u00eb aventur\u00eb fundjave&quot; - C-Adventures &amp; Tours<\/title>\n<meta name=\"robots\" content=\"index, follow, max-snippet:-1, max-image-preview:large, max-video-preview:-1\" \/>\n<link rel=\"canonical\" href=\"https:\/\/c-adventures.al\/sq\/tours\/24-hour-weekend-adventure-program\/\" \/>\n<meta property=\"og:locale\" content=\"sq_AL\" \/>\n<meta property=\"og:type\" content=\"article\" \/>\n<meta property=\"og:title\" content=\"Programi &quot;24-Or\u00eb aventur\u00eb fundjave&quot; - C-Adventures &amp; Tours\" \/>\n<meta property=\"og:description\" content=\"Shijoni 24 or\u00eb t\u00eb fundjav\u00ebs suaj n\u00eb natyr\u00ebn e jugut t\u00eb Shqip\u00ebris\u00eb. Filloni duke ngritur kampin tuaj n\u00eb qendr\u00ebn e &#8220;Caravan Horseriding Albania Center&#8221;. Ecni p\u00ebrkrah kuajve, duke i drejtuar ata me an\u00eb t\u00eb litarit nd\u00ebrkoh\u00eb q\u00eb ju eksploroni natyr\u00ebn p\u00ebrreth. Pas k\u00ebsaj shkoni p\u00ebr nj\u00eb tur me automjetet bagi drejt liqenit t\u00eb \u00c7init &amp;Read more\" \/>\n<meta property=\"og:url\" content=\"https:\/\/c-adventures.al\/sq\/tours\/24-hour-weekend-adventure-program\/\" \/>\n<meta property=\"og:site_name\" content=\"C-Adventures &amp; Tours\" \/>\n<meta property=\"article:publisher\" content=\"https:\/\/www.facebook.com\/ctoursalbania\" \/>\n<meta property=\"article:modified_time\" content=\"2025-03-06T11:03:03+00:00\" \/>\n<meta property=\"og:image\" content=\"https:\/\/c-adventures.al\/wp-content\/uploads\/2024\/11\/image00026.jpg\" \/>\n\t<meta property=\"og:image:width\" content=\"1008\" \/>\n\t<meta property=\"og:image:height\" content=\"756\" \/>\n\t<meta property=\"og:image:type\" content=\"image\/jpeg\" \/>\n<meta name=\"twitter:card\" content=\"summary_large_image\" \/>\n<meta name=\"twitter:label1\" content=\"Est. reading time\" \/>\n\t<meta name=\"twitter:data1\" content=\"3 minutes\" \/>\n<script type=\"application\/ld+json\" class=\"yoast-schema-graph\">{\"@context\":\"https:\/\/schema.org\",\"@graph\":[{\"@type\":\"WebPage\",\"@id\":\"https:\/\/c-adventures.al\/sq\/tours\/24-hour-weekend-adventure-program\/\",\"url\":\"https:\/\/c-adventures.al\/sq\/tours\/24-hour-weekend-adventure-program\/\",\"name\":\"Programi \\\"24-Or\u00eb aventur\u00eb fundjave\\\" - C-Adventures &amp; Tours\",\"isPartOf\":{\"@id\":\"https:\/\/c-adventures.al\/#website\"},\"primaryImageOfPage\":{\"@id\":\"https:\/\/c-adventures.al\/sq\/tours\/24-hour-weekend-adventure-program\/#primaryimage\"},\"image\":{\"@id\":\"https:\/\/c-adventures.al\/sq\/tours\/24-hour-weekend-adventure-program\/#primaryimage\"},\"thumbnailUrl\":\"https:\/\/c-adventures.al\/wp-content\/uploads\/2024\/11\/image00026.jpg\",\"datePublished\":\"2025-01-28T15:47:05+00:00\",\"dateModified\":\"2025-03-06T11:03:03+00:00\",\"breadcrumb\":{\"@id\":\"https:\/\/c-adventures.al\/sq\/tours\/24-hour-weekend-adventure-program\/#breadcrumb\"},\"inLanguage\":\"sq-AL\",\"potentialAction\":[{\"@type\":\"ReadAction\",\"target\":[\"https:\/\/c-adventures.al\/sq\/tours\/24-hour-weekend-adventure-program\/\"]}]},{\"@type\":\"ImageObject\",\"inLanguage\":\"sq-AL\",\"@id\":\"https:\/\/c-adventures.al\/sq\/tours\/24-hour-weekend-adventure-program\/#primaryimage\",\"url\":\"https:\/\/c-adventures.al\/wp-content\/uploads\/2024\/11\/image00026.jpg\",\"contentUrl\":\"https:\/\/c-adventures.al\/wp-content\/uploads\/2024\/11\/image00026.jpg\",\"width\":1008,\"height\":756},{\"@type\":\"BreadcrumbList\",\"@id\":\"https:\/\/c-adventures.al\/sq\/tours\/24-hour-weekend-adventure-program\/#breadcrumb\",\"itemListElement\":[{\"@type\":\"ListItem\",\"position\":1,\"name\":\"Home\",\"item\":\"https:\/\/c-adventures.al\/sq\/\"},{\"@type\":\"ListItem\",\"position\":2,\"name\":\"Products\",\"item\":\"https:\/\/c-adventures.al\/shop\/\"},{\"@type\":\"ListItem\",\"position\":3,\"name\":\"Programi &#8220;24-Or\u00eb aventur\u00eb fundjave&#8221;\"}]},{\"@type\":\"WebSite\",\"@id\":\"https:\/\/c-adventures.al\/#website\",\"url\":\"https:\/\/c-adventures.al\/\",\"name\":\"C-Adventures &amp; Tours\",\"description\":\"because your time matters\",\"publisher\":{\"@id\":\"https:\/\/c-adventures.al\/#organization\"},\"potentialAction\":[{\"@type\":\"SearchAction\",\"target\":{\"@type\":\"EntryPoint\",\"urlTemplate\":\"https:\/\/c-adventures.al\/?s={search_term_string}\"},\"query-input\":{\"@type\":\"PropertyValueSpecification\",\"valueRequired\":true,\"valueName\":\"search_term_string\"}}],\"inLanguage\":\"sq-AL\"},{\"@type\":\"Organization\",\"@id\":\"https:\/\/c-adventures.al\/#organization\",\"name\":\"C-Adventures & Tours\",\"url\":\"https:\/\/c-adventures.al\/\",\"logo\":{\"@type\":\"ImageObject\",\"inLanguage\":\"sq-AL\",\"@id\":\"https:\/\/c-adventures.al\/#\/schema\/logo\/image\/\",\"url\":\"https:\/\/c-adventures.al\/wp-content\/uploads\/2021\/05\/logo-c-adventures-web.png\",\"contentUrl\":\"https:\/\/c-adventures.al\/wp-content\/uploads\/2021\/05\/logo-c-adventures-web.png\",\"width\":400,\"height\":142,\"caption\":\"C-Adventures & Tours\"},\"image\":{\"@id\":\"https:\/\/c-adventures.al\/#\/schema\/logo\/image\/\"},\"sameAs\":[\"https:\/\/www.facebook.com\/ctoursalbania\"]}]}<\/script>\n<!-- \/ Yoast SEO plugin. -->","yoast_head_json":{"title":"Programi \"24-Or\u00eb aventur\u00eb fundjave\" - C-Adventures &amp; Tours","robots":{"index":"index","follow":"follow","max-snippet":"max-snippet:-1","max-image-preview":"max-image-preview:large","max-video-preview":"max-video-preview:-1"},"canonical":"https:\/\/c-adventures.al\/sq\/tours\/24-hour-weekend-adventure-program\/","og_locale":"sq_AL","og_type":"article","og_title":"Programi \"24-Or\u00eb aventur\u00eb fundjave\" - C-Adventures &amp; Tours","og_description":"Shijoni 24 or\u00eb t\u00eb fundjav\u00ebs suaj n\u00eb natyr\u00ebn e jugut t\u00eb Shqip\u00ebris\u00eb. Filloni duke ngritur kampin tuaj n\u00eb qendr\u00ebn e &#8220;Caravan Horseriding Albania Center&#8221;. Ecni p\u00ebrkrah kuajve, duke i drejtuar ata me an\u00eb t\u00eb litarit nd\u00ebrkoh\u00eb q\u00eb ju eksploroni natyr\u00ebn p\u00ebrreth. Pas k\u00ebsaj shkoni p\u00ebr nj\u00eb tur me automjetet bagi drejt liqenit t\u00eb \u00c7init &amp;Read more","og_url":"https:\/\/c-adventures.al\/sq\/tours\/24-hour-weekend-adventure-program\/","og_site_name":"C-Adventures &amp; Tours","article_publisher":"https:\/\/www.facebook.com\/ctoursalbania","article_modified_time":"2025-03-06T11:03:03+00:00","og_image":[{"width":1008,"height":756,"url":"https:\/\/c-adventures.al\/wp-content\/uploads\/2024\/11\/image00026.jpg","type":"image\/jpeg"}],"twitter_card":"summary_large_image","twitter_misc":{"Est. reading time":"3 minutes"},"schema":{"@context":"https:\/\/schema.org","@graph":[{"@type":"WebPage","@id":"https:\/\/c-adventures.al\/sq\/tours\/24-hour-weekend-adventure-program\/","url":"https:\/\/c-adventures.al\/sq\/tours\/24-hour-weekend-adventure-program\/","name":"Programi \"24-Or\u00eb aventur\u00eb fundjave\" - C-Adventures &amp; Tours","isPartOf":{"@id":"https:\/\/c-adventures.al\/#website"},"primaryImageOfPage":{"@id":"https:\/\/c-adventures.al\/sq\/tours\/24-hour-weekend-adventure-program\/#primaryimage"},"image":{"@id":"https:\/\/c-adventures.al\/sq\/tours\/24-hour-weekend-adventure-program\/#primaryimage"},"thumbnailUrl":"https:\/\/c-adventures.al\/wp-content\/uploads\/2024\/11\/image00026.jpg","datePublished":"2025-01-28T15:47:05+00:00","dateModified":"2025-03-06T11:03:03+00:00","breadcrumb":{"@id":"https:\/\/c-adventures.al\/sq\/tours\/24-hour-weekend-adventure-program\/#breadcrumb"},"inLanguage":"sq-AL","potentialAction":[{"@type":"ReadAction","target":["https:\/\/c-adventures.al\/sq\/tours\/24-hour-weekend-adventure-program\/"]}]},{"@type":"ImageObject","inLanguage":"sq-AL","@id":"https:\/\/c-adventures.al\/sq\/tours\/24-hour-weekend-adventure-program\/#primaryimage","url":"https:\/\/c-adventures.al\/wp-content\/uploads\/2024\/11\/image00026.jpg","contentUrl":"https:\/\/c-adventures.al\/wp-content\/uploads\/2024\/11\/image00026.jpg","width":1008,"height":756},{"@type":"BreadcrumbList","@id":"https:\/\/c-adventures.al\/sq\/tours\/24-hour-weekend-adventure-program\/#breadcrumb","itemListElement":[{"@type":"ListItem","position":1,"name":"Home","item":"https:\/\/c-adventures.al\/sq\/"},{"@type":"ListItem","position":2,"name":"Products","item":"https:\/\/c-adventures.al\/shop\/"},{"@type":"ListItem","position":3,"name":"Programi &#8220;24-Or\u00eb aventur\u00eb fundjave&#8221;"}]},{"@type":"WebSite","@id":"https:\/\/c-adventures.al\/#website","url":"https:\/\/c-adventures.al\/","name":"C-Adventures &amp; Tours","description":"because your time matters","publisher":{"@id":"https:\/\/c-adventures.al\/#organization"},"potentialAction":[{"@type":"SearchAction","target":{"@type":"EntryPoint","urlTemplate":"https:\/\/c-adventures.al\/?s={search_term_string}"},"query-input":{"@type":"PropertyValueSpecification","valueRequired":true,"valueName":"search_term_string"}}],"inLanguage":"sq-AL"},{"@type":"Organization","@id":"https:\/\/c-adventures.al\/#organization","name":"C-Adventures & Tours","url":"https:\/\/c-adventures.al\/","logo":{"@type":"ImageObject","inLanguage":"sq-AL","@id":"https:\/\/c-adventures.al\/#\/schema\/logo\/image\/","url":"https:\/\/c-adventures.al\/wp-content\/uploads\/2021\/05\/logo-c-adventures-web.png","contentUrl":"https:\/\/c-adventures.al\/wp-content\/uploads\/2021\/05\/logo-c-adventures-web.png","width":400,"height":142,"caption":"C-Adventures & Tours"},"image":{"@id":"https:\/\/c-adventures.al\/#\/schema\/logo\/image\/"},"sameAs":["https:\/\/www.facebook.com\/ctoursalbania"]}]}},"_links":{"self":[{"href":"https:\/\/c-adventures.al\/sq\/wp-json\/wp\/v2\/product\/2811","targetHints":{"allow":["GET"]}}],"collection":[{"href":"https:\/\/c-adventures.al\/sq\/wp-json\/wp\/v2\/product"}],"about":[{"href":"https:\/\/c-adventures.al\/sq\/wp-json\/wp\/v2\/types\/product"}],"wp:featuredmedia":[{"embeddable":true,"href":"https:\/\/c-adventures.al\/sq\/wp-json\/wp\/v2\/media\/2717"}],"wp:attachment":[{"href":"https:\/\/c-adventures.al\/sq\/wp-json\/wp\/v2\/media?parent=2811"}],"wp:term":[{"taxonomy":"product_brand","embeddable":true,"href":"https:\/\/c-adventures.al\/sq\/wp-json\/wp\/v2\/product_brand?post=2811"},{"taxonomy":"product_cat","embeddable":true,"href":"https:\/\/c-adventures.al\/sq\/wp-json\/wp\/v2\/product_cat?post=2811"},{"taxonomy":"product_tag","embeddable":true,"href":"https:\/\/c-adventures.al\/sq\/wp-json\/wp\/v2\/product_tag?post=2811"}],"curies":[{"name":"wp","href":"https:\/\/api.w.org\/{rel}","templated":true}]}}