{"id":2974,"date":"2025-05-05T16:35:43","date_gmt":"2025-05-05T14:35:43","guid":{"rendered":"https:\/\/c-adventures.al\/?post_type=product&#038;p=2974"},"modified":"2025-05-25T02:17:39","modified_gmt":"2025-05-25T00:17:39","slug":"adventura-me-bagi-tur-nga-asim-zeneli-te-liqeni-i-doftise","status":"publish","type":"product","link":"https:\/\/c-adventures.al\/sq\/tours\/adventura-me-bagi-tur-nga-asim-zeneli-te-liqeni-i-doftise\/","title":{"rendered":"Adventura me bagi: Tur nga Asim Zeneli te Liqeni i Doftis\u00eb"},"content":{"rendered":"<p><strong>P\u00ebrmbledhje<\/strong><\/p>\n<p>Nisuni n\u00eb nj\u00eb aventur\u00eb t\u00eb jasht\u00ebzakonshme p\u00ebr m\u00eb shum\u00eb se 2.5 or\u00eb nga fshati Asim Zeneli drejt liqenit piktoresk t\u00eb Doftis\u00eb. N\u00eb k\u00ebt\u00eb tur adrenalina, peisazhet e mahnit\u00ebse t\u00eb natyr\u00ebs shqiptare, historit\u00eb lokale jan\u00eb t\u00eb garantuara. Nj\u00eb piknik relaksues buz\u00eb liqenit do t\u00eb ofrohet p\u00ebr t\u00eb shijuar ushqimet lokale t\u00eb zon\u00ebs. Ju mund t\u00eb ushtroni edhe p\u00ebrvoj\u00ebn tuaj t\u00eb peshkimit aty. Pjes\u00ebmarr\u00ebsit mund t\u00eb ndajn\u00eb nj\u00eb bagi me nj\u00eb pjes\u00ebmar\u00ebs tjet\u00ebr ose t\u00eb rezervojn\u00eb nj\u00eb bagi vet\u00ebm p\u00ebr vete ose si nj\u00eb tur privat. P\u00ebr \u00e7do bagi q\u00eb do t\u00eb ndahet nga dy pjes\u00ebmarr\u00ebs, ata mund t\u00eb nd\u00ebrrojn\u00eb radh\u00ebn e drejtimit t\u00eb mjetit nj\u00ebher\u00eb n\u00eb vajtje dhe nj\u00eb her\u00eb n\u00eb ardhje.<\/p>\n<p><strong>Itinerari:<\/strong><\/p>\n<ol>\n<li><strong>Nisja nga Asim Zeneli:<\/strong>\n<ul>\n<li>Filloni me nj\u00eb prezantim mbi p\u00ebrdorimin dhe sigurin\u00eb e automjeteve bagi.<\/li>\n<li>Nisuni n\u00eb nj\u00eb udh\u00ebtim emocionues \u201coff-road\u201d n\u00ebp\u00ebr terrenet e bukura t\u00eb Shqip\u00ebris\u00eb.<\/li>\n<\/ul>\n<\/li>\n<li><strong>Ndalesa te bunkeri \u2013 Histori e Luft\u00ebs s ftoht\u00eb<\/strong>\n<ul>\n<li>Nj\u00eb ndales\u00eb e shkurt\u00ebr do t\u00eb b\u00ebhet p\u00ebr t\u00eb m\u00ebsuar mbi sistemin mbrojt\u00ebs t\u00eb Shqip\u00ebris\u00eb gjat\u00eb periudh\u00ebs komuniste, me bunker\u00eb pran\u00eb kufirit grek.<\/li>\n<li>Mund\u00ebsi e mire p\u00ebr foto dhe nj\u00eb historik t\u00eb shkurt\u00ebr t\u00eb k\u00ebtyre bunker\u00ebve.<\/li>\n<\/ul>\n<\/li>\n<li><strong>Ndalesa te liqeni i \u00c7init<\/strong>\n<ul>\n<li>Nj\u00eb ndales\u00eb e shkurt\u00ebr do t\u00eb b\u00ebhet p\u00ebr t\u00eb m\u00ebsuar mbi sistemin mbrojt\u00ebs t\u00eb Shqip\u00ebris\u00eb gjat\u00eb periudh\u00ebs komuniste, me bunker\u00eb pran\u00eb kufirit grek.<\/li>\n<li>L\u00ebreni veten tuaj t\u00eb p\u00ebrfshihet nga natyra dhe b\u00ebni sa m\u00eb shum\u00eb fotos.<\/li>\n<\/ul>\n<\/li>\n<li><strong>Liqeni i Doftis\u00eb \u2013 Piknik, peshkim, dhe ekperienca locale<\/strong>\n<ul>\n<li>Mb\u00ebrritja te liqeni i Doftis\u00eb, sht\u00ebpia e lloj-lloj zogjve dhe nj\u00eb vend perfekt p\u00ebr nj\u00eb piknik.<\/li>\n<li>Pikniku \u00ebsht\u00eb pvrgatitur nga nj\u00eb familje e zon\u00ebs, provoni edhe fatin tuaj duke hedhur grepat e peshkimit n\u00eb uj\u00eb n\u00ebn p\u00ebrkujdesjen e nj\u00eb peshkatari me p\u00ebrvoj\u00eb. (Peshqit q\u00eb do t\u00eb kapen dhe-l\u00ebshohen p\u00ebrs\u00ebri.)<\/li>\n<li>Peshkatari do t\u00eb ndaj\u00eb me ju histori dhe tregime rreth liqenit, duke ofruar k\u00ebshtu nj\u00eb p\u00ebrvoj\u00eb unike kulturore.<\/li>\n<\/ul>\n<\/li>\n<li><strong>Kthimi n\u00eb Asim Zeneli<\/strong>\n<ul>\n<li>o N\u00eb kthim do t\u00eb nd\u00ebrrohen vendet e shofer\u00ebve p\u00ebr t\u00eb patur mund\u00ebsi q\u00eb t\u00eb gjith\u00eb pjes\u00ebmarr\u00ebsit t\u00eb mund t\u00eb drejtojn\u00eb automjetet bagi dhe t\u00eb shijojn\u00eb pamjet panoramike t\u00eb natyr\u00ebs.<\/li>\n<\/ul>\n<\/li>\n<\/ol>\n","protected":false},"excerpt":{"rendered":"<p>P\u00ebrmbledhje Nisuni n\u00eb nj\u00eb aventur\u00eb t\u00eb jasht\u00ebzakonshme p\u00ebr m\u00eb shum\u00eb se 2.5 or\u00eb nga fshati Asim Zeneli drejt liqenit piktoresk t\u00eb Doftis\u00eb. N\u00eb k\u00ebt\u00eb tur adrenalina, peisazhet e mahnit\u00ebse t\u00eb natyr\u00ebs shqiptare, historit\u00eb lokale jan\u00eb t\u00eb garantuara. Nj\u00eb piknik relaksues buz\u00eb liqenit do t\u00eb ofrohet p\u00ebr t\u00eb shijuar ushqimet lokale t\u00eb zon\u00ebs. Ju mund t\u00eb<\/p>\n<div class=\"padding-top text-center\"><a href=\"https:\/\/c-adventures.al\/sq\/tours\/adventura-me-bagi-tur-nga-asim-zeneli-te-liqeni-i-doftise\/\" class=\"atbtn atbtn--medium atbtn--rounded atbtn--transparent\">Read more<i class=\"atbtn__icon atbtn__icon--right fa fa-long-arrow-right\"><\/i><\/a><\/div>\n","protected":false},"featured_media":2674,"template":"","meta":[],"product_brand":[],"product_cat":[15],"product_tag":[],"class_list":{"0":"post-2974","1":"product","2":"type-product","3":"status-publish","4":"has-post-thumbnail","6":"product_cat-uncategorized","7":"tour_category-ture-me-bagi","9":"first","10":"instock","11":"featured","12":"shipping-taxable","13":"purchasable","14":"product-type-tour"},"yoast_head":"<!-- This site is optimized with the Yoast SEO plugin v24.4 - https:\/\/yoast.com\/wordpress\/plugins\/seo\/ -->\n<title>Adventura me bagi: Tur nga Asim Zeneli te Liqeni i Doftis\u00eb - C-Adventures &amp; Tours<\/title>\n<meta name=\"robots\" content=\"index, follow, max-snippet:-1, max-image-preview:large, max-video-preview:-1\" \/>\n<link rel=\"canonical\" href=\"https:\/\/c-adventures.al\/sq\/tours\/adventura-me-bagi-tur-nga-asim-zeneli-te-liqeni-i-doftise\/\" \/>\n<meta property=\"og:locale\" content=\"sq_AL\" \/>\n<meta property=\"og:type\" content=\"article\" \/>\n<meta property=\"og:title\" content=\"Adventura me bagi: Tur nga Asim Zeneli te Liqeni i Doftis\u00eb - C-Adventures &amp; Tours\" \/>\n<meta property=\"og:description\" content=\"P\u00ebrmbledhje Nisuni n\u00eb nj\u00eb aventur\u00eb t\u00eb jasht\u00ebzakonshme p\u00ebr m\u00eb shum\u00eb se 2.5 or\u00eb nga fshati Asim Zeneli drejt liqenit piktoresk t\u00eb Doftis\u00eb. N\u00eb k\u00ebt\u00eb tur adrenalina, peisazhet e mahnit\u00ebse t\u00eb natyr\u00ebs shqiptare, historit\u00eb lokale jan\u00eb t\u00eb garantuara. Nj\u00eb piknik relaksues buz\u00eb liqenit do t\u00eb ofrohet p\u00ebr t\u00eb shijuar ushqimet lokale t\u00eb zon\u00ebs. Ju mund t\u00ebRead more\" \/>\n<meta property=\"og:url\" content=\"https:\/\/c-adventures.al\/sq\/tours\/adventura-me-bagi-tur-nga-asim-zeneli-te-liqeni-i-doftise\/\" \/>\n<meta property=\"og:site_name\" content=\"C-Adventures &amp; Tours\" \/>\n<meta property=\"article:publisher\" content=\"https:\/\/www.facebook.com\/ctoursalbania\" \/>\n<meta property=\"article:modified_time\" content=\"2025-05-25T00:17:39+00:00\" \/>\n<meta property=\"og:image\" content=\"https:\/\/c-adventures.al\/wp-content\/uploads\/2024\/11\/image00023-min.jpeg\" \/>\n\t<meta property=\"og:image:width\" content=\"1000\" \/>\n\t<meta property=\"og:image:height\" content=\"750\" \/>\n\t<meta property=\"og:image:type\" content=\"image\/jpeg\" \/>\n<meta name=\"twitter:card\" content=\"summary_large_image\" \/>\n<meta name=\"twitter:label1\" content=\"Est. reading time\" \/>\n\t<meta name=\"twitter:data1\" content=\"2 minutes\" \/>\n<script type=\"application\/ld+json\" class=\"yoast-schema-graph\">{\"@context\":\"https:\/\/schema.org\",\"@graph\":[{\"@type\":\"WebPage\",\"@id\":\"https:\/\/c-adventures.al\/sq\/tours\/adventura-me-bagi-tur-nga-asim-zeneli-te-liqeni-i-doftise\/\",\"url\":\"https:\/\/c-adventures.al\/sq\/tours\/adventura-me-bagi-tur-nga-asim-zeneli-te-liqeni-i-doftise\/\",\"name\":\"Adventura me bagi: Tur nga Asim Zeneli te Liqeni i Doftis\u00eb - C-Adventures &amp; Tours\",\"isPartOf\":{\"@id\":\"https:\/\/c-adventures.al\/#website\"},\"primaryImageOfPage\":{\"@id\":\"https:\/\/c-adventures.al\/sq\/tours\/adventura-me-bagi-tur-nga-asim-zeneli-te-liqeni-i-doftise\/#primaryimage\"},\"image\":{\"@id\":\"https:\/\/c-adventures.al\/sq\/tours\/adventura-me-bagi-tur-nga-asim-zeneli-te-liqeni-i-doftise\/#primaryimage\"},\"thumbnailUrl\":\"https:\/\/c-adventures.al\/wp-content\/uploads\/2024\/11\/image00023-min.jpeg\",\"datePublished\":\"2025-05-05T14:35:43+00:00\",\"dateModified\":\"2025-05-25T00:17:39+00:00\",\"breadcrumb\":{\"@id\":\"https:\/\/c-adventures.al\/sq\/tours\/adventura-me-bagi-tur-nga-asim-zeneli-te-liqeni-i-doftise\/#breadcrumb\"},\"inLanguage\":\"sq-AL\",\"potentialAction\":[{\"@type\":\"ReadAction\",\"target\":[\"https:\/\/c-adventures.al\/sq\/tours\/adventura-me-bagi-tur-nga-asim-zeneli-te-liqeni-i-doftise\/\"]}]},{\"@type\":\"ImageObject\",\"inLanguage\":\"sq-AL\",\"@id\":\"https:\/\/c-adventures.al\/sq\/tours\/adventura-me-bagi-tur-nga-asim-zeneli-te-liqeni-i-doftise\/#primaryimage\",\"url\":\"https:\/\/c-adventures.al\/wp-content\/uploads\/2024\/11\/image00023-min.jpeg\",\"contentUrl\":\"https:\/\/c-adventures.al\/wp-content\/uploads\/2024\/11\/image00023-min.jpeg\",\"width\":1000,\"height\":750},{\"@type\":\"BreadcrumbList\",\"@id\":\"https:\/\/c-adventures.al\/sq\/tours\/adventura-me-bagi-tur-nga-asim-zeneli-te-liqeni-i-doftise\/#breadcrumb\",\"itemListElement\":[{\"@type\":\"ListItem\",\"position\":1,\"name\":\"Home\",\"item\":\"https:\/\/c-adventures.al\/sq\/\"},{\"@type\":\"ListItem\",\"position\":2,\"name\":\"Products\",\"item\":\"https:\/\/c-adventures.al\/shop\/\"},{\"@type\":\"ListItem\",\"position\":3,\"name\":\"Adventura me bagi: Tur nga Asim Zeneli te Liqeni i Doftis\u00eb\"}]},{\"@type\":\"WebSite\",\"@id\":\"https:\/\/c-adventures.al\/#website\",\"url\":\"https:\/\/c-adventures.al\/\",\"name\":\"C-Adventures &amp; Tours\",\"description\":\"because your time matters\",\"publisher\":{\"@id\":\"https:\/\/c-adventures.al\/#organization\"},\"potentialAction\":[{\"@type\":\"SearchAction\",\"target\":{\"@type\":\"EntryPoint\",\"urlTemplate\":\"https:\/\/c-adventures.al\/?s={search_term_string}\"},\"query-input\":{\"@type\":\"PropertyValueSpecification\",\"valueRequired\":true,\"valueName\":\"search_term_string\"}}],\"inLanguage\":\"sq-AL\"},{\"@type\":\"Organization\",\"@id\":\"https:\/\/c-adventures.al\/#organization\",\"name\":\"C-Adventures & Tours\",\"url\":\"https:\/\/c-adventures.al\/\",\"logo\":{\"@type\":\"ImageObject\",\"inLanguage\":\"sq-AL\",\"@id\":\"https:\/\/c-adventures.al\/#\/schema\/logo\/image\/\",\"url\":\"https:\/\/c-adventures.al\/wp-content\/uploads\/2021\/05\/logo-c-adventures-web.png\",\"contentUrl\":\"https:\/\/c-adventures.al\/wp-content\/uploads\/2021\/05\/logo-c-adventures-web.png\",\"width\":400,\"height\":142,\"caption\":\"C-Adventures & Tours\"},\"image\":{\"@id\":\"https:\/\/c-adventures.al\/#\/schema\/logo\/image\/\"},\"sameAs\":[\"https:\/\/www.facebook.com\/ctoursalbania\"]}]}<\/script>\n<!-- \/ Yoast SEO plugin. -->","yoast_head_json":{"title":"Adventura me bagi: Tur nga Asim Zeneli te Liqeni i Doftis\u00eb - C-Adventures &amp; Tours","robots":{"index":"index","follow":"follow","max-snippet":"max-snippet:-1","max-image-preview":"max-image-preview:large","max-video-preview":"max-video-preview:-1"},"canonical":"https:\/\/c-adventures.al\/sq\/tours\/adventura-me-bagi-tur-nga-asim-zeneli-te-liqeni-i-doftise\/","og_locale":"sq_AL","og_type":"article","og_title":"Adventura me bagi: Tur nga Asim Zeneli te Liqeni i Doftis\u00eb - C-Adventures &amp; Tours","og_description":"P\u00ebrmbledhje Nisuni n\u00eb nj\u00eb aventur\u00eb t\u00eb jasht\u00ebzakonshme p\u00ebr m\u00eb shum\u00eb se 2.5 or\u00eb nga fshati Asim Zeneli drejt liqenit piktoresk t\u00eb Doftis\u00eb. N\u00eb k\u00ebt\u00eb tur adrenalina, peisazhet e mahnit\u00ebse t\u00eb natyr\u00ebs shqiptare, historit\u00eb lokale jan\u00eb t\u00eb garantuara. Nj\u00eb piknik relaksues buz\u00eb liqenit do t\u00eb ofrohet p\u00ebr t\u00eb shijuar ushqimet lokale t\u00eb zon\u00ebs. Ju mund t\u00ebRead more","og_url":"https:\/\/c-adventures.al\/sq\/tours\/adventura-me-bagi-tur-nga-asim-zeneli-te-liqeni-i-doftise\/","og_site_name":"C-Adventures &amp; Tours","article_publisher":"https:\/\/www.facebook.com\/ctoursalbania","article_modified_time":"2025-05-25T00:17:39+00:00","og_image":[{"width":1000,"height":750,"url":"https:\/\/c-adventures.al\/wp-content\/uploads\/2024\/11\/image00023-min.jpeg","type":"image\/jpeg"}],"twitter_card":"summary_large_image","twitter_misc":{"Est. reading time":"2 minutes"},"schema":{"@context":"https:\/\/schema.org","@graph":[{"@type":"WebPage","@id":"https:\/\/c-adventures.al\/sq\/tours\/adventura-me-bagi-tur-nga-asim-zeneli-te-liqeni-i-doftise\/","url":"https:\/\/c-adventures.al\/sq\/tours\/adventura-me-bagi-tur-nga-asim-zeneli-te-liqeni-i-doftise\/","name":"Adventura me bagi: Tur nga Asim Zeneli te Liqeni i Doftis\u00eb - C-Adventures &amp; Tours","isPartOf":{"@id":"https:\/\/c-adventures.al\/#website"},"primaryImageOfPage":{"@id":"https:\/\/c-adventures.al\/sq\/tours\/adventura-me-bagi-tur-nga-asim-zeneli-te-liqeni-i-doftise\/#primaryimage"},"image":{"@id":"https:\/\/c-adventures.al\/sq\/tours\/adventura-me-bagi-tur-nga-asim-zeneli-te-liqeni-i-doftise\/#primaryimage"},"thumbnailUrl":"https:\/\/c-adventures.al\/wp-content\/uploads\/2024\/11\/image00023-min.jpeg","datePublished":"2025-05-05T14:35:43+00:00","dateModified":"2025-05-25T00:17:39+00:00","breadcrumb":{"@id":"https:\/\/c-adventures.al\/sq\/tours\/adventura-me-bagi-tur-nga-asim-zeneli-te-liqeni-i-doftise\/#breadcrumb"},"inLanguage":"sq-AL","potentialAction":[{"@type":"ReadAction","target":["https:\/\/c-adventures.al\/sq\/tours\/adventura-me-bagi-tur-nga-asim-zeneli-te-liqeni-i-doftise\/"]}]},{"@type":"ImageObject","inLanguage":"sq-AL","@id":"https:\/\/c-adventures.al\/sq\/tours\/adventura-me-bagi-tur-nga-asim-zeneli-te-liqeni-i-doftise\/#primaryimage","url":"https:\/\/c-adventures.al\/wp-content\/uploads\/2024\/11\/image00023-min.jpeg","contentUrl":"https:\/\/c-adventures.al\/wp-content\/uploads\/2024\/11\/image00023-min.jpeg","width":1000,"height":750},{"@type":"BreadcrumbList","@id":"https:\/\/c-adventures.al\/sq\/tours\/adventura-me-bagi-tur-nga-asim-zeneli-te-liqeni-i-doftise\/#breadcrumb","itemListElement":[{"@type":"ListItem","position":1,"name":"Home","item":"https:\/\/c-adventures.al\/sq\/"},{"@type":"ListItem","position":2,"name":"Products","item":"https:\/\/c-adventures.al\/shop\/"},{"@type":"ListItem","position":3,"name":"Adventura me bagi: Tur nga Asim Zeneli te Liqeni i Doftis\u00eb"}]},{"@type":"WebSite","@id":"https:\/\/c-adventures.al\/#website","url":"https:\/\/c-adventures.al\/","name":"C-Adventures &amp; Tours","description":"because your time matters","publisher":{"@id":"https:\/\/c-adventures.al\/#organization"},"potentialAction":[{"@type":"SearchAction","target":{"@type":"EntryPoint","urlTemplate":"https:\/\/c-adventures.al\/?s={search_term_string}"},"query-input":{"@type":"PropertyValueSpecification","valueRequired":true,"valueName":"search_term_string"}}],"inLanguage":"sq-AL"},{"@type":"Organization","@id":"https:\/\/c-adventures.al\/#organization","name":"C-Adventures & Tours","url":"https:\/\/c-adventures.al\/","logo":{"@type":"ImageObject","inLanguage":"sq-AL","@id":"https:\/\/c-adventures.al\/#\/schema\/logo\/image\/","url":"https:\/\/c-adventures.al\/wp-content\/uploads\/2021\/05\/logo-c-adventures-web.png","contentUrl":"https:\/\/c-adventures.al\/wp-content\/uploads\/2021\/05\/logo-c-adventures-web.png","width":400,"height":142,"caption":"C-Adventures & Tours"},"image":{"@id":"https:\/\/c-adventures.al\/#\/schema\/logo\/image\/"},"sameAs":["https:\/\/www.facebook.com\/ctoursalbania"]}]}},"_links":{"self":[{"href":"https:\/\/c-adventures.al\/sq\/wp-json\/wp\/v2\/product\/2974","targetHints":{"allow":["GET"]}}],"collection":[{"href":"https:\/\/c-adventures.al\/sq\/wp-json\/wp\/v2\/product"}],"about":[{"href":"https:\/\/c-adventures.al\/sq\/wp-json\/wp\/v2\/types\/product"}],"wp:featuredmedia":[{"embeddable":true,"href":"https:\/\/c-adventures.al\/sq\/wp-json\/wp\/v2\/media\/2674"}],"wp:attachment":[{"href":"https:\/\/c-adventures.al\/sq\/wp-json\/wp\/v2\/media?parent=2974"}],"wp:term":[{"taxonomy":"product_brand","embeddable":true,"href":"https:\/\/c-adventures.al\/sq\/wp-json\/wp\/v2\/product_brand?post=2974"},{"taxonomy":"product_cat","embeddable":true,"href":"https:\/\/c-adventures.al\/sq\/wp-json\/wp\/v2\/product_cat?post=2974"},{"taxonomy":"product_tag","embeddable":true,"href":"https:\/\/c-adventures.al\/sq\/wp-json\/wp\/v2\/product_tag?post=2974"}],"curies":[{"name":"wp","href":"https:\/\/api.w.org\/{rel}","templated":true}]}}